{"id":14431,"date":"2020-02-12T21:33:30","date_gmt":"2020-02-13T02:33:30","guid":{"rendered":"https:\/\/dev.myovo.ca\/?page_id=14431"},"modified":"2020-02-12T21:33:30","modified_gmt":"2020-02-13T02:33:30","slug":"foir-aux-questions","status":"publish","type":"page","link":"https:\/\/myovo.net\/fr\/foir-aux-questions\/","title":{"rendered":"Foir Aux Questions"},"content":{"rendered":"<div class=\"fusion-fullwidth fullwidth-box fusion-builder-row-1 nonhundred-percent-fullwidth non-hundred-percent-height-scrolling\" style=\"--awb-border-radius-top-left:0px;--awb-border-radius-top-right:0px;--awb-border-radius-bottom-right:0px;--awb-border-radius-bottom-left:0px;--awb-flex-wrap:wrap;\" ><div class=\"fusion-builder-row fusion-row\"><div class=\"fusion-layout-column fusion_builder_column fusion-builder-column-0 fusion_builder_column_1_1 1_1 fusion-one-full fusion-column-first fusion-column-last\" style=\"--awb-bg-size:cover;\"><div class=\"fusion-column-wrapper fusion-flex-column-wrapper-legacy\"><style type=\"text\/css\">.fusion-faqs-wrapper #accordian-1 .fusion-panel { border-color:#e0dede; }.fusion-faqs-wrapper #accordian-1 .fusion-panel:hover{ border-color: #e0dede; }.fusion-accordian #accordian-1 .panel-title a .fa-fusion-box:before{ font-size: 13px;width: 13px;}.fusion-accordian #accordian-1 .panel-title a .fa-fusion-box{ color: #ffffff;}.fusion-accordian  #accordian-1 .panel-title a{font-family:Arial, Helvetica, sans-serif;font-style:normal;font-weight:700;}.fusion-accordian  #accordian-1 .panel-title a:not(:hover){}.fusion-accordian  #accordian-1 .toggle-content{font-family:\"PT Sans\";font-style:normal;font-weight:400;}.fusion-accordian #accordian-1 .fa-fusion-box { background-color: #333333 !important;border-color: #333333 !important;}.fusion-accordian #accordian-1 .panel-title a:hover,.fusion-accordian #accordian-1 .panel-title a.hover { color: #a0ce4e;}.fusion-faq-shortcode .fusion-accordian #accordian-1 .fusion-toggle-boxed-mode:hover .panel-title a { color: #a0ce4e;}.fusion-accordian #accordian-1 .panel-title .active .fa-fusion-box,.fusion-accordian #accordian-1 .panel-title a:hover .fa-fusion-box,.fusion-accordian #accordian-1 .panel-title a.hover .fa-fusion-box { background-color: #a0ce4e!important;border-color: #a0ce4e!important;}<\/style><div class=\"fusion-faq-shortcode\" style=\"\"><div class=\"fusion-faqs-wrapper\"><div class=\"accordian fusion-accordian\"><div class=\"panel-group \" id=\"accordian-1\"><div class=\"fusion-panel panel-default fusion-faq-post fusion-faq-post-22792 foire-aux-questions \"><span class=\"entry-title rich-snippet-hidden\">La technologie progressive marche\/arr\u00eat est-elle mise en \u0153uvre \u00e0 l&rsquo;aide d&rsquo;un embrayage m\u00e9canique ou d&rsquo;un circuit \u00e9lectronique int\u00e9gr\u00e9 dans le moteur ?<\/span><span class=\"vcard rich-snippet-hidden\"><span class=\"fn\"><a href=\"https:\/\/myovo.net\/fr\/author\/suzanne\/\" title=\"Articles par suzanne\" rel=\"author\">suzanne<\/a><\/span><\/span><span class=\"updated rich-snippet-hidden\">2025-01-07T11:35:30-05:00<\/span><div class=\"panel-heading\"><h4 id=\"faq_1-22792\" class=\"panel-title toggle\"><a data-toggle=\"collapse\" class=\"collapsed\" data-parent=\"#accordian-1\" data-target=\"#collapse-1-22792\" href=\"#collapse-1-22792\" aria-expanded=\"false\"><div class=\"fusion-toggle-icon-wrapper\"><div class=\"fusion-toggle-icon-wrapper-main\"><div class=\"fusion-toggle-icon-wrapper-sub\"><i class=\"fa-fusion-box active-icon awb-icon-minus\" aria-hidden=\"true\"><\/i><i class=\"fa-fusion-box inactive-icon awb-icon-plus\" aria-hidden=\"true\"><\/i><\/div><\/div><\/div><div class=\"fusion-toggle-heading\">La technologie progressive marche\/arr\u00eat est-elle mise en \u0153uvre \u00e0 l&rsquo;aide d&rsquo;un embrayage m\u00e9canique ou d&rsquo;un circuit \u00e9lectronique int\u00e9gr\u00e9 dans le moteur ?<\/div><\/a><\/h4><\/div><div id=\"collapse-1-22792\" aria-labelledby=\"faq_1-22792\" class=\"panel-collapse collapse\"><div class=\"panel-body toggle-content post-content\"><p>La technologie progressive march \/ arr\u00eat est r\u00e9alis\u00e9e gr\u00e2ce au module \u00e9lectronique de l&rsquo;aspirateur.<\/p>\n<\/div><\/div><\/div><div class=\"fusion-panel panel-default fusion-faq-post fusion-faq-post-14405 foire-aux-questions \"><span class=\"entry-title rich-snippet-hidden\">Comment Je d\u00e9marre mon aspirateur central<\/span><span class=\"vcard rich-snippet-hidden\"><span class=\"fn\"><a href=\"https:\/\/myovo.net\/fr\/author\/suzanne\/\" title=\"Articles par suzanne\" rel=\"author\">suzanne<\/a><\/span><\/span><span class=\"updated rich-snippet-hidden\">2020-02-12T21:26:35-05:00<\/span><div class=\"panel-heading\"><h4 id=\"faq_1-14405\" class=\"panel-title toggle\"><a data-toggle=\"collapse\" class=\"collapsed\" data-parent=\"#accordian-1\" data-target=\"#collapse-1-14405\" href=\"#collapse-1-14405\" aria-expanded=\"false\"><div class=\"fusion-toggle-icon-wrapper\"><div class=\"fusion-toggle-icon-wrapper-main\"><div class=\"fusion-toggle-icon-wrapper-sub\"><i class=\"fa-fusion-box active-icon awb-icon-minus\" aria-hidden=\"true\"><\/i><i class=\"fa-fusion-box inactive-icon awb-icon-plus\" aria-hidden=\"true\"><\/i><\/div><\/div><\/div><div class=\"fusion-toggle-heading\">Comment Je d\u00e9marre mon aspirateur central<\/div><\/a><\/h4><\/div><div id=\"collapse-1-14405\" aria-labelledby=\"faq_1-14405\" class=\"panel-collapse collapse\"><div class=\"panel-body toggle-content post-content\"><p id=\"tw-target-text\" class=\"tw-data-text tw-text-large tw-ta\" dir=\"ltr\" data-placeholder=\"Traduction\"><span lang=\"fr\">L&rsquo;interrupteur marche \/ arr\u00eat pour d\u00e9marrer et arr\u00eater votre aspirateur se trouve sur la poign\u00e9e du boyau. Il y a un d\u00e9lai de 3 secondes avant que l&rsquo;unit\u00e9 ne s&rsquo;arr\u00eate compl\u00e8tement.<\/span><\/p>\n<\/div><\/div><\/div><div class=\"fusion-panel panel-default fusion-faq-post fusion-faq-post-14404 foire-aux-questions \"><span class=\"entry-title rich-snippet-hidden\">Comment puis-je avoir un boyau plus long?<\/span><span class=\"vcard rich-snippet-hidden\"><span class=\"fn\"><a href=\"https:\/\/myovo.net\/fr\/author\/suzanne\/\" title=\"Articles par suzanne\" rel=\"author\">suzanne<\/a><\/span><\/span><span class=\"updated rich-snippet-hidden\">2020-02-12T21:25:52-05:00<\/span><div class=\"panel-heading\"><h4 id=\"faq_1-14404\" class=\"panel-title toggle\"><a data-toggle=\"collapse\" class=\"collapsed\" data-parent=\"#accordian-1\" data-target=\"#collapse-1-14404\" href=\"#collapse-1-14404\" aria-expanded=\"false\"><div class=\"fusion-toggle-icon-wrapper\"><div class=\"fusion-toggle-icon-wrapper-main\"><div class=\"fusion-toggle-icon-wrapper-sub\"><i class=\"fa-fusion-box active-icon awb-icon-minus\" aria-hidden=\"true\"><\/i><i class=\"fa-fusion-box inactive-icon awb-icon-plus\" aria-hidden=\"true\"><\/i><\/div><\/div><\/div><div class=\"fusion-toggle-heading\">Comment puis-je avoir un boyau plus long?<\/div><\/a><\/h4><\/div><div id=\"collapse-1-14404\" aria-labelledby=\"faq_1-14404\" class=\"panel-collapse collapse\"><div class=\"panel-body toggle-content post-content\"><p><a href=\"https:\/\/myovo.net\/fr\/produit\/extension-a-boyau\/\">Vous pouvez commander une extension en cliquant ICI<\/a><\/p>\n<\/div><\/div><\/div><div class=\"fusion-panel panel-default fusion-faq-post fusion-faq-post-14403 foire-aux-questions \"><span class=\"entry-title rich-snippet-hidden\">Mon Boyau haut-Voltage est-il compatible avec une prise \u00e0 2 broches?<\/span><span class=\"vcard rich-snippet-hidden\"><span class=\"fn\"><a href=\"https:\/\/myovo.net\/fr\/author\/suzanne\/\" title=\"Articles par suzanne\" rel=\"author\">suzanne<\/a><\/span><\/span><span class=\"updated rich-snippet-hidden\">2020-02-12T21:24:31-05:00<\/span><div class=\"panel-heading\"><h4 id=\"faq_1-14403\" class=\"panel-title toggle\"><a data-toggle=\"collapse\" class=\"collapsed\" data-parent=\"#accordian-1\" data-target=\"#collapse-1-14403\" href=\"#collapse-1-14403\" aria-expanded=\"false\"><div class=\"fusion-toggle-icon-wrapper\"><div class=\"fusion-toggle-icon-wrapper-main\"><div class=\"fusion-toggle-icon-wrapper-sub\"><i class=\"fa-fusion-box active-icon awb-icon-minus\" aria-hidden=\"true\"><\/i><i class=\"fa-fusion-box inactive-icon awb-icon-plus\" aria-hidden=\"true\"><\/i><\/div><\/div><\/div><div class=\"fusion-toggle-heading\">Mon Boyau haut-Voltage est-il compatible avec une prise \u00e0 2 broches?<\/div><\/a><\/h4><\/div><div id=\"collapse-1-14403\" aria-labelledby=\"faq_1-14403\" class=\"panel-collapse collapse\"><div class=\"panel-body toggle-content post-content\"><div class=\"QmZWSe\"><\/div>\n<div id=\"tw-target\">\n<div id=\"kAz1tf\" class=\"g9WsWb\">\n<div id=\"tw-target-text-container\" class=\"tw-ta-container tw-nfl\" tabindex=\"0\">\n<p id=\"tw-target-text\" class=\"tw-data-text tw-text-large tw-ta\" dir=\"ltr\" data-placeholder=\"Traduction\"><span lang=\"fr\">Oui, nos boyaux sont compatibles avec la plupart des prises, et vous pouvez commander le convertisseur super valve pour qu&rsquo;il puisse s&rsquo;adapter \u00e0 votre prise murale \u00e0 2 (deux) broches en nous contactant \u00e0 info@nadair.com ou 1 (800) 776-7891.<\/span><\/p>\n<\/div>\n<\/div>\n<\/div>\n<p>&nbsp;<\/p>\n<\/div><\/div><\/div><div class=\"fusion-panel panel-default fusion-faq-post fusion-faq-post-14382 foire-aux-questions \"><span class=\"entry-title rich-snippet-hidden\">L&rsquo;aspirateur est-il compatible avec ma tuyauterie existante?<\/span><span class=\"vcard rich-snippet-hidden\"><span class=\"fn\"><a href=\"https:\/\/myovo.net\/fr\/author\/suzanne\/\" title=\"Articles par suzanne\" rel=\"author\">suzanne<\/a><\/span><\/span><span class=\"updated rich-snippet-hidden\">2025-01-07T11:20:50-05:00<\/span><div class=\"panel-heading\"><h4 id=\"faq_1-14382\" class=\"panel-title toggle\"><a data-toggle=\"collapse\" class=\"collapsed\" data-parent=\"#accordian-1\" data-target=\"#collapse-1-14382\" href=\"#collapse-1-14382\" aria-expanded=\"false\"><div class=\"fusion-toggle-icon-wrapper\"><div class=\"fusion-toggle-icon-wrapper-main\"><div class=\"fusion-toggle-icon-wrapper-sub\"><i class=\"fa-fusion-box active-icon awb-icon-minus\" aria-hidden=\"true\"><\/i><i class=\"fa-fusion-box inactive-icon awb-icon-plus\" aria-hidden=\"true\"><\/i><\/div><\/div><\/div><div class=\"fusion-toggle-heading\">L&rsquo;aspirateur est-il compatible avec ma tuyauterie existante?<\/div><\/a><\/h4><\/div><div id=\"collapse-1-14382\" aria-labelledby=\"faq_1-14382\" class=\"panel-collapse collapse\"><div class=\"panel-body toggle-content post-content\"><p>Oui, les aspirateurs sont compatibles avec les syst\u00e8mes de tuyauterie standard certifi\u00e9s de 2 pouces F2158.<\/p>\n<p>Si le r\u00e9seau de tuyauterie n\u2019est pas un syst\u00e8me de tuyauterie standard de 2 pouces, un r\u00e9ducteur de tuyau peut \u00eatre n\u00e9cessaire pour s\u2019adapter \u00e0 diff\u00e9rentes tailles de tuyaux.<\/p>\n<\/div><\/div><\/div><\/div><\/div><\/div><\/div><div class=\"fusion-clearfix\"><\/div><\/div><\/div><\/div><\/div>\n","protected":false},"excerpt":{"rendered":"","protected":false},"author":3,"featured_media":0,"parent":0,"menu_order":0,"comment_status":"closed","ping_status":"closed","template":"","meta":{"_acf_changed":false,"jetpack_post_was_ever_published":false,"footnotes":""},"class_list":["post-14431","page","type-page","status-publish","hentry"],"acf":[],"yoast_head":"<!-- This site is optimized with the Yoast SEO plugin v26.7 - https:\/\/yoast.com\/wordpress\/plugins\/seo\/ -->\n<title>Foir Aux Questions - Ovo Vacuum<\/title>\n<meta name=\"robots\" content=\"index, follow, max-snippet:-1, max-image-preview:large, max-video-preview:-1\" \/>\n<link rel=\"canonical\" href=\"https:\/\/myovo.net\/faq\/\" \/>\n<meta property=\"og:locale\" content=\"fr_FR\" \/>\n<meta property=\"og:type\" content=\"article\" \/>\n<meta property=\"og:title\" content=\"Foir Aux Questions - Ovo Vacuum\" \/>\n<meta property=\"og:url\" content=\"https:\/\/myovo.net\/faq\/\" \/>\n<meta property=\"og:site_name\" content=\"Ovo Vacuum\" \/>\n<meta property=\"article:publisher\" content=\"https:\/\/www.facebook.com\/nadairint\/\" \/>\n<meta name=\"twitter:card\" content=\"summary_large_image\" \/>\n<meta name=\"twitter:label1\" content=\"Dur\u00e9e de lecture estim\u00e9e\" \/>\n\t<meta name=\"twitter:data1\" content=\"1 minute\" \/>\n<script type=\"application\/ld+json\" class=\"yoast-schema-graph\">{\"@context\":\"https:\/\/schema.org\",\"@graph\":[{\"@type\":\"WebPage\",\"@id\":\"https:\/\/myovo.net\/faq\/\",\"url\":\"https:\/\/myovo.net\/faq\/\",\"name\":\"Foir Aux Questions - Ovo Vacuum\",\"isPartOf\":{\"@id\":\"https:\/\/myovo.net\/#website\"},\"datePublished\":\"2020-02-13T02:33:30+00:00\",\"breadcrumb\":{\"@id\":\"https:\/\/myovo.net\/faq\/#breadcrumb\"},\"inLanguage\":\"fr-FR\",\"potentialAction\":[{\"@type\":\"ReadAction\",\"target\":[\"https:\/\/myovo.net\/faq\/\"]}]},{\"@type\":\"BreadcrumbList\",\"@id\":\"https:\/\/myovo.net\/faq\/#breadcrumb\",\"itemListElement\":[{\"@type\":\"ListItem\",\"position\":1,\"name\":\"Home\",\"item\":\"https:\/\/myovo.net\/fr\/\"},{\"@type\":\"ListItem\",\"position\":2,\"name\":\"Foir Aux Questions\"}]},{\"@type\":\"WebSite\",\"@id\":\"https:\/\/myovo.net\/#website\",\"url\":\"https:\/\/myovo.net\/\",\"name\":\"OVO Central Vacuum\",\"description\":\"\",\"publisher\":{\"@id\":\"https:\/\/myovo.net\/#organization\"},\"potentialAction\":[{\"@type\":\"SearchAction\",\"target\":{\"@type\":\"EntryPoint\",\"urlTemplate\":\"https:\/\/myovo.net\/?s={search_term_string}\"},\"query-input\":{\"@type\":\"PropertyValueSpecification\",\"valueRequired\":true,\"valueName\":\"search_term_string\"}}],\"inLanguage\":\"fr-FR\"},{\"@type\":\"Organization\",\"@id\":\"https:\/\/myovo.net\/#organization\",\"name\":\"OVO Central Vacuum\",\"url\":\"https:\/\/myovo.net\/\",\"logo\":{\"@type\":\"ImageObject\",\"inLanguage\":\"fr-FR\",\"@id\":\"https:\/\/myovo.net\/#\/schema\/logo\/image\/\",\"url\":\"https:\/\/i0.wp.com\/myovo.net\/wp-content\/uploads\/2024\/09\/logo-ovo-2-01-1.png?fit=241%2C117&ssl=1\",\"contentUrl\":\"https:\/\/i0.wp.com\/myovo.net\/wp-content\/uploads\/2024\/09\/logo-ovo-2-01-1.png?fit=241%2C117&ssl=1\",\"width\":241,\"height\":117,\"caption\":\"OVO Central Vacuum\"},\"image\":{\"@id\":\"https:\/\/myovo.net\/#\/schema\/logo\/image\/\"},\"sameAs\":[\"https:\/\/www.facebook.com\/nadairint\/\"]}]}<\/script>\n<!-- \/ Yoast SEO plugin. -->","yoast_head_json":{"title":"Foir Aux Questions - Ovo Vacuum","robots":{"index":"index","follow":"follow","max-snippet":"max-snippet:-1","max-image-preview":"max-image-preview:large","max-video-preview":"max-video-preview:-1"},"canonical":"https:\/\/myovo.net\/faq\/","og_locale":"fr_FR","og_type":"article","og_title":"Foir Aux Questions - Ovo Vacuum","og_url":"https:\/\/myovo.net\/faq\/","og_site_name":"Ovo Vacuum","article_publisher":"https:\/\/www.facebook.com\/nadairint\/","twitter_card":"summary_large_image","twitter_misc":{"Dur\u00e9e de lecture estim\u00e9e":"1 minute"},"schema":{"@context":"https:\/\/schema.org","@graph":[{"@type":"WebPage","@id":"https:\/\/myovo.net\/faq\/","url":"https:\/\/myovo.net\/faq\/","name":"Foir Aux Questions - Ovo Vacuum","isPartOf":{"@id":"https:\/\/myovo.net\/#website"},"datePublished":"2020-02-13T02:33:30+00:00","breadcrumb":{"@id":"https:\/\/myovo.net\/faq\/#breadcrumb"},"inLanguage":"fr-FR","potentialAction":[{"@type":"ReadAction","target":["https:\/\/myovo.net\/faq\/"]}]},{"@type":"BreadcrumbList","@id":"https:\/\/myovo.net\/faq\/#breadcrumb","itemListElement":[{"@type":"ListItem","position":1,"name":"Home","item":"https:\/\/myovo.net\/fr\/"},{"@type":"ListItem","position":2,"name":"Foir Aux Questions"}]},{"@type":"WebSite","@id":"https:\/\/myovo.net\/#website","url":"https:\/\/myovo.net\/","name":"OVO Central Vacuum","description":"","publisher":{"@id":"https:\/\/myovo.net\/#organization"},"potentialAction":[{"@type":"SearchAction","target":{"@type":"EntryPoint","urlTemplate":"https:\/\/myovo.net\/?s={search_term_string}"},"query-input":{"@type":"PropertyValueSpecification","valueRequired":true,"valueName":"search_term_string"}}],"inLanguage":"fr-FR"},{"@type":"Organization","@id":"https:\/\/myovo.net\/#organization","name":"OVO Central Vacuum","url":"https:\/\/myovo.net\/","logo":{"@type":"ImageObject","inLanguage":"fr-FR","@id":"https:\/\/myovo.net\/#\/schema\/logo\/image\/","url":"https:\/\/i0.wp.com\/myovo.net\/wp-content\/uploads\/2024\/09\/logo-ovo-2-01-1.png?fit=241%2C117&ssl=1","contentUrl":"https:\/\/i0.wp.com\/myovo.net\/wp-content\/uploads\/2024\/09\/logo-ovo-2-01-1.png?fit=241%2C117&ssl=1","width":241,"height":117,"caption":"OVO Central Vacuum"},"image":{"@id":"https:\/\/myovo.net\/#\/schema\/logo\/image\/"},"sameAs":["https:\/\/www.facebook.com\/nadairint\/"]}]}},"jetpack_sharing_enabled":true,"jetpack_shortlink":"https:\/\/wp.me\/PbkHTo-3KL","_links":{"self":[{"href":"https:\/\/myovo.net\/fr\/wp-json\/wp\/v2\/pages\/14431","targetHints":{"allow":["GET"]}}],"collection":[{"href":"https:\/\/myovo.net\/fr\/wp-json\/wp\/v2\/pages"}],"about":[{"href":"https:\/\/myovo.net\/fr\/wp-json\/wp\/v2\/types\/page"}],"author":[{"embeddable":true,"href":"https:\/\/myovo.net\/fr\/wp-json\/wp\/v2\/users\/3"}],"replies":[{"embeddable":true,"href":"https:\/\/myovo.net\/fr\/wp-json\/wp\/v2\/comments?post=14431"}],"version-history":[{"count":3,"href":"https:\/\/myovo.net\/fr\/wp-json\/wp\/v2\/pages\/14431\/revisions"}],"predecessor-version":[{"id":14436,"href":"https:\/\/myovo.net\/fr\/wp-json\/wp\/v2\/pages\/14431\/revisions\/14436"}],"wp:attachment":[{"href":"https:\/\/myovo.net\/fr\/wp-json\/wp\/v2\/media?parent=14431"}],"curies":[{"name":"wp","href":"https:\/\/api.w.org\/{rel}","templated":true}]}}