{"id":23139,"date":"2025-03-08T10:12:08","date_gmt":"2025-03-08T15:12:08","guid":{"rendered":"https:\/\/dev.myovo.ca\/?page_id=23139"},"modified":"2025-03-08T10:12:08","modified_gmt":"2025-03-08T15:12:08","slug":"condition-dachat","status":"publish","type":"page","link":"https:\/\/myovo.net\/fr\/condition-dachat\/","title":{"rendered":"Condition d&rsquo;achat"},"content":{"rendered":"<div class=\"fusion-fullwidth fullwidth-box fusion-builder-row-1 fusion-flex-container has-pattern-background has-mask-background nonhundred-percent-fullwidth non-hundred-percent-height-scrolling\" style=\"--awb-border-radius-top-left:0px;--awb-border-radius-top-right:0px;--awb-border-radius-bottom-right:0px;--awb-border-radius-bottom-left:0px;--awb-flex-wrap:wrap;\" ><div class=\"fusion-builder-row fusion-row fusion-flex-align-items-flex-start fusion-flex-content-wrap\" style=\"max-width:1144px;margin-left: calc(-4% \/ 2 );margin-right: calc(-4% \/ 2 );\"><div class=\"fusion-layout-column fusion_builder_column fusion-builder-column-0 fusion_builder_column_1_1 1_1 fusion-flex-column\" style=\"--awb-bg-size:cover;--awb-width-large:100%;--awb-margin-top-large:0px;--awb-spacing-right-large:1.92%;--awb-margin-bottom-large:20px;--awb-spacing-left-large:1.92%;--awb-width-medium:100%;--awb-order-medium:0;--awb-spacing-right-medium:1.92%;--awb-spacing-left-medium:1.92%;--awb-width-small:100%;--awb-order-small:0;--awb-spacing-right-small:1.92%;--awb-spacing-left-small:1.92%;\"><div class=\"fusion-column-wrapper fusion-column-has-shadow fusion-flex-justify-content-flex-start fusion-content-layout-column\"><div class=\"fusion-text fusion-text-1\"><h3 data-start=\"42\" data-end=\"80\"><strong data-start=\"46\" data-end=\"78\">Conditions g\u00e9n\u00e9rales d&rsquo;achat<\/strong><\/h3>\n<p data-start=\"82\" data-end=\"223\"><strong data-start=\"82\" data-end=\"135\">Pour les achats en ligne des produits Nadair int.<\/strong><br data-start=\"135\" data-end=\"138\" \/>OVO int. offre ses produits \u00e0 la vente au Qu\u00e9bec ainsi que dans le reste du Canada.<\/p>\n<p data-start=\"225\" data-end=\"630\">Les achats en ligne sont soumis aux pr\u00e9sentes <strong data-start=\"271\" data-end=\"303\">Conditions g\u00e9n\u00e9rales d&rsquo;achat<\/strong>, qui d\u00e9finissent les droits et obligations d&rsquo;OVO ainsi que ceux du client. Le client reconna\u00eet avoir pris connaissance et accept\u00e9 ces conditions g\u00e9n\u00e9rales avant de passer toute commande ou achat en ligne des produits OVO. Les pr\u00e9sentes <strong data-start=\"540\" data-end=\"572\">Conditions g\u00e9n\u00e9rales d&rsquo;achat<\/strong> entrent en vigueur au moment o\u00f9 la commande est pass\u00e9e.<\/p>\n<p data-start=\"632\" data-end=\"902\">OVO int. se r\u00e9serve le droit de limiter les quantit\u00e9s de ses produits disponibles \u00e0 l&rsquo;achat en ligne et d&rsquo;annuler toute commande, quelle qu&rsquo;en soit la raison ; dans ce cas, le client sera inform\u00e9 par courriel ou par t\u00e9l\u00e9phone et un remboursement complet sera effectu\u00e9.<\/p>\n<p data-start=\"904\" data-end=\"1172\">Ces <strong data-start=\"908\" data-end=\"940\">Conditions g\u00e9n\u00e9rales d&rsquo;achat<\/strong> s&rsquo;appliquent uniquement aux achats effectu\u00e9s en ligne et ne remplacent en aucun cas les conditions d&rsquo;un autre accord conclu entre un revendeur autoris\u00e9 de Nadair et le client concernant les produits achet\u00e9s ou les m\u00eames produits.<\/p>\n<hr data-start=\"1174\" data-end=\"1177\" \/>\n<h3 data-start=\"1179\" data-end=\"1193\"><strong data-start=\"1183\" data-end=\"1191\">Prix<\/strong><\/h3>\n<p data-start=\"1195\" data-end=\"1606\">Les prix affich\u00e9s sur le site Web d&rsquo;OVO sont valables uniquement pour les achats en ligne (les prix propos\u00e9s par les revendeurs autoris\u00e9s d&rsquo;OVO pour les m\u00eames produits peuvent diff\u00e9rer). Les prix sont indiqu\u00e9s en dollars canadiens (.ca) ou en dollars am\u00e9ricains (.com) et n&rsquo;incluent pas les taxes. Ils sont applicables uniquement au moment o\u00f9 le client passe sa commande et peuvent \u00eatre modifi\u00e9s sans pr\u00e9avis.<\/p>\n<p data-start=\"1608\" data-end=\"1950\">Le client peut parfois b\u00e9n\u00e9ficier de rabais ou d&rsquo;offres promotionnelles. Ces rabais ou offres promotionnelles sont annonc\u00e9s sur le site Web d&rsquo;OVO et ne sont valables que pour la p\u00e9riode indiqu\u00e9e et selon les stocks disponibles. Ne sont pas inclus dans les prix : les taxes de vente, les frais de manutention, de livraison et d&rsquo;installation.<\/p>\n<hr data-start=\"1952\" data-end=\"1955\" \/>\n<h3 data-start=\"1957\" data-end=\"1995\"><strong data-start=\"1961\" data-end=\"1993\">Paiement par carte de cr\u00e9dit<\/strong><\/h3>\n<p data-start=\"1997\" data-end=\"2110\">La commande est payable uniquement par carte de cr\u00e9dit valide parmi les suivantes : <strong data-start=\"2081\" data-end=\"2089\">Visa<\/strong> ou <strong data-start=\"2093\" data-end=\"2107\">MasterCard<\/strong>.<\/p>\n<p data-start=\"2112\" data-end=\"2348\">Une autorisation du fournisseur de la carte de cr\u00e9dit est requise au moment de la commande. Si le paiement est refus\u00e9 ou non autoris\u00e9, la commande sera annul\u00e9e sans pr\u00e9avis et sans aucune obligation ou responsabilit\u00e9 de la part d&rsquo;OVO.<\/p>\n<hr data-start=\"2350\" data-end=\"2353\" \/>\n<h3 data-start=\"2355\" data-end=\"2373\"><strong data-start=\"2359\" data-end=\"2371\">Commande<\/strong><\/h3>\n<p data-start=\"2375\" data-end=\"2513\">Le client passe sa commande en s\u00e9lectionnant les produits disponibles sur le site Web d&rsquo;OVO et en remplissant le formulaire de commande.<\/p>\n<p data-start=\"2515\" data-end=\"2618\">L&rsquo;envoi du formulaire de commande compl\u00e9t\u00e9 \u00e0 OVO constitue une offre d&rsquo;achat des produits mentionn\u00e9s.<\/p>\n<p data-start=\"2620\" data-end=\"2744\">Une fois que la commande est confirm\u00e9e par courriel, il n&rsquo;est plus possible pour le client de l&rsquo;annuler ou de la modifier.<\/p>\n<p data-start=\"2746\" data-end=\"2913\">Si le produit command\u00e9 est temporairement en rupture de stock, le service client d&rsquo;OVO contactera le client afin d&rsquo;organiser la livraison dans les plus brefs d\u00e9lais.<\/p>\n<hr data-start=\"2915\" data-end=\"2918\" \/>\n<h3 data-start=\"2920\" data-end=\"2939\"><strong data-start=\"2924\" data-end=\"2937\">Livraison<\/strong><\/h3>\n<p data-start=\"2941\" data-end=\"3017\">La commande est livr\u00e9e \u00e0 l&rsquo;adresse indiqu\u00e9e sur le formulaire de commande.<\/p>\n<p data-start=\"3019\" data-end=\"3162\">Aucune commande ne peut \u00eatre exp\u00e9di\u00e9e \u00e0 une bo\u00eete postale, \u00e0 une adresse en dehors du Canada ou \u00e0 des r\u00e9gions \u00e9loign\u00e9es avec un acc\u00e8s limit\u00e9.<\/p>\n<p data-start=\"3164\" data-end=\"3437\">L&rsquo;exp\u00e9dition est effectu\u00e9e par le transporteur choisi par le client. Le d\u00e9lai de livraison est g\u00e9n\u00e9ralement de <strong data-start=\"3275\" data-end=\"3328\">2 \u00e0 7 jours ouvrables apr\u00e8s r\u00e9ception du paiement<\/strong>. OVO ne peut \u00eatre tenu responsable des retards suppl\u00e9mentaires ou des dommages caus\u00e9s par le transporteur.<\/p>\n<p data-start=\"3439\" data-end=\"3622\">Il est de la responsabilit\u00e9 du client de s&rsquo;assurer d&rsquo;\u00eatre pr\u00e9sent pour recevoir la commande. Sinon, le transporteur d\u00e9posera le colis dans son centre de distribution le plus proche.<\/p>\n<h4 data-start=\"3624\" data-end=\"3653\"><strong data-start=\"3629\" data-end=\"3651\">Frais de livraison<\/strong><\/h4>\n<ul data-start=\"3654\" data-end=\"4000\">\n<li data-start=\"3654\" data-end=\"3840\"><strong data-start=\"3656\" data-end=\"3666\">Canada<\/strong> : Les frais de livraison sont \u00e9tablis en fonction du poids et de l\u2019emballage du produit. La livraison est gratuite pour toute commande de <strong data-start=\"3805\" data-end=\"3837\">99 $ et plus (taxes exclues)<\/strong>.<\/li>\n<li data-start=\"3841\" data-end=\"4000\"><strong data-start=\"3843\" data-end=\"3857\">\u00c9tats-Unis<\/strong> : Les frais de livraison sont \u00e9tablis de la m\u00eame mani\u00e8re. La livraison est gratuite pour toute commande de <strong data-start=\"3965\" data-end=\"3997\">99 $ et plus (taxes exclues)<\/strong>.<\/li>\n<\/ul>\n<hr data-start=\"4002\" data-end=\"4005\" \/>\n<h3 data-start=\"4007\" data-end=\"4056\"><strong data-start=\"4011\" data-end=\"4054\">Politique de retour et de remboursement<\/strong><\/h3>\n<p data-start=\"4058\" data-end=\"4126\">OVO s&rsquo;engage \u00e0 offrir une satisfaction compl\u00e8te avec ses produits.<\/p>\n<p data-start=\"4128\" data-end=\"4303\"><strong data-start=\"4128\" data-end=\"4174\">Notre politique de retour est de 30 jours.<\/strong> Si 30 jours se sont \u00e9coul\u00e9s depuis votre achat, nous ne pouvons malheureusement pas vous offrir de remboursement ou d\u2019\u00e9change.<\/p>\n<h4 data-start=\"4305\" data-end=\"4336\"><strong data-start=\"4310\" data-end=\"4334\">Conditions de retour<\/strong><\/h4>\n<ul data-start=\"4337\" data-end=\"4570\">\n<li data-start=\"4337\" data-end=\"4417\">L&rsquo;article doit \u00eatre inutilis\u00e9 et dans le m\u00eame \u00e9tat que lors de la r\u00e9ception.<\/li>\n<li data-start=\"4418\" data-end=\"4471\">L&rsquo;article doit \u00eatre dans son emballage d&rsquo;origine.<\/li>\n<li data-start=\"4472\" data-end=\"4525\">Une preuve d&rsquo;achat (facture ou re\u00e7u) est requise.<\/li>\n<li data-start=\"4526\" data-end=\"4570\">Ne retournez pas l&rsquo;article au fabricant.<\/li>\n<\/ul>\n<h4 data-start=\"4572\" data-end=\"4613\"><strong data-start=\"4577\" data-end=\"4611\">Remboursements (si applicable)<\/strong><\/h4>\n<p data-start=\"4614\" data-end=\"4774\">Une fois l&rsquo;article retourn\u00e9 et inspect\u00e9, nous vous enverrons un courriel confirmant sa r\u00e9ception et notre d\u00e9cision d&rsquo;approuver ou de refuser le remboursement.<\/p>\n<p data-start=\"4776\" data-end=\"4934\">Si le remboursement est approuv\u00e9, un cr\u00e9dit sera automatiquement appliqu\u00e9 \u00e0 votre carte de cr\u00e9dit ou \u00e0 votre mode de paiement d&rsquo;origine sous quelques jours.<\/p>\n<hr data-start=\"4936\" data-end=\"4939\" \/>\n<h3 data-start=\"4941\" data-end=\"4985\"><strong data-start=\"4945\" data-end=\"4983\">R\u00e9ception et v\u00e9rification du colis<\/strong><\/h3>\n<p data-start=\"4987\" data-end=\"5157\">\u00c0 la r\u00e9ception de votre commande, veuillez v\u00e9rifier imm\u00e9diatement l\u2019\u00e9tat du colis. En signant pour la r\u00e9ception du produit, vous confirmez que celui-ci est en bon \u00e9tat.<\/p>\n<p data-start=\"5159\" data-end=\"5313\">Si l\u2019emballage est <strong data-start=\"5178\" data-end=\"5191\">endommag\u00e9<\/strong>, il est conseill\u00e9 de <strong data-start=\"5213\" data-end=\"5237\">refuser la livraison<\/strong> et de contacter imm\u00e9diatement notre service client au <strong data-start=\"5292\" data-end=\"5310\">1-800-776-7891<\/strong>.<\/p>\n<p data-start=\"5315\" data-end=\"5454\">Si le produit re\u00e7u <strong data-start=\"5334\" data-end=\"5372\">ne correspond pas \u00e0 celui command\u00e9<\/strong>, vous devez nous en informer dans un d\u00e9lai de <strong data-start=\"5419\" data-end=\"5432\">72 heures<\/strong> apr\u00e8s la livraison.<\/p>\n<hr data-start=\"5456\" data-end=\"5459\" \/>\n<h3 data-start=\"5461\" data-end=\"5479\"><strong data-start=\"5465\" data-end=\"5477\">Garantie<\/strong><\/h3>\n<p data-start=\"5481\" data-end=\"5584\">Nos produits b\u00e9n\u00e9ficient de diff\u00e9rentes garanties, honor\u00e9es par notre r\u00e9seau de revendeurs autoris\u00e9s.<\/p>\n<p data-start=\"5586\" data-end=\"5877\">Si vous avez souscrit \u00e0 <strong data-start=\"5610\" data-end=\"5647\">l\u2019extension de garantie de 25 ans<\/strong>, le moteur et les composants \u00e9lectriques de votre unit\u00e9 sont garantis pendant <strong data-start=\"5726\" data-end=\"5736\">25 ans<\/strong>. Toutefois, les frais de main-d&rsquo;\u0153uvre sont couverts uniquement par la garantie d\u2019origine, pour une dur\u00e9e de <strong data-start=\"5845\" data-end=\"5858\">2 \u00e0 5 ans<\/strong> selon le mod\u00e8le.<\/p>\n<p data-start=\"5879\" data-end=\"6052\">L\u2019extension de garantie est soumise aux m\u00eames conditions que la garantie standard d\u2019OVO. Elle est valide uniquement pour un usage domestique et <strong data-start=\"6023\" data-end=\"6049\">n&rsquo;est pas transf\u00e9rable<\/strong>.<\/p>\n<p data-start=\"6054\" data-end=\"6166\">Pour plus d&rsquo;informations sur nos garanties, consultez nos conditions en ligne ou contactez un revendeur agr\u00e9\u00e9.<\/p>\n<hr data-start=\"6168\" data-end=\"6171\" \/>\n<h3 data-start=\"6173\" data-end=\"6200\"><strong data-start=\"6177\" data-end=\"6198\">Autres conditions<\/strong><\/h3>\n<ul data-start=\"6202\" data-end=\"6833\">\n<li data-start=\"6202\" data-end=\"6362\"><strong data-start=\"6204\" data-end=\"6228\">Donn\u00e9es personnelles<\/strong> : Toutes les informations collect\u00e9es par OVO sont soumises \u00e0 notre <strong data-start=\"6296\" data-end=\"6328\">Politique de confidentialit\u00e9<\/strong>, disponible sur notre site Web.<\/li>\n<li data-start=\"6363\" data-end=\"6432\"><strong data-start=\"6365\" data-end=\"6374\">Taxes<\/strong> : Toutes les taxes de vente sont \u00e0 la charge du client.<\/li>\n<li data-start=\"6433\" data-end=\"6568\"><strong data-start=\"6435\" data-end=\"6466\">Exactitude des informations<\/strong> : Le client est responsable de l\u2019exactitude des informations fournies pour l&rsquo;achat et la livraison.<\/li>\n<li data-start=\"6569\" data-end=\"6679\"><strong data-start=\"6571\" data-end=\"6588\">Modifications<\/strong> : OVO se r\u00e9serve le droit de modifier ces <strong data-start=\"6631\" data-end=\"6663\">Conditions g\u00e9n\u00e9rales d\u2019achat<\/strong> sans pr\u00e9avis.<\/li>\n<li data-start=\"6680\" data-end=\"6833\"><strong data-start=\"6682\" data-end=\"6704\">Non-responsabilit\u00e9<\/strong> : OVO ne garantit pas l&rsquo;absence d&rsquo;erreurs sur son site Web ni la disponibilit\u00e9 des produits affich\u00e9s au moment de la commande.<\/li>\n<\/ul>\n<hr data-start=\"6835\" data-end=\"6838\" \/>\n<h3 data-start=\"6840\" data-end=\"6881\"><strong data-start=\"6844\" data-end=\"6879\">Droit applicable et juridiction<\/strong><\/h3>\n<p data-start=\"6883\" data-end=\"7027\">Les pr\u00e9sentes <strong data-start=\"6897\" data-end=\"6929\">Conditions g\u00e9n\u00e9rales d&rsquo;achat<\/strong> sont r\u00e9gies par les lois de la province de <strong data-start=\"6973\" data-end=\"6983\">Qu\u00e9bec<\/strong> et interpr\u00e9t\u00e9es conform\u00e9ment \u00e0 celles-ci.<\/p>\n<p data-start=\"7029\" data-end=\"7108\">Tout litige sera soumis aux tribunaux du <strong data-start=\"7070\" data-end=\"7105\">district judiciaire de Montr\u00e9al<\/strong>.<\/p>\n<hr data-start=\"7110\" data-end=\"7113\" \/>\n<p data-start=\"7115\" data-end=\"7175\" data-is-last-node=\"\" data-is-only-node=\"\"><strong data-start=\"7115\" data-end=\"7174\">Conditions g\u00e9n\u00e9rales d&rsquo;achat dat\u00e9es du 1er octobre 2019<\/strong>.<\/p>\n<\/div><\/div><\/div><\/div><\/div>\n","protected":false},"excerpt":{"rendered":"","protected":false},"author":3,"featured_media":0,"parent":0,"menu_order":0,"comment_status":"closed","ping_status":"closed","template":"","meta":{"_acf_changed":false,"jetpack_post_was_ever_published":false,"footnotes":""},"class_list":["post-23139","page","type-page","status-publish","hentry"],"acf":[],"yoast_head":"<!-- This site is optimized with the Yoast SEO plugin v26.7 - https:\/\/yoast.com\/wordpress\/plugins\/seo\/ -->\n<title>Condition d&#039;achat - Ovo Vacuum<\/title>\n<meta name=\"robots\" content=\"index, follow, max-snippet:-1, max-image-preview:large, max-video-preview:-1\" \/>\n<link rel=\"canonical\" href=\"https:\/\/myovo.net\/term-of-purchase\/\" \/>\n<meta property=\"og:locale\" content=\"fr_FR\" \/>\n<meta property=\"og:type\" content=\"article\" \/>\n<meta property=\"og:title\" content=\"Condition d&#039;achat - Ovo Vacuum\" \/>\n<meta property=\"og:url\" content=\"https:\/\/myovo.net\/term-of-purchase\/\" \/>\n<meta property=\"og:site_name\" content=\"Ovo Vacuum\" \/>\n<meta property=\"article:publisher\" content=\"https:\/\/www.facebook.com\/nadairint\/\" \/>\n<meta name=\"twitter:card\" content=\"summary_large_image\" \/>\n<meta name=\"twitter:label1\" content=\"Dur\u00e9e de lecture estim\u00e9e\" \/>\n\t<meta name=\"twitter:data1\" content=\"1 minute\" \/>\n<script type=\"application\/ld+json\" class=\"yoast-schema-graph\">{\"@context\":\"https:\/\/schema.org\",\"@graph\":[{\"@type\":\"WebPage\",\"@id\":\"https:\/\/myovo.net\/term-of-purchase\/\",\"url\":\"https:\/\/myovo.net\/term-of-purchase\/\",\"name\":\"Condition d'achat - Ovo Vacuum\",\"isPartOf\":{\"@id\":\"https:\/\/myovo.net\/#website\"},\"datePublished\":\"2025-03-08T15:12:08+00:00\",\"breadcrumb\":{\"@id\":\"https:\/\/myovo.net\/term-of-purchase\/#breadcrumb\"},\"inLanguage\":\"fr-FR\",\"potentialAction\":[{\"@type\":\"ReadAction\",\"target\":[\"https:\/\/myovo.net\/term-of-purchase\/\"]}]},{\"@type\":\"BreadcrumbList\",\"@id\":\"https:\/\/myovo.net\/term-of-purchase\/#breadcrumb\",\"itemListElement\":[{\"@type\":\"ListItem\",\"position\":1,\"name\":\"Home\",\"item\":\"https:\/\/myovo.net\/fr\/\"},{\"@type\":\"ListItem\",\"position\":2,\"name\":\"Condition d&#8217;achat\"}]},{\"@type\":\"WebSite\",\"@id\":\"https:\/\/myovo.net\/#website\",\"url\":\"https:\/\/myovo.net\/\",\"name\":\"OVO Central Vacuum\",\"description\":\"\",\"publisher\":{\"@id\":\"https:\/\/myovo.net\/#organization\"},\"potentialAction\":[{\"@type\":\"SearchAction\",\"target\":{\"@type\":\"EntryPoint\",\"urlTemplate\":\"https:\/\/myovo.net\/?s={search_term_string}\"},\"query-input\":{\"@type\":\"PropertyValueSpecification\",\"valueRequired\":true,\"valueName\":\"search_term_string\"}}],\"inLanguage\":\"fr-FR\"},{\"@type\":\"Organization\",\"@id\":\"https:\/\/myovo.net\/#organization\",\"name\":\"OVO Central Vacuum\",\"url\":\"https:\/\/myovo.net\/\",\"logo\":{\"@type\":\"ImageObject\",\"inLanguage\":\"fr-FR\",\"@id\":\"https:\/\/myovo.net\/#\/schema\/logo\/image\/\",\"url\":\"https:\/\/i0.wp.com\/myovo.net\/wp-content\/uploads\/2024\/09\/logo-ovo-2-01-1.png?fit=241%2C117&ssl=1\",\"contentUrl\":\"https:\/\/i0.wp.com\/myovo.net\/wp-content\/uploads\/2024\/09\/logo-ovo-2-01-1.png?fit=241%2C117&ssl=1\",\"width\":241,\"height\":117,\"caption\":\"OVO Central Vacuum\"},\"image\":{\"@id\":\"https:\/\/myovo.net\/#\/schema\/logo\/image\/\"},\"sameAs\":[\"https:\/\/www.facebook.com\/nadairint\/\"]}]}<\/script>\n<!-- \/ Yoast SEO plugin. -->","yoast_head_json":{"title":"Condition d'achat - Ovo Vacuum","robots":{"index":"index","follow":"follow","max-snippet":"max-snippet:-1","max-image-preview":"max-image-preview:large","max-video-preview":"max-video-preview:-1"},"canonical":"https:\/\/myovo.net\/term-of-purchase\/","og_locale":"fr_FR","og_type":"article","og_title":"Condition d'achat - Ovo Vacuum","og_url":"https:\/\/myovo.net\/term-of-purchase\/","og_site_name":"Ovo Vacuum","article_publisher":"https:\/\/www.facebook.com\/nadairint\/","twitter_card":"summary_large_image","twitter_misc":{"Dur\u00e9e de lecture estim\u00e9e":"1 minute"},"schema":{"@context":"https:\/\/schema.org","@graph":[{"@type":"WebPage","@id":"https:\/\/myovo.net\/term-of-purchase\/","url":"https:\/\/myovo.net\/term-of-purchase\/","name":"Condition d'achat - Ovo Vacuum","isPartOf":{"@id":"https:\/\/myovo.net\/#website"},"datePublished":"2025-03-08T15:12:08+00:00","breadcrumb":{"@id":"https:\/\/myovo.net\/term-of-purchase\/#breadcrumb"},"inLanguage":"fr-FR","potentialAction":[{"@type":"ReadAction","target":["https:\/\/myovo.net\/term-of-purchase\/"]}]},{"@type":"BreadcrumbList","@id":"https:\/\/myovo.net\/term-of-purchase\/#breadcrumb","itemListElement":[{"@type":"ListItem","position":1,"name":"Home","item":"https:\/\/myovo.net\/fr\/"},{"@type":"ListItem","position":2,"name":"Condition d&#8217;achat"}]},{"@type":"WebSite","@id":"https:\/\/myovo.net\/#website","url":"https:\/\/myovo.net\/","name":"OVO Central Vacuum","description":"","publisher":{"@id":"https:\/\/myovo.net\/#organization"},"potentialAction":[{"@type":"SearchAction","target":{"@type":"EntryPoint","urlTemplate":"https:\/\/myovo.net\/?s={search_term_string}"},"query-input":{"@type":"PropertyValueSpecification","valueRequired":true,"valueName":"search_term_string"}}],"inLanguage":"fr-FR"},{"@type":"Organization","@id":"https:\/\/myovo.net\/#organization","name":"OVO Central Vacuum","url":"https:\/\/myovo.net\/","logo":{"@type":"ImageObject","inLanguage":"fr-FR","@id":"https:\/\/myovo.net\/#\/schema\/logo\/image\/","url":"https:\/\/i0.wp.com\/myovo.net\/wp-content\/uploads\/2024\/09\/logo-ovo-2-01-1.png?fit=241%2C117&ssl=1","contentUrl":"https:\/\/i0.wp.com\/myovo.net\/wp-content\/uploads\/2024\/09\/logo-ovo-2-01-1.png?fit=241%2C117&ssl=1","width":241,"height":117,"caption":"OVO Central Vacuum"},"image":{"@id":"https:\/\/myovo.net\/#\/schema\/logo\/image\/"},"sameAs":["https:\/\/www.facebook.com\/nadairint\/"]}]}},"jetpack_sharing_enabled":true,"jetpack_shortlink":"https:\/\/wp.me\/PbkHTo-61d","_links":{"self":[{"href":"https:\/\/myovo.net\/fr\/wp-json\/wp\/v2\/pages\/23139","targetHints":{"allow":["GET"]}}],"collection":[{"href":"https:\/\/myovo.net\/fr\/wp-json\/wp\/v2\/pages"}],"about":[{"href":"https:\/\/myovo.net\/fr\/wp-json\/wp\/v2\/types\/page"}],"author":[{"embeddable":true,"href":"https:\/\/myovo.net\/fr\/wp-json\/wp\/v2\/users\/3"}],"replies":[{"embeddable":true,"href":"https:\/\/myovo.net\/fr\/wp-json\/wp\/v2\/comments?post=23139"}],"version-history":[{"count":1,"href":"https:\/\/myovo.net\/fr\/wp-json\/wp\/v2\/pages\/23139\/revisions"}],"predecessor-version":[{"id":23140,"href":"https:\/\/myovo.net\/fr\/wp-json\/wp\/v2\/pages\/23139\/revisions\/23140"}],"wp:attachment":[{"href":"https:\/\/myovo.net\/fr\/wp-json\/wp\/v2\/media?parent=23139"}],"curies":[{"name":"wp","href":"https:\/\/api.w.org\/{rel}","templated":true}]}}