{"id":14216,"date":"2019-07-02T14:31:07","date_gmt":"2019-07-02T18:31:07","guid":{"rendered":"https:\/\/dev.myovo.ca\/product\/boyau-haut-voltagehaut-voltage\/"},"modified":"2025-03-24T11:57:40","modified_gmt":"2025-03-24T15:57:40","slug":"boyau-haut-voltagehaut-voltage","status":"publish","type":"product","link":"https:\/\/myovo.net\/fr\/produit\/boyau-haut-voltagehaut-voltage\/","title":{"rendered":"Boyau universel haut-voltage pour aspirateur central"},"content":{"rendered":"<ul>\n<li>Longueurs disponibles : 30\u2032 (9.10 m), 35\u2032 (10.70 m), 40\u2032 (12.20 m) ou 50\u2032 (15.24 m)<\/li>\n<li>Marche\/Arr\u00eat \u00e0 la poign\u00e9e<\/li>\n<li><span lang=\"fr\">Cordon d&rsquo;alimentation 72 po (convertisseur pour prises super valve disponible, Vendu s\u00e9par\u00e9ment) <\/span><\/li>\n<li>Universel : Compatible avec plupart des marques d\u2019aspirateur centraux, fonctionne sur des prises avec un diam\u00e8tre int\u00e9rieur de 1,5\u2019\u2019 (3.81 cm) et 2 buttons m\u00e9talliques \u00e0 l\u2019int\u00e9rieur.<\/li>\n<li><span lang=\"fr\">Pr\u00e9viens l&rsquo;enroulement: Poign\u00e9e pivotante.<br \/>\n<\/span><\/li>\n<li>L\u00e9ger, flexible et la fonction anti-\u00e9crasement, permettant au boyau de retrouver sa forme sans compromettre sa qualit\u00e9 ni sa r\u00e9sistance.<\/li>\n<\/ul>\n","protected":false},"excerpt":{"rendered":"<p>Longueurs disponibles : 30\u2032 (9.10 m), 35\u2032 (10.70 m), 40\u2032 (12.20 m) ou 50\u2032 (15.24 m) Marche\/Arr\u00eat \u00e0 la poign\u00e9e Cordon d&rsquo;alimentation 72 po (convertisseur pour prises super valve disponible, Vendu s\u00e9par\u00e9ment) Universel : Compatible avec plupart des marques d\u2019aspirateur centraux, fonctionne sur des prises avec un diam\u00e8tre int\u00e9rieur de 1,5\u2019\u2019 (3.81 cm) et 2 buttons  [&#8230;]<\/p>\n","protected":false},"featured_media":22220,"comment_status":"closed","ping_status":"closed","template":"","meta":{"_acf_changed":false,"jetpack_post_was_ever_published":false,"jetpack_publicize_message":"","jetpack_publicize_feature_enabled":true,"jetpack_social_post_already_shared":true,"jetpack_social_options":{"image_generator_settings":{"template":"highway","default_image_id":0,"font":"","enabled":false},"version":2}},"product_brand":[],"product_cat":[104,71],"product_tag":[],"class_list":{"0":"post-14216","1":"product","2":"type-product","3":"status-publish","4":"has-post-thumbnail","6":"product_cat-boyaux-et-housses","7":"product_cat-accessory-fr","8":"product_shipping_class-acc-fr","10":"first","11":"instock","12":"taxable","13":"shipping-taxable","14":"purchasable","15":"product-type-variable"},"acf":[],"yoast_head":"<!-- This site is optimized with the Yoast SEO plugin v26.7 - https:\/\/yoast.com\/wordpress\/plugins\/seo\/ -->\n<title>Boyau universel haut-voltage pour aspirateur central - Ovo Vacuum<\/title>\n<meta name=\"description\" content=\"Boyau pour aspirateur central Haut-Voltage, Interrupteur marche-arr\u00eat \u00e0 la poign\u00e9e. S&#039;adapte \u00e0 toutes les prises existantes ayant 1 1\/2&#039;&#039; de diam\u00e8tre.\" \/>\n<meta name=\"robots\" content=\"index, follow, max-snippet:-1, max-image-preview:large, max-video-preview:-1\" \/>\n<link rel=\"canonical\" href=\"https:\/\/myovo.net\/fr\/produit\/boyau-haut-voltagehaut-voltage\/\" \/>\n<meta property=\"og:locale\" content=\"fr_FR\" \/>\n<meta property=\"og:type\" content=\"article\" \/>\n<meta property=\"og:title\" content=\"Boyau universel haut-voltage pour aspirateur central - Ovo Vacuum\" \/>\n<meta property=\"og:description\" content=\"Boyau pour aspirateur central Haut-Voltage, Interrupteur marche-arr\u00eat \u00e0 la poign\u00e9e. S&#039;adapte \u00e0 toutes les prises existantes ayant 1 1\/2&#039;&#039; de diam\u00e8tre.\" \/>\n<meta property=\"og:url\" content=\"https:\/\/myovo.net\/fr\/produit\/boyau-haut-voltagehaut-voltage\/\" \/>\n<meta property=\"og:site_name\" content=\"Ovo Vacuum\" \/>\n<meta property=\"article:publisher\" content=\"https:\/\/www.facebook.com\/nadairint\/\" \/>\n<meta property=\"article:modified_time\" content=\"2025-03-24T15:57:40+00:00\" \/>\n<meta property=\"og:image\" content=\"https:\/\/myovo.net\/wp-content\/uploads\/2019\/07\/HV-HOSE-3.jpg\" \/>\n\t<meta property=\"og:image:width\" content=\"1000\" \/>\n\t<meta property=\"og:image:height\" content=\"1000\" \/>\n\t<meta property=\"og:image:type\" content=\"image\/jpeg\" \/>\n<meta name=\"twitter:card\" content=\"summary_large_image\" \/>\n<meta name=\"twitter:label1\" content=\"Dur\u00e9e de lecture estim\u00e9e\" \/>\n\t<meta name=\"twitter:data1\" content=\"1 minute\" \/>\n<script type=\"application\/ld+json\" class=\"yoast-schema-graph\">{\"@context\":\"https:\/\/schema.org\",\"@graph\":[{\"@type\":\"WebPage\",\"@id\":\"https:\/\/myovo.net\/fr\/produit\/boyau-haut-voltagehaut-voltage\/\",\"url\":\"https:\/\/myovo.net\/fr\/produit\/boyau-haut-voltagehaut-voltage\/\",\"name\":\"Boyau universel haut-voltage pour aspirateur central - Ovo Vacuum\",\"isPartOf\":{\"@id\":\"https:\/\/myovo.net\/#website\"},\"primaryImageOfPage\":{\"@id\":\"https:\/\/myovo.net\/fr\/produit\/boyau-haut-voltagehaut-voltage\/#primaryimage\"},\"image\":{\"@id\":\"https:\/\/myovo.net\/fr\/produit\/boyau-haut-voltagehaut-voltage\/#primaryimage\"},\"thumbnailUrl\":\"https:\/\/i0.wp.com\/myovo.net\/wp-content\/uploads\/2019\/07\/HV-HOSE-3.jpg?fit=1000%2C1000&ssl=1\",\"datePublished\":\"2019-07-02T18:31:07+00:00\",\"dateModified\":\"2025-03-24T15:57:40+00:00\",\"description\":\"Boyau pour aspirateur central Haut-Voltage, Interrupteur marche-arr\u00eat \u00e0 la poign\u00e9e. S'adapte \u00e0 toutes les prises existantes ayant 1 1\/2'' de diam\u00e8tre.\",\"breadcrumb\":{\"@id\":\"https:\/\/myovo.net\/fr\/produit\/boyau-haut-voltagehaut-voltage\/#breadcrumb\"},\"inLanguage\":\"fr-FR\",\"potentialAction\":[{\"@type\":\"ReadAction\",\"target\":[\"https:\/\/myovo.net\/fr\/produit\/boyau-haut-voltagehaut-voltage\/\"]}]},{\"@type\":\"ImageObject\",\"inLanguage\":\"fr-FR\",\"@id\":\"https:\/\/myovo.net\/fr\/produit\/boyau-haut-voltagehaut-voltage\/#primaryimage\",\"url\":\"https:\/\/i0.wp.com\/myovo.net\/wp-content\/uploads\/2019\/07\/HV-HOSE-3.jpg?fit=1000%2C1000&ssl=1\",\"contentUrl\":\"https:\/\/i0.wp.com\/myovo.net\/wp-content\/uploads\/2019\/07\/HV-HOSE-3.jpg?fit=1000%2C1000&ssl=1\",\"width\":1000,\"height\":1000},{\"@type\":\"BreadcrumbList\",\"@id\":\"https:\/\/myovo.net\/fr\/produit\/boyau-haut-voltagehaut-voltage\/#breadcrumb\",\"itemListElement\":[{\"@type\":\"ListItem\",\"position\":1,\"name\":\"Home\",\"item\":\"https:\/\/myovo.net\/fr\/\"},{\"@type\":\"ListItem\",\"position\":2,\"name\":\"Shop\",\"item\":\"https:\/\/myovo.net\/shop-best-central-vacuum\/\"},{\"@type\":\"ListItem\",\"position\":3,\"name\":\"Boyau universel haut-voltage pour aspirateur central\"}]},{\"@type\":\"WebSite\",\"@id\":\"https:\/\/myovo.net\/#website\",\"url\":\"https:\/\/myovo.net\/\",\"name\":\"OVO Central Vacuum\",\"description\":\"\",\"publisher\":{\"@id\":\"https:\/\/myovo.net\/#organization\"},\"potentialAction\":[{\"@type\":\"SearchAction\",\"target\":{\"@type\":\"EntryPoint\",\"urlTemplate\":\"https:\/\/myovo.net\/?s={search_term_string}\"},\"query-input\":{\"@type\":\"PropertyValueSpecification\",\"valueRequired\":true,\"valueName\":\"search_term_string\"}}],\"inLanguage\":\"fr-FR\"},{\"@type\":\"Organization\",\"@id\":\"https:\/\/myovo.net\/#organization\",\"name\":\"OVO Central Vacuum\",\"url\":\"https:\/\/myovo.net\/\",\"logo\":{\"@type\":\"ImageObject\",\"inLanguage\":\"fr-FR\",\"@id\":\"https:\/\/myovo.net\/#\/schema\/logo\/image\/\",\"url\":\"https:\/\/i0.wp.com\/myovo.net\/wp-content\/uploads\/2024\/09\/logo-ovo-2-01-1.png?fit=241%2C117&ssl=1\",\"contentUrl\":\"https:\/\/i0.wp.com\/myovo.net\/wp-content\/uploads\/2024\/09\/logo-ovo-2-01-1.png?fit=241%2C117&ssl=1\",\"width\":241,\"height\":117,\"caption\":\"OVO Central Vacuum\"},\"image\":{\"@id\":\"https:\/\/myovo.net\/#\/schema\/logo\/image\/\"},\"sameAs\":[\"https:\/\/www.facebook.com\/nadairint\/\"]}]}<\/script>\n<!-- \/ Yoast SEO plugin. -->","yoast_head_json":{"title":"Boyau universel haut-voltage pour aspirateur central - Ovo Vacuum","description":"Boyau pour aspirateur central Haut-Voltage, Interrupteur marche-arr\u00eat \u00e0 la poign\u00e9e. S'adapte \u00e0 toutes les prises existantes ayant 1 1\/2'' de diam\u00e8tre.","robots":{"index":"index","follow":"follow","max-snippet":"max-snippet:-1","max-image-preview":"max-image-preview:large","max-video-preview":"max-video-preview:-1"},"canonical":"https:\/\/myovo.net\/fr\/produit\/boyau-haut-voltagehaut-voltage\/","og_locale":"fr_FR","og_type":"article","og_title":"Boyau universel haut-voltage pour aspirateur central - Ovo Vacuum","og_description":"Boyau pour aspirateur central Haut-Voltage, Interrupteur marche-arr\u00eat \u00e0 la poign\u00e9e. S'adapte \u00e0 toutes les prises existantes ayant 1 1\/2'' de diam\u00e8tre.","og_url":"https:\/\/myovo.net\/fr\/produit\/boyau-haut-voltagehaut-voltage\/","og_site_name":"Ovo Vacuum","article_publisher":"https:\/\/www.facebook.com\/nadairint\/","article_modified_time":"2025-03-24T15:57:40+00:00","og_image":[{"width":1000,"height":1000,"url":"https:\/\/myovo.net\/wp-content\/uploads\/2019\/07\/HV-HOSE-3.jpg","type":"image\/jpeg"}],"twitter_card":"summary_large_image","twitter_misc":{"Dur\u00e9e de lecture estim\u00e9e":"1 minute"},"schema":{"@context":"https:\/\/schema.org","@graph":[{"@type":"WebPage","@id":"https:\/\/myovo.net\/fr\/produit\/boyau-haut-voltagehaut-voltage\/","url":"https:\/\/myovo.net\/fr\/produit\/boyau-haut-voltagehaut-voltage\/","name":"Boyau universel haut-voltage pour aspirateur central - Ovo Vacuum","isPartOf":{"@id":"https:\/\/myovo.net\/#website"},"primaryImageOfPage":{"@id":"https:\/\/myovo.net\/fr\/produit\/boyau-haut-voltagehaut-voltage\/#primaryimage"},"image":{"@id":"https:\/\/myovo.net\/fr\/produit\/boyau-haut-voltagehaut-voltage\/#primaryimage"},"thumbnailUrl":"https:\/\/i0.wp.com\/myovo.net\/wp-content\/uploads\/2019\/07\/HV-HOSE-3.jpg?fit=1000%2C1000&ssl=1","datePublished":"2019-07-02T18:31:07+00:00","dateModified":"2025-03-24T15:57:40+00:00","description":"Boyau pour aspirateur central Haut-Voltage, Interrupteur marche-arr\u00eat \u00e0 la poign\u00e9e. S'adapte \u00e0 toutes les prises existantes ayant 1 1\/2'' de diam\u00e8tre.","breadcrumb":{"@id":"https:\/\/myovo.net\/fr\/produit\/boyau-haut-voltagehaut-voltage\/#breadcrumb"},"inLanguage":"fr-FR","potentialAction":[{"@type":"ReadAction","target":["https:\/\/myovo.net\/fr\/produit\/boyau-haut-voltagehaut-voltage\/"]}]},{"@type":"ImageObject","inLanguage":"fr-FR","@id":"https:\/\/myovo.net\/fr\/produit\/boyau-haut-voltagehaut-voltage\/#primaryimage","url":"https:\/\/i0.wp.com\/myovo.net\/wp-content\/uploads\/2019\/07\/HV-HOSE-3.jpg?fit=1000%2C1000&ssl=1","contentUrl":"https:\/\/i0.wp.com\/myovo.net\/wp-content\/uploads\/2019\/07\/HV-HOSE-3.jpg?fit=1000%2C1000&ssl=1","width":1000,"height":1000},{"@type":"BreadcrumbList","@id":"https:\/\/myovo.net\/fr\/produit\/boyau-haut-voltagehaut-voltage\/#breadcrumb","itemListElement":[{"@type":"ListItem","position":1,"name":"Home","item":"https:\/\/myovo.net\/fr\/"},{"@type":"ListItem","position":2,"name":"Shop","item":"https:\/\/myovo.net\/shop-best-central-vacuum\/"},{"@type":"ListItem","position":3,"name":"Boyau universel haut-voltage pour aspirateur central"}]},{"@type":"WebSite","@id":"https:\/\/myovo.net\/#website","url":"https:\/\/myovo.net\/","name":"OVO Central Vacuum","description":"","publisher":{"@id":"https:\/\/myovo.net\/#organization"},"potentialAction":[{"@type":"SearchAction","target":{"@type":"EntryPoint","urlTemplate":"https:\/\/myovo.net\/?s={search_term_string}"},"query-input":{"@type":"PropertyValueSpecification","valueRequired":true,"valueName":"search_term_string"}}],"inLanguage":"fr-FR"},{"@type":"Organization","@id":"https:\/\/myovo.net\/#organization","name":"OVO Central Vacuum","url":"https:\/\/myovo.net\/","logo":{"@type":"ImageObject","inLanguage":"fr-FR","@id":"https:\/\/myovo.net\/#\/schema\/logo\/image\/","url":"https:\/\/i0.wp.com\/myovo.net\/wp-content\/uploads\/2024\/09\/logo-ovo-2-01-1.png?fit=241%2C117&ssl=1","contentUrl":"https:\/\/i0.wp.com\/myovo.net\/wp-content\/uploads\/2024\/09\/logo-ovo-2-01-1.png?fit=241%2C117&ssl=1","width":241,"height":117,"caption":"OVO Central Vacuum"},"image":{"@id":"https:\/\/myovo.net\/#\/schema\/logo\/image\/"},"sameAs":["https:\/\/www.facebook.com\/nadairint\/"]}]}},"jetpack_publicize_connections":[],"jetpack_sharing_enabled":true,"_links":{"self":[{"href":"https:\/\/myovo.net\/fr\/wp-json\/wp\/v2\/product\/14216","targetHints":{"allow":["GET"]}}],"collection":[{"href":"https:\/\/myovo.net\/fr\/wp-json\/wp\/v2\/product"}],"about":[{"href":"https:\/\/myovo.net\/fr\/wp-json\/wp\/v2\/types\/product"}],"replies":[{"embeddable":true,"href":"https:\/\/myovo.net\/fr\/wp-json\/wp\/v2\/comments?post=14216"}],"wp:featuredmedia":[{"embeddable":true,"href":"https:\/\/myovo.net\/fr\/wp-json\/wp\/v2\/media\/22220"}],"wp:attachment":[{"href":"https:\/\/myovo.net\/fr\/wp-json\/wp\/v2\/media?parent=14216"}],"wp:term":[{"taxonomy":"product_brand","embeddable":true,"href":"https:\/\/myovo.net\/fr\/wp-json\/wp\/v2\/product_brand?post=14216"},{"taxonomy":"product_cat","embeddable":true,"href":"https:\/\/myovo.net\/fr\/wp-json\/wp\/v2\/product_cat?post=14216"},{"taxonomy":"product_tag","embeddable":true,"href":"https:\/\/myovo.net\/fr\/wp-json\/wp\/v2\/product_tag?post=14216"}],"curies":[{"name":"wp","href":"https:\/\/api.w.org\/{rel}","templated":true}]}}