{"id":14225,"date":"2019-07-02T14:12:24","date_gmt":"2019-07-02T18:12:24","guid":{"rendered":"https:\/\/dev.myovo.ca\/product\/housse-a-boyau-coussinee\/"},"modified":"2025-03-24T12:30:02","modified_gmt":"2025-03-24T16:30:02","slug":"housse-a-boyau-coussinee","status":"publish","type":"product","link":"https:\/\/myovo.net\/fr\/produit\/housse-a-boyau-coussinee\/","title":{"rendered":"Housse \u00e0 boyau coussin\u00e9e avec fermeture \u00e9claire, lavable \u00e0 la machinne"},"content":{"rendered":"<p>Solution fiable et durable pour prot\u00e9ger les moulures, les meubles ou tout obstacle contre lequel votre tuyau pourrait frotter.<\/p>\n<p><strong>\u00a0<\/strong><\/p>\n<ul>\n<li>Housse \u00e0 boyau coussin\u00e9e: Compatible avec la plupart des boyaux d&rsquo;aspirateur central.<\/li>\n<\/ul>\n<p>&nbsp;<\/p>\n<ul>\n<li>Fermeture \u00e9clair : Pour une installation et un retrait facile.<\/li>\n<\/ul>\n<p>&nbsp;<\/p>\n<ul>\n<li>Lavable \u00e0 la machine.<\/li>\n<\/ul>\n<p>&nbsp;<\/p>\n<ul>\n<li>Longueurs disponibles :\u00a0 32\u2032 (9.75 m), 37\u2032 (11.28 m), 42\u2032 (12.80 m). 2 pieds suppl\u00e9mentaires de longueur pour un ajustement parfait.<\/li>\n<\/ul>\n","protected":false},"excerpt":{"rendered":"<p>Solution fiable et durable pour prot\u00e9ger les moulures, les meubles ou tout obstacle contre lequel votre tuyau pourrait frotter. \u00a0 Housse \u00e0 boyau coussin\u00e9e: Compatible avec la plupart des boyaux d&rsquo;aspirateur central. &nbsp; Fermeture \u00e9clair : Pour une installation et un retrait facile. &nbsp; Lavable \u00e0 la machine. &nbsp; Longueurs disponibles :\u00a0 32\u2032 (9.75 m), 37\u2032  [&#8230;]<\/p>\n","protected":false},"featured_media":23255,"comment_status":"closed","ping_status":"closed","template":"","meta":{"_acf_changed":false,"jetpack_post_was_ever_published":false,"jetpack_publicize_message":"","jetpack_publicize_feature_enabled":true,"jetpack_social_post_already_shared":true,"jetpack_social_options":{"image_generator_settings":{"template":"highway","default_image_id":0,"font":"","enabled":false},"version":2}},"product_brand":[],"product_cat":[104,71],"product_tag":[],"class_list":{"0":"post-14225","1":"product","2":"type-product","3":"status-publish","4":"has-post-thumbnail","6":"product_cat-boyaux-et-housses","7":"product_cat-accessory-fr","9":"first","10":"instock","11":"taxable","12":"shipping-taxable","13":"purchasable","14":"product-type-variable"},"acf":[],"yoast_head":"<!-- This site is optimized with the Yoast SEO plugin v26.7 - https:\/\/yoast.com\/wordpress\/plugins\/seo\/ -->\n<title>Housse \u00e0 boyau coussin\u00e9e avec fermeture \u00e9claire, lavable \u00e0 la machinne - Ovo Vacuum<\/title>\n<meta name=\"robots\" content=\"index, follow, max-snippet:-1, max-image-preview:large, max-video-preview:-1\" \/>\n<link rel=\"canonical\" href=\"https:\/\/myovo.net\/fr\/produit\/housse-a-boyau-coussinee\/\" \/>\n<meta property=\"og:locale\" content=\"fr_FR\" \/>\n<meta property=\"og:type\" content=\"article\" \/>\n<meta property=\"og:title\" content=\"Housse \u00e0 boyau coussin\u00e9e avec fermeture \u00e9claire, lavable \u00e0 la machinne - Ovo Vacuum\" \/>\n<meta property=\"og:description\" content=\"Solution fiable et durable pour prot\u00e9ger les moulures, les meubles ou tout obstacle contre lequel votre tuyau pourrait frotter. \u00a0 Housse \u00e0 boyau coussin\u00e9e: Compatible avec la plupart des boyaux d&rsquo;aspirateur central. &nbsp; Fermeture \u00e9clair : Pour une installation et un retrait facile. &nbsp; Lavable \u00e0 la machine. &nbsp; Longueurs disponibles :\u00a0 32\u2032 (9.75 m), 37\u2032 [...]\" \/>\n<meta property=\"og:url\" content=\"https:\/\/myovo.net\/fr\/produit\/housse-a-boyau-coussinee\/\" \/>\n<meta property=\"og:site_name\" content=\"Ovo Vacuum\" \/>\n<meta property=\"article:publisher\" content=\"https:\/\/www.facebook.com\/nadairint\/\" \/>\n<meta property=\"article:modified_time\" content=\"2025-03-24T16:30:02+00:00\" \/>\n<meta property=\"og:image\" content=\"https:\/\/myovo.net\/wp-content\/uploads\/2019\/07\/main-fr-copie.jpg\" \/>\n\t<meta property=\"og:image:width\" content=\"1000\" \/>\n\t<meta property=\"og:image:height\" content=\"1000\" \/>\n\t<meta property=\"og:image:type\" content=\"image\/jpeg\" \/>\n<meta name=\"twitter:card\" content=\"summary_large_image\" \/>\n<meta name=\"twitter:label1\" content=\"Dur\u00e9e de lecture estim\u00e9e\" \/>\n\t<meta name=\"twitter:data1\" content=\"1 minute\" \/>\n<script type=\"application\/ld+json\" class=\"yoast-schema-graph\">{\"@context\":\"https:\/\/schema.org\",\"@graph\":[{\"@type\":\"WebPage\",\"@id\":\"https:\/\/myovo.net\/fr\/produit\/housse-a-boyau-coussinee\/\",\"url\":\"https:\/\/myovo.net\/fr\/produit\/housse-a-boyau-coussinee\/\",\"name\":\"Housse \u00e0 boyau coussin\u00e9e avec fermeture \u00e9claire, lavable \u00e0 la machinne - Ovo Vacuum\",\"isPartOf\":{\"@id\":\"https:\/\/myovo.net\/#website\"},\"primaryImageOfPage\":{\"@id\":\"https:\/\/myovo.net\/fr\/produit\/housse-a-boyau-coussinee\/#primaryimage\"},\"image\":{\"@id\":\"https:\/\/myovo.net\/fr\/produit\/housse-a-boyau-coussinee\/#primaryimage\"},\"thumbnailUrl\":\"https:\/\/i0.wp.com\/myovo.net\/wp-content\/uploads\/2019\/07\/main-fr-copie.jpg?fit=1000%2C1000&ssl=1\",\"datePublished\":\"2019-07-02T18:12:24+00:00\",\"dateModified\":\"2025-03-24T16:30:02+00:00\",\"breadcrumb\":{\"@id\":\"https:\/\/myovo.net\/fr\/produit\/housse-a-boyau-coussinee\/#breadcrumb\"},\"inLanguage\":\"fr-FR\",\"potentialAction\":[{\"@type\":\"ReadAction\",\"target\":[\"https:\/\/myovo.net\/fr\/produit\/housse-a-boyau-coussinee\/\"]}]},{\"@type\":\"ImageObject\",\"inLanguage\":\"fr-FR\",\"@id\":\"https:\/\/myovo.net\/fr\/produit\/housse-a-boyau-coussinee\/#primaryimage\",\"url\":\"https:\/\/i0.wp.com\/myovo.net\/wp-content\/uploads\/2019\/07\/main-fr-copie.jpg?fit=1000%2C1000&ssl=1\",\"contentUrl\":\"https:\/\/i0.wp.com\/myovo.net\/wp-content\/uploads\/2019\/07\/main-fr-copie.jpg?fit=1000%2C1000&ssl=1\",\"width\":1000,\"height\":1000},{\"@type\":\"BreadcrumbList\",\"@id\":\"https:\/\/myovo.net\/fr\/produit\/housse-a-boyau-coussinee\/#breadcrumb\",\"itemListElement\":[{\"@type\":\"ListItem\",\"position\":1,\"name\":\"Home\",\"item\":\"https:\/\/myovo.net\/fr\/\"},{\"@type\":\"ListItem\",\"position\":2,\"name\":\"Shop\",\"item\":\"https:\/\/myovo.net\/shop-best-central-vacuum\/\"},{\"@type\":\"ListItem\",\"position\":3,\"name\":\"Housse \u00e0 boyau coussin\u00e9e avec fermeture \u00e9claire, lavable \u00e0 la machinne\"}]},{\"@type\":\"WebSite\",\"@id\":\"https:\/\/myovo.net\/#website\",\"url\":\"https:\/\/myovo.net\/\",\"name\":\"OVO Central Vacuum\",\"description\":\"\",\"publisher\":{\"@id\":\"https:\/\/myovo.net\/#organization\"},\"potentialAction\":[{\"@type\":\"SearchAction\",\"target\":{\"@type\":\"EntryPoint\",\"urlTemplate\":\"https:\/\/myovo.net\/?s={search_term_string}\"},\"query-input\":{\"@type\":\"PropertyValueSpecification\",\"valueRequired\":true,\"valueName\":\"search_term_string\"}}],\"inLanguage\":\"fr-FR\"},{\"@type\":\"Organization\",\"@id\":\"https:\/\/myovo.net\/#organization\",\"name\":\"OVO Central Vacuum\",\"url\":\"https:\/\/myovo.net\/\",\"logo\":{\"@type\":\"ImageObject\",\"inLanguage\":\"fr-FR\",\"@id\":\"https:\/\/myovo.net\/#\/schema\/logo\/image\/\",\"url\":\"https:\/\/i0.wp.com\/myovo.net\/wp-content\/uploads\/2024\/09\/logo-ovo-2-01-1.png?fit=241%2C117&ssl=1\",\"contentUrl\":\"https:\/\/i0.wp.com\/myovo.net\/wp-content\/uploads\/2024\/09\/logo-ovo-2-01-1.png?fit=241%2C117&ssl=1\",\"width\":241,\"height\":117,\"caption\":\"OVO Central Vacuum\"},\"image\":{\"@id\":\"https:\/\/myovo.net\/#\/schema\/logo\/image\/\"},\"sameAs\":[\"https:\/\/www.facebook.com\/nadairint\/\"]}]}<\/script>\n<!-- \/ Yoast SEO plugin. -->","yoast_head_json":{"title":"Housse \u00e0 boyau coussin\u00e9e avec fermeture \u00e9claire, lavable \u00e0 la machinne - Ovo Vacuum","robots":{"index":"index","follow":"follow","max-snippet":"max-snippet:-1","max-image-preview":"max-image-preview:large","max-video-preview":"max-video-preview:-1"},"canonical":"https:\/\/myovo.net\/fr\/produit\/housse-a-boyau-coussinee\/","og_locale":"fr_FR","og_type":"article","og_title":"Housse \u00e0 boyau coussin\u00e9e avec fermeture \u00e9claire, lavable \u00e0 la machinne - Ovo Vacuum","og_description":"Solution fiable et durable pour prot\u00e9ger les moulures, les meubles ou tout obstacle contre lequel votre tuyau pourrait frotter. \u00a0 Housse \u00e0 boyau coussin\u00e9e: Compatible avec la plupart des boyaux d&rsquo;aspirateur central. &nbsp; Fermeture \u00e9clair : Pour une installation et un retrait facile. &nbsp; Lavable \u00e0 la machine. &nbsp; Longueurs disponibles :\u00a0 32\u2032 (9.75 m), 37\u2032 [...]","og_url":"https:\/\/myovo.net\/fr\/produit\/housse-a-boyau-coussinee\/","og_site_name":"Ovo Vacuum","article_publisher":"https:\/\/www.facebook.com\/nadairint\/","article_modified_time":"2025-03-24T16:30:02+00:00","og_image":[{"width":1000,"height":1000,"url":"https:\/\/myovo.net\/wp-content\/uploads\/2019\/07\/main-fr-copie.jpg","type":"image\/jpeg"}],"twitter_card":"summary_large_image","twitter_misc":{"Dur\u00e9e de lecture estim\u00e9e":"1 minute"},"schema":{"@context":"https:\/\/schema.org","@graph":[{"@type":"WebPage","@id":"https:\/\/myovo.net\/fr\/produit\/housse-a-boyau-coussinee\/","url":"https:\/\/myovo.net\/fr\/produit\/housse-a-boyau-coussinee\/","name":"Housse \u00e0 boyau coussin\u00e9e avec fermeture \u00e9claire, lavable \u00e0 la machinne - Ovo Vacuum","isPartOf":{"@id":"https:\/\/myovo.net\/#website"},"primaryImageOfPage":{"@id":"https:\/\/myovo.net\/fr\/produit\/housse-a-boyau-coussinee\/#primaryimage"},"image":{"@id":"https:\/\/myovo.net\/fr\/produit\/housse-a-boyau-coussinee\/#primaryimage"},"thumbnailUrl":"https:\/\/i0.wp.com\/myovo.net\/wp-content\/uploads\/2019\/07\/main-fr-copie.jpg?fit=1000%2C1000&ssl=1","datePublished":"2019-07-02T18:12:24+00:00","dateModified":"2025-03-24T16:30:02+00:00","breadcrumb":{"@id":"https:\/\/myovo.net\/fr\/produit\/housse-a-boyau-coussinee\/#breadcrumb"},"inLanguage":"fr-FR","potentialAction":[{"@type":"ReadAction","target":["https:\/\/myovo.net\/fr\/produit\/housse-a-boyau-coussinee\/"]}]},{"@type":"ImageObject","inLanguage":"fr-FR","@id":"https:\/\/myovo.net\/fr\/produit\/housse-a-boyau-coussinee\/#primaryimage","url":"https:\/\/i0.wp.com\/myovo.net\/wp-content\/uploads\/2019\/07\/main-fr-copie.jpg?fit=1000%2C1000&ssl=1","contentUrl":"https:\/\/i0.wp.com\/myovo.net\/wp-content\/uploads\/2019\/07\/main-fr-copie.jpg?fit=1000%2C1000&ssl=1","width":1000,"height":1000},{"@type":"BreadcrumbList","@id":"https:\/\/myovo.net\/fr\/produit\/housse-a-boyau-coussinee\/#breadcrumb","itemListElement":[{"@type":"ListItem","position":1,"name":"Home","item":"https:\/\/myovo.net\/fr\/"},{"@type":"ListItem","position":2,"name":"Shop","item":"https:\/\/myovo.net\/shop-best-central-vacuum\/"},{"@type":"ListItem","position":3,"name":"Housse \u00e0 boyau coussin\u00e9e avec fermeture \u00e9claire, lavable \u00e0 la machinne"}]},{"@type":"WebSite","@id":"https:\/\/myovo.net\/#website","url":"https:\/\/myovo.net\/","name":"OVO Central Vacuum","description":"","publisher":{"@id":"https:\/\/myovo.net\/#organization"},"potentialAction":[{"@type":"SearchAction","target":{"@type":"EntryPoint","urlTemplate":"https:\/\/myovo.net\/?s={search_term_string}"},"query-input":{"@type":"PropertyValueSpecification","valueRequired":true,"valueName":"search_term_string"}}],"inLanguage":"fr-FR"},{"@type":"Organization","@id":"https:\/\/myovo.net\/#organization","name":"OVO Central Vacuum","url":"https:\/\/myovo.net\/","logo":{"@type":"ImageObject","inLanguage":"fr-FR","@id":"https:\/\/myovo.net\/#\/schema\/logo\/image\/","url":"https:\/\/i0.wp.com\/myovo.net\/wp-content\/uploads\/2024\/09\/logo-ovo-2-01-1.png?fit=241%2C117&ssl=1","contentUrl":"https:\/\/i0.wp.com\/myovo.net\/wp-content\/uploads\/2024\/09\/logo-ovo-2-01-1.png?fit=241%2C117&ssl=1","width":241,"height":117,"caption":"OVO Central Vacuum"},"image":{"@id":"https:\/\/myovo.net\/#\/schema\/logo\/image\/"},"sameAs":["https:\/\/www.facebook.com\/nadairint\/"]}]}},"jetpack_publicize_connections":[],"jetpack_sharing_enabled":true,"_links":{"self":[{"href":"https:\/\/myovo.net\/fr\/wp-json\/wp\/v2\/product\/14225","targetHints":{"allow":["GET"]}}],"collection":[{"href":"https:\/\/myovo.net\/fr\/wp-json\/wp\/v2\/product"}],"about":[{"href":"https:\/\/myovo.net\/fr\/wp-json\/wp\/v2\/types\/product"}],"replies":[{"embeddable":true,"href":"https:\/\/myovo.net\/fr\/wp-json\/wp\/v2\/comments?post=14225"}],"wp:featuredmedia":[{"embeddable":true,"href":"https:\/\/myovo.net\/fr\/wp-json\/wp\/v2\/media\/23255"}],"wp:attachment":[{"href":"https:\/\/myovo.net\/fr\/wp-json\/wp\/v2\/media?parent=14225"}],"wp:term":[{"taxonomy":"product_brand","embeddable":true,"href":"https:\/\/myovo.net\/fr\/wp-json\/wp\/v2\/product_brand?post=14225"},{"taxonomy":"product_cat","embeddable":true,"href":"https:\/\/myovo.net\/fr\/wp-json\/wp\/v2\/product_cat?post=14225"},{"taxonomy":"product_tag","embeddable":true,"href":"https:\/\/myovo.net\/fr\/wp-json\/wp\/v2\/product_tag?post=14225"}],"curies":[{"name":"wp","href":"https:\/\/api.w.org\/{rel}","templated":true}]}}