{"id":14245,"date":"2019-07-02T11:40:40","date_gmt":"2019-07-02T15:40:40","guid":{"rendered":"https:\/\/dev.myovo.ca\/product\/aspirateur-portable-ovo\/"},"modified":"2025-04-09T10:09:46","modified_gmt":"2025-04-09T14:09:46","slug":"aspirateur-portable-ovo","status":"publish","type":"product","link":"https:\/\/myovo.net\/fr\/produit\/aspirateur-portable-ovo\/","title":{"rendered":"Syst\u00e8me d\u2019aspirateur mobile et polyvalent OVO, 595 Airwatts, prise directe 18L \/ 4.75 Gal. cuve \u00e0 chargement sup\u00e9rieur de 18L \/ 4.75 Gal., succion de 120\u201d H2O, couvre jusqu&rsquo;\u00e0 1 600 pi\u00b2 (148.6 m\u00b2)"},"content":{"rendered":"<ul>\n<li>595 AW<\/li>\n<li>120\u201d H2O<\/li>\n<li>62 dB Max<\/li>\n<li>18L \/ 4,75 Gal.<\/li>\n<li>Moteur Thru-Flow<\/li>\n<li>Technologie de d\u00e9marrage\/arr\u00eat progressif<\/li>\n<li>1 600 pi\u00b2 \/ 148,6 m\u00b2<\/li>\n<li>Branchement direct, aucune tuyauterie requise<\/li>\n<li>Cuve \u00e0 chargement par le haut<\/li>\n<li>Indicateur DEL : Affiche l\u2019\u00e9tat de l\u2019unit\u00e9<\/li>\n<li>Sacs de filtration jetables uniquement<\/li>\n<li>Acier lamin\u00e9 : R\u00e9sistant \u00e0 l\u2019usure et \u00e0 la corrosion<\/li>\n<\/ul>\n","protected":false},"excerpt":{"rendered":"<p>595 AW 120\u201d H2O 62 dB Max 18L \/ 4,75 Gal. Moteur Thru-Flow Technologie de d\u00e9marrage\/arr\u00eat progressif 1 600 pi\u00b2 \/ 148,6 m\u00b2 Branchement direct, aucune tuyauterie requise Cuve \u00e0 chargement par le haut Indicateur DEL : Affiche l\u2019\u00e9tat de l\u2019unit\u00e9 Sacs de filtration jetables uniquement Acier lamin\u00e9 : R\u00e9sistant \u00e0 l\u2019usure et \u00e0 la corrosion<\/p>\n","protected":false},"featured_media":22172,"comment_status":"closed","ping_status":"closed","template":"","meta":{"_acf_changed":false,"jetpack_post_was_ever_published":false,"jetpack_publicize_message":"","jetpack_publicize_feature_enabled":true,"jetpack_social_post_already_shared":true,"jetpack_social_options":{"image_generator_settings":{"template":"highway","default_image_id":0,"font":"","enabled":false},"version":2}},"product_brand":[],"product_cat":[83],"product_tag":[],"class_list":{"0":"post-14245","1":"product","2":"type-product","3":"status-publish","4":"has-post-thumbnail","6":"product_cat-aspirateur-portable","7":"product_shipping_class-brush-fr","9":"first","10":"instock","11":"taxable","12":"shipping-taxable","13":"purchasable","14":"product-type-simple"},"acf":[],"yoast_head":"<!-- This site is optimized with the Yoast SEO plugin v26.7 - https:\/\/yoast.com\/wordpress\/plugins\/seo\/ -->\n<title>Syst\u00e8me d\u2019aspirateur mobile et polyvalent OVO, 595 Airwatts, prise directe 18L \/ 4.75 Gal. cuve \u00e0 chargement sup\u00e9rieur de 18L \/ 4.75 Gal., succion de 120\u201d H2O, couvre jusqu&#039;\u00e0 1 600 pi\u00b2 (148.6 m\u00b2) - Ovo Vacuum<\/title>\n<meta name=\"robots\" content=\"index, follow, max-snippet:-1, max-image-preview:large, max-video-preview:-1\" \/>\n<link rel=\"canonical\" href=\"https:\/\/myovo.net\/fr\/produit\/aspirateur-portable-ovo\/\" \/>\n<meta property=\"og:locale\" content=\"fr_FR\" \/>\n<meta property=\"og:type\" content=\"article\" \/>\n<meta property=\"og:title\" content=\"Syst\u00e8me d\u2019aspirateur mobile et polyvalent OVO, 595 Airwatts, prise directe 18L \/ 4.75 Gal. cuve \u00e0 chargement sup\u00e9rieur de 18L \/ 4.75 Gal., succion de 120\u201d H2O, couvre jusqu&#039;\u00e0 1 600 pi\u00b2 (148.6 m\u00b2) - Ovo Vacuum\" \/>\n<meta property=\"og:description\" content=\"595 AW 120\u201d H2O 62 dB Max 18L \/ 4,75 Gal. Moteur Thru-Flow Technologie de d\u00e9marrage\/arr\u00eat progressif 1 600 pi\u00b2 \/ 148,6 m\u00b2 Branchement direct, aucune tuyauterie requise Cuve \u00e0 chargement par le haut Indicateur DEL : Affiche l\u2019\u00e9tat de l\u2019unit\u00e9 Sacs de filtration jetables uniquement Acier lamin\u00e9 : R\u00e9sistant \u00e0 l\u2019usure et \u00e0 la corrosion\" \/>\n<meta property=\"og:url\" content=\"https:\/\/myovo.net\/fr\/produit\/aspirateur-portable-ovo\/\" \/>\n<meta property=\"og:site_name\" content=\"Ovo Vacuum\" \/>\n<meta property=\"article:publisher\" content=\"https:\/\/www.facebook.com\/nadairint\/\" \/>\n<meta property=\"article:modified_time\" content=\"2025-04-09T14:09:46+00:00\" \/>\n<meta property=\"og:image\" content=\"https:\/\/myovo.net\/wp-content\/uploads\/2019\/07\/595_main_1-1-scaled.jpg\" \/>\n\t<meta property=\"og:image:width\" content=\"2560\" \/>\n\t<meta property=\"og:image:height\" content=\"2560\" \/>\n\t<meta property=\"og:image:type\" content=\"image\/jpeg\" \/>\n<meta name=\"twitter:card\" content=\"summary_large_image\" \/>\n<meta name=\"twitter:label1\" content=\"Dur\u00e9e de lecture estim\u00e9e\" \/>\n\t<meta name=\"twitter:data1\" content=\"1 minute\" \/>\n<script type=\"application\/ld+json\" class=\"yoast-schema-graph\">{\"@context\":\"https:\/\/schema.org\",\"@graph\":[{\"@type\":\"WebPage\",\"@id\":\"https:\/\/myovo.net\/fr\/produit\/aspirateur-portable-ovo\/\",\"url\":\"https:\/\/myovo.net\/fr\/produit\/aspirateur-portable-ovo\/\",\"name\":\"Syst\u00e8me d\u2019aspirateur mobile et polyvalent OVO, 595 Airwatts, prise directe 18L \/ 4.75 Gal. cuve \u00e0 chargement sup\u00e9rieur de 18L \/ 4.75 Gal., succion de 120\u201d H2O, couvre jusqu'\u00e0 1 600 pi\u00b2 (148.6 m\u00b2) - Ovo Vacuum\",\"isPartOf\":{\"@id\":\"https:\/\/myovo.net\/#website\"},\"primaryImageOfPage\":{\"@id\":\"https:\/\/myovo.net\/fr\/produit\/aspirateur-portable-ovo\/#primaryimage\"},\"image\":{\"@id\":\"https:\/\/myovo.net\/fr\/produit\/aspirateur-portable-ovo\/#primaryimage\"},\"thumbnailUrl\":\"https:\/\/i0.wp.com\/myovo.net\/wp-content\/uploads\/2019\/07\/595_main_1-1-scaled.jpg?fit=2560%2C2560&ssl=1\",\"datePublished\":\"2019-07-02T15:40:40+00:00\",\"dateModified\":\"2025-04-09T14:09:46+00:00\",\"breadcrumb\":{\"@id\":\"https:\/\/myovo.net\/fr\/produit\/aspirateur-portable-ovo\/#breadcrumb\"},\"inLanguage\":\"fr-FR\",\"potentialAction\":[{\"@type\":\"ReadAction\",\"target\":[\"https:\/\/myovo.net\/fr\/produit\/aspirateur-portable-ovo\/\"]}]},{\"@type\":\"ImageObject\",\"inLanguage\":\"fr-FR\",\"@id\":\"https:\/\/myovo.net\/fr\/produit\/aspirateur-portable-ovo\/#primaryimage\",\"url\":\"https:\/\/i0.wp.com\/myovo.net\/wp-content\/uploads\/2019\/07\/595_main_1-1-scaled.jpg?fit=2560%2C2560&ssl=1\",\"contentUrl\":\"https:\/\/i0.wp.com\/myovo.net\/wp-content\/uploads\/2019\/07\/595_main_1-1-scaled.jpg?fit=2560%2C2560&ssl=1\",\"width\":2560,\"height\":2560},{\"@type\":\"BreadcrumbList\",\"@id\":\"https:\/\/myovo.net\/fr\/produit\/aspirateur-portable-ovo\/#breadcrumb\",\"itemListElement\":[{\"@type\":\"ListItem\",\"position\":1,\"name\":\"Home\",\"item\":\"https:\/\/myovo.net\/fr\/\"},{\"@type\":\"ListItem\",\"position\":2,\"name\":\"Shop\",\"item\":\"https:\/\/myovo.net\/shop-best-central-vacuum\/\"},{\"@type\":\"ListItem\",\"position\":3,\"name\":\"Syst\u00e8me d\u2019aspirateur mobile et polyvalent OVO, 595 Airwatts, prise directe 18L \/ 4.75 Gal. cuve \u00e0 chargement sup\u00e9rieur de 18L \/ 4.75 Gal., succion de 120\u201d H2O, couvre jusqu&#8217;\u00e0 1 600 pi\u00b2 (148.6 m\u00b2)\"}]},{\"@type\":\"WebSite\",\"@id\":\"https:\/\/myovo.net\/#website\",\"url\":\"https:\/\/myovo.net\/\",\"name\":\"OVO Central Vacuum\",\"description\":\"\",\"publisher\":{\"@id\":\"https:\/\/myovo.net\/#organization\"},\"potentialAction\":[{\"@type\":\"SearchAction\",\"target\":{\"@type\":\"EntryPoint\",\"urlTemplate\":\"https:\/\/myovo.net\/?s={search_term_string}\"},\"query-input\":{\"@type\":\"PropertyValueSpecification\",\"valueRequired\":true,\"valueName\":\"search_term_string\"}}],\"inLanguage\":\"fr-FR\"},{\"@type\":\"Organization\",\"@id\":\"https:\/\/myovo.net\/#organization\",\"name\":\"OVO Central Vacuum\",\"url\":\"https:\/\/myovo.net\/\",\"logo\":{\"@type\":\"ImageObject\",\"inLanguage\":\"fr-FR\",\"@id\":\"https:\/\/myovo.net\/#\/schema\/logo\/image\/\",\"url\":\"https:\/\/i0.wp.com\/myovo.net\/wp-content\/uploads\/2024\/09\/logo-ovo-2-01-1.png?fit=241%2C117&ssl=1\",\"contentUrl\":\"https:\/\/i0.wp.com\/myovo.net\/wp-content\/uploads\/2024\/09\/logo-ovo-2-01-1.png?fit=241%2C117&ssl=1\",\"width\":241,\"height\":117,\"caption\":\"OVO Central Vacuum\"},\"image\":{\"@id\":\"https:\/\/myovo.net\/#\/schema\/logo\/image\/\"},\"sameAs\":[\"https:\/\/www.facebook.com\/nadairint\/\"]}]}<\/script>\n<!-- \/ Yoast SEO plugin. -->","yoast_head_json":{"title":"Syst\u00e8me d\u2019aspirateur mobile et polyvalent OVO, 595 Airwatts, prise directe 18L \/ 4.75 Gal. cuve \u00e0 chargement sup\u00e9rieur de 18L \/ 4.75 Gal., succion de 120\u201d H2O, couvre jusqu'\u00e0 1 600 pi\u00b2 (148.6 m\u00b2) - Ovo Vacuum","robots":{"index":"index","follow":"follow","max-snippet":"max-snippet:-1","max-image-preview":"max-image-preview:large","max-video-preview":"max-video-preview:-1"},"canonical":"https:\/\/myovo.net\/fr\/produit\/aspirateur-portable-ovo\/","og_locale":"fr_FR","og_type":"article","og_title":"Syst\u00e8me d\u2019aspirateur mobile et polyvalent OVO, 595 Airwatts, prise directe 18L \/ 4.75 Gal. cuve \u00e0 chargement sup\u00e9rieur de 18L \/ 4.75 Gal., succion de 120\u201d H2O, couvre jusqu'\u00e0 1 600 pi\u00b2 (148.6 m\u00b2) - Ovo Vacuum","og_description":"595 AW 120\u201d H2O 62 dB Max 18L \/ 4,75 Gal. Moteur Thru-Flow Technologie de d\u00e9marrage\/arr\u00eat progressif 1 600 pi\u00b2 \/ 148,6 m\u00b2 Branchement direct, aucune tuyauterie requise Cuve \u00e0 chargement par le haut Indicateur DEL : Affiche l\u2019\u00e9tat de l\u2019unit\u00e9 Sacs de filtration jetables uniquement Acier lamin\u00e9 : R\u00e9sistant \u00e0 l\u2019usure et \u00e0 la corrosion","og_url":"https:\/\/myovo.net\/fr\/produit\/aspirateur-portable-ovo\/","og_site_name":"Ovo Vacuum","article_publisher":"https:\/\/www.facebook.com\/nadairint\/","article_modified_time":"2025-04-09T14:09:46+00:00","og_image":[{"width":2560,"height":2560,"url":"https:\/\/myovo.net\/wp-content\/uploads\/2019\/07\/595_main_1-1-scaled.jpg","type":"image\/jpeg"}],"twitter_card":"summary_large_image","twitter_misc":{"Dur\u00e9e de lecture estim\u00e9e":"1 minute"},"schema":{"@context":"https:\/\/schema.org","@graph":[{"@type":"WebPage","@id":"https:\/\/myovo.net\/fr\/produit\/aspirateur-portable-ovo\/","url":"https:\/\/myovo.net\/fr\/produit\/aspirateur-portable-ovo\/","name":"Syst\u00e8me d\u2019aspirateur mobile et polyvalent OVO, 595 Airwatts, prise directe 18L \/ 4.75 Gal. cuve \u00e0 chargement sup\u00e9rieur de 18L \/ 4.75 Gal., succion de 120\u201d H2O, couvre jusqu'\u00e0 1 600 pi\u00b2 (148.6 m\u00b2) - Ovo Vacuum","isPartOf":{"@id":"https:\/\/myovo.net\/#website"},"primaryImageOfPage":{"@id":"https:\/\/myovo.net\/fr\/produit\/aspirateur-portable-ovo\/#primaryimage"},"image":{"@id":"https:\/\/myovo.net\/fr\/produit\/aspirateur-portable-ovo\/#primaryimage"},"thumbnailUrl":"https:\/\/i0.wp.com\/myovo.net\/wp-content\/uploads\/2019\/07\/595_main_1-1-scaled.jpg?fit=2560%2C2560&ssl=1","datePublished":"2019-07-02T15:40:40+00:00","dateModified":"2025-04-09T14:09:46+00:00","breadcrumb":{"@id":"https:\/\/myovo.net\/fr\/produit\/aspirateur-portable-ovo\/#breadcrumb"},"inLanguage":"fr-FR","potentialAction":[{"@type":"ReadAction","target":["https:\/\/myovo.net\/fr\/produit\/aspirateur-portable-ovo\/"]}]},{"@type":"ImageObject","inLanguage":"fr-FR","@id":"https:\/\/myovo.net\/fr\/produit\/aspirateur-portable-ovo\/#primaryimage","url":"https:\/\/i0.wp.com\/myovo.net\/wp-content\/uploads\/2019\/07\/595_main_1-1-scaled.jpg?fit=2560%2C2560&ssl=1","contentUrl":"https:\/\/i0.wp.com\/myovo.net\/wp-content\/uploads\/2019\/07\/595_main_1-1-scaled.jpg?fit=2560%2C2560&ssl=1","width":2560,"height":2560},{"@type":"BreadcrumbList","@id":"https:\/\/myovo.net\/fr\/produit\/aspirateur-portable-ovo\/#breadcrumb","itemListElement":[{"@type":"ListItem","position":1,"name":"Home","item":"https:\/\/myovo.net\/fr\/"},{"@type":"ListItem","position":2,"name":"Shop","item":"https:\/\/myovo.net\/shop-best-central-vacuum\/"},{"@type":"ListItem","position":3,"name":"Syst\u00e8me d\u2019aspirateur mobile et polyvalent OVO, 595 Airwatts, prise directe 18L \/ 4.75 Gal. cuve \u00e0 chargement sup\u00e9rieur de 18L \/ 4.75 Gal., succion de 120\u201d H2O, couvre jusqu&#8217;\u00e0 1 600 pi\u00b2 (148.6 m\u00b2)"}]},{"@type":"WebSite","@id":"https:\/\/myovo.net\/#website","url":"https:\/\/myovo.net\/","name":"OVO Central Vacuum","description":"","publisher":{"@id":"https:\/\/myovo.net\/#organization"},"potentialAction":[{"@type":"SearchAction","target":{"@type":"EntryPoint","urlTemplate":"https:\/\/myovo.net\/?s={search_term_string}"},"query-input":{"@type":"PropertyValueSpecification","valueRequired":true,"valueName":"search_term_string"}}],"inLanguage":"fr-FR"},{"@type":"Organization","@id":"https:\/\/myovo.net\/#organization","name":"OVO Central Vacuum","url":"https:\/\/myovo.net\/","logo":{"@type":"ImageObject","inLanguage":"fr-FR","@id":"https:\/\/myovo.net\/#\/schema\/logo\/image\/","url":"https:\/\/i0.wp.com\/myovo.net\/wp-content\/uploads\/2024\/09\/logo-ovo-2-01-1.png?fit=241%2C117&ssl=1","contentUrl":"https:\/\/i0.wp.com\/myovo.net\/wp-content\/uploads\/2024\/09\/logo-ovo-2-01-1.png?fit=241%2C117&ssl=1","width":241,"height":117,"caption":"OVO Central Vacuum"},"image":{"@id":"https:\/\/myovo.net\/#\/schema\/logo\/image\/"},"sameAs":["https:\/\/www.facebook.com\/nadairint\/"]}]}},"jetpack_publicize_connections":[],"jetpack_sharing_enabled":true,"_links":{"self":[{"href":"https:\/\/myovo.net\/fr\/wp-json\/wp\/v2\/product\/14245","targetHints":{"allow":["GET"]}}],"collection":[{"href":"https:\/\/myovo.net\/fr\/wp-json\/wp\/v2\/product"}],"about":[{"href":"https:\/\/myovo.net\/fr\/wp-json\/wp\/v2\/types\/product"}],"replies":[{"embeddable":true,"href":"https:\/\/myovo.net\/fr\/wp-json\/wp\/v2\/comments?post=14245"}],"wp:featuredmedia":[{"embeddable":true,"href":"https:\/\/myovo.net\/fr\/wp-json\/wp\/v2\/media\/22172"}],"wp:attachment":[{"href":"https:\/\/myovo.net\/fr\/wp-json\/wp\/v2\/media?parent=14245"}],"wp:term":[{"taxonomy":"product_brand","embeddable":true,"href":"https:\/\/myovo.net\/fr\/wp-json\/wp\/v2\/product_brand?post=14245"},{"taxonomy":"product_cat","embeddable":true,"href":"https:\/\/myovo.net\/fr\/wp-json\/wp\/v2\/product_cat?post=14245"},{"taxonomy":"product_tag","embeddable":true,"href":"https:\/\/myovo.net\/fr\/wp-json\/wp\/v2\/product_tag?post=14245"}],"curies":[{"name":"wp","href":"https:\/\/api.w.org\/{rel}","templated":true}]}}