{"id":14247,"date":"2019-07-02T11:25:05","date_gmt":"2019-07-02T15:25:05","guid":{"rendered":"https:\/\/dev.myovo.ca\/product\/ensemble-daccessoires-a-tapis-deluxe\/"},"modified":"2025-08-26T15:07:27","modified_gmt":"2025-08-26T19:07:27","slug":"ensemble-daccessoires-a-tapis-deluxe","status":"publish","type":"product","link":"https:\/\/myovo.net\/fr\/produit\/ensemble-daccessoires-a-tapis-deluxe\/","title":{"rendered":"Ensemble d&rsquo;accessoires OVO Carpet Deluxe pour syst\u00e8me d&rsquo;aspirateurs centraux &#8211; Id\u00e9al pour les tapis et surfaces dures"},"content":{"rendered":"<ul>\n<li data-start=\"0\" data-end=\"165\">Boyau haut-voltage avec interrupteur marche\/arr\u00eat \u00e0 double tension sur la poign\u00e9e<\/li>\n<li data-start=\"0\" data-end=\"165\">Cordon d&rsquo;alimentation de 72\u00a0\u00bb ( 6pi). Embout convertissable pour prise super valve. <a href=\"https:\/\/myovo.net\/fr\/produit\/convertisseur-de-super-valve-haute-tension\/\" target=\"_blank\" rel=\"noopener\">(convertisseur disponible vendu s\u00e9par\u00e9ment. Cliquer pour acheter)<\/a><\/li>\n<li data-start=\"527\" data-end=\"686\">Disponible en 30 pi (9,10 m), 35 pi (10,70 m), 40 pi (12,20 m) ou 50 pi (15,20 m)<\/li>\n<li data-start=\"167\" data-end=\"625\">Brosse \u00e9lectrique ajustable \u00e0 6 hauteurs pour tapis, 14\u201d (35.56 cm)<\/li>\n<li data-start=\"167\" data-end=\"625\">Brosse de sol avec poils de cheval, 12\u201d (30 cm)<\/li>\n<li>Manchon t\u00e9lescopique \u00e9lectrique ajustable, de 25,5\u201d (67 cm) \u00e0 38\u201d (100 cm)<\/li>\n<li data-start=\"167\" data-end=\"625\">Manchon t\u00e9lescopique ajustable, de 25,5\u201d (67 cm) \u00e0 38\u201d (100 cm)<\/li>\n<li data-start=\"167\" data-end=\"625\">Brosse \u00e0 capitonnage avec poils de cheval, 5\u201d (14 cm)<\/li>\n<li data-start=\"167\" data-end=\"625\">Brosse \u00e0 \u00e9poussetage avec poils de cheval, 4\u201d (10 cm)<\/li>\n<li data-start=\"167\" data-end=\"625\">Suceur plat, 10\u201d (25 cm)<\/li>\n<li data-start=\"167\" data-end=\"625\">Porte-accessoire<\/li>\n<li data-start=\"167\" data-end=\"625\">Support chrom\u00e9 pour boyau et sac de rangement pour accessoires<\/li>\n<\/ul>\n<p>&nbsp;<\/p>\n<p>&nbsp;<\/p>\n","protected":false},"excerpt":{"rendered":"<p>Boyau haut-voltage avec interrupteur marche\/arr\u00eat \u00e0 double tension sur la poign\u00e9e Cordon d&rsquo;alimentation de 72\u00a0\u00bb ( 6pi). Embout convertissable pour prise super valve. (convertisseur disponible vendu s\u00e9par\u00e9ment. Cliquer pour acheter) Disponible en 30 pi (9,10 m), 35 pi (10,70 m), 40 pi (12,20 m) ou 50 pi (15,20 m) Brosse \u00e9lectrique ajustable \u00e0 6 hauteurs pour  [&#8230;]<\/p>\n","protected":false},"featured_media":22187,"comment_status":"closed","ping_status":"closed","template":"","meta":{"_acf_changed":false,"jetpack_post_was_ever_published":false,"jetpack_publicize_message":"","jetpack_publicize_feature_enabled":true,"jetpack_social_post_already_shared":true,"jetpack_social_options":{"image_generator_settings":{"template":"highway","default_image_id":0,"font":"","enabled":false},"version":2}},"product_brand":[],"product_cat":[80],"product_tag":[],"class_list":{"0":"post-14247","1":"product","2":"type-product","3":"status-publish","4":"has-post-thumbnail","6":"product_cat-ensemble-accessoires","7":"product_shipping_class-brush-fr","9":"first","10":"instock","11":"featured","12":"taxable","13":"shipping-taxable","14":"purchasable","15":"product-type-variable"},"acf":[],"yoast_head":"<!-- This site is optimized with the Yoast SEO plugin v26.7 - https:\/\/yoast.com\/wordpress\/plugins\/seo\/ -->\n<title>Ensemble d&#039;accessoires OVO Carpet Deluxe pour syst\u00e8me d&#039;aspirateurs centraux - Id\u00e9al pour les tapis et surfaces dures - Ovo Vacuum<\/title>\n<meta name=\"robots\" content=\"index, follow, max-snippet:-1, max-image-preview:large, max-video-preview:-1\" \/>\n<link rel=\"canonical\" href=\"https:\/\/myovo.net\/produit\/carpet-deluxe-attachment-kit\/\" \/>\n<meta property=\"og:locale\" content=\"fr_FR\" \/>\n<meta property=\"og:type\" content=\"article\" \/>\n<meta property=\"og:title\" content=\"Ensemble d&#039;accessoires OVO Carpet Deluxe pour syst\u00e8me d&#039;aspirateurs centraux - Id\u00e9al pour les tapis et surfaces dures - Ovo Vacuum\" \/>\n<meta property=\"og:description\" content=\"Boyau haut-voltage avec interrupteur marche\/arr\u00eat \u00e0 double tension sur la poign\u00e9e Cordon d&rsquo;alimentation de 72\u00a0\u00bb ( 6pi). Embout convertissable pour prise super valve. (convertisseur disponible vendu s\u00e9par\u00e9ment. Cliquer pour acheter) Disponible en 30 pi (9,10 m), 35 pi (10,70 m), 40 pi (12,20 m) ou 50 pi (15,20 m) Brosse \u00e9lectrique ajustable \u00e0 6 hauteurs pour [...]\" \/>\n<meta property=\"og:url\" content=\"https:\/\/myovo.net\/produit\/carpet-deluxe-attachment-kit\/\" \/>\n<meta property=\"og:site_name\" content=\"Ovo Vacuum\" \/>\n<meta property=\"article:publisher\" content=\"https:\/\/www.facebook.com\/nadairint\/\" \/>\n<meta property=\"article:modified_time\" content=\"2025-08-26T19:07:27+00:00\" \/>\n<meta property=\"og:image\" content=\"https:\/\/myovo.net\/wp-content\/uploads\/2019\/07\/CD-1.1.jpg\" \/>\n\t<meta property=\"og:image:width\" content=\"1000\" \/>\n\t<meta property=\"og:image:height\" content=\"1000\" \/>\n\t<meta property=\"og:image:type\" content=\"image\/jpeg\" \/>\n<meta name=\"twitter:card\" content=\"summary_large_image\" \/>\n<meta name=\"twitter:label1\" content=\"Dur\u00e9e de lecture estim\u00e9e\" \/>\n\t<meta name=\"twitter:data1\" content=\"1 minute\" \/>\n<script type=\"application\/ld+json\" class=\"yoast-schema-graph\">{\"@context\":\"https:\/\/schema.org\",\"@graph\":[{\"@type\":\"WebPage\",\"@id\":\"https:\/\/myovo.net\/produit\/carpet-deluxe-attachment-kit\/\",\"url\":\"https:\/\/myovo.net\/produit\/carpet-deluxe-attachment-kit\/\",\"name\":\"Ensemble d'accessoires OVO Carpet Deluxe pour syst\u00e8me d'aspirateurs centraux - Id\u00e9al pour les tapis et surfaces dures - Ovo Vacuum\",\"isPartOf\":{\"@id\":\"https:\/\/myovo.net\/#website\"},\"primaryImageOfPage\":{\"@id\":\"https:\/\/myovo.net\/produit\/carpet-deluxe-attachment-kit\/#primaryimage\"},\"image\":{\"@id\":\"https:\/\/myovo.net\/produit\/carpet-deluxe-attachment-kit\/#primaryimage\"},\"thumbnailUrl\":\"https:\/\/i0.wp.com\/myovo.net\/wp-content\/uploads\/2019\/07\/CD-1.1.jpg?fit=1000%2C1000&ssl=1\",\"datePublished\":\"2019-07-02T15:25:05+00:00\",\"dateModified\":\"2025-08-26T19:07:27+00:00\",\"breadcrumb\":{\"@id\":\"https:\/\/myovo.net\/produit\/carpet-deluxe-attachment-kit\/#breadcrumb\"},\"inLanguage\":\"fr-FR\",\"potentialAction\":[{\"@type\":\"ReadAction\",\"target\":[\"https:\/\/myovo.net\/produit\/carpet-deluxe-attachment-kit\/\"]}]},{\"@type\":\"ImageObject\",\"inLanguage\":\"fr-FR\",\"@id\":\"https:\/\/myovo.net\/produit\/carpet-deluxe-attachment-kit\/#primaryimage\",\"url\":\"https:\/\/i0.wp.com\/myovo.net\/wp-content\/uploads\/2019\/07\/CD-1.1.jpg?fit=1000%2C1000&ssl=1\",\"contentUrl\":\"https:\/\/i0.wp.com\/myovo.net\/wp-content\/uploads\/2019\/07\/CD-1.1.jpg?fit=1000%2C1000&ssl=1\",\"width\":1000,\"height\":1000,\"caption\":\"Central vacuum accessory kit for hard surfaces and carpets\"},{\"@type\":\"BreadcrumbList\",\"@id\":\"https:\/\/myovo.net\/produit\/carpet-deluxe-attachment-kit\/#breadcrumb\",\"itemListElement\":[{\"@type\":\"ListItem\",\"position\":1,\"name\":\"Home\",\"item\":\"https:\/\/myovo.net\/fr\/\"},{\"@type\":\"ListItem\",\"position\":2,\"name\":\"Shop\",\"item\":\"https:\/\/myovo.net\/shop-best-central-vacuum\/\"},{\"@type\":\"ListItem\",\"position\":3,\"name\":\"Ensemble d&#8217;accessoires OVO Carpet Deluxe pour syst\u00e8me d&#8217;aspirateurs centraux &#8211; Id\u00e9al pour les tapis et surfaces dures\"}]},{\"@type\":\"WebSite\",\"@id\":\"https:\/\/myovo.net\/#website\",\"url\":\"https:\/\/myovo.net\/\",\"name\":\"OVO Central Vacuum\",\"description\":\"\",\"publisher\":{\"@id\":\"https:\/\/myovo.net\/#organization\"},\"potentialAction\":[{\"@type\":\"SearchAction\",\"target\":{\"@type\":\"EntryPoint\",\"urlTemplate\":\"https:\/\/myovo.net\/?s={search_term_string}\"},\"query-input\":{\"@type\":\"PropertyValueSpecification\",\"valueRequired\":true,\"valueName\":\"search_term_string\"}}],\"inLanguage\":\"fr-FR\"},{\"@type\":\"Organization\",\"@id\":\"https:\/\/myovo.net\/#organization\",\"name\":\"OVO Central Vacuum\",\"url\":\"https:\/\/myovo.net\/\",\"logo\":{\"@type\":\"ImageObject\",\"inLanguage\":\"fr-FR\",\"@id\":\"https:\/\/myovo.net\/#\/schema\/logo\/image\/\",\"url\":\"https:\/\/i0.wp.com\/myovo.net\/wp-content\/uploads\/2024\/09\/logo-ovo-2-01-1.png?fit=241%2C117&ssl=1\",\"contentUrl\":\"https:\/\/i0.wp.com\/myovo.net\/wp-content\/uploads\/2024\/09\/logo-ovo-2-01-1.png?fit=241%2C117&ssl=1\",\"width\":241,\"height\":117,\"caption\":\"OVO Central Vacuum\"},\"image\":{\"@id\":\"https:\/\/myovo.net\/#\/schema\/logo\/image\/\"},\"sameAs\":[\"https:\/\/www.facebook.com\/nadairint\/\"]}]}<\/script>\n<!-- \/ Yoast SEO plugin. -->","yoast_head_json":{"title":"Ensemble d'accessoires OVO Carpet Deluxe pour syst\u00e8me d'aspirateurs centraux - Id\u00e9al pour les tapis et surfaces dures - Ovo Vacuum","robots":{"index":"index","follow":"follow","max-snippet":"max-snippet:-1","max-image-preview":"max-image-preview:large","max-video-preview":"max-video-preview:-1"},"canonical":"https:\/\/myovo.net\/produit\/carpet-deluxe-attachment-kit\/","og_locale":"fr_FR","og_type":"article","og_title":"Ensemble d'accessoires OVO Carpet Deluxe pour syst\u00e8me d'aspirateurs centraux - Id\u00e9al pour les tapis et surfaces dures - Ovo Vacuum","og_description":"Boyau haut-voltage avec interrupteur marche\/arr\u00eat \u00e0 double tension sur la poign\u00e9e Cordon d&rsquo;alimentation de 72\u00a0\u00bb ( 6pi). Embout convertissable pour prise super valve. (convertisseur disponible vendu s\u00e9par\u00e9ment. Cliquer pour acheter) Disponible en 30 pi (9,10 m), 35 pi (10,70 m), 40 pi (12,20 m) ou 50 pi (15,20 m) Brosse \u00e9lectrique ajustable \u00e0 6 hauteurs pour [...]","og_url":"https:\/\/myovo.net\/produit\/carpet-deluxe-attachment-kit\/","og_site_name":"Ovo Vacuum","article_publisher":"https:\/\/www.facebook.com\/nadairint\/","article_modified_time":"2025-08-26T19:07:27+00:00","og_image":[{"width":1000,"height":1000,"url":"https:\/\/myovo.net\/wp-content\/uploads\/2019\/07\/CD-1.1.jpg","type":"image\/jpeg"}],"twitter_card":"summary_large_image","twitter_misc":{"Dur\u00e9e de lecture estim\u00e9e":"1 minute"},"schema":{"@context":"https:\/\/schema.org","@graph":[{"@type":"WebPage","@id":"https:\/\/myovo.net\/produit\/carpet-deluxe-attachment-kit\/","url":"https:\/\/myovo.net\/produit\/carpet-deluxe-attachment-kit\/","name":"Ensemble d'accessoires OVO Carpet Deluxe pour syst\u00e8me d'aspirateurs centraux - Id\u00e9al pour les tapis et surfaces dures - Ovo Vacuum","isPartOf":{"@id":"https:\/\/myovo.net\/#website"},"primaryImageOfPage":{"@id":"https:\/\/myovo.net\/produit\/carpet-deluxe-attachment-kit\/#primaryimage"},"image":{"@id":"https:\/\/myovo.net\/produit\/carpet-deluxe-attachment-kit\/#primaryimage"},"thumbnailUrl":"https:\/\/i0.wp.com\/myovo.net\/wp-content\/uploads\/2019\/07\/CD-1.1.jpg?fit=1000%2C1000&ssl=1","datePublished":"2019-07-02T15:25:05+00:00","dateModified":"2025-08-26T19:07:27+00:00","breadcrumb":{"@id":"https:\/\/myovo.net\/produit\/carpet-deluxe-attachment-kit\/#breadcrumb"},"inLanguage":"fr-FR","potentialAction":[{"@type":"ReadAction","target":["https:\/\/myovo.net\/produit\/carpet-deluxe-attachment-kit\/"]}]},{"@type":"ImageObject","inLanguage":"fr-FR","@id":"https:\/\/myovo.net\/produit\/carpet-deluxe-attachment-kit\/#primaryimage","url":"https:\/\/i0.wp.com\/myovo.net\/wp-content\/uploads\/2019\/07\/CD-1.1.jpg?fit=1000%2C1000&ssl=1","contentUrl":"https:\/\/i0.wp.com\/myovo.net\/wp-content\/uploads\/2019\/07\/CD-1.1.jpg?fit=1000%2C1000&ssl=1","width":1000,"height":1000,"caption":"Central vacuum accessory kit for hard surfaces and carpets"},{"@type":"BreadcrumbList","@id":"https:\/\/myovo.net\/produit\/carpet-deluxe-attachment-kit\/#breadcrumb","itemListElement":[{"@type":"ListItem","position":1,"name":"Home","item":"https:\/\/myovo.net\/fr\/"},{"@type":"ListItem","position":2,"name":"Shop","item":"https:\/\/myovo.net\/shop-best-central-vacuum\/"},{"@type":"ListItem","position":3,"name":"Ensemble d&#8217;accessoires OVO Carpet Deluxe pour syst\u00e8me d&#8217;aspirateurs centraux &#8211; Id\u00e9al pour les tapis et surfaces dures"}]},{"@type":"WebSite","@id":"https:\/\/myovo.net\/#website","url":"https:\/\/myovo.net\/","name":"OVO Central Vacuum","description":"","publisher":{"@id":"https:\/\/myovo.net\/#organization"},"potentialAction":[{"@type":"SearchAction","target":{"@type":"EntryPoint","urlTemplate":"https:\/\/myovo.net\/?s={search_term_string}"},"query-input":{"@type":"PropertyValueSpecification","valueRequired":true,"valueName":"search_term_string"}}],"inLanguage":"fr-FR"},{"@type":"Organization","@id":"https:\/\/myovo.net\/#organization","name":"OVO Central Vacuum","url":"https:\/\/myovo.net\/","logo":{"@type":"ImageObject","inLanguage":"fr-FR","@id":"https:\/\/myovo.net\/#\/schema\/logo\/image\/","url":"https:\/\/i0.wp.com\/myovo.net\/wp-content\/uploads\/2024\/09\/logo-ovo-2-01-1.png?fit=241%2C117&ssl=1","contentUrl":"https:\/\/i0.wp.com\/myovo.net\/wp-content\/uploads\/2024\/09\/logo-ovo-2-01-1.png?fit=241%2C117&ssl=1","width":241,"height":117,"caption":"OVO Central Vacuum"},"image":{"@id":"https:\/\/myovo.net\/#\/schema\/logo\/image\/"},"sameAs":["https:\/\/www.facebook.com\/nadairint\/"]}]}},"jetpack_publicize_connections":[],"jetpack_sharing_enabled":true,"_links":{"self":[{"href":"https:\/\/myovo.net\/fr\/wp-json\/wp\/v2\/product\/14247","targetHints":{"allow":["GET"]}}],"collection":[{"href":"https:\/\/myovo.net\/fr\/wp-json\/wp\/v2\/product"}],"about":[{"href":"https:\/\/myovo.net\/fr\/wp-json\/wp\/v2\/types\/product"}],"replies":[{"embeddable":true,"href":"https:\/\/myovo.net\/fr\/wp-json\/wp\/v2\/comments?post=14247"}],"wp:featuredmedia":[{"embeddable":true,"href":"https:\/\/myovo.net\/fr\/wp-json\/wp\/v2\/media\/22187"}],"wp:attachment":[{"href":"https:\/\/myovo.net\/fr\/wp-json\/wp\/v2\/media?parent=14247"}],"wp:term":[{"taxonomy":"product_brand","embeddable":true,"href":"https:\/\/myovo.net\/fr\/wp-json\/wp\/v2\/product_brand?post=14247"},{"taxonomy":"product_cat","embeddable":true,"href":"https:\/\/myovo.net\/fr\/wp-json\/wp\/v2\/product_cat?post=14247"},{"taxonomy":"product_tag","embeddable":true,"href":"https:\/\/myovo.net\/fr\/wp-json\/wp\/v2\/product_tag?post=14247"}],"curies":[{"name":"wp","href":"https:\/\/api.w.org\/{rel}","templated":true}]}}