{"id":14255,"date":"2019-07-02T11:11:47","date_gmt":"2019-07-02T15:11:47","guid":{"rendered":"https:\/\/dev.myovo.ca\/product\/ensemble-daccessoires-deluxe\/"},"modified":"2025-03-22T10:03:31","modified_gmt":"2025-03-22T14:03:31","slug":"ensemble-daccessoires-deluxe","status":"publish","type":"product","link":"https:\/\/myovo.net\/fr\/produit\/ensemble-daccessoires-deluxe\/","title":{"rendered":"Ensemble d&rsquo;accessoires OVO Deluxe pour syst\u00e8me d&rsquo;aspirateurs centraux &#8211; Id\u00e9al pour les surfaces dures"},"content":{"rendered":"<p>Ensemble d&rsquo;accessoires id\u00e9al pour les surfaces dures<\/p>\n<ul data-start=\"527\" data-end=\"1183\" data-is-only-node=\"\" data-is-last-node=\"\">\n<li data-start=\"527\" data-end=\"686\">Boyau bas-voltage avec interrupteur ON\/OFF sur la poign\u00e9e<\/li>\n<li data-start=\"527\" data-end=\"686\">Disponible en 30 pi (9,10 m), 35 pi (10,70 m), 40 pi (12,20 m) ou 50 pi (15,20 m)<\/li>\n<li data-start=\"741\" data-end=\"811\">Brosse pour plancher avec poils en crin de cheval, 12\u201d (30 cm)<\/li>\n<li data-start=\"812\" data-end=\"879\">Tube t\u00e9lescopique r\u00e9glable, de 25,5\u201d (67 cm) \u00e0 38\u201d (100 cm)<\/li>\n<li data-start=\"880\" data-end=\"961\">Brosse pour tissus d\u2019ameublement avec poils en crin de cheval, 5\u201d (14 cm)<\/li>\n<li data-start=\"962\" data-end=\"1030\">Brosse \u00e0 \u00e9pousseter avec poils en crin de cheval, 4\u201d (10 cm)<\/li>\n<li data-start=\"1031\" data-end=\"1069\">Outil pour fentes, 10\u201d (25 cm)<\/li>\n<li data-start=\"1070\" data-end=\"1109\">Support d\u2019accessoires pour tube<\/li>\n<li data-start=\"1110\" data-end=\"1183\" data-is-last-node=\"\">Support mural chrom\u00e9 pour boyau et sac de rangement des accessoires<\/li>\n<\/ul>\n","protected":false},"excerpt":{"rendered":"<p>Ensemble d&rsquo;accessoires id\u00e9al pour les surfaces dures Boyau bas-voltage avec interrupteur ON\/OFF sur la poign\u00e9e Disponible en 30 pi (9,10 m), 35 pi (10,70 m), 40 pi (12,20 m) ou 50 pi (15,20 m) Brosse pour plancher avec poils en crin de cheval, 12\u201d (30 cm) Tube t\u00e9lescopique r\u00e9glable, de 25,5\u201d (67 cm) \u00e0 38\u201d (100  [&#8230;]<\/p>\n","protected":false},"featured_media":22136,"comment_status":"closed","ping_status":"closed","template":"","meta":{"_acf_changed":false,"jetpack_post_was_ever_published":false,"jetpack_publicize_message":"","jetpack_publicize_feature_enabled":true,"jetpack_social_post_already_shared":true,"jetpack_social_options":{"image_generator_settings":{"template":"highway","default_image_id":0,"font":"","enabled":false},"version":2}},"product_brand":[],"product_cat":[80],"product_tag":[],"class_list":{"0":"post-14255","1":"product","2":"type-product","3":"status-publish","4":"has-post-thumbnail","6":"product_cat-ensemble-accessoires","7":"product_shipping_class-brush-fr","9":"first","10":"instock","11":"taxable","12":"shipping-taxable","13":"purchasable","14":"product-type-variable"},"acf":[],"yoast_head":"<!-- This site is optimized with the Yoast SEO plugin v26.7 - https:\/\/yoast.com\/wordpress\/plugins\/seo\/ -->\n<title>Ensemble d&#039;accessoires OVO Deluxe pour syst\u00e8me d&#039;aspirateurs centraux - Id\u00e9al pour les surfaces dures - Ovo Vacuum<\/title>\n<meta name=\"robots\" content=\"index, follow, max-snippet:-1, max-image-preview:large, max-video-preview:-1\" \/>\n<link rel=\"canonical\" href=\"https:\/\/myovo.net\/fr\/produit\/ensemble-daccessoires-deluxe\/\" \/>\n<meta property=\"og:locale\" content=\"fr_FR\" \/>\n<meta property=\"og:type\" content=\"article\" \/>\n<meta property=\"og:title\" content=\"Ensemble d&#039;accessoires OVO Deluxe pour syst\u00e8me d&#039;aspirateurs centraux - Id\u00e9al pour les surfaces dures - Ovo Vacuum\" \/>\n<meta property=\"og:description\" content=\"Ensemble d&rsquo;accessoires id\u00e9al pour les surfaces dures Boyau bas-voltage avec interrupteur ON\/OFF sur la poign\u00e9e Disponible en 30 pi (9,10 m), 35 pi (10,70 m), 40 pi (12,20 m) ou 50 pi (15,20 m) Brosse pour plancher avec poils en crin de cheval, 12\u201d (30 cm) Tube t\u00e9lescopique r\u00e9glable, de 25,5\u201d (67 cm) \u00e0 38\u201d (100 [...]\" \/>\n<meta property=\"og:url\" content=\"https:\/\/myovo.net\/fr\/produit\/ensemble-daccessoires-deluxe\/\" \/>\n<meta property=\"og:site_name\" content=\"Ovo Vacuum\" \/>\n<meta property=\"article:publisher\" content=\"https:\/\/www.facebook.com\/nadairint\/\" \/>\n<meta property=\"article:modified_time\" content=\"2025-03-22T14:03:31+00:00\" \/>\n<meta property=\"og:image\" content=\"https:\/\/myovo.net\/wp-content\/uploads\/2020\/12\/D-1.1.jpg\" \/>\n\t<meta property=\"og:image:width\" content=\"1000\" \/>\n\t<meta property=\"og:image:height\" content=\"1000\" \/>\n\t<meta property=\"og:image:type\" content=\"image\/jpeg\" \/>\n<meta name=\"twitter:card\" content=\"summary_large_image\" \/>\n<meta name=\"twitter:label1\" content=\"Dur\u00e9e de lecture estim\u00e9e\" \/>\n\t<meta name=\"twitter:data1\" content=\"1 minute\" \/>\n<script type=\"application\/ld+json\" class=\"yoast-schema-graph\">{\"@context\":\"https:\/\/schema.org\",\"@graph\":[{\"@type\":\"WebPage\",\"@id\":\"https:\/\/myovo.net\/fr\/produit\/ensemble-daccessoires-deluxe\/\",\"url\":\"https:\/\/myovo.net\/fr\/produit\/ensemble-daccessoires-deluxe\/\",\"name\":\"Ensemble d'accessoires OVO Deluxe pour syst\u00e8me d'aspirateurs centraux - Id\u00e9al pour les surfaces dures - Ovo Vacuum\",\"isPartOf\":{\"@id\":\"https:\/\/myovo.net\/#website\"},\"primaryImageOfPage\":{\"@id\":\"https:\/\/myovo.net\/fr\/produit\/ensemble-daccessoires-deluxe\/#primaryimage\"},\"image\":{\"@id\":\"https:\/\/myovo.net\/fr\/produit\/ensemble-daccessoires-deluxe\/#primaryimage\"},\"thumbnailUrl\":\"https:\/\/i0.wp.com\/myovo.net\/wp-content\/uploads\/2020\/12\/D-1.1.jpg?fit=1000%2C1000&ssl=1\",\"datePublished\":\"2019-07-02T15:11:47+00:00\",\"dateModified\":\"2025-03-22T14:03:31+00:00\",\"breadcrumb\":{\"@id\":\"https:\/\/myovo.net\/fr\/produit\/ensemble-daccessoires-deluxe\/#breadcrumb\"},\"inLanguage\":\"fr-FR\",\"potentialAction\":[{\"@type\":\"ReadAction\",\"target\":[\"https:\/\/myovo.net\/fr\/produit\/ensemble-daccessoires-deluxe\/\"]}]},{\"@type\":\"ImageObject\",\"inLanguage\":\"fr-FR\",\"@id\":\"https:\/\/myovo.net\/fr\/produit\/ensemble-daccessoires-deluxe\/#primaryimage\",\"url\":\"https:\/\/i0.wp.com\/myovo.net\/wp-content\/uploads\/2020\/12\/D-1.1.jpg?fit=1000%2C1000&ssl=1\",\"contentUrl\":\"https:\/\/i0.wp.com\/myovo.net\/wp-content\/uploads\/2020\/12\/D-1.1.jpg?fit=1000%2C1000&ssl=1\",\"width\":1000,\"height\":1000},{\"@type\":\"BreadcrumbList\",\"@id\":\"https:\/\/myovo.net\/fr\/produit\/ensemble-daccessoires-deluxe\/#breadcrumb\",\"itemListElement\":[{\"@type\":\"ListItem\",\"position\":1,\"name\":\"Home\",\"item\":\"https:\/\/myovo.net\/fr\/\"},{\"@type\":\"ListItem\",\"position\":2,\"name\":\"Shop\",\"item\":\"https:\/\/myovo.net\/shop-best-central-vacuum\/\"},{\"@type\":\"ListItem\",\"position\":3,\"name\":\"Ensemble d&#8217;accessoires OVO Deluxe pour syst\u00e8me d&#8217;aspirateurs centraux &#8211; Id\u00e9al pour les surfaces dures\"}]},{\"@type\":\"WebSite\",\"@id\":\"https:\/\/myovo.net\/#website\",\"url\":\"https:\/\/myovo.net\/\",\"name\":\"OVO Central Vacuum\",\"description\":\"\",\"publisher\":{\"@id\":\"https:\/\/myovo.net\/#organization\"},\"potentialAction\":[{\"@type\":\"SearchAction\",\"target\":{\"@type\":\"EntryPoint\",\"urlTemplate\":\"https:\/\/myovo.net\/?s={search_term_string}\"},\"query-input\":{\"@type\":\"PropertyValueSpecification\",\"valueRequired\":true,\"valueName\":\"search_term_string\"}}],\"inLanguage\":\"fr-FR\"},{\"@type\":\"Organization\",\"@id\":\"https:\/\/myovo.net\/#organization\",\"name\":\"OVO Central Vacuum\",\"url\":\"https:\/\/myovo.net\/\",\"logo\":{\"@type\":\"ImageObject\",\"inLanguage\":\"fr-FR\",\"@id\":\"https:\/\/myovo.net\/#\/schema\/logo\/image\/\",\"url\":\"https:\/\/i0.wp.com\/myovo.net\/wp-content\/uploads\/2024\/09\/logo-ovo-2-01-1.png?fit=241%2C117&ssl=1\",\"contentUrl\":\"https:\/\/i0.wp.com\/myovo.net\/wp-content\/uploads\/2024\/09\/logo-ovo-2-01-1.png?fit=241%2C117&ssl=1\",\"width\":241,\"height\":117,\"caption\":\"OVO Central Vacuum\"},\"image\":{\"@id\":\"https:\/\/myovo.net\/#\/schema\/logo\/image\/\"},\"sameAs\":[\"https:\/\/www.facebook.com\/nadairint\/\"]}]}<\/script>\n<!-- \/ Yoast SEO plugin. -->","yoast_head_json":{"title":"Ensemble d'accessoires OVO Deluxe pour syst\u00e8me d'aspirateurs centraux - Id\u00e9al pour les surfaces dures - Ovo Vacuum","robots":{"index":"index","follow":"follow","max-snippet":"max-snippet:-1","max-image-preview":"max-image-preview:large","max-video-preview":"max-video-preview:-1"},"canonical":"https:\/\/myovo.net\/fr\/produit\/ensemble-daccessoires-deluxe\/","og_locale":"fr_FR","og_type":"article","og_title":"Ensemble d'accessoires OVO Deluxe pour syst\u00e8me d'aspirateurs centraux - Id\u00e9al pour les surfaces dures - Ovo Vacuum","og_description":"Ensemble d&rsquo;accessoires id\u00e9al pour les surfaces dures Boyau bas-voltage avec interrupteur ON\/OFF sur la poign\u00e9e Disponible en 30 pi (9,10 m), 35 pi (10,70 m), 40 pi (12,20 m) ou 50 pi (15,20 m) Brosse pour plancher avec poils en crin de cheval, 12\u201d (30 cm) Tube t\u00e9lescopique r\u00e9glable, de 25,5\u201d (67 cm) \u00e0 38\u201d (100 [...]","og_url":"https:\/\/myovo.net\/fr\/produit\/ensemble-daccessoires-deluxe\/","og_site_name":"Ovo Vacuum","article_publisher":"https:\/\/www.facebook.com\/nadairint\/","article_modified_time":"2025-03-22T14:03:31+00:00","og_image":[{"width":1000,"height":1000,"url":"https:\/\/myovo.net\/wp-content\/uploads\/2020\/12\/D-1.1.jpg","type":"image\/jpeg"}],"twitter_card":"summary_large_image","twitter_misc":{"Dur\u00e9e de lecture estim\u00e9e":"1 minute"},"schema":{"@context":"https:\/\/schema.org","@graph":[{"@type":"WebPage","@id":"https:\/\/myovo.net\/fr\/produit\/ensemble-daccessoires-deluxe\/","url":"https:\/\/myovo.net\/fr\/produit\/ensemble-daccessoires-deluxe\/","name":"Ensemble d'accessoires OVO Deluxe pour syst\u00e8me d'aspirateurs centraux - Id\u00e9al pour les surfaces dures - Ovo Vacuum","isPartOf":{"@id":"https:\/\/myovo.net\/#website"},"primaryImageOfPage":{"@id":"https:\/\/myovo.net\/fr\/produit\/ensemble-daccessoires-deluxe\/#primaryimage"},"image":{"@id":"https:\/\/myovo.net\/fr\/produit\/ensemble-daccessoires-deluxe\/#primaryimage"},"thumbnailUrl":"https:\/\/i0.wp.com\/myovo.net\/wp-content\/uploads\/2020\/12\/D-1.1.jpg?fit=1000%2C1000&ssl=1","datePublished":"2019-07-02T15:11:47+00:00","dateModified":"2025-03-22T14:03:31+00:00","breadcrumb":{"@id":"https:\/\/myovo.net\/fr\/produit\/ensemble-daccessoires-deluxe\/#breadcrumb"},"inLanguage":"fr-FR","potentialAction":[{"@type":"ReadAction","target":["https:\/\/myovo.net\/fr\/produit\/ensemble-daccessoires-deluxe\/"]}]},{"@type":"ImageObject","inLanguage":"fr-FR","@id":"https:\/\/myovo.net\/fr\/produit\/ensemble-daccessoires-deluxe\/#primaryimage","url":"https:\/\/i0.wp.com\/myovo.net\/wp-content\/uploads\/2020\/12\/D-1.1.jpg?fit=1000%2C1000&ssl=1","contentUrl":"https:\/\/i0.wp.com\/myovo.net\/wp-content\/uploads\/2020\/12\/D-1.1.jpg?fit=1000%2C1000&ssl=1","width":1000,"height":1000},{"@type":"BreadcrumbList","@id":"https:\/\/myovo.net\/fr\/produit\/ensemble-daccessoires-deluxe\/#breadcrumb","itemListElement":[{"@type":"ListItem","position":1,"name":"Home","item":"https:\/\/myovo.net\/fr\/"},{"@type":"ListItem","position":2,"name":"Shop","item":"https:\/\/myovo.net\/shop-best-central-vacuum\/"},{"@type":"ListItem","position":3,"name":"Ensemble d&#8217;accessoires OVO Deluxe pour syst\u00e8me d&#8217;aspirateurs centraux &#8211; Id\u00e9al pour les surfaces dures"}]},{"@type":"WebSite","@id":"https:\/\/myovo.net\/#website","url":"https:\/\/myovo.net\/","name":"OVO Central Vacuum","description":"","publisher":{"@id":"https:\/\/myovo.net\/#organization"},"potentialAction":[{"@type":"SearchAction","target":{"@type":"EntryPoint","urlTemplate":"https:\/\/myovo.net\/?s={search_term_string}"},"query-input":{"@type":"PropertyValueSpecification","valueRequired":true,"valueName":"search_term_string"}}],"inLanguage":"fr-FR"},{"@type":"Organization","@id":"https:\/\/myovo.net\/#organization","name":"OVO Central Vacuum","url":"https:\/\/myovo.net\/","logo":{"@type":"ImageObject","inLanguage":"fr-FR","@id":"https:\/\/myovo.net\/#\/schema\/logo\/image\/","url":"https:\/\/i0.wp.com\/myovo.net\/wp-content\/uploads\/2024\/09\/logo-ovo-2-01-1.png?fit=241%2C117&ssl=1","contentUrl":"https:\/\/i0.wp.com\/myovo.net\/wp-content\/uploads\/2024\/09\/logo-ovo-2-01-1.png?fit=241%2C117&ssl=1","width":241,"height":117,"caption":"OVO Central Vacuum"},"image":{"@id":"https:\/\/myovo.net\/#\/schema\/logo\/image\/"},"sameAs":["https:\/\/www.facebook.com\/nadairint\/"]}]}},"jetpack_publicize_connections":[],"jetpack_sharing_enabled":true,"_links":{"self":[{"href":"https:\/\/myovo.net\/fr\/wp-json\/wp\/v2\/product\/14255","targetHints":{"allow":["GET"]}}],"collection":[{"href":"https:\/\/myovo.net\/fr\/wp-json\/wp\/v2\/product"}],"about":[{"href":"https:\/\/myovo.net\/fr\/wp-json\/wp\/v2\/types\/product"}],"replies":[{"embeddable":true,"href":"https:\/\/myovo.net\/fr\/wp-json\/wp\/v2\/comments?post=14255"}],"wp:featuredmedia":[{"embeddable":true,"href":"https:\/\/myovo.net\/fr\/wp-json\/wp\/v2\/media\/22136"}],"wp:attachment":[{"href":"https:\/\/myovo.net\/fr\/wp-json\/wp\/v2\/media?parent=14255"}],"wp:term":[{"taxonomy":"product_brand","embeddable":true,"href":"https:\/\/myovo.net\/fr\/wp-json\/wp\/v2\/product_brand?post=14255"},{"taxonomy":"product_cat","embeddable":true,"href":"https:\/\/myovo.net\/fr\/wp-json\/wp\/v2\/product_cat?post=14255"},{"taxonomy":"product_tag","embeddable":true,"href":"https:\/\/myovo.net\/fr\/wp-json\/wp\/v2\/product_tag?post=14255"}],"curies":[{"name":"wp","href":"https:\/\/api.w.org\/{rel}","templated":true}]}}