{"id":14264,"date":"2019-07-01T09:34:44","date_gmt":"2019-07-01T13:34:44","guid":{"rendered":"https:\/\/dev.myovo.ca\/product\/aspirateur-central-ovo-hybride-700aw\/"},"modified":"2025-11-07T09:48:35","modified_gmt":"2025-11-07T14:48:35","slug":"aspirateur-central-ovo-hybride-700aw","status":"publish","type":"product","link":"https:\/\/myovo.net\/fr\/produit\/aspirateur-central-ovo-hybride-700aw\/","title":{"rendered":"OVO 700 Airwatts, Aspirateur Central Hybride, R\u00e9servoir inf\u00e9rieur 35L \/ 9,25 Gal. Cuve \u00e0 chargement par le bas, 140\u201d H\u2082O, couvre jusqu\u2019\u00e0 8 000 pi\u00b2 \/ 743,1 m\u00b2"},"content":{"rendered":"<h3 data-start=\"0\" data-end=\"36\"><strong data-start=\"4\" data-end=\"34\">Aspirateur Central Robuste<\/strong><\/h3>\n<ul data-start=\"38\" data-end=\"484\" data-is-only-node=\"\" data-is-last-node=\"\">\n<li data-start=\"38\" data-end=\"52\">700 AW<\/li>\n<li data-start=\"53\" data-end=\"69\">140\u201d H\u2082O<\/li>\n<li data-start=\"70\" data-end=\"113\">Moteur Thru-flow \u00e0 2 stages<\/li>\n<li data-start=\"114\" data-end=\"127\">63 dB<\/li>\n<li data-start=\"128\" data-end=\"177\">Technologie de d\u00e9marrage\/arr\u00eat progressif<\/li>\n<li data-start=\"178\" data-end=\"240\">Couvre jusqu\u2019\u00e0 8 000 pi\u00b2 \/ 743,1 m\u00b2 \u2013 jusqu&rsquo;\u00e0 8 prises<\/li>\n<li data-start=\"241\" data-end=\"268\">R\u00e9servoir inf\u00e9rieur<\/li>\n<li data-start=\"269\" data-end=\"358\">Indicateur LED : Affiche l\u2019\u00e9tat de l\u2019appareil \/ Quand changer le filtre ou le sac<\/li>\n<li data-start=\"359\" data-end=\"425\">Filtration hybride : Utilisable avec ou sans sacs jetables<\/li>\n<li data-start=\"426\" data-end=\"484\" data-is-last-node=\"\">Acier lamin\u00e9 : R\u00e9sistant \u00e0 l\u2019usure et \u00e0 la corrosion<\/li>\n<\/ul>\n","protected":false},"excerpt":{"rendered":"<p>Aspirateur Central Robuste 700 AW 140\u201d H\u2082O Moteur Thru-flow \u00e0 2 stages 63 dB Technologie de d\u00e9marrage\/arr\u00eat progressif Couvre jusqu\u2019\u00e0 8 000 pi\u00b2 \/ 743,1 m\u00b2 \u2013 jusqu&rsquo;\u00e0 8 prises R\u00e9servoir inf\u00e9rieur Indicateur LED : Affiche l\u2019\u00e9tat de l\u2019appareil \/ Quand changer le filtre ou le sac Filtration hybride : Utilisable avec ou sans sacs jetables  [&#8230;]<\/p>\n","protected":false},"featured_media":24587,"comment_status":"closed","ping_status":"closed","template":"","meta":{"_acf_changed":false,"jetpack_post_was_ever_published":false,"jetpack_publicize_message":"","jetpack_publicize_feature_enabled":true,"jetpack_social_post_already_shared":true,"jetpack_social_options":{"image_generator_settings":{"template":"highway","default_image_id":0,"font":"","enabled":false},"version":2}},"product_brand":[],"product_cat":[82],"product_tag":[],"class_list":{"0":"post-14264","1":"product","2":"type-product","3":"status-publish","4":"has-post-thumbnail","6":"product_cat-aspirateur-central","8":"first","9":"instock","10":"taxable","11":"shipping-taxable","12":"purchasable","13":"product-type-simple"},"acf":[],"yoast_head":"<!-- This site is optimized with the Yoast SEO plugin v26.7 - https:\/\/yoast.com\/wordpress\/plugins\/seo\/ -->\n<title>OVO 700 Airwatts, Aspirateur Central Hybride, R\u00e9servoir inf\u00e9rieur 35L \/ 9,25 Gal. Cuve \u00e0 chargement par le bas, 140\u201d H\u2082O, couvre jusqu\u2019\u00e0 8 000 pi\u00b2 \/ 743,1 m\u00b2 - Ovo Vacuum<\/title>\n<meta name=\"robots\" content=\"index, follow, max-snippet:-1, max-image-preview:large, max-video-preview:-1\" \/>\n<link rel=\"canonical\" href=\"https:\/\/myovo.net\/fr\/produit\/aspirateur-central-ovo-hybride-700aw\/\" \/>\n<meta property=\"og:locale\" content=\"fr_FR\" \/>\n<meta property=\"og:type\" content=\"article\" \/>\n<meta property=\"og:title\" content=\"OVO 700 Airwatts, Aspirateur Central Hybride, R\u00e9servoir inf\u00e9rieur 35L \/ 9,25 Gal. Cuve \u00e0 chargement par le bas, 140\u201d H\u2082O, couvre jusqu\u2019\u00e0 8 000 pi\u00b2 \/ 743,1 m\u00b2 - Ovo Vacuum\" \/>\n<meta property=\"og:description\" content=\"Aspirateur Central Robuste 700 AW 140\u201d H\u2082O Moteur Thru-flow \u00e0 2 stages 63 dB Technologie de d\u00e9marrage\/arr\u00eat progressif Couvre jusqu\u2019\u00e0 8 000 pi\u00b2 \/ 743,1 m\u00b2 \u2013 jusqu&rsquo;\u00e0 8 prises R\u00e9servoir inf\u00e9rieur Indicateur LED : Affiche l\u2019\u00e9tat de l\u2019appareil \/ Quand changer le filtre ou le sac Filtration hybride : Utilisable avec ou sans sacs jetables [...]\" \/>\n<meta property=\"og:url\" content=\"https:\/\/myovo.net\/fr\/produit\/aspirateur-central-ovo-hybride-700aw\/\" \/>\n<meta property=\"og:site_name\" content=\"Ovo Vacuum\" \/>\n<meta property=\"article:publisher\" content=\"https:\/\/www.facebook.com\/nadairint\/\" \/>\n<meta property=\"article:modified_time\" content=\"2025-11-07T14:48:35+00:00\" \/>\n<meta property=\"og:image\" content=\"https:\/\/myovo.net\/wp-content\/uploads\/2019\/07\/OVO-700ST-35H-copie.jpg\" \/>\n\t<meta property=\"og:image:width\" content=\"1500\" \/>\n\t<meta property=\"og:image:height\" content=\"1500\" \/>\n\t<meta property=\"og:image:type\" content=\"image\/jpeg\" \/>\n<meta name=\"twitter:card\" content=\"summary_large_image\" \/>\n<meta name=\"twitter:label1\" content=\"Dur\u00e9e de lecture estim\u00e9e\" \/>\n\t<meta name=\"twitter:data1\" content=\"1 minute\" \/>\n<script type=\"application\/ld+json\" class=\"yoast-schema-graph\">{\"@context\":\"https:\/\/schema.org\",\"@graph\":[{\"@type\":\"WebPage\",\"@id\":\"https:\/\/myovo.net\/fr\/produit\/aspirateur-central-ovo-hybride-700aw\/\",\"url\":\"https:\/\/myovo.net\/fr\/produit\/aspirateur-central-ovo-hybride-700aw\/\",\"name\":\"OVO 700 Airwatts, Aspirateur Central Hybride, R\u00e9servoir inf\u00e9rieur 35L \/ 9,25 Gal. Cuve \u00e0 chargement par le bas, 140\u201d H\u2082O, couvre jusqu\u2019\u00e0 8 000 pi\u00b2 \/ 743,1 m\u00b2 - Ovo Vacuum\",\"isPartOf\":{\"@id\":\"https:\/\/myovo.net\/#website\"},\"primaryImageOfPage\":{\"@id\":\"https:\/\/myovo.net\/fr\/produit\/aspirateur-central-ovo-hybride-700aw\/#primaryimage\"},\"image\":{\"@id\":\"https:\/\/myovo.net\/fr\/produit\/aspirateur-central-ovo-hybride-700aw\/#primaryimage\"},\"thumbnailUrl\":\"https:\/\/i0.wp.com\/myovo.net\/wp-content\/uploads\/2019\/07\/OVO-700ST-35H-copie.jpg?fit=1500%2C1500&ssl=1\",\"datePublished\":\"2019-07-01T13:34:44+00:00\",\"dateModified\":\"2025-11-07T14:48:35+00:00\",\"breadcrumb\":{\"@id\":\"https:\/\/myovo.net\/fr\/produit\/aspirateur-central-ovo-hybride-700aw\/#breadcrumb\"},\"inLanguage\":\"fr-FR\",\"potentialAction\":[{\"@type\":\"ReadAction\",\"target\":[\"https:\/\/myovo.net\/fr\/produit\/aspirateur-central-ovo-hybride-700aw\/\"]}]},{\"@type\":\"ImageObject\",\"inLanguage\":\"fr-FR\",\"@id\":\"https:\/\/myovo.net\/fr\/produit\/aspirateur-central-ovo-hybride-700aw\/#primaryimage\",\"url\":\"https:\/\/i0.wp.com\/myovo.net\/wp-content\/uploads\/2019\/07\/OVO-700ST-35H-copie.jpg?fit=1500%2C1500&ssl=1\",\"contentUrl\":\"https:\/\/i0.wp.com\/myovo.net\/wp-content\/uploads\/2019\/07\/OVO-700ST-35H-copie.jpg?fit=1500%2C1500&ssl=1\",\"width\":1500,\"height\":1500},{\"@type\":\"BreadcrumbList\",\"@id\":\"https:\/\/myovo.net\/fr\/produit\/aspirateur-central-ovo-hybride-700aw\/#breadcrumb\",\"itemListElement\":[{\"@type\":\"ListItem\",\"position\":1,\"name\":\"Home\",\"item\":\"https:\/\/myovo.net\/fr\/\"},{\"@type\":\"ListItem\",\"position\":2,\"name\":\"Shop\",\"item\":\"https:\/\/myovo.net\/shop-best-central-vacuum\/\"},{\"@type\":\"ListItem\",\"position\":3,\"name\":\"OVO 700 Airwatts, Aspirateur Central Hybride, R\u00e9servoir inf\u00e9rieur 35L \/ 9,25 Gal. Cuve \u00e0 chargement par le bas, 140\u201d H\u2082O, couvre jusqu\u2019\u00e0 8 000 pi\u00b2 \/ 743,1 m\u00b2\"}]},{\"@type\":\"WebSite\",\"@id\":\"https:\/\/myovo.net\/#website\",\"url\":\"https:\/\/myovo.net\/\",\"name\":\"OVO Central Vacuum\",\"description\":\"\",\"publisher\":{\"@id\":\"https:\/\/myovo.net\/#organization\"},\"potentialAction\":[{\"@type\":\"SearchAction\",\"target\":{\"@type\":\"EntryPoint\",\"urlTemplate\":\"https:\/\/myovo.net\/?s={search_term_string}\"},\"query-input\":{\"@type\":\"PropertyValueSpecification\",\"valueRequired\":true,\"valueName\":\"search_term_string\"}}],\"inLanguage\":\"fr-FR\"},{\"@type\":\"Organization\",\"@id\":\"https:\/\/myovo.net\/#organization\",\"name\":\"OVO Central Vacuum\",\"url\":\"https:\/\/myovo.net\/\",\"logo\":{\"@type\":\"ImageObject\",\"inLanguage\":\"fr-FR\",\"@id\":\"https:\/\/myovo.net\/#\/schema\/logo\/image\/\",\"url\":\"https:\/\/i0.wp.com\/myovo.net\/wp-content\/uploads\/2024\/09\/logo-ovo-2-01-1.png?fit=241%2C117&ssl=1\",\"contentUrl\":\"https:\/\/i0.wp.com\/myovo.net\/wp-content\/uploads\/2024\/09\/logo-ovo-2-01-1.png?fit=241%2C117&ssl=1\",\"width\":241,\"height\":117,\"caption\":\"OVO Central Vacuum\"},\"image\":{\"@id\":\"https:\/\/myovo.net\/#\/schema\/logo\/image\/\"},\"sameAs\":[\"https:\/\/www.facebook.com\/nadairint\/\"]}]}<\/script>\n<!-- \/ Yoast SEO plugin. -->","yoast_head_json":{"title":"OVO 700 Airwatts, Aspirateur Central Hybride, R\u00e9servoir inf\u00e9rieur 35L \/ 9,25 Gal. Cuve \u00e0 chargement par le bas, 140\u201d H\u2082O, couvre jusqu\u2019\u00e0 8 000 pi\u00b2 \/ 743,1 m\u00b2 - Ovo Vacuum","robots":{"index":"index","follow":"follow","max-snippet":"max-snippet:-1","max-image-preview":"max-image-preview:large","max-video-preview":"max-video-preview:-1"},"canonical":"https:\/\/myovo.net\/fr\/produit\/aspirateur-central-ovo-hybride-700aw\/","og_locale":"fr_FR","og_type":"article","og_title":"OVO 700 Airwatts, Aspirateur Central Hybride, R\u00e9servoir inf\u00e9rieur 35L \/ 9,25 Gal. Cuve \u00e0 chargement par le bas, 140\u201d H\u2082O, couvre jusqu\u2019\u00e0 8 000 pi\u00b2 \/ 743,1 m\u00b2 - Ovo Vacuum","og_description":"Aspirateur Central Robuste 700 AW 140\u201d H\u2082O Moteur Thru-flow \u00e0 2 stages 63 dB Technologie de d\u00e9marrage\/arr\u00eat progressif Couvre jusqu\u2019\u00e0 8 000 pi\u00b2 \/ 743,1 m\u00b2 \u2013 jusqu&rsquo;\u00e0 8 prises R\u00e9servoir inf\u00e9rieur Indicateur LED : Affiche l\u2019\u00e9tat de l\u2019appareil \/ Quand changer le filtre ou le sac Filtration hybride : Utilisable avec ou sans sacs jetables [...]","og_url":"https:\/\/myovo.net\/fr\/produit\/aspirateur-central-ovo-hybride-700aw\/","og_site_name":"Ovo Vacuum","article_publisher":"https:\/\/www.facebook.com\/nadairint\/","article_modified_time":"2025-11-07T14:48:35+00:00","og_image":[{"width":1500,"height":1500,"url":"https:\/\/myovo.net\/wp-content\/uploads\/2019\/07\/OVO-700ST-35H-copie.jpg","type":"image\/jpeg"}],"twitter_card":"summary_large_image","twitter_misc":{"Dur\u00e9e de lecture estim\u00e9e":"1 minute"},"schema":{"@context":"https:\/\/schema.org","@graph":[{"@type":"WebPage","@id":"https:\/\/myovo.net\/fr\/produit\/aspirateur-central-ovo-hybride-700aw\/","url":"https:\/\/myovo.net\/fr\/produit\/aspirateur-central-ovo-hybride-700aw\/","name":"OVO 700 Airwatts, Aspirateur Central Hybride, R\u00e9servoir inf\u00e9rieur 35L \/ 9,25 Gal. Cuve \u00e0 chargement par le bas, 140\u201d H\u2082O, couvre jusqu\u2019\u00e0 8 000 pi\u00b2 \/ 743,1 m\u00b2 - Ovo Vacuum","isPartOf":{"@id":"https:\/\/myovo.net\/#website"},"primaryImageOfPage":{"@id":"https:\/\/myovo.net\/fr\/produit\/aspirateur-central-ovo-hybride-700aw\/#primaryimage"},"image":{"@id":"https:\/\/myovo.net\/fr\/produit\/aspirateur-central-ovo-hybride-700aw\/#primaryimage"},"thumbnailUrl":"https:\/\/i0.wp.com\/myovo.net\/wp-content\/uploads\/2019\/07\/OVO-700ST-35H-copie.jpg?fit=1500%2C1500&ssl=1","datePublished":"2019-07-01T13:34:44+00:00","dateModified":"2025-11-07T14:48:35+00:00","breadcrumb":{"@id":"https:\/\/myovo.net\/fr\/produit\/aspirateur-central-ovo-hybride-700aw\/#breadcrumb"},"inLanguage":"fr-FR","potentialAction":[{"@type":"ReadAction","target":["https:\/\/myovo.net\/fr\/produit\/aspirateur-central-ovo-hybride-700aw\/"]}]},{"@type":"ImageObject","inLanguage":"fr-FR","@id":"https:\/\/myovo.net\/fr\/produit\/aspirateur-central-ovo-hybride-700aw\/#primaryimage","url":"https:\/\/i0.wp.com\/myovo.net\/wp-content\/uploads\/2019\/07\/OVO-700ST-35H-copie.jpg?fit=1500%2C1500&ssl=1","contentUrl":"https:\/\/i0.wp.com\/myovo.net\/wp-content\/uploads\/2019\/07\/OVO-700ST-35H-copie.jpg?fit=1500%2C1500&ssl=1","width":1500,"height":1500},{"@type":"BreadcrumbList","@id":"https:\/\/myovo.net\/fr\/produit\/aspirateur-central-ovo-hybride-700aw\/#breadcrumb","itemListElement":[{"@type":"ListItem","position":1,"name":"Home","item":"https:\/\/myovo.net\/fr\/"},{"@type":"ListItem","position":2,"name":"Shop","item":"https:\/\/myovo.net\/shop-best-central-vacuum\/"},{"@type":"ListItem","position":3,"name":"OVO 700 Airwatts, Aspirateur Central Hybride, R\u00e9servoir inf\u00e9rieur 35L \/ 9,25 Gal. Cuve \u00e0 chargement par le bas, 140\u201d H\u2082O, couvre jusqu\u2019\u00e0 8 000 pi\u00b2 \/ 743,1 m\u00b2"}]},{"@type":"WebSite","@id":"https:\/\/myovo.net\/#website","url":"https:\/\/myovo.net\/","name":"OVO Central Vacuum","description":"","publisher":{"@id":"https:\/\/myovo.net\/#organization"},"potentialAction":[{"@type":"SearchAction","target":{"@type":"EntryPoint","urlTemplate":"https:\/\/myovo.net\/?s={search_term_string}"},"query-input":{"@type":"PropertyValueSpecification","valueRequired":true,"valueName":"search_term_string"}}],"inLanguage":"fr-FR"},{"@type":"Organization","@id":"https:\/\/myovo.net\/#organization","name":"OVO Central Vacuum","url":"https:\/\/myovo.net\/","logo":{"@type":"ImageObject","inLanguage":"fr-FR","@id":"https:\/\/myovo.net\/#\/schema\/logo\/image\/","url":"https:\/\/i0.wp.com\/myovo.net\/wp-content\/uploads\/2024\/09\/logo-ovo-2-01-1.png?fit=241%2C117&ssl=1","contentUrl":"https:\/\/i0.wp.com\/myovo.net\/wp-content\/uploads\/2024\/09\/logo-ovo-2-01-1.png?fit=241%2C117&ssl=1","width":241,"height":117,"caption":"OVO Central Vacuum"},"image":{"@id":"https:\/\/myovo.net\/#\/schema\/logo\/image\/"},"sameAs":["https:\/\/www.facebook.com\/nadairint\/"]}]}},"jetpack_publicize_connections":[],"jetpack_sharing_enabled":true,"_links":{"self":[{"href":"https:\/\/myovo.net\/fr\/wp-json\/wp\/v2\/product\/14264","targetHints":{"allow":["GET"]}}],"collection":[{"href":"https:\/\/myovo.net\/fr\/wp-json\/wp\/v2\/product"}],"about":[{"href":"https:\/\/myovo.net\/fr\/wp-json\/wp\/v2\/types\/product"}],"replies":[{"embeddable":true,"href":"https:\/\/myovo.net\/fr\/wp-json\/wp\/v2\/comments?post=14264"}],"wp:featuredmedia":[{"embeddable":true,"href":"https:\/\/myovo.net\/fr\/wp-json\/wp\/v2\/media\/24587"}],"wp:attachment":[{"href":"https:\/\/myovo.net\/fr\/wp-json\/wp\/v2\/media?parent=14264"}],"wp:term":[{"taxonomy":"product_brand","embeddable":true,"href":"https:\/\/myovo.net\/fr\/wp-json\/wp\/v2\/product_brand?post=14264"},{"taxonomy":"product_cat","embeddable":true,"href":"https:\/\/myovo.net\/fr\/wp-json\/wp\/v2\/product_cat?post=14264"},{"taxonomy":"product_tag","embeddable":true,"href":"https:\/\/myovo.net\/fr\/wp-json\/wp\/v2\/product_tag?post=14264"}],"curies":[{"name":"wp","href":"https:\/\/api.w.org\/{rel}","templated":true}]}}