{"id":14265,"date":"2019-07-01T09:16:27","date_gmt":"2019-07-01T13:16:27","guid":{"rendered":"https:\/\/dev.myovo.ca\/product\/aspirateur-central-ovo-hybride-630aw\/"},"modified":"2025-11-09T11:05:50","modified_gmt":"2025-11-09T16:05:50","slug":"aspirateur-central-ovo-hybride-630aw","status":"publish","type":"product","link":"https:\/\/myovo.net\/fr\/produit\/aspirateur-central-ovo-hybride-630aw\/","title":{"rendered":"OVO 630 Airwatts, Syst\u00e8me d\u2019aspirateur central hybride, Cuve \u00e0 chargement par le bas de 25L \/ 6,6 Gal., Puissance d\u2019aspiration de 122\u201d H2O, Couvre jusqu\u2019\u00e0 5 000 pi\u00b2 \/ 464,5 m\u00b2"},"content":{"rendered":"<ul>\n<li>630 AW<\/li>\n<li>122\u2019\u2019 H2O<\/li>\n<li>60 dB<\/li>\n<li>25L \/ 6.6 Gal.<\/li>\n<li>Moteur 2-\u00e9tages, \u00ab\u00a0Thru-flow\u00a0\u00bb<\/li>\n<li>Technologie progressive marche\/arr\u00eat<\/li>\n<li>5 000 pi<sup>2<\/sup> \/ 464,5 m<sup>2<\/sup><\/li>\n<li>Jusqu\u2019\u00e0 5 prises<\/li>\n<li>Chargement inf\u00e9rieur<\/li>\n<li>Indicateur DEL: Affiche l\u2019\u00e9tat de l\u2019appareil et un rappel de vider la cuve<\/li>\n<li>Syst\u00e8me de filtration hybride cyclonique : Peut \u00eatre utilis\u00e9e avec ou sans sac de filtration jetable. Filtre jusqu\u2019\u00e0 99.97%<\/li>\n<li>Acier Roul\u00e9 : R\u00e9sistant \u00e0 l\u2019usure et \u00e0 la corrosion<\/li>\n<\/ul>\n<p>&nbsp;<\/p>\n","protected":false},"excerpt":{"rendered":"<p>630 AW 122\u2019\u2019 H2O 60 dB 25L \/ 6.6 Gal. Moteur 2-\u00e9tages, \u00ab\u00a0Thru-flow\u00a0\u00bb Technologie progressive marche\/arr\u00eat 5 000 pi2 \/ 464,5 m2 Jusqu\u2019\u00e0 5 prises Chargement inf\u00e9rieur Indicateur DEL: Affiche l\u2019\u00e9tat de l\u2019appareil et un rappel de vider la cuve Syst\u00e8me de filtration hybride cyclonique : Peut \u00eatre utilis\u00e9e avec ou sans sac de filtration jetable.  [&#8230;]<\/p>\n","protected":false},"featured_media":24591,"comment_status":"closed","ping_status":"closed","template":"","meta":{"_acf_changed":false,"jetpack_post_was_ever_published":false,"jetpack_publicize_message":"","jetpack_publicize_feature_enabled":true,"jetpack_social_post_already_shared":true,"jetpack_social_options":{"image_generator_settings":{"template":"highway","default_image_id":0,"font":"","enabled":false},"version":2}},"product_brand":[],"product_cat":[82],"product_tag":[],"class_list":{"0":"post-14265","1":"product","2":"type-product","3":"status-publish","4":"has-post-thumbnail","6":"product_cat-aspirateur-central","7":"product_shipping_class-brush-fr","9":"first","10":"instock","11":"taxable","12":"shipping-taxable","13":"purchasable","14":"product-type-simple"},"acf":[],"yoast_head":"<!-- This site is optimized with the Yoast SEO plugin v26.7 - https:\/\/yoast.com\/wordpress\/plugins\/seo\/ -->\n<title>OVO 630 Airwatts, Syst\u00e8me d\u2019aspirateur central hybride, Cuve \u00e0 chargement par le bas de 25L \/ 6,6 Gal., Puissance d\u2019aspiration de 122\u201d H2O, Couvre jusqu\u2019\u00e0 5 000 pi\u00b2 \/ 464,5 m\u00b2 - Ovo Vacuum<\/title>\n<meta name=\"robots\" content=\"index, follow, max-snippet:-1, max-image-preview:large, max-video-preview:-1\" \/>\n<link rel=\"canonical\" href=\"https:\/\/myovo.net\/fr\/produit\/aspirateur-central-ovo-hybride-630aw\/\" \/>\n<meta property=\"og:locale\" content=\"fr_FR\" \/>\n<meta property=\"og:type\" content=\"article\" \/>\n<meta property=\"og:title\" content=\"OVO 630 Airwatts, Syst\u00e8me d\u2019aspirateur central hybride, Cuve \u00e0 chargement par le bas de 25L \/ 6,6 Gal., Puissance d\u2019aspiration de 122\u201d H2O, Couvre jusqu\u2019\u00e0 5 000 pi\u00b2 \/ 464,5 m\u00b2 - Ovo Vacuum\" \/>\n<meta property=\"og:description\" content=\"630 AW 122\u2019\u2019 H2O 60 dB 25L \/ 6.6 Gal. Moteur 2-\u00e9tages, \u00ab\u00a0Thru-flow\u00a0\u00bb Technologie progressive marche\/arr\u00eat 5 000 pi2 \/ 464,5 m2 Jusqu\u2019\u00e0 5 prises Chargement inf\u00e9rieur Indicateur DEL: Affiche l\u2019\u00e9tat de l\u2019appareil et un rappel de vider la cuve Syst\u00e8me de filtration hybride cyclonique : Peut \u00eatre utilis\u00e9e avec ou sans sac de filtration jetable. [...]\" \/>\n<meta property=\"og:url\" content=\"https:\/\/myovo.net\/fr\/produit\/aspirateur-central-ovo-hybride-630aw\/\" \/>\n<meta property=\"og:site_name\" content=\"Ovo Vacuum\" \/>\n<meta property=\"article:publisher\" content=\"https:\/\/www.facebook.com\/nadairint\/\" \/>\n<meta property=\"article:modified_time\" content=\"2025-11-09T16:05:50+00:00\" \/>\n<meta property=\"og:image\" content=\"https:\/\/myovo.net\/wp-content\/uploads\/2019\/07\/OVO-630ST-25H-copie.jpg\" \/>\n\t<meta property=\"og:image:width\" content=\"1500\" \/>\n\t<meta property=\"og:image:height\" content=\"1500\" \/>\n\t<meta property=\"og:image:type\" content=\"image\/jpeg\" \/>\n<meta name=\"twitter:card\" content=\"summary_large_image\" \/>\n<meta name=\"twitter:label1\" content=\"Dur\u00e9e de lecture estim\u00e9e\" \/>\n\t<meta name=\"twitter:data1\" content=\"1 minute\" \/>\n<script type=\"application\/ld+json\" class=\"yoast-schema-graph\">{\"@context\":\"https:\/\/schema.org\",\"@graph\":[{\"@type\":\"WebPage\",\"@id\":\"https:\/\/myovo.net\/fr\/produit\/aspirateur-central-ovo-hybride-630aw\/\",\"url\":\"https:\/\/myovo.net\/fr\/produit\/aspirateur-central-ovo-hybride-630aw\/\",\"name\":\"OVO 630 Airwatts, Syst\u00e8me d\u2019aspirateur central hybride, Cuve \u00e0 chargement par le bas de 25L \/ 6,6 Gal., Puissance d\u2019aspiration de 122\u201d H2O, Couvre jusqu\u2019\u00e0 5 000 pi\u00b2 \/ 464,5 m\u00b2 - Ovo Vacuum\",\"isPartOf\":{\"@id\":\"https:\/\/myovo.net\/#website\"},\"primaryImageOfPage\":{\"@id\":\"https:\/\/myovo.net\/fr\/produit\/aspirateur-central-ovo-hybride-630aw\/#primaryimage\"},\"image\":{\"@id\":\"https:\/\/myovo.net\/fr\/produit\/aspirateur-central-ovo-hybride-630aw\/#primaryimage\"},\"thumbnailUrl\":\"https:\/\/i0.wp.com\/myovo.net\/wp-content\/uploads\/2019\/07\/OVO-630ST-25H-copie.jpg?fit=1500%2C1500&ssl=1\",\"datePublished\":\"2019-07-01T13:16:27+00:00\",\"dateModified\":\"2025-11-09T16:05:50+00:00\",\"breadcrumb\":{\"@id\":\"https:\/\/myovo.net\/fr\/produit\/aspirateur-central-ovo-hybride-630aw\/#breadcrumb\"},\"inLanguage\":\"fr-FR\",\"potentialAction\":[{\"@type\":\"ReadAction\",\"target\":[\"https:\/\/myovo.net\/fr\/produit\/aspirateur-central-ovo-hybride-630aw\/\"]}]},{\"@type\":\"ImageObject\",\"inLanguage\":\"fr-FR\",\"@id\":\"https:\/\/myovo.net\/fr\/produit\/aspirateur-central-ovo-hybride-630aw\/#primaryimage\",\"url\":\"https:\/\/i0.wp.com\/myovo.net\/wp-content\/uploads\/2019\/07\/OVO-630ST-25H-copie.jpg?fit=1500%2C1500&ssl=1\",\"contentUrl\":\"https:\/\/i0.wp.com\/myovo.net\/wp-content\/uploads\/2019\/07\/OVO-630ST-25H-copie.jpg?fit=1500%2C1500&ssl=1\",\"width\":1500,\"height\":1500},{\"@type\":\"BreadcrumbList\",\"@id\":\"https:\/\/myovo.net\/fr\/produit\/aspirateur-central-ovo-hybride-630aw\/#breadcrumb\",\"itemListElement\":[{\"@type\":\"ListItem\",\"position\":1,\"name\":\"Home\",\"item\":\"https:\/\/myovo.net\/fr\/\"},{\"@type\":\"ListItem\",\"position\":2,\"name\":\"Shop\",\"item\":\"https:\/\/myovo.net\/shop-best-central-vacuum\/\"},{\"@type\":\"ListItem\",\"position\":3,\"name\":\"OVO 630 Airwatts, Syst\u00e8me d\u2019aspirateur central hybride, Cuve \u00e0 chargement par le bas de 25L \/ 6,6 Gal., Puissance d\u2019aspiration de 122\u201d H2O, Couvre jusqu\u2019\u00e0 5 000 pi\u00b2 \/ 464,5 m\u00b2\"}]},{\"@type\":\"WebSite\",\"@id\":\"https:\/\/myovo.net\/#website\",\"url\":\"https:\/\/myovo.net\/\",\"name\":\"OVO Central Vacuum\",\"description\":\"\",\"publisher\":{\"@id\":\"https:\/\/myovo.net\/#organization\"},\"potentialAction\":[{\"@type\":\"SearchAction\",\"target\":{\"@type\":\"EntryPoint\",\"urlTemplate\":\"https:\/\/myovo.net\/?s={search_term_string}\"},\"query-input\":{\"@type\":\"PropertyValueSpecification\",\"valueRequired\":true,\"valueName\":\"search_term_string\"}}],\"inLanguage\":\"fr-FR\"},{\"@type\":\"Organization\",\"@id\":\"https:\/\/myovo.net\/#organization\",\"name\":\"OVO Central Vacuum\",\"url\":\"https:\/\/myovo.net\/\",\"logo\":{\"@type\":\"ImageObject\",\"inLanguage\":\"fr-FR\",\"@id\":\"https:\/\/myovo.net\/#\/schema\/logo\/image\/\",\"url\":\"https:\/\/i0.wp.com\/myovo.net\/wp-content\/uploads\/2024\/09\/logo-ovo-2-01-1.png?fit=241%2C117&ssl=1\",\"contentUrl\":\"https:\/\/i0.wp.com\/myovo.net\/wp-content\/uploads\/2024\/09\/logo-ovo-2-01-1.png?fit=241%2C117&ssl=1\",\"width\":241,\"height\":117,\"caption\":\"OVO Central Vacuum\"},\"image\":{\"@id\":\"https:\/\/myovo.net\/#\/schema\/logo\/image\/\"},\"sameAs\":[\"https:\/\/www.facebook.com\/nadairint\/\"]}]}<\/script>\n<!-- \/ Yoast SEO plugin. -->","yoast_head_json":{"title":"OVO 630 Airwatts, Syst\u00e8me d\u2019aspirateur central hybride, Cuve \u00e0 chargement par le bas de 25L \/ 6,6 Gal., Puissance d\u2019aspiration de 122\u201d H2O, Couvre jusqu\u2019\u00e0 5 000 pi\u00b2 \/ 464,5 m\u00b2 - Ovo Vacuum","robots":{"index":"index","follow":"follow","max-snippet":"max-snippet:-1","max-image-preview":"max-image-preview:large","max-video-preview":"max-video-preview:-1"},"canonical":"https:\/\/myovo.net\/fr\/produit\/aspirateur-central-ovo-hybride-630aw\/","og_locale":"fr_FR","og_type":"article","og_title":"OVO 630 Airwatts, Syst\u00e8me d\u2019aspirateur central hybride, Cuve \u00e0 chargement par le bas de 25L \/ 6,6 Gal., Puissance d\u2019aspiration de 122\u201d H2O, Couvre jusqu\u2019\u00e0 5 000 pi\u00b2 \/ 464,5 m\u00b2 - Ovo Vacuum","og_description":"630 AW 122\u2019\u2019 H2O 60 dB 25L \/ 6.6 Gal. Moteur 2-\u00e9tages, \u00ab\u00a0Thru-flow\u00a0\u00bb Technologie progressive marche\/arr\u00eat 5 000 pi2 \/ 464,5 m2 Jusqu\u2019\u00e0 5 prises Chargement inf\u00e9rieur Indicateur DEL: Affiche l\u2019\u00e9tat de l\u2019appareil et un rappel de vider la cuve Syst\u00e8me de filtration hybride cyclonique : Peut \u00eatre utilis\u00e9e avec ou sans sac de filtration jetable. [...]","og_url":"https:\/\/myovo.net\/fr\/produit\/aspirateur-central-ovo-hybride-630aw\/","og_site_name":"Ovo Vacuum","article_publisher":"https:\/\/www.facebook.com\/nadairint\/","article_modified_time":"2025-11-09T16:05:50+00:00","og_image":[{"width":1500,"height":1500,"url":"https:\/\/myovo.net\/wp-content\/uploads\/2019\/07\/OVO-630ST-25H-copie.jpg","type":"image\/jpeg"}],"twitter_card":"summary_large_image","twitter_misc":{"Dur\u00e9e de lecture estim\u00e9e":"1 minute"},"schema":{"@context":"https:\/\/schema.org","@graph":[{"@type":"WebPage","@id":"https:\/\/myovo.net\/fr\/produit\/aspirateur-central-ovo-hybride-630aw\/","url":"https:\/\/myovo.net\/fr\/produit\/aspirateur-central-ovo-hybride-630aw\/","name":"OVO 630 Airwatts, Syst\u00e8me d\u2019aspirateur central hybride, Cuve \u00e0 chargement par le bas de 25L \/ 6,6 Gal., Puissance d\u2019aspiration de 122\u201d H2O, Couvre jusqu\u2019\u00e0 5 000 pi\u00b2 \/ 464,5 m\u00b2 - Ovo Vacuum","isPartOf":{"@id":"https:\/\/myovo.net\/#website"},"primaryImageOfPage":{"@id":"https:\/\/myovo.net\/fr\/produit\/aspirateur-central-ovo-hybride-630aw\/#primaryimage"},"image":{"@id":"https:\/\/myovo.net\/fr\/produit\/aspirateur-central-ovo-hybride-630aw\/#primaryimage"},"thumbnailUrl":"https:\/\/i0.wp.com\/myovo.net\/wp-content\/uploads\/2019\/07\/OVO-630ST-25H-copie.jpg?fit=1500%2C1500&ssl=1","datePublished":"2019-07-01T13:16:27+00:00","dateModified":"2025-11-09T16:05:50+00:00","breadcrumb":{"@id":"https:\/\/myovo.net\/fr\/produit\/aspirateur-central-ovo-hybride-630aw\/#breadcrumb"},"inLanguage":"fr-FR","potentialAction":[{"@type":"ReadAction","target":["https:\/\/myovo.net\/fr\/produit\/aspirateur-central-ovo-hybride-630aw\/"]}]},{"@type":"ImageObject","inLanguage":"fr-FR","@id":"https:\/\/myovo.net\/fr\/produit\/aspirateur-central-ovo-hybride-630aw\/#primaryimage","url":"https:\/\/i0.wp.com\/myovo.net\/wp-content\/uploads\/2019\/07\/OVO-630ST-25H-copie.jpg?fit=1500%2C1500&ssl=1","contentUrl":"https:\/\/i0.wp.com\/myovo.net\/wp-content\/uploads\/2019\/07\/OVO-630ST-25H-copie.jpg?fit=1500%2C1500&ssl=1","width":1500,"height":1500},{"@type":"BreadcrumbList","@id":"https:\/\/myovo.net\/fr\/produit\/aspirateur-central-ovo-hybride-630aw\/#breadcrumb","itemListElement":[{"@type":"ListItem","position":1,"name":"Home","item":"https:\/\/myovo.net\/fr\/"},{"@type":"ListItem","position":2,"name":"Shop","item":"https:\/\/myovo.net\/shop-best-central-vacuum\/"},{"@type":"ListItem","position":3,"name":"OVO 630 Airwatts, Syst\u00e8me d\u2019aspirateur central hybride, Cuve \u00e0 chargement par le bas de 25L \/ 6,6 Gal., Puissance d\u2019aspiration de 122\u201d H2O, Couvre jusqu\u2019\u00e0 5 000 pi\u00b2 \/ 464,5 m\u00b2"}]},{"@type":"WebSite","@id":"https:\/\/myovo.net\/#website","url":"https:\/\/myovo.net\/","name":"OVO Central Vacuum","description":"","publisher":{"@id":"https:\/\/myovo.net\/#organization"},"potentialAction":[{"@type":"SearchAction","target":{"@type":"EntryPoint","urlTemplate":"https:\/\/myovo.net\/?s={search_term_string}"},"query-input":{"@type":"PropertyValueSpecification","valueRequired":true,"valueName":"search_term_string"}}],"inLanguage":"fr-FR"},{"@type":"Organization","@id":"https:\/\/myovo.net\/#organization","name":"OVO Central Vacuum","url":"https:\/\/myovo.net\/","logo":{"@type":"ImageObject","inLanguage":"fr-FR","@id":"https:\/\/myovo.net\/#\/schema\/logo\/image\/","url":"https:\/\/i0.wp.com\/myovo.net\/wp-content\/uploads\/2024\/09\/logo-ovo-2-01-1.png?fit=241%2C117&ssl=1","contentUrl":"https:\/\/i0.wp.com\/myovo.net\/wp-content\/uploads\/2024\/09\/logo-ovo-2-01-1.png?fit=241%2C117&ssl=1","width":241,"height":117,"caption":"OVO Central Vacuum"},"image":{"@id":"https:\/\/myovo.net\/#\/schema\/logo\/image\/"},"sameAs":["https:\/\/www.facebook.com\/nadairint\/"]}]}},"jetpack_publicize_connections":[],"jetpack_sharing_enabled":true,"_links":{"self":[{"href":"https:\/\/myovo.net\/fr\/wp-json\/wp\/v2\/product\/14265","targetHints":{"allow":["GET"]}}],"collection":[{"href":"https:\/\/myovo.net\/fr\/wp-json\/wp\/v2\/product"}],"about":[{"href":"https:\/\/myovo.net\/fr\/wp-json\/wp\/v2\/types\/product"}],"replies":[{"embeddable":true,"href":"https:\/\/myovo.net\/fr\/wp-json\/wp\/v2\/comments?post=14265"}],"wp:featuredmedia":[{"embeddable":true,"href":"https:\/\/myovo.net\/fr\/wp-json\/wp\/v2\/media\/24591"}],"wp:attachment":[{"href":"https:\/\/myovo.net\/fr\/wp-json\/wp\/v2\/media?parent=14265"}],"wp:term":[{"taxonomy":"product_brand","embeddable":true,"href":"https:\/\/myovo.net\/fr\/wp-json\/wp\/v2\/product_brand?post=14265"},{"taxonomy":"product_cat","embeddable":true,"href":"https:\/\/myovo.net\/fr\/wp-json\/wp\/v2\/product_cat?post=14265"},{"taxonomy":"product_tag","embeddable":true,"href":"https:\/\/myovo.net\/fr\/wp-json\/wp\/v2\/product_tag?post=14265"}],"curies":[{"name":"wp","href":"https:\/\/api.w.org\/{rel}","templated":true}]}}