{"id":14638,"date":"2020-04-13T15:36:36","date_gmt":"2020-04-13T19:36:36","guid":{"rendered":"https:\/\/dev.myovo.ca\/?post_type=product&#038;p=14638"},"modified":"2025-03-24T11:17:36","modified_gmt":"2025-03-24T15:17:36","slug":"boyau-bas-voltage-copy","status":"publish","type":"product","link":"https:\/\/myovo.net\/fr\/produit\/boyau-bas-voltage-copy\/","title":{"rendered":"Boyau bas-voltage universel pour aspirateur central"},"content":{"rendered":"<ul>\n<li>Boyau bas-voltage OVO : L\u00e9ger, flexible et la fonction anti-\u00e9crasement, permettant au boyau de retrouver sa forme sans compromettre sa qualit\u00e9 ni sa r\u00e9sistance.<\/li>\n<li>Interrupteur marche \/ arr\u00eat : D\u00e9marrez \/ arr\u00eatez votre aspirateur avec l&rsquo;interrupteur sur la poign\u00e9e<\/li>\n<li>Longueurs disponibles : 30\u2032 (9.10 m), 35\u2032 (10.70 m), 40\u2032 (12.20 m) ou 50\u2032 (15.24 m)<\/li>\n<li>Poign\u00e9e pivotante: pr\u00e9vient l&rsquo;enroulement<\/li>\n<li>Universel : Compatible avec plupart des marques d\u2019aspirateur centraux, fonctionne sur des prises avec un diam\u00e8tre int\u00e9rieur de 1,5\u2019\u2019 (3.81 cm) et 2 bornes m\u00e9talliques \u00e0 l\u2019int\u00e9rieur.<\/li>\n<\/ul>\n<p>&nbsp;<\/p>\n","protected":false},"excerpt":{"rendered":"<p>Boyau bas-voltage OVO : L\u00e9ger, flexible et la fonction anti-\u00e9crasement, permettant au boyau de retrouver sa forme sans compromettre sa qualit\u00e9 ni sa r\u00e9sistance. Interrupteur marche \/ arr\u00eat : D\u00e9marrez \/ arr\u00eatez votre aspirateur avec l&rsquo;interrupteur sur la poign\u00e9e Longueurs disponibles : 30\u2032 (9.10 m), 35\u2032 (10.70 m), 40\u2032 (12.20 m) ou 50\u2032 (15.24 m) Poign\u00e9e  [&#8230;]<\/p>\n","protected":false},"featured_media":24611,"comment_status":"closed","ping_status":"closed","template":"","meta":{"_acf_changed":false,"jetpack_post_was_ever_published":false,"jetpack_publicize_message":"","jetpack_publicize_feature_enabled":true,"jetpack_social_post_already_shared":true,"jetpack_social_options":{"image_generator_settings":{"template":"highway","default_image_id":0,"font":"","enabled":false},"version":2}},"product_brand":[],"product_cat":[104,71],"product_tag":[],"class_list":{"0":"post-14638","1":"product","2":"type-product","3":"status-publish","4":"has-post-thumbnail","6":"product_cat-boyaux-et-housses","7":"product_cat-accessory-fr","9":"first","10":"instock","11":"taxable","12":"shipping-taxable","13":"purchasable","14":"product-type-variable"},"acf":[],"yoast_head":"<!-- This site is optimized with the Yoast SEO plugin v26.7 - https:\/\/yoast.com\/wordpress\/plugins\/seo\/ -->\n<title>Boyau bas-voltage universel pour aspirateur central - Ovo Vacuum<\/title>\n<meta name=\"robots\" content=\"index, follow, max-snippet:-1, max-image-preview:large, max-video-preview:-1\" \/>\n<link rel=\"canonical\" href=\"https:\/\/myovo.net\/fr\/produit\/boyau-bas-voltage-copy\/\" \/>\n<meta property=\"og:locale\" content=\"fr_FR\" \/>\n<meta property=\"og:type\" content=\"article\" \/>\n<meta property=\"og:title\" content=\"Boyau bas-voltage universel pour aspirateur central - Ovo Vacuum\" \/>\n<meta property=\"og:description\" content=\"Boyau bas-voltage OVO : L\u00e9ger, flexible et la fonction anti-\u00e9crasement, permettant au boyau de retrouver sa forme sans compromettre sa qualit\u00e9 ni sa r\u00e9sistance. Interrupteur marche \/ arr\u00eat : D\u00e9marrez \/ arr\u00eatez votre aspirateur avec l&rsquo;interrupteur sur la poign\u00e9e Longueurs disponibles : 30\u2032 (9.10 m), 35\u2032 (10.70 m), 40\u2032 (12.20 m) ou 50\u2032 (15.24 m) Poign\u00e9e [...]\" \/>\n<meta property=\"og:url\" content=\"https:\/\/myovo.net\/fr\/produit\/boyau-bas-voltage-copy\/\" \/>\n<meta property=\"og:site_name\" content=\"Ovo Vacuum\" \/>\n<meta property=\"article:publisher\" content=\"https:\/\/www.facebook.com\/nadairint\/\" \/>\n<meta property=\"article:modified_time\" content=\"2025-03-24T15:17:36+00:00\" \/>\n<meta property=\"og:image\" content=\"https:\/\/myovo.net\/wp-content\/uploads\/2020\/04\/LV-HOSE-2.jpg\" \/>\n\t<meta property=\"og:image:width\" content=\"1000\" \/>\n\t<meta property=\"og:image:height\" content=\"1000\" \/>\n\t<meta property=\"og:image:type\" content=\"image\/jpeg\" \/>\n<meta name=\"twitter:card\" content=\"summary_large_image\" \/>\n<meta name=\"twitter:label1\" content=\"Dur\u00e9e de lecture estim\u00e9e\" \/>\n\t<meta name=\"twitter:data1\" content=\"1 minute\" \/>\n<script type=\"application\/ld+json\" class=\"yoast-schema-graph\">{\"@context\":\"https:\/\/schema.org\",\"@graph\":[{\"@type\":\"WebPage\",\"@id\":\"https:\/\/myovo.net\/fr\/produit\/boyau-bas-voltage-copy\/\",\"url\":\"https:\/\/myovo.net\/fr\/produit\/boyau-bas-voltage-copy\/\",\"name\":\"Boyau bas-voltage universel pour aspirateur central - Ovo Vacuum\",\"isPartOf\":{\"@id\":\"https:\/\/myovo.net\/#website\"},\"primaryImageOfPage\":{\"@id\":\"https:\/\/myovo.net\/fr\/produit\/boyau-bas-voltage-copy\/#primaryimage\"},\"image\":{\"@id\":\"https:\/\/myovo.net\/fr\/produit\/boyau-bas-voltage-copy\/#primaryimage\"},\"thumbnailUrl\":\"https:\/\/i0.wp.com\/myovo.net\/wp-content\/uploads\/2020\/04\/LV-HOSE-3-copie.jpg?fit=1000%2C1000&ssl=1\",\"datePublished\":\"2020-04-13T19:36:36+00:00\",\"dateModified\":\"2025-03-24T15:17:36+00:00\",\"breadcrumb\":{\"@id\":\"https:\/\/myovo.net\/fr\/produit\/boyau-bas-voltage-copy\/#breadcrumb\"},\"inLanguage\":\"fr-FR\",\"potentialAction\":[{\"@type\":\"ReadAction\",\"target\":[\"https:\/\/myovo.net\/fr\/produit\/boyau-bas-voltage-copy\/\"]}]},{\"@type\":\"ImageObject\",\"inLanguage\":\"fr-FR\",\"@id\":\"https:\/\/myovo.net\/fr\/produit\/boyau-bas-voltage-copy\/#primaryimage\",\"url\":\"https:\/\/i0.wp.com\/myovo.net\/wp-content\/uploads\/2020\/04\/LV-HOSE-3-copie.jpg?fit=1000%2C1000&ssl=1\",\"contentUrl\":\"https:\/\/i0.wp.com\/myovo.net\/wp-content\/uploads\/2020\/04\/LV-HOSE-3-copie.jpg?fit=1000%2C1000&ssl=1\",\"width\":1000,\"height\":1000},{\"@type\":\"BreadcrumbList\",\"@id\":\"https:\/\/myovo.net\/fr\/produit\/boyau-bas-voltage-copy\/#breadcrumb\",\"itemListElement\":[{\"@type\":\"ListItem\",\"position\":1,\"name\":\"Home\",\"item\":\"https:\/\/myovo.net\/fr\/\"},{\"@type\":\"ListItem\",\"position\":2,\"name\":\"Shop\",\"item\":\"https:\/\/myovo.net\/shop-best-central-vacuum\/\"},{\"@type\":\"ListItem\",\"position\":3,\"name\":\"Boyau bas-voltage universel pour aspirateur central\"}]},{\"@type\":\"WebSite\",\"@id\":\"https:\/\/myovo.net\/#website\",\"url\":\"https:\/\/myovo.net\/\",\"name\":\"OVO Central Vacuum\",\"description\":\"\",\"publisher\":{\"@id\":\"https:\/\/myovo.net\/#organization\"},\"potentialAction\":[{\"@type\":\"SearchAction\",\"target\":{\"@type\":\"EntryPoint\",\"urlTemplate\":\"https:\/\/myovo.net\/?s={search_term_string}\"},\"query-input\":{\"@type\":\"PropertyValueSpecification\",\"valueRequired\":true,\"valueName\":\"search_term_string\"}}],\"inLanguage\":\"fr-FR\"},{\"@type\":\"Organization\",\"@id\":\"https:\/\/myovo.net\/#organization\",\"name\":\"OVO Central Vacuum\",\"url\":\"https:\/\/myovo.net\/\",\"logo\":{\"@type\":\"ImageObject\",\"inLanguage\":\"fr-FR\",\"@id\":\"https:\/\/myovo.net\/#\/schema\/logo\/image\/\",\"url\":\"https:\/\/i0.wp.com\/myovo.net\/wp-content\/uploads\/2024\/09\/logo-ovo-2-01-1.png?fit=241%2C117&ssl=1\",\"contentUrl\":\"https:\/\/i0.wp.com\/myovo.net\/wp-content\/uploads\/2024\/09\/logo-ovo-2-01-1.png?fit=241%2C117&ssl=1\",\"width\":241,\"height\":117,\"caption\":\"OVO Central Vacuum\"},\"image\":{\"@id\":\"https:\/\/myovo.net\/#\/schema\/logo\/image\/\"},\"sameAs\":[\"https:\/\/www.facebook.com\/nadairint\/\"]}]}<\/script>\n<!-- \/ Yoast SEO plugin. -->","yoast_head_json":{"title":"Boyau bas-voltage universel pour aspirateur central - Ovo Vacuum","robots":{"index":"index","follow":"follow","max-snippet":"max-snippet:-1","max-image-preview":"max-image-preview:large","max-video-preview":"max-video-preview:-1"},"canonical":"https:\/\/myovo.net\/fr\/produit\/boyau-bas-voltage-copy\/","og_locale":"fr_FR","og_type":"article","og_title":"Boyau bas-voltage universel pour aspirateur central - Ovo Vacuum","og_description":"Boyau bas-voltage OVO : L\u00e9ger, flexible et la fonction anti-\u00e9crasement, permettant au boyau de retrouver sa forme sans compromettre sa qualit\u00e9 ni sa r\u00e9sistance. Interrupteur marche \/ arr\u00eat : D\u00e9marrez \/ arr\u00eatez votre aspirateur avec l&rsquo;interrupteur sur la poign\u00e9e Longueurs disponibles : 30\u2032 (9.10 m), 35\u2032 (10.70 m), 40\u2032 (12.20 m) ou 50\u2032 (15.24 m) Poign\u00e9e [...]","og_url":"https:\/\/myovo.net\/fr\/produit\/boyau-bas-voltage-copy\/","og_site_name":"Ovo Vacuum","article_publisher":"https:\/\/www.facebook.com\/nadairint\/","article_modified_time":"2025-03-24T15:17:36+00:00","og_image":[{"width":1000,"height":1000,"url":"https:\/\/myovo.net\/wp-content\/uploads\/2020\/04\/LV-HOSE-2.jpg","type":"image\/jpeg"}],"twitter_card":"summary_large_image","twitter_misc":{"Dur\u00e9e de lecture estim\u00e9e":"1 minute"},"schema":{"@context":"https:\/\/schema.org","@graph":[{"@type":"WebPage","@id":"https:\/\/myovo.net\/fr\/produit\/boyau-bas-voltage-copy\/","url":"https:\/\/myovo.net\/fr\/produit\/boyau-bas-voltage-copy\/","name":"Boyau bas-voltage universel pour aspirateur central - Ovo Vacuum","isPartOf":{"@id":"https:\/\/myovo.net\/#website"},"primaryImageOfPage":{"@id":"https:\/\/myovo.net\/fr\/produit\/boyau-bas-voltage-copy\/#primaryimage"},"image":{"@id":"https:\/\/myovo.net\/fr\/produit\/boyau-bas-voltage-copy\/#primaryimage"},"thumbnailUrl":"https:\/\/i0.wp.com\/myovo.net\/wp-content\/uploads\/2020\/04\/LV-HOSE-3-copie.jpg?fit=1000%2C1000&ssl=1","datePublished":"2020-04-13T19:36:36+00:00","dateModified":"2025-03-24T15:17:36+00:00","breadcrumb":{"@id":"https:\/\/myovo.net\/fr\/produit\/boyau-bas-voltage-copy\/#breadcrumb"},"inLanguage":"fr-FR","potentialAction":[{"@type":"ReadAction","target":["https:\/\/myovo.net\/fr\/produit\/boyau-bas-voltage-copy\/"]}]},{"@type":"ImageObject","inLanguage":"fr-FR","@id":"https:\/\/myovo.net\/fr\/produit\/boyau-bas-voltage-copy\/#primaryimage","url":"https:\/\/i0.wp.com\/myovo.net\/wp-content\/uploads\/2020\/04\/LV-HOSE-3-copie.jpg?fit=1000%2C1000&ssl=1","contentUrl":"https:\/\/i0.wp.com\/myovo.net\/wp-content\/uploads\/2020\/04\/LV-HOSE-3-copie.jpg?fit=1000%2C1000&ssl=1","width":1000,"height":1000},{"@type":"BreadcrumbList","@id":"https:\/\/myovo.net\/fr\/produit\/boyau-bas-voltage-copy\/#breadcrumb","itemListElement":[{"@type":"ListItem","position":1,"name":"Home","item":"https:\/\/myovo.net\/fr\/"},{"@type":"ListItem","position":2,"name":"Shop","item":"https:\/\/myovo.net\/shop-best-central-vacuum\/"},{"@type":"ListItem","position":3,"name":"Boyau bas-voltage universel pour aspirateur central"}]},{"@type":"WebSite","@id":"https:\/\/myovo.net\/#website","url":"https:\/\/myovo.net\/","name":"OVO Central Vacuum","description":"","publisher":{"@id":"https:\/\/myovo.net\/#organization"},"potentialAction":[{"@type":"SearchAction","target":{"@type":"EntryPoint","urlTemplate":"https:\/\/myovo.net\/?s={search_term_string}"},"query-input":{"@type":"PropertyValueSpecification","valueRequired":true,"valueName":"search_term_string"}}],"inLanguage":"fr-FR"},{"@type":"Organization","@id":"https:\/\/myovo.net\/#organization","name":"OVO Central Vacuum","url":"https:\/\/myovo.net\/","logo":{"@type":"ImageObject","inLanguage":"fr-FR","@id":"https:\/\/myovo.net\/#\/schema\/logo\/image\/","url":"https:\/\/i0.wp.com\/myovo.net\/wp-content\/uploads\/2024\/09\/logo-ovo-2-01-1.png?fit=241%2C117&ssl=1","contentUrl":"https:\/\/i0.wp.com\/myovo.net\/wp-content\/uploads\/2024\/09\/logo-ovo-2-01-1.png?fit=241%2C117&ssl=1","width":241,"height":117,"caption":"OVO Central Vacuum"},"image":{"@id":"https:\/\/myovo.net\/#\/schema\/logo\/image\/"},"sameAs":["https:\/\/www.facebook.com\/nadairint\/"]}]}},"jetpack_publicize_connections":[],"jetpack_sharing_enabled":true,"_links":{"self":[{"href":"https:\/\/myovo.net\/fr\/wp-json\/wp\/v2\/product\/14638","targetHints":{"allow":["GET"]}}],"collection":[{"href":"https:\/\/myovo.net\/fr\/wp-json\/wp\/v2\/product"}],"about":[{"href":"https:\/\/myovo.net\/fr\/wp-json\/wp\/v2\/types\/product"}],"replies":[{"embeddable":true,"href":"https:\/\/myovo.net\/fr\/wp-json\/wp\/v2\/comments?post=14638"}],"wp:featuredmedia":[{"embeddable":true,"href":"https:\/\/myovo.net\/fr\/wp-json\/wp\/v2\/media\/24611"}],"wp:attachment":[{"href":"https:\/\/myovo.net\/fr\/wp-json\/wp\/v2\/media?parent=14638"}],"wp:term":[{"taxonomy":"product_brand","embeddable":true,"href":"https:\/\/myovo.net\/fr\/wp-json\/wp\/v2\/product_brand?post=14638"},{"taxonomy":"product_cat","embeddable":true,"href":"https:\/\/myovo.net\/fr\/wp-json\/wp\/v2\/product_cat?post=14638"},{"taxonomy":"product_tag","embeddable":true,"href":"https:\/\/myovo.net\/fr\/wp-json\/wp\/v2\/product_tag?post=14638"}],"curies":[{"name":"wp","href":"https:\/\/api.w.org\/{rel}","templated":true}]}}