{"id":16016,"date":"2022-03-15T15:57:38","date_gmt":"2022-03-15T19:57:38","guid":{"rendered":"https:\/\/dev.myovo.ca\/?post_type=product&#038;p=16016"},"modified":"2025-04-08T16:06:25","modified_gmt":"2025-04-08T20:06:25","slug":"aspirateur-central-ovo-puissant-ensemble-daccessoires-deluxe","status":"publish","type":"product","link":"https:\/\/myovo.net\/fr\/produit\/aspirateur-central-ovo-puissant-ensemble-daccessoires-deluxe\/","title":{"rendered":"OVO 700 Airwatts, Syst\u00e8me d\u2019Aspiration Central Hybride, Cuve \u00e0 Chargement par le Bas de 25L \/ 6,6 Gal., Puissance d\u2019aspiration de 140\u201d H2O, Couvre jusqu\u2019\u00e0 7 000 pi\u00b2 \/ 650,3 m\u00b2 + Kit d\u2019Accessoires Deluxe \u2013 Id\u00e9al pour les surfaces dures"},"content":{"rendered":"<ul data-start=\"44\" data-end=\"495\">\n<li data-start=\"44\" data-end=\"58\">700 AW<\/li>\n<li data-start=\"59\" data-end=\"75\">140\u201d H2O<\/li>\n<li data-start=\"76\" data-end=\"111\">Moteur Thru-Flow \u00e0 2 \u00e9tapes<\/li>\n<li data-start=\"112\" data-end=\"125\">63 dB<\/li>\n<li data-start=\"126\" data-end=\"175\">Technologie de d\u00e9marrage\/arr\u00eat progressif<\/li>\n<li data-start=\"176\" data-end=\"238\">Couvre jusqu\u2019\u00e0 7 000 pi\u00b2 \/ 650,3 m\u00b2 \u2013 Jusqu\u2019\u00e0 7 prises<\/li>\n<li data-start=\"239\" data-end=\"275\">Cuve \u00e0 chargement par le bas<\/li>\n<li data-start=\"276\" data-end=\"362\">Indicateur DEL : Affiche l\u2019\u00e9tat de l\u2019unit\u00e9 \/ Quand changer le filtre ou le sac<\/li>\n<li data-start=\"363\" data-end=\"434\">Filtration hybride : Peut \u00eatre utilis\u00e9 avec ou sans sac jetable<\/li>\n<li data-start=\"435\" data-end=\"495\">Acier lamin\u00e9 : R\u00e9sistant \u00e0 l\u2019usure et \u00e0 la corrosion<\/li>\n<\/ul>\n<hr data-start=\"497\" data-end=\"500\" \/>\n<h3 data-start=\"502\" data-end=\"543\">Kit d\u2019Accessoires Deluxe Inclus<\/h3>\n<ul data-start=\"545\" data-end=\"1146\" data-is-last-node=\"\" data-is-only-node=\"\">\n<li data-start=\"545\" data-end=\"698\">Boyau basse tension avec interrupteur ON\/OFF sur la poign\u00e9e\n<ul data-start=\"615\" data-end=\"698\">\n<li data-start=\"615\" data-end=\"698\">Disponible en : 30\u2032 (9,10 m), 35\u2032 (10,70 m), 40\u2032 (12,20 m) ou 50\u2032 (15,20 m)<\/li>\n<\/ul>\n<\/li>\n<li data-start=\"699\" data-end=\"769\">Brosse \u00e0 plancher avec poils en crin de cheval, 12\u201d (30 cm)<\/li>\n<li data-start=\"770\" data-end=\"835\">Tube t\u00e9lescopique ajustable, 25,5\u201d (67 cm) \u00e0 38\u201d (100 cm)<\/li>\n<li data-start=\"836\" data-end=\"915\">Brosse pour meubles rembourr\u00e9s avec poils en crin de cheval, 5\u201d (14 cm)<\/li>\n<li data-start=\"916\" data-end=\"984\">Brosse \u00e0 \u00e9pousseter avec poils en crin de cheval, 4\u201d (10 cm)<\/li>\n<li data-start=\"985\" data-end=\"1017\">Suceur plat, 10\u201d (25 cm)<\/li>\n<li data-start=\"1018\" data-end=\"1071\">Support pour accessoires (fixation sur tube)<\/li>\n<li data-start=\"1072\" data-end=\"1146\" data-is-last-node=\"\">Support mural chrom\u00e9 pour boyau et sac de rangement pour accessoires<\/li>\n<\/ul>\n","protected":false},"excerpt":{"rendered":"<p>700 AW 140\u201d H2O Moteur Thru-Flow \u00e0 2 \u00e9tapes 63 dB Technologie de d\u00e9marrage\/arr\u00eat progressif Couvre jusqu\u2019\u00e0 7 000 pi\u00b2 \/ 650,3 m\u00b2 \u2013 Jusqu\u2019\u00e0 7 prises Cuve \u00e0 chargement par le bas Indicateur DEL : Affiche l\u2019\u00e9tat de l\u2019unit\u00e9 \/ Quand changer le filtre ou le sac Filtration hybride : Peut \u00eatre utilis\u00e9 avec ou  [&#8230;]<\/p>\n","protected":false},"featured_media":22177,"comment_status":"closed","ping_status":"closed","template":"","meta":{"_acf_changed":false,"jetpack_post_was_ever_published":false,"jetpack_publicize_message":"","jetpack_publicize_feature_enabled":true,"jetpack_social_post_already_shared":true,"jetpack_social_options":{"image_generator_settings":{"template":"highway","default_image_id":0,"font":"","enabled":false},"version":2}},"product_brand":[],"product_cat":[75],"product_tag":[],"class_list":{"0":"post-16016","1":"product","2":"type-product","3":"status-publish","4":"has-post-thumbnail","6":"product_cat-packs","7":"product_shipping_class-brush-fr","9":"first","10":"instock","11":"taxable","12":"shipping-taxable","13":"purchasable","14":"product-type-variable"},"acf":[],"yoast_head":"<!-- This site is optimized with the Yoast SEO plugin v26.7 - https:\/\/yoast.com\/wordpress\/plugins\/seo\/ -->\n<title>OVO 700 Airwatts, Syst\u00e8me d\u2019Aspiration Central Hybride, Cuve \u00e0 Chargement par le Bas de 25L \/ 6,6 Gal., Puissance d\u2019aspiration de 140\u201d H2O, Couvre jusqu\u2019\u00e0 7 000 pi\u00b2 \/ 650,3 m\u00b2 + Kit d\u2019Accessoires Deluxe \u2013 Id\u00e9al pour les surfaces dures - Ovo Vacuum<\/title>\n<meta name=\"robots\" content=\"index, follow, max-snippet:-1, max-image-preview:large, max-video-preview:-1\" \/>\n<link rel=\"canonical\" href=\"https:\/\/myovo.net\/fr\/produit\/aspirateur-central-ovo-puissant-ensemble-daccessoires-deluxe\/\" \/>\n<meta property=\"og:locale\" content=\"fr_FR\" \/>\n<meta property=\"og:type\" content=\"article\" \/>\n<meta property=\"og:title\" content=\"OVO 700 Airwatts, Syst\u00e8me d\u2019Aspiration Central Hybride, Cuve \u00e0 Chargement par le Bas de 25L \/ 6,6 Gal., Puissance d\u2019aspiration de 140\u201d H2O, Couvre jusqu\u2019\u00e0 7 000 pi\u00b2 \/ 650,3 m\u00b2 + Kit d\u2019Accessoires Deluxe \u2013 Id\u00e9al pour les surfaces dures - Ovo Vacuum\" \/>\n<meta property=\"og:description\" content=\"700 AW 140\u201d H2O Moteur Thru-Flow \u00e0 2 \u00e9tapes 63 dB Technologie de d\u00e9marrage\/arr\u00eat progressif Couvre jusqu\u2019\u00e0 7 000 pi\u00b2 \/ 650,3 m\u00b2 \u2013 Jusqu\u2019\u00e0 7 prises Cuve \u00e0 chargement par le bas Indicateur DEL : Affiche l\u2019\u00e9tat de l\u2019unit\u00e9 \/ Quand changer le filtre ou le sac Filtration hybride : Peut \u00eatre utilis\u00e9 avec ou [...]\" \/>\n<meta property=\"og:url\" content=\"https:\/\/myovo.net\/fr\/produit\/aspirateur-central-ovo-puissant-ensemble-daccessoires-deluxe\/\" \/>\n<meta property=\"og:site_name\" content=\"Ovo Vacuum\" \/>\n<meta property=\"article:publisher\" content=\"https:\/\/www.facebook.com\/nadairint\/\" \/>\n<meta property=\"article:modified_time\" content=\"2025-04-08T20:06:25+00:00\" \/>\n<meta property=\"og:image\" content=\"https:\/\/myovo.net\/wp-content\/uploads\/2022\/03\/Pack725D.jpg\" \/>\n\t<meta property=\"og:image:width\" content=\"1500\" \/>\n\t<meta property=\"og:image:height\" content=\"1500\" \/>\n\t<meta property=\"og:image:type\" content=\"image\/jpeg\" \/>\n<meta name=\"twitter:card\" content=\"summary_large_image\" \/>\n<meta name=\"twitter:label1\" content=\"Dur\u00e9e de lecture estim\u00e9e\" \/>\n\t<meta name=\"twitter:data1\" content=\"1 minute\" \/>\n<script type=\"application\/ld+json\" class=\"yoast-schema-graph\">{\"@context\":\"https:\/\/schema.org\",\"@graph\":[{\"@type\":\"WebPage\",\"@id\":\"https:\/\/myovo.net\/fr\/produit\/aspirateur-central-ovo-puissant-ensemble-daccessoires-deluxe\/\",\"url\":\"https:\/\/myovo.net\/fr\/produit\/aspirateur-central-ovo-puissant-ensemble-daccessoires-deluxe\/\",\"name\":\"OVO 700 Airwatts, Syst\u00e8me d\u2019Aspiration Central Hybride, Cuve \u00e0 Chargement par le Bas de 25L \/ 6,6 Gal., Puissance d\u2019aspiration de 140\u201d H2O, Couvre jusqu\u2019\u00e0 7 000 pi\u00b2 \/ 650,3 m\u00b2 + Kit d\u2019Accessoires Deluxe \u2013 Id\u00e9al pour les surfaces dures - Ovo Vacuum\",\"isPartOf\":{\"@id\":\"https:\/\/myovo.net\/#website\"},\"primaryImageOfPage\":{\"@id\":\"https:\/\/myovo.net\/fr\/produit\/aspirateur-central-ovo-puissant-ensemble-daccessoires-deluxe\/#primaryimage\"},\"image\":{\"@id\":\"https:\/\/myovo.net\/fr\/produit\/aspirateur-central-ovo-puissant-ensemble-daccessoires-deluxe\/#primaryimage\"},\"thumbnailUrl\":\"https:\/\/i0.wp.com\/myovo.net\/wp-content\/uploads\/2022\/03\/Pack725D.jpg?fit=1500%2C1500&ssl=1\",\"datePublished\":\"2022-03-15T19:57:38+00:00\",\"dateModified\":\"2025-04-08T20:06:25+00:00\",\"breadcrumb\":{\"@id\":\"https:\/\/myovo.net\/fr\/produit\/aspirateur-central-ovo-puissant-ensemble-daccessoires-deluxe\/#breadcrumb\"},\"inLanguage\":\"fr-FR\",\"potentialAction\":[{\"@type\":\"ReadAction\",\"target\":[\"https:\/\/myovo.net\/fr\/produit\/aspirateur-central-ovo-puissant-ensemble-daccessoires-deluxe\/\"]}]},{\"@type\":\"ImageObject\",\"inLanguage\":\"fr-FR\",\"@id\":\"https:\/\/myovo.net\/fr\/produit\/aspirateur-central-ovo-puissant-ensemble-daccessoires-deluxe\/#primaryimage\",\"url\":\"https:\/\/i0.wp.com\/myovo.net\/wp-content\/uploads\/2022\/03\/Pack725D.jpg?fit=1500%2C1500&ssl=1\",\"contentUrl\":\"https:\/\/i0.wp.com\/myovo.net\/wp-content\/uploads\/2022\/03\/Pack725D.jpg?fit=1500%2C1500&ssl=1\",\"width\":1500,\"height\":1500},{\"@type\":\"BreadcrumbList\",\"@id\":\"https:\/\/myovo.net\/fr\/produit\/aspirateur-central-ovo-puissant-ensemble-daccessoires-deluxe\/#breadcrumb\",\"itemListElement\":[{\"@type\":\"ListItem\",\"position\":1,\"name\":\"Home\",\"item\":\"https:\/\/myovo.net\/fr\/\"},{\"@type\":\"ListItem\",\"position\":2,\"name\":\"Shop\",\"item\":\"https:\/\/myovo.net\/shop-best-central-vacuum\/\"},{\"@type\":\"ListItem\",\"position\":3,\"name\":\"OVO 700 Airwatts, Syst\u00e8me d\u2019Aspiration Central Hybride, Cuve \u00e0 Chargement par le Bas de 25L \/ 6,6 Gal., Puissance d\u2019aspiration de 140\u201d H2O, Couvre jusqu\u2019\u00e0 7 000 pi\u00b2 \/ 650,3 m\u00b2 + Kit d\u2019Accessoires Deluxe \u2013 Id\u00e9al pour les surfaces dures\"}]},{\"@type\":\"WebSite\",\"@id\":\"https:\/\/myovo.net\/#website\",\"url\":\"https:\/\/myovo.net\/\",\"name\":\"OVO Central Vacuum\",\"description\":\"\",\"publisher\":{\"@id\":\"https:\/\/myovo.net\/#organization\"},\"potentialAction\":[{\"@type\":\"SearchAction\",\"target\":{\"@type\":\"EntryPoint\",\"urlTemplate\":\"https:\/\/myovo.net\/?s={search_term_string}\"},\"query-input\":{\"@type\":\"PropertyValueSpecification\",\"valueRequired\":true,\"valueName\":\"search_term_string\"}}],\"inLanguage\":\"fr-FR\"},{\"@type\":\"Organization\",\"@id\":\"https:\/\/myovo.net\/#organization\",\"name\":\"OVO Central Vacuum\",\"url\":\"https:\/\/myovo.net\/\",\"logo\":{\"@type\":\"ImageObject\",\"inLanguage\":\"fr-FR\",\"@id\":\"https:\/\/myovo.net\/#\/schema\/logo\/image\/\",\"url\":\"https:\/\/i0.wp.com\/myovo.net\/wp-content\/uploads\/2024\/09\/logo-ovo-2-01-1.png?fit=241%2C117&ssl=1\",\"contentUrl\":\"https:\/\/i0.wp.com\/myovo.net\/wp-content\/uploads\/2024\/09\/logo-ovo-2-01-1.png?fit=241%2C117&ssl=1\",\"width\":241,\"height\":117,\"caption\":\"OVO Central Vacuum\"},\"image\":{\"@id\":\"https:\/\/myovo.net\/#\/schema\/logo\/image\/\"},\"sameAs\":[\"https:\/\/www.facebook.com\/nadairint\/\"]}]}<\/script>\n<!-- \/ Yoast SEO plugin. -->","yoast_head_json":{"title":"OVO 700 Airwatts, Syst\u00e8me d\u2019Aspiration Central Hybride, Cuve \u00e0 Chargement par le Bas de 25L \/ 6,6 Gal., Puissance d\u2019aspiration de 140\u201d H2O, Couvre jusqu\u2019\u00e0 7 000 pi\u00b2 \/ 650,3 m\u00b2 + Kit d\u2019Accessoires Deluxe \u2013 Id\u00e9al pour les surfaces dures - Ovo Vacuum","robots":{"index":"index","follow":"follow","max-snippet":"max-snippet:-1","max-image-preview":"max-image-preview:large","max-video-preview":"max-video-preview:-1"},"canonical":"https:\/\/myovo.net\/fr\/produit\/aspirateur-central-ovo-puissant-ensemble-daccessoires-deluxe\/","og_locale":"fr_FR","og_type":"article","og_title":"OVO 700 Airwatts, Syst\u00e8me d\u2019Aspiration Central Hybride, Cuve \u00e0 Chargement par le Bas de 25L \/ 6,6 Gal., Puissance d\u2019aspiration de 140\u201d H2O, Couvre jusqu\u2019\u00e0 7 000 pi\u00b2 \/ 650,3 m\u00b2 + Kit d\u2019Accessoires Deluxe \u2013 Id\u00e9al pour les surfaces dures - Ovo Vacuum","og_description":"700 AW 140\u201d H2O Moteur Thru-Flow \u00e0 2 \u00e9tapes 63 dB Technologie de d\u00e9marrage\/arr\u00eat progressif Couvre jusqu\u2019\u00e0 7 000 pi\u00b2 \/ 650,3 m\u00b2 \u2013 Jusqu\u2019\u00e0 7 prises Cuve \u00e0 chargement par le bas Indicateur DEL : Affiche l\u2019\u00e9tat de l\u2019unit\u00e9 \/ Quand changer le filtre ou le sac Filtration hybride : Peut \u00eatre utilis\u00e9 avec ou [...]","og_url":"https:\/\/myovo.net\/fr\/produit\/aspirateur-central-ovo-puissant-ensemble-daccessoires-deluxe\/","og_site_name":"Ovo Vacuum","article_publisher":"https:\/\/www.facebook.com\/nadairint\/","article_modified_time":"2025-04-08T20:06:25+00:00","og_image":[{"width":1500,"height":1500,"url":"https:\/\/myovo.net\/wp-content\/uploads\/2022\/03\/Pack725D.jpg","type":"image\/jpeg"}],"twitter_card":"summary_large_image","twitter_misc":{"Dur\u00e9e de lecture estim\u00e9e":"1 minute"},"schema":{"@context":"https:\/\/schema.org","@graph":[{"@type":"WebPage","@id":"https:\/\/myovo.net\/fr\/produit\/aspirateur-central-ovo-puissant-ensemble-daccessoires-deluxe\/","url":"https:\/\/myovo.net\/fr\/produit\/aspirateur-central-ovo-puissant-ensemble-daccessoires-deluxe\/","name":"OVO 700 Airwatts, Syst\u00e8me d\u2019Aspiration Central Hybride, Cuve \u00e0 Chargement par le Bas de 25L \/ 6,6 Gal., Puissance d\u2019aspiration de 140\u201d H2O, Couvre jusqu\u2019\u00e0 7 000 pi\u00b2 \/ 650,3 m\u00b2 + Kit d\u2019Accessoires Deluxe \u2013 Id\u00e9al pour les surfaces dures - Ovo Vacuum","isPartOf":{"@id":"https:\/\/myovo.net\/#website"},"primaryImageOfPage":{"@id":"https:\/\/myovo.net\/fr\/produit\/aspirateur-central-ovo-puissant-ensemble-daccessoires-deluxe\/#primaryimage"},"image":{"@id":"https:\/\/myovo.net\/fr\/produit\/aspirateur-central-ovo-puissant-ensemble-daccessoires-deluxe\/#primaryimage"},"thumbnailUrl":"https:\/\/i0.wp.com\/myovo.net\/wp-content\/uploads\/2022\/03\/Pack725D.jpg?fit=1500%2C1500&ssl=1","datePublished":"2022-03-15T19:57:38+00:00","dateModified":"2025-04-08T20:06:25+00:00","breadcrumb":{"@id":"https:\/\/myovo.net\/fr\/produit\/aspirateur-central-ovo-puissant-ensemble-daccessoires-deluxe\/#breadcrumb"},"inLanguage":"fr-FR","potentialAction":[{"@type":"ReadAction","target":["https:\/\/myovo.net\/fr\/produit\/aspirateur-central-ovo-puissant-ensemble-daccessoires-deluxe\/"]}]},{"@type":"ImageObject","inLanguage":"fr-FR","@id":"https:\/\/myovo.net\/fr\/produit\/aspirateur-central-ovo-puissant-ensemble-daccessoires-deluxe\/#primaryimage","url":"https:\/\/i0.wp.com\/myovo.net\/wp-content\/uploads\/2022\/03\/Pack725D.jpg?fit=1500%2C1500&ssl=1","contentUrl":"https:\/\/i0.wp.com\/myovo.net\/wp-content\/uploads\/2022\/03\/Pack725D.jpg?fit=1500%2C1500&ssl=1","width":1500,"height":1500},{"@type":"BreadcrumbList","@id":"https:\/\/myovo.net\/fr\/produit\/aspirateur-central-ovo-puissant-ensemble-daccessoires-deluxe\/#breadcrumb","itemListElement":[{"@type":"ListItem","position":1,"name":"Home","item":"https:\/\/myovo.net\/fr\/"},{"@type":"ListItem","position":2,"name":"Shop","item":"https:\/\/myovo.net\/shop-best-central-vacuum\/"},{"@type":"ListItem","position":3,"name":"OVO 700 Airwatts, Syst\u00e8me d\u2019Aspiration Central Hybride, Cuve \u00e0 Chargement par le Bas de 25L \/ 6,6 Gal., Puissance d\u2019aspiration de 140\u201d H2O, Couvre jusqu\u2019\u00e0 7 000 pi\u00b2 \/ 650,3 m\u00b2 + Kit d\u2019Accessoires Deluxe \u2013 Id\u00e9al pour les surfaces dures"}]},{"@type":"WebSite","@id":"https:\/\/myovo.net\/#website","url":"https:\/\/myovo.net\/","name":"OVO Central Vacuum","description":"","publisher":{"@id":"https:\/\/myovo.net\/#organization"},"potentialAction":[{"@type":"SearchAction","target":{"@type":"EntryPoint","urlTemplate":"https:\/\/myovo.net\/?s={search_term_string}"},"query-input":{"@type":"PropertyValueSpecification","valueRequired":true,"valueName":"search_term_string"}}],"inLanguage":"fr-FR"},{"@type":"Organization","@id":"https:\/\/myovo.net\/#organization","name":"OVO Central Vacuum","url":"https:\/\/myovo.net\/","logo":{"@type":"ImageObject","inLanguage":"fr-FR","@id":"https:\/\/myovo.net\/#\/schema\/logo\/image\/","url":"https:\/\/i0.wp.com\/myovo.net\/wp-content\/uploads\/2024\/09\/logo-ovo-2-01-1.png?fit=241%2C117&ssl=1","contentUrl":"https:\/\/i0.wp.com\/myovo.net\/wp-content\/uploads\/2024\/09\/logo-ovo-2-01-1.png?fit=241%2C117&ssl=1","width":241,"height":117,"caption":"OVO Central Vacuum"},"image":{"@id":"https:\/\/myovo.net\/#\/schema\/logo\/image\/"},"sameAs":["https:\/\/www.facebook.com\/nadairint\/"]}]}},"jetpack_publicize_connections":[],"jetpack_sharing_enabled":true,"_links":{"self":[{"href":"https:\/\/myovo.net\/fr\/wp-json\/wp\/v2\/product\/16016","targetHints":{"allow":["GET"]}}],"collection":[{"href":"https:\/\/myovo.net\/fr\/wp-json\/wp\/v2\/product"}],"about":[{"href":"https:\/\/myovo.net\/fr\/wp-json\/wp\/v2\/types\/product"}],"replies":[{"embeddable":true,"href":"https:\/\/myovo.net\/fr\/wp-json\/wp\/v2\/comments?post=16016"}],"wp:featuredmedia":[{"embeddable":true,"href":"https:\/\/myovo.net\/fr\/wp-json\/wp\/v2\/media\/22177"}],"wp:attachment":[{"href":"https:\/\/myovo.net\/fr\/wp-json\/wp\/v2\/media?parent=16016"}],"wp:term":[{"taxonomy":"product_brand","embeddable":true,"href":"https:\/\/myovo.net\/fr\/wp-json\/wp\/v2\/product_brand?post=16016"},{"taxonomy":"product_cat","embeddable":true,"href":"https:\/\/myovo.net\/fr\/wp-json\/wp\/v2\/product_cat?post=16016"},{"taxonomy":"product_tag","embeddable":true,"href":"https:\/\/myovo.net\/fr\/wp-json\/wp\/v2\/product_tag?post=16016"}],"curies":[{"name":"wp","href":"https:\/\/api.w.org\/{rel}","templated":true}]}}