{"id":16146,"date":"2021-04-28T08:36:11","date_gmt":"2021-04-28T12:36:11","guid":{"rendered":"https:\/\/dev.myovo.ca\/product\/prise-additionnelles-pour-le-garage\/"},"modified":"2021-04-28T08:36:11","modified_gmt":"2021-04-28T12:36:11","slug":"prise-additionnelles-pour-le-garage","status":"publish","type":"product","link":"https:\/\/myovo.net\/fr\/produit\/prise-additionnelles-pour-le-garage\/","title":{"rendered":"Prise additionnelles pour le garage"},"content":{"rendered":"<p id=\"tw-target-text\" class=\"tw-data-text tw-text-large tw-ta\" dir=\"ltr\" data-placeholder=\"Translation\"><span class=\"Y2IQFc\" lang=\"fr\">Prise additionnelle pour le garage. Facile \u00e0 utiliser et \u00e0 installer, directement depuis l&rsquo;unit\u00e9 <\/span><\/p>\n<p class=\"tw-data-text tw-text-large tw-ta\" dir=\"ltr\" data-placeholder=\"Translation\"><span class=\"Y2IQFc\" lang=\"fr\"> Parfait pour un garage ou un ajout d&rsquo;entr\u00e9e de vanne, avec ou sans r\u00e9seau de tuyauterie existant. Compatible avec les tuyauteries en pvc \u00e0 paroi mince de 2\u00a0\u00bb. La connexion \u00e0 3 voies peut \u00eatre remplac\u00e9e par un coude \u00e0 90 degr\u00e9s, si elle est utilis\u00e9e sans syst\u00e8me de tuyauterie. Transformez n&rsquo;importe quel aspirateur central en syst\u00e8me d&rsquo;aspirateur de garage mural. Tr\u00e8s facile \u00e0 installer. S&rsquo;adapte \u00e0 tous les raccords d&rsquo;aspirateur central en pvc \u00e0 paroi mince de 2\u00a0\u00bb. Connectez simplement le raccord en T (3 voies) \u00e0 l&rsquo;admission de votre appareil (ne collez pas cette pi\u00e8ce). Votre entr\u00e9e d&rsquo;aspirateur central doit toujours \u00eatre amovible Connectez ensuite le c\u00f4t\u00e9 oppos\u00e9 de la forme en T (3 voies) \u00e0 votre syst\u00e8me de tuyauterie existant. La vanne utilitaire peut ensuite \u00eatre coll\u00e9e dans la troisi\u00e8me connexion du raccord en forme de T (colle non incluse) Connectez les fils de la vanne d&rsquo;entr\u00e9e utilitaire \u00e0 votre appareil et commencez \u00e0 utiliser !!!<\/span><\/p>\n","protected":false},"excerpt":{"rendered":"<p>Prise additionnelle pour le garage. Facile \u00e0 utiliser et \u00e0 installer, directement depuis l&rsquo;unit\u00e9 Parfait pour un garage ou un ajout d&rsquo;entr\u00e9e de vanne, avec ou sans r\u00e9seau de tuyauterie existant. Compatible avec les tuyauteries en pvc \u00e0 paroi mince de 2\u00a0\u00bb. La connexion \u00e0 3 voies peut \u00eatre remplac\u00e9e par un coude \u00e0 90 degr\u00e9s,  [&#8230;]<\/p>\n","protected":false},"featured_media":15475,"comment_status":"closed","ping_status":"closed","template":"","meta":{"_acf_changed":false,"jetpack_post_was_ever_published":false,"jetpack_publicize_message":"","jetpack_publicize_feature_enabled":true,"jetpack_social_post_already_shared":true,"jetpack_social_options":{"image_generator_settings":{"template":"highway","default_image_id":0,"font":"","enabled":false},"version":2}},"product_brand":[],"product_cat":[88,144],"product_tag":[],"class_list":{"0":"post-16146","1":"product","2":"type-product","3":"status-publish","4":"has-post-thumbnail","6":"product_cat-installation-kit","7":"product_cat-pieces-de-remplacement","9":"first","10":"instock","11":"taxable","12":"shipping-taxable","13":"purchasable","14":"product-type-simple"},"acf":[],"yoast_head":"<!-- This site is optimized with the Yoast SEO plugin v26.7 - https:\/\/yoast.com\/wordpress\/plugins\/seo\/ -->\n<title>Prise additionnelles pour le garage - Ovo Vacuum<\/title>\n<meta name=\"robots\" content=\"index, follow, max-snippet:-1, max-image-preview:large, max-video-preview:-1\" \/>\n<link rel=\"canonical\" href=\"https:\/\/myovo.net\/fr\/produit\/prise-additionnelles-pour-le-garage\/\" \/>\n<meta property=\"og:locale\" content=\"fr_FR\" \/>\n<meta property=\"og:type\" content=\"article\" \/>\n<meta property=\"og:title\" content=\"Prise additionnelles pour le garage - Ovo Vacuum\" \/>\n<meta property=\"og:description\" content=\"Prise additionnelle pour le garage. Facile \u00e0 utiliser et \u00e0 installer, directement depuis l&rsquo;unit\u00e9 Parfait pour un garage ou un ajout d&rsquo;entr\u00e9e de vanne, avec ou sans r\u00e9seau de tuyauterie existant. Compatible avec les tuyauteries en pvc \u00e0 paroi mince de 2\u00a0\u00bb. La connexion \u00e0 3 voies peut \u00eatre remplac\u00e9e par un coude \u00e0 90 degr\u00e9s, [...]\" \/>\n<meta property=\"og:url\" content=\"https:\/\/myovo.net\/fr\/produit\/prise-additionnelles-pour-le-garage\/\" \/>\n<meta property=\"og:site_name\" content=\"Ovo Vacuum\" \/>\n<meta property=\"article:publisher\" content=\"https:\/\/www.facebook.com\/nadairint\/\" \/>\n<meta property=\"og:image\" content=\"https:\/\/myovo.net\/wp-content\/uploads\/2021\/04\/image001.png\" \/>\n\t<meta property=\"og:image:width\" content=\"581\" \/>\n\t<meta property=\"og:image:height\" content=\"611\" \/>\n\t<meta property=\"og:image:type\" content=\"image\/png\" \/>\n<meta name=\"twitter:card\" content=\"summary_large_image\" \/>\n<script type=\"application\/ld+json\" class=\"yoast-schema-graph\">{\"@context\":\"https:\/\/schema.org\",\"@graph\":[{\"@type\":\"WebPage\",\"@id\":\"https:\/\/myovo.net\/fr\/produit\/prise-additionnelles-pour-le-garage\/\",\"url\":\"https:\/\/myovo.net\/fr\/produit\/prise-additionnelles-pour-le-garage\/\",\"name\":\"Prise additionnelles pour le garage - Ovo Vacuum\",\"isPartOf\":{\"@id\":\"https:\/\/myovo.net\/#website\"},\"primaryImageOfPage\":{\"@id\":\"https:\/\/myovo.net\/fr\/produit\/prise-additionnelles-pour-le-garage\/#primaryimage\"},\"image\":{\"@id\":\"https:\/\/myovo.net\/fr\/produit\/prise-additionnelles-pour-le-garage\/#primaryimage\"},\"thumbnailUrl\":\"https:\/\/i0.wp.com\/myovo.net\/wp-content\/uploads\/2021\/04\/image001.png?fit=581%2C611&ssl=1\",\"datePublished\":\"2021-04-28T12:36:11+00:00\",\"breadcrumb\":{\"@id\":\"https:\/\/myovo.net\/fr\/produit\/prise-additionnelles-pour-le-garage\/#breadcrumb\"},\"inLanguage\":\"fr-FR\",\"potentialAction\":[{\"@type\":\"ReadAction\",\"target\":[\"https:\/\/myovo.net\/fr\/produit\/prise-additionnelles-pour-le-garage\/\"]}]},{\"@type\":\"ImageObject\",\"inLanguage\":\"fr-FR\",\"@id\":\"https:\/\/myovo.net\/fr\/produit\/prise-additionnelles-pour-le-garage\/#primaryimage\",\"url\":\"https:\/\/i0.wp.com\/myovo.net\/wp-content\/uploads\/2021\/04\/image001.png?fit=581%2C611&ssl=1\",\"contentUrl\":\"https:\/\/i0.wp.com\/myovo.net\/wp-content\/uploads\/2021\/04\/image001.png?fit=581%2C611&ssl=1\",\"width\":581,\"height\":611,\"caption\":\"direct plug in garage valve inlet\"},{\"@type\":\"BreadcrumbList\",\"@id\":\"https:\/\/myovo.net\/fr\/produit\/prise-additionnelles-pour-le-garage\/#breadcrumb\",\"itemListElement\":[{\"@type\":\"ListItem\",\"position\":1,\"name\":\"Home\",\"item\":\"https:\/\/myovo.net\/fr\/\"},{\"@type\":\"ListItem\",\"position\":2,\"name\":\"Shop\",\"item\":\"https:\/\/myovo.net\/shop-best-central-vacuum\/\"},{\"@type\":\"ListItem\",\"position\":3,\"name\":\"Prise additionnelles pour le garage\"}]},{\"@type\":\"WebSite\",\"@id\":\"https:\/\/myovo.net\/#website\",\"url\":\"https:\/\/myovo.net\/\",\"name\":\"OVO Central Vacuum\",\"description\":\"\",\"publisher\":{\"@id\":\"https:\/\/myovo.net\/#organization\"},\"potentialAction\":[{\"@type\":\"SearchAction\",\"target\":{\"@type\":\"EntryPoint\",\"urlTemplate\":\"https:\/\/myovo.net\/?s={search_term_string}\"},\"query-input\":{\"@type\":\"PropertyValueSpecification\",\"valueRequired\":true,\"valueName\":\"search_term_string\"}}],\"inLanguage\":\"fr-FR\"},{\"@type\":\"Organization\",\"@id\":\"https:\/\/myovo.net\/#organization\",\"name\":\"OVO Central Vacuum\",\"url\":\"https:\/\/myovo.net\/\",\"logo\":{\"@type\":\"ImageObject\",\"inLanguage\":\"fr-FR\",\"@id\":\"https:\/\/myovo.net\/#\/schema\/logo\/image\/\",\"url\":\"https:\/\/i0.wp.com\/myovo.net\/wp-content\/uploads\/2024\/09\/logo-ovo-2-01-1.png?fit=241%2C117&ssl=1\",\"contentUrl\":\"https:\/\/i0.wp.com\/myovo.net\/wp-content\/uploads\/2024\/09\/logo-ovo-2-01-1.png?fit=241%2C117&ssl=1\",\"width\":241,\"height\":117,\"caption\":\"OVO Central Vacuum\"},\"image\":{\"@id\":\"https:\/\/myovo.net\/#\/schema\/logo\/image\/\"},\"sameAs\":[\"https:\/\/www.facebook.com\/nadairint\/\"]}]}<\/script>\n<!-- \/ Yoast SEO plugin. -->","yoast_head_json":{"title":"Prise additionnelles pour le garage - Ovo Vacuum","robots":{"index":"index","follow":"follow","max-snippet":"max-snippet:-1","max-image-preview":"max-image-preview:large","max-video-preview":"max-video-preview:-1"},"canonical":"https:\/\/myovo.net\/fr\/produit\/prise-additionnelles-pour-le-garage\/","og_locale":"fr_FR","og_type":"article","og_title":"Prise additionnelles pour le garage - Ovo Vacuum","og_description":"Prise additionnelle pour le garage. Facile \u00e0 utiliser et \u00e0 installer, directement depuis l&rsquo;unit\u00e9 Parfait pour un garage ou un ajout d&rsquo;entr\u00e9e de vanne, avec ou sans r\u00e9seau de tuyauterie existant. Compatible avec les tuyauteries en pvc \u00e0 paroi mince de 2\u00a0\u00bb. La connexion \u00e0 3 voies peut \u00eatre remplac\u00e9e par un coude \u00e0 90 degr\u00e9s, [...]","og_url":"https:\/\/myovo.net\/fr\/produit\/prise-additionnelles-pour-le-garage\/","og_site_name":"Ovo Vacuum","article_publisher":"https:\/\/www.facebook.com\/nadairint\/","og_image":[{"width":581,"height":611,"url":"https:\/\/myovo.net\/wp-content\/uploads\/2021\/04\/image001.png","type":"image\/png"}],"twitter_card":"summary_large_image","schema":{"@context":"https:\/\/schema.org","@graph":[{"@type":"WebPage","@id":"https:\/\/myovo.net\/fr\/produit\/prise-additionnelles-pour-le-garage\/","url":"https:\/\/myovo.net\/fr\/produit\/prise-additionnelles-pour-le-garage\/","name":"Prise additionnelles pour le garage - Ovo Vacuum","isPartOf":{"@id":"https:\/\/myovo.net\/#website"},"primaryImageOfPage":{"@id":"https:\/\/myovo.net\/fr\/produit\/prise-additionnelles-pour-le-garage\/#primaryimage"},"image":{"@id":"https:\/\/myovo.net\/fr\/produit\/prise-additionnelles-pour-le-garage\/#primaryimage"},"thumbnailUrl":"https:\/\/i0.wp.com\/myovo.net\/wp-content\/uploads\/2021\/04\/image001.png?fit=581%2C611&ssl=1","datePublished":"2021-04-28T12:36:11+00:00","breadcrumb":{"@id":"https:\/\/myovo.net\/fr\/produit\/prise-additionnelles-pour-le-garage\/#breadcrumb"},"inLanguage":"fr-FR","potentialAction":[{"@type":"ReadAction","target":["https:\/\/myovo.net\/fr\/produit\/prise-additionnelles-pour-le-garage\/"]}]},{"@type":"ImageObject","inLanguage":"fr-FR","@id":"https:\/\/myovo.net\/fr\/produit\/prise-additionnelles-pour-le-garage\/#primaryimage","url":"https:\/\/i0.wp.com\/myovo.net\/wp-content\/uploads\/2021\/04\/image001.png?fit=581%2C611&ssl=1","contentUrl":"https:\/\/i0.wp.com\/myovo.net\/wp-content\/uploads\/2021\/04\/image001.png?fit=581%2C611&ssl=1","width":581,"height":611,"caption":"direct plug in garage valve inlet"},{"@type":"BreadcrumbList","@id":"https:\/\/myovo.net\/fr\/produit\/prise-additionnelles-pour-le-garage\/#breadcrumb","itemListElement":[{"@type":"ListItem","position":1,"name":"Home","item":"https:\/\/myovo.net\/fr\/"},{"@type":"ListItem","position":2,"name":"Shop","item":"https:\/\/myovo.net\/shop-best-central-vacuum\/"},{"@type":"ListItem","position":3,"name":"Prise additionnelles pour le garage"}]},{"@type":"WebSite","@id":"https:\/\/myovo.net\/#website","url":"https:\/\/myovo.net\/","name":"OVO Central Vacuum","description":"","publisher":{"@id":"https:\/\/myovo.net\/#organization"},"potentialAction":[{"@type":"SearchAction","target":{"@type":"EntryPoint","urlTemplate":"https:\/\/myovo.net\/?s={search_term_string}"},"query-input":{"@type":"PropertyValueSpecification","valueRequired":true,"valueName":"search_term_string"}}],"inLanguage":"fr-FR"},{"@type":"Organization","@id":"https:\/\/myovo.net\/#organization","name":"OVO Central Vacuum","url":"https:\/\/myovo.net\/","logo":{"@type":"ImageObject","inLanguage":"fr-FR","@id":"https:\/\/myovo.net\/#\/schema\/logo\/image\/","url":"https:\/\/i0.wp.com\/myovo.net\/wp-content\/uploads\/2024\/09\/logo-ovo-2-01-1.png?fit=241%2C117&ssl=1","contentUrl":"https:\/\/i0.wp.com\/myovo.net\/wp-content\/uploads\/2024\/09\/logo-ovo-2-01-1.png?fit=241%2C117&ssl=1","width":241,"height":117,"caption":"OVO Central Vacuum"},"image":{"@id":"https:\/\/myovo.net\/#\/schema\/logo\/image\/"},"sameAs":["https:\/\/www.facebook.com\/nadairint\/"]}]}},"jetpack_publicize_connections":[],"jetpack_sharing_enabled":true,"_links":{"self":[{"href":"https:\/\/myovo.net\/fr\/wp-json\/wp\/v2\/product\/16146","targetHints":{"allow":["GET"]}}],"collection":[{"href":"https:\/\/myovo.net\/fr\/wp-json\/wp\/v2\/product"}],"about":[{"href":"https:\/\/myovo.net\/fr\/wp-json\/wp\/v2\/types\/product"}],"replies":[{"embeddable":true,"href":"https:\/\/myovo.net\/fr\/wp-json\/wp\/v2\/comments?post=16146"}],"wp:featuredmedia":[{"embeddable":true,"href":"https:\/\/myovo.net\/fr\/wp-json\/wp\/v2\/media\/15475"}],"wp:attachment":[{"href":"https:\/\/myovo.net\/fr\/wp-json\/wp\/v2\/media?parent=16146"}],"wp:term":[{"taxonomy":"product_brand","embeddable":true,"href":"https:\/\/myovo.net\/fr\/wp-json\/wp\/v2\/product_brand?post=16146"},{"taxonomy":"product_cat","embeddable":true,"href":"https:\/\/myovo.net\/fr\/wp-json\/wp\/v2\/product_cat?post=16146"},{"taxonomy":"product_tag","embeddable":true,"href":"https:\/\/myovo.net\/fr\/wp-json\/wp\/v2\/product_tag?post=16146"}],"curies":[{"name":"wp","href":"https:\/\/api.w.org\/{rel}","templated":true}]}}