{"id":21264,"date":"2024-05-21T11:59:01","date_gmt":"2024-05-21T15:59:01","guid":{"rendered":"https:\/\/dev.myovo.ca\/product\/systeme-daspiration-central-ovo-smart-750-aw-hybride-peut-etre-utilise-avec-ou-sans-sacs-jetables-controlable-avec-un-appareil-intelligent-en-contournant-le-systeme-basse-tension\/"},"modified":"2025-05-14T11:28:36","modified_gmt":"2025-05-14T15:28:36","slug":"systeme-daspiration-central-ovo-smart-750-aw-hybride-peut-etre-utilise-avec-ou-sans-sacs-jetables-controlable-avec-un-appareil-intelligent-en-contournant-le-systeme-basse-tension","status":"publish","type":"product","link":"https:\/\/myovo.net\/fr\/produit\/systeme-daspiration-central-ovo-smart-750-aw-hybride-peut-etre-utilise-avec-ou-sans-sacs-jetables-controlable-avec-un-appareil-intelligent-en-contournant-le-systeme-basse-tension\/","title":{"rendered":"Syst\u00e8me d\u2019Aspirateur Central Intelligent OVO 750 Airwatts \u2013 Commande MARCHE\/ARR\u00caT conventionnelle &#038; via application intelligente \u2013 Filtration hybride (avec ou sans sac), ultra silencieux, couvre jusqu\u2019\u00e0 10 000 pi\u00b2, d\u00e9marrage\/arr\u00eat en douceur, 3 niveaux d\u2019aspiration &#038; commande vocale"},"content":{"rendered":"<h3 data-start=\"40\" data-end=\"92\">FONCTIONNEMENT CONVENTIONNEL ET\/OU INTELLIGENT<\/h3>\n<p data-start=\"93\" data-end=\"205\">Allumez et \u00e9teignez le syst\u00e8me d\u2019aspirateur central de mani\u00e8re traditionnelle ou via l\u2019application intelligente.<\/p>\n<h3 data-start=\"207\" data-end=\"254\">FONCTIONNALIT\u00c9S ET AVANTAGES INTELLIGENTS<\/h3>\n<p data-start=\"255\" data-end=\"612\">D\u00e9marrez et arr\u00eatez l\u2019unit\u00e9 depuis votre t\u00e9l\u00e9phone intelligent ou \u00e0 l\u2019aide de commandes vocales. R\u00e9solvez tout probl\u00e8me de prise d\u00e9fectueuse dans votre syst\u00e8me actuel en allumant ou \u00e9teignant votre unit\u00e9 via l\u2019application intelligente. R\u00e9glez la puissance d\u2019aspiration (3 niveaux) et surveillez l\u2019\u00e9tat du syst\u00e8me en temps r\u00e9el pour un entretien sans tracas.<\/p>\n<h3 data-start=\"614\" data-end=\"639\">HAUTES PERFORMANCES<\/h3>\n<p data-start=\"640\" data-end=\"803\">Propuls\u00e9 par un moteur am\u00e9ricain robuste de 750 AirWatts, 5,7&Prime; \u00e0 2 \u00e9tages, offrant une puissance d\u2019aspiration de 140,2 CFM \u2014 id\u00e9al pour un nettoyage en profondeur.<\/p>\n<h3 data-start=\"805\" data-end=\"849\">TECHNOLOGIE D\u00c9MARRAGE\/ARR\u00caT EN DOUCEUR<\/h3>\n<p data-start=\"850\" data-end=\"909\">Prot\u00e8ge le moteur et prolonge sa dur\u00e9e de vie jusqu\u2019\u00e0 20 %.<\/p>\n<h3 data-start=\"911\" data-end=\"948\">FONCTIONNEMENT ULTRA-SILENCIEUX<\/h3>\n<p data-start=\"949\" data-end=\"1064\">\u00c9quip\u00e9 d\u2019un silencieux int\u00e9gr\u00e9 et de mousse insonorisante dans le bo\u00eetier du moteur pour un fonctionnement discret.<\/p>\n<h3 data-start=\"1066\" data-end=\"1101\">GRANDE COUVERTURE ET CAPACIT\u00c9<\/h3>\n<p data-start=\"1102\" data-end=\"1274\">Con\u00e7u pour nettoyer des maisons jusqu\u2019\u00e0 10 000 pi\u00b2 (929,1 m\u00b2) et supporter jusqu\u2019\u00e0 10 prises d\u2019aspiration. Comprend une cuve en acier roul\u00e9 robuste de 35 L (9,25 gallons).<\/p>\n<h3 data-start=\"1276\" data-end=\"1311\">SYST\u00c8ME DE FILTRATION HYBRIDE<\/h3>\n<p data-start=\"1312\" data-end=\"1344\">Utilisation avec ou sans sac :<\/p>\n<ul data-start=\"1345\" data-end=\"1501\">\n<li data-start=\"1345\" data-end=\"1432\">\n<p data-start=\"1347\" data-end=\"1432\">Un sac filtrant jetable en tissu \u00e0 trois couches, r\u00e9sistant \u00e0 la d\u00e9chirure (inclus)<\/p>\n<\/li>\n<li data-start=\"1433\" data-end=\"1501\">\n<p data-start=\"1435\" data-end=\"1501\">Un filtre permanent lavable (inclus pour une utilisation sans sac)<\/p>\n<\/li>\n<\/ul>\n<h3 data-start=\"1503\" data-end=\"1528\">D\u00c9LAI DE 3 SECONDES<\/h3>\n<p data-start=\"1529\" data-end=\"1653\">Un d\u00e9lai de 3 secondes assure que tous les d\u00e9bris restants soient aspir\u00e9s du boyau et des conduits apr\u00e8s l\u2019arr\u00eat de l\u2019unit\u00e9.<\/p>\n<h3 data-start=\"1655\" data-end=\"1713\">INSTALLATION FACILE \u2013 AUCUN DISJONCTEUR D\u00c9DI\u00c9 REQUIS<\/h3>\n<p data-start=\"1714\" data-end=\"1898\">Fonctionne avec un disjoncteur standard de 15 amp\u00e8res non d\u00e9di\u00e9 et se branche dans une prise de 110\u2013120 V. Enti\u00e8rement compatible avec la tuyauterie existante en PVC de 2&Prime; (ASTM 2158).<\/p>\n<hr data-start=\"1900\" data-end=\"1903\" \/>\n<p data-start=\"1905\" data-end=\"1938\"><strong data-start=\"1905\" data-end=\"1938\">Caract\u00e9ristiques techniques :<\/strong><\/p>\n<ul data-start=\"1940\" data-end=\"2466\">\n<li data-start=\"1940\" data-end=\"1950\">\n<p data-start=\"1942\" data-end=\"1950\">750 AW<\/p>\n<\/li>\n<li data-start=\"1951\" data-end=\"1967\">\n<p data-start=\"1953\" data-end=\"1967\">146\u201d H2O max<\/p>\n<\/li>\n<li data-start=\"1968\" data-end=\"1981\">\n<p data-start=\"1970\" data-end=\"1981\">68 dB max<\/p>\n<\/li>\n<li data-start=\"1982\" data-end=\"2004\">\n<p data-start=\"1984\" data-end=\"2004\">25 L \/ 6,6 gallons<\/p>\n<\/li>\n<li data-start=\"2005\" data-end=\"2080\">\n<p data-start=\"2007\" data-end=\"2080\">D\u00e9marrage \/ arr\u00eat depuis un appareil intelligent ou par commande vocale<\/p>\n<\/li>\n<li data-start=\"2081\" data-end=\"2116\">\n<p data-start=\"2083\" data-end=\"2116\">Moteur \u00e0 deux \u00e9tages, Thru-Flow<\/p>\n<\/li>\n<li data-start=\"2117\" data-end=\"2131\">\n<p data-start=\"2119\" data-end=\"2131\">3 vitesses<\/p>\n<\/li>\n<li data-start=\"2132\" data-end=\"2176\">\n<p data-start=\"2134\" data-end=\"2176\">Technologie d\u00e9marrage \/ arr\u00eat en douceur<\/p>\n<\/li>\n<li data-start=\"2177\" data-end=\"2210\">\n<p data-start=\"2179\" data-end=\"2210\">Jusqu\u2019\u00e0 10 000 pi\u00b2 \/ 929,1 m\u00b2<\/p>\n<\/li>\n<li data-start=\"2211\" data-end=\"2232\">\n<p data-start=\"2213\" data-end=\"2232\">Jusqu\u2019\u00e0 10 prises<\/p>\n<\/li>\n<li data-start=\"2233\" data-end=\"2262\">\n<p data-start=\"2235\" data-end=\"2262\">Cuve \u00e0 vidange inf\u00e9rieure<\/p>\n<\/li>\n<li data-start=\"2263\" data-end=\"2348\">\n<p data-start=\"2265\" data-end=\"2348\">Indicateur DEL : Affiche l\u2019\u00e9tat en temps r\u00e9el \/ Quand changer le filtre ou le sac<\/p>\n<\/li>\n<li data-start=\"2349\" data-end=\"2419\">\n<p data-start=\"2351\" data-end=\"2419\">Filtration hybride : Utilisation avec ou sans sac filtrant jetable<\/p>\n<\/li>\n<li data-start=\"2420\" data-end=\"2466\">\n<p data-start=\"2422\" data-end=\"2466\">Acier roul\u00e9 : R\u00e9sistant, robuste et \u00e9l\u00e9gant<\/p>\n<\/li>\n<\/ul>\n","protected":false},"excerpt":{"rendered":"<p>FONCTIONNEMENT CONVENTIONNEL ET\/OU INTELLIGENT Allumez et \u00e9teignez le syst\u00e8me d\u2019aspirateur central de mani\u00e8re traditionnelle ou via l\u2019application intelligente. FONCTIONNALIT\u00c9S ET AVANTAGES INTELLIGENTS D\u00e9marrez et arr\u00eatez l\u2019unit\u00e9 depuis votre t\u00e9l\u00e9phone intelligent ou \u00e0 l\u2019aide de commandes vocales. R\u00e9solvez tout probl\u00e8me de prise d\u00e9fectueuse dans votre syst\u00e8me actuel en allumant ou \u00e9teignant votre unit\u00e9 via l\u2019application intelligente. R\u00e9glez  [&#8230;]<\/p>\n","protected":false},"featured_media":24595,"comment_status":"closed","ping_status":"closed","template":"","meta":{"_acf_changed":false,"jetpack_post_was_ever_published":false,"jetpack_publicize_message":"","jetpack_publicize_feature_enabled":true,"jetpack_social_post_already_shared":true,"jetpack_social_options":{"image_generator_settings":{"template":"highway","default_image_id":0,"font":"","enabled":false},"version":2}},"product_brand":[],"product_cat":[82,133,142],"product_tag":[],"class_list":{"0":"post-21264","1":"product","2":"type-product","3":"status-publish","4":"has-post-thumbnail","6":"product_cat-aspirateur-central","7":"product_cat-aspirateur-central-seulement","8":"product_cat-produits","10":"first","11":"instock","12":"featured","13":"taxable","14":"shipping-taxable","15":"purchasable","16":"product-type-simple"},"acf":[],"yoast_head":"<!-- This site is optimized with the Yoast SEO plugin v26.7 - https:\/\/yoast.com\/wordpress\/plugins\/seo\/ -->\n<title>Syst\u00e8me d\u2019Aspirateur Central Intelligent OVO 750 Airwatts \u2013 Commande MARCHE\/ARR\u00caT conventionnelle &amp; via application intelligente \u2013 Filtration hybride (avec ou sans sac), ultra silencieux, couvre jusqu\u2019\u00e0 10 000 pi\u00b2, d\u00e9marrage\/arr\u00eat en douceur, 3 niveaux d\u2019aspiration &amp; commande vocale - Ovo Vacuum<\/title>\n<meta name=\"robots\" content=\"index, follow, max-snippet:-1, max-image-preview:large, max-video-preview:-1\" \/>\n<link rel=\"canonical\" href=\"https:\/\/myovo.net\/fr\/produit\/systeme-daspiration-central-ovo-smart-750-aw-hybride-peut-etre-utilise-avec-ou-sans-sacs-jetables-controlable-avec-un-appareil-intelligent-en-contournant-le-systeme-basse-tension\/\" \/>\n<meta property=\"og:locale\" content=\"fr_FR\" \/>\n<meta property=\"og:type\" content=\"article\" \/>\n<meta property=\"og:title\" content=\"Syst\u00e8me d\u2019Aspirateur Central Intelligent OVO 750 Airwatts \u2013 Commande MARCHE\/ARR\u00caT conventionnelle &amp; via application intelligente \u2013 Filtration hybride (avec ou sans sac), ultra silencieux, couvre jusqu\u2019\u00e0 10 000 pi\u00b2, d\u00e9marrage\/arr\u00eat en douceur, 3 niveaux d\u2019aspiration &amp; commande vocale - Ovo Vacuum\" \/>\n<meta property=\"og:description\" content=\"FONCTIONNEMENT CONVENTIONNEL ET\/OU INTELLIGENT Allumez et \u00e9teignez le syst\u00e8me d\u2019aspirateur central de mani\u00e8re traditionnelle ou via l\u2019application intelligente. FONCTIONNALIT\u00c9S ET AVANTAGES INTELLIGENTS D\u00e9marrez et arr\u00eatez l\u2019unit\u00e9 depuis votre t\u00e9l\u00e9phone intelligent ou \u00e0 l\u2019aide de commandes vocales. R\u00e9solvez tout probl\u00e8me de prise d\u00e9fectueuse dans votre syst\u00e8me actuel en allumant ou \u00e9teignant votre unit\u00e9 via l\u2019application intelligente. R\u00e9glez [...]\" \/>\n<meta property=\"og:url\" content=\"https:\/\/myovo.net\/fr\/produit\/systeme-daspiration-central-ovo-smart-750-aw-hybride-peut-etre-utilise-avec-ou-sans-sacs-jetables-controlable-avec-un-appareil-intelligent-en-contournant-le-systeme-basse-tension\/\" \/>\n<meta property=\"og:site_name\" content=\"Ovo Vacuum\" \/>\n<meta property=\"article:publisher\" content=\"https:\/\/www.facebook.com\/nadairint\/\" \/>\n<meta property=\"article:modified_time\" content=\"2025-05-14T15:28:36+00:00\" \/>\n<meta property=\"og:image\" content=\"https:\/\/myovo.net\/wp-content\/uploads\/2024\/05\/Image-1-1.jpg\" \/>\n\t<meta property=\"og:image:width\" content=\"2085\" \/>\n\t<meta property=\"og:image:height\" content=\"2084\" \/>\n\t<meta property=\"og:image:type\" content=\"image\/jpeg\" \/>\n<meta name=\"twitter:card\" content=\"summary_large_image\" \/>\n<meta name=\"twitter:label1\" content=\"Dur\u00e9e de lecture estim\u00e9e\" \/>\n\t<meta name=\"twitter:data1\" content=\"1 minute\" \/>\n<script type=\"application\/ld+json\" class=\"yoast-schema-graph\">{\"@context\":\"https:\/\/schema.org\",\"@graph\":[{\"@type\":\"WebPage\",\"@id\":\"https:\/\/myovo.net\/fr\/produit\/systeme-daspiration-central-ovo-smart-750-aw-hybride-peut-etre-utilise-avec-ou-sans-sacs-jetables-controlable-avec-un-appareil-intelligent-en-contournant-le-systeme-basse-tension\/\",\"url\":\"https:\/\/myovo.net\/fr\/produit\/systeme-daspiration-central-ovo-smart-750-aw-hybride-peut-etre-utilise-avec-ou-sans-sacs-jetables-controlable-avec-un-appareil-intelligent-en-contournant-le-systeme-basse-tension\/\",\"name\":\"Syst\u00e8me d\u2019Aspirateur Central Intelligent OVO 750 Airwatts \u2013 Commande MARCHE\/ARR\u00caT conventionnelle & via application intelligente \u2013 Filtration hybride (avec ou sans sac), ultra silencieux, couvre jusqu\u2019\u00e0 10 000 pi\u00b2, d\u00e9marrage\/arr\u00eat en douceur, 3 niveaux d\u2019aspiration & commande vocale - Ovo Vacuum\",\"isPartOf\":{\"@id\":\"https:\/\/myovo.net\/#website\"},\"primaryImageOfPage\":{\"@id\":\"https:\/\/myovo.net\/fr\/produit\/systeme-daspiration-central-ovo-smart-750-aw-hybride-peut-etre-utilise-avec-ou-sans-sacs-jetables-controlable-avec-un-appareil-intelligent-en-contournant-le-systeme-basse-tension\/#primaryimage\"},\"image\":{\"@id\":\"https:\/\/myovo.net\/fr\/produit\/systeme-daspiration-central-ovo-smart-750-aw-hybride-peut-etre-utilise-avec-ou-sans-sacs-jetables-controlable-avec-un-appareil-intelligent-en-contournant-le-systeme-basse-tension\/#primaryimage\"},\"thumbnailUrl\":\"https:\/\/i0.wp.com\/myovo.net\/wp-content\/uploads\/2024\/05\/OVO-700SM-35H-copie.jpg?fit=1500%2C1500&ssl=1\",\"datePublished\":\"2024-05-21T15:59:01+00:00\",\"dateModified\":\"2025-05-14T15:28:36+00:00\",\"breadcrumb\":{\"@id\":\"https:\/\/myovo.net\/fr\/produit\/systeme-daspiration-central-ovo-smart-750-aw-hybride-peut-etre-utilise-avec-ou-sans-sacs-jetables-controlable-avec-un-appareil-intelligent-en-contournant-le-systeme-basse-tension\/#breadcrumb\"},\"inLanguage\":\"fr-FR\",\"potentialAction\":[{\"@type\":\"ReadAction\",\"target\":[\"https:\/\/myovo.net\/fr\/produit\/systeme-daspiration-central-ovo-smart-750-aw-hybride-peut-etre-utilise-avec-ou-sans-sacs-jetables-controlable-avec-un-appareil-intelligent-en-contournant-le-systeme-basse-tension\/\"]}]},{\"@type\":\"ImageObject\",\"inLanguage\":\"fr-FR\",\"@id\":\"https:\/\/myovo.net\/fr\/produit\/systeme-daspiration-central-ovo-smart-750-aw-hybride-peut-etre-utilise-avec-ou-sans-sacs-jetables-controlable-avec-un-appareil-intelligent-en-contournant-le-systeme-basse-tension\/#primaryimage\",\"url\":\"https:\/\/i0.wp.com\/myovo.net\/wp-content\/uploads\/2024\/05\/OVO-700SM-35H-copie.jpg?fit=1500%2C1500&ssl=1\",\"contentUrl\":\"https:\/\/i0.wp.com\/myovo.net\/wp-content\/uploads\/2024\/05\/OVO-700SM-35H-copie.jpg?fit=1500%2C1500&ssl=1\",\"width\":1500,\"height\":1500},{\"@type\":\"BreadcrumbList\",\"@id\":\"https:\/\/myovo.net\/fr\/produit\/systeme-daspiration-central-ovo-smart-750-aw-hybride-peut-etre-utilise-avec-ou-sans-sacs-jetables-controlable-avec-un-appareil-intelligent-en-contournant-le-systeme-basse-tension\/#breadcrumb\",\"itemListElement\":[{\"@type\":\"ListItem\",\"position\":1,\"name\":\"Home\",\"item\":\"https:\/\/myovo.net\/fr\/\"},{\"@type\":\"ListItem\",\"position\":2,\"name\":\"Shop\",\"item\":\"https:\/\/myovo.net\/shop-best-central-vacuum\/\"},{\"@type\":\"ListItem\",\"position\":3,\"name\":\"Syst\u00e8me d\u2019Aspirateur Central Intelligent OVO 750 Airwatts \u2013 Commande MARCHE\/ARR\u00caT conventionnelle &#038; via application intelligente \u2013 Filtration hybride (avec ou sans sac), ultra silencieux, couvre jusqu\u2019\u00e0 10 000 pi\u00b2, d\u00e9marrage\/arr\u00eat en douceur, 3 niveaux d\u2019aspiration &#038; commande vocale\"}]},{\"@type\":\"WebSite\",\"@id\":\"https:\/\/myovo.net\/#website\",\"url\":\"https:\/\/myovo.net\/\",\"name\":\"OVO Central Vacuum\",\"description\":\"\",\"publisher\":{\"@id\":\"https:\/\/myovo.net\/#organization\"},\"potentialAction\":[{\"@type\":\"SearchAction\",\"target\":{\"@type\":\"EntryPoint\",\"urlTemplate\":\"https:\/\/myovo.net\/?s={search_term_string}\"},\"query-input\":{\"@type\":\"PropertyValueSpecification\",\"valueRequired\":true,\"valueName\":\"search_term_string\"}}],\"inLanguage\":\"fr-FR\"},{\"@type\":\"Organization\",\"@id\":\"https:\/\/myovo.net\/#organization\",\"name\":\"OVO Central Vacuum\",\"url\":\"https:\/\/myovo.net\/\",\"logo\":{\"@type\":\"ImageObject\",\"inLanguage\":\"fr-FR\",\"@id\":\"https:\/\/myovo.net\/#\/schema\/logo\/image\/\",\"url\":\"https:\/\/i0.wp.com\/myovo.net\/wp-content\/uploads\/2024\/09\/logo-ovo-2-01-1.png?fit=241%2C117&ssl=1\",\"contentUrl\":\"https:\/\/i0.wp.com\/myovo.net\/wp-content\/uploads\/2024\/09\/logo-ovo-2-01-1.png?fit=241%2C117&ssl=1\",\"width\":241,\"height\":117,\"caption\":\"OVO Central Vacuum\"},\"image\":{\"@id\":\"https:\/\/myovo.net\/#\/schema\/logo\/image\/\"},\"sameAs\":[\"https:\/\/www.facebook.com\/nadairint\/\"]}]}<\/script>\n<!-- \/ Yoast SEO plugin. -->","yoast_head_json":{"title":"Syst\u00e8me d\u2019Aspirateur Central Intelligent OVO 750 Airwatts \u2013 Commande MARCHE\/ARR\u00caT conventionnelle & via application intelligente \u2013 Filtration hybride (avec ou sans sac), ultra silencieux, couvre jusqu\u2019\u00e0 10 000 pi\u00b2, d\u00e9marrage\/arr\u00eat en douceur, 3 niveaux d\u2019aspiration & commande vocale - Ovo Vacuum","robots":{"index":"index","follow":"follow","max-snippet":"max-snippet:-1","max-image-preview":"max-image-preview:large","max-video-preview":"max-video-preview:-1"},"canonical":"https:\/\/myovo.net\/fr\/produit\/systeme-daspiration-central-ovo-smart-750-aw-hybride-peut-etre-utilise-avec-ou-sans-sacs-jetables-controlable-avec-un-appareil-intelligent-en-contournant-le-systeme-basse-tension\/","og_locale":"fr_FR","og_type":"article","og_title":"Syst\u00e8me d\u2019Aspirateur Central Intelligent OVO 750 Airwatts \u2013 Commande MARCHE\/ARR\u00caT conventionnelle & via application intelligente \u2013 Filtration hybride (avec ou sans sac), ultra silencieux, couvre jusqu\u2019\u00e0 10 000 pi\u00b2, d\u00e9marrage\/arr\u00eat en douceur, 3 niveaux d\u2019aspiration & commande vocale - Ovo Vacuum","og_description":"FONCTIONNEMENT CONVENTIONNEL ET\/OU INTELLIGENT Allumez et \u00e9teignez le syst\u00e8me d\u2019aspirateur central de mani\u00e8re traditionnelle ou via l\u2019application intelligente. FONCTIONNALIT\u00c9S ET AVANTAGES INTELLIGENTS D\u00e9marrez et arr\u00eatez l\u2019unit\u00e9 depuis votre t\u00e9l\u00e9phone intelligent ou \u00e0 l\u2019aide de commandes vocales. R\u00e9solvez tout probl\u00e8me de prise d\u00e9fectueuse dans votre syst\u00e8me actuel en allumant ou \u00e9teignant votre unit\u00e9 via l\u2019application intelligente. R\u00e9glez [...]","og_url":"https:\/\/myovo.net\/fr\/produit\/systeme-daspiration-central-ovo-smart-750-aw-hybride-peut-etre-utilise-avec-ou-sans-sacs-jetables-controlable-avec-un-appareil-intelligent-en-contournant-le-systeme-basse-tension\/","og_site_name":"Ovo Vacuum","article_publisher":"https:\/\/www.facebook.com\/nadairint\/","article_modified_time":"2025-05-14T15:28:36+00:00","og_image":[{"width":2085,"height":2084,"url":"https:\/\/myovo.net\/wp-content\/uploads\/2024\/05\/Image-1-1.jpg","type":"image\/jpeg"}],"twitter_card":"summary_large_image","twitter_misc":{"Dur\u00e9e de lecture estim\u00e9e":"1 minute"},"schema":{"@context":"https:\/\/schema.org","@graph":[{"@type":"WebPage","@id":"https:\/\/myovo.net\/fr\/produit\/systeme-daspiration-central-ovo-smart-750-aw-hybride-peut-etre-utilise-avec-ou-sans-sacs-jetables-controlable-avec-un-appareil-intelligent-en-contournant-le-systeme-basse-tension\/","url":"https:\/\/myovo.net\/fr\/produit\/systeme-daspiration-central-ovo-smart-750-aw-hybride-peut-etre-utilise-avec-ou-sans-sacs-jetables-controlable-avec-un-appareil-intelligent-en-contournant-le-systeme-basse-tension\/","name":"Syst\u00e8me d\u2019Aspirateur Central Intelligent OVO 750 Airwatts \u2013 Commande MARCHE\/ARR\u00caT conventionnelle & via application intelligente \u2013 Filtration hybride (avec ou sans sac), ultra silencieux, couvre jusqu\u2019\u00e0 10 000 pi\u00b2, d\u00e9marrage\/arr\u00eat en douceur, 3 niveaux d\u2019aspiration & commande vocale - Ovo Vacuum","isPartOf":{"@id":"https:\/\/myovo.net\/#website"},"primaryImageOfPage":{"@id":"https:\/\/myovo.net\/fr\/produit\/systeme-daspiration-central-ovo-smart-750-aw-hybride-peut-etre-utilise-avec-ou-sans-sacs-jetables-controlable-avec-un-appareil-intelligent-en-contournant-le-systeme-basse-tension\/#primaryimage"},"image":{"@id":"https:\/\/myovo.net\/fr\/produit\/systeme-daspiration-central-ovo-smart-750-aw-hybride-peut-etre-utilise-avec-ou-sans-sacs-jetables-controlable-avec-un-appareil-intelligent-en-contournant-le-systeme-basse-tension\/#primaryimage"},"thumbnailUrl":"https:\/\/i0.wp.com\/myovo.net\/wp-content\/uploads\/2024\/05\/OVO-700SM-35H-copie.jpg?fit=1500%2C1500&ssl=1","datePublished":"2024-05-21T15:59:01+00:00","dateModified":"2025-05-14T15:28:36+00:00","breadcrumb":{"@id":"https:\/\/myovo.net\/fr\/produit\/systeme-daspiration-central-ovo-smart-750-aw-hybride-peut-etre-utilise-avec-ou-sans-sacs-jetables-controlable-avec-un-appareil-intelligent-en-contournant-le-systeme-basse-tension\/#breadcrumb"},"inLanguage":"fr-FR","potentialAction":[{"@type":"ReadAction","target":["https:\/\/myovo.net\/fr\/produit\/systeme-daspiration-central-ovo-smart-750-aw-hybride-peut-etre-utilise-avec-ou-sans-sacs-jetables-controlable-avec-un-appareil-intelligent-en-contournant-le-systeme-basse-tension\/"]}]},{"@type":"ImageObject","inLanguage":"fr-FR","@id":"https:\/\/myovo.net\/fr\/produit\/systeme-daspiration-central-ovo-smart-750-aw-hybride-peut-etre-utilise-avec-ou-sans-sacs-jetables-controlable-avec-un-appareil-intelligent-en-contournant-le-systeme-basse-tension\/#primaryimage","url":"https:\/\/i0.wp.com\/myovo.net\/wp-content\/uploads\/2024\/05\/OVO-700SM-35H-copie.jpg?fit=1500%2C1500&ssl=1","contentUrl":"https:\/\/i0.wp.com\/myovo.net\/wp-content\/uploads\/2024\/05\/OVO-700SM-35H-copie.jpg?fit=1500%2C1500&ssl=1","width":1500,"height":1500},{"@type":"BreadcrumbList","@id":"https:\/\/myovo.net\/fr\/produit\/systeme-daspiration-central-ovo-smart-750-aw-hybride-peut-etre-utilise-avec-ou-sans-sacs-jetables-controlable-avec-un-appareil-intelligent-en-contournant-le-systeme-basse-tension\/#breadcrumb","itemListElement":[{"@type":"ListItem","position":1,"name":"Home","item":"https:\/\/myovo.net\/fr\/"},{"@type":"ListItem","position":2,"name":"Shop","item":"https:\/\/myovo.net\/shop-best-central-vacuum\/"},{"@type":"ListItem","position":3,"name":"Syst\u00e8me d\u2019Aspirateur Central Intelligent OVO 750 Airwatts \u2013 Commande MARCHE\/ARR\u00caT conventionnelle &#038; via application intelligente \u2013 Filtration hybride (avec ou sans sac), ultra silencieux, couvre jusqu\u2019\u00e0 10 000 pi\u00b2, d\u00e9marrage\/arr\u00eat en douceur, 3 niveaux d\u2019aspiration &#038; commande vocale"}]},{"@type":"WebSite","@id":"https:\/\/myovo.net\/#website","url":"https:\/\/myovo.net\/","name":"OVO Central Vacuum","description":"","publisher":{"@id":"https:\/\/myovo.net\/#organization"},"potentialAction":[{"@type":"SearchAction","target":{"@type":"EntryPoint","urlTemplate":"https:\/\/myovo.net\/?s={search_term_string}"},"query-input":{"@type":"PropertyValueSpecification","valueRequired":true,"valueName":"search_term_string"}}],"inLanguage":"fr-FR"},{"@type":"Organization","@id":"https:\/\/myovo.net\/#organization","name":"OVO Central Vacuum","url":"https:\/\/myovo.net\/","logo":{"@type":"ImageObject","inLanguage":"fr-FR","@id":"https:\/\/myovo.net\/#\/schema\/logo\/image\/","url":"https:\/\/i0.wp.com\/myovo.net\/wp-content\/uploads\/2024\/09\/logo-ovo-2-01-1.png?fit=241%2C117&ssl=1","contentUrl":"https:\/\/i0.wp.com\/myovo.net\/wp-content\/uploads\/2024\/09\/logo-ovo-2-01-1.png?fit=241%2C117&ssl=1","width":241,"height":117,"caption":"OVO Central Vacuum"},"image":{"@id":"https:\/\/myovo.net\/#\/schema\/logo\/image\/"},"sameAs":["https:\/\/www.facebook.com\/nadairint\/"]}]}},"jetpack_publicize_connections":[],"jetpack_sharing_enabled":true,"_links":{"self":[{"href":"https:\/\/myovo.net\/fr\/wp-json\/wp\/v2\/product\/21264","targetHints":{"allow":["GET"]}}],"collection":[{"href":"https:\/\/myovo.net\/fr\/wp-json\/wp\/v2\/product"}],"about":[{"href":"https:\/\/myovo.net\/fr\/wp-json\/wp\/v2\/types\/product"}],"replies":[{"embeddable":true,"href":"https:\/\/myovo.net\/fr\/wp-json\/wp\/v2\/comments?post=21264"}],"wp:featuredmedia":[{"embeddable":true,"href":"https:\/\/myovo.net\/fr\/wp-json\/wp\/v2\/media\/24595"}],"wp:attachment":[{"href":"https:\/\/myovo.net\/fr\/wp-json\/wp\/v2\/media?parent=21264"}],"wp:term":[{"taxonomy":"product_brand","embeddable":true,"href":"https:\/\/myovo.net\/fr\/wp-json\/wp\/v2\/product_brand?post=21264"},{"taxonomy":"product_cat","embeddable":true,"href":"https:\/\/myovo.net\/fr\/wp-json\/wp\/v2\/product_cat?post=21264"},{"taxonomy":"product_tag","embeddable":true,"href":"https:\/\/myovo.net\/fr\/wp-json\/wp\/v2\/product_tag?post=21264"}],"curies":[{"name":"wp","href":"https:\/\/api.w.org\/{rel}","templated":true}]}}