{"id":21407,"date":"2024-06-17T15:52:26","date_gmt":"2024-06-17T19:52:26","guid":{"rendered":"https:\/\/dev.myovo.ca\/?post_type=product&#038;p=21407"},"modified":"2025-03-26T08:34:53","modified_gmt":"2025-03-26T12:34:53","slug":"ov-1003-hotte-de-cuisine-sous-cabinet-de-30-pouces","status":"publish","type":"product","link":"https:\/\/myovo.net\/fr\/produit\/ov-1003-hotte-de-cuisine-sous-cabinet-de-30-pouces\/","title":{"rendered":"OV-1003 Hotte de cuisine sous cabinet de 30 pouces"},"content":{"rendered":"<p>Caract\u00e9ristiques principales :<\/p>\n<ul>\n<li>Fabriqu\u00e9 en acier inoxydable 430 de haute qualit\u00e9 pour une plus grande durabilit\u00e9.<\/li>\n<li>\u00c9quip\u00e9 d&rsquo;une fonction pratique d&rsquo;\u00e9clairage nocturne qui s&rsquo;active automatiquement dans des conditions de faible luminosit\u00e9.<\/li>\n<li>Test\u00e9 de mani\u00e8re ind\u00e9pendante et approuv\u00e9 par cULus avec une puissance de 460 CFM.<\/li>\n<li>La fonction d&rsquo;arr\u00eat automatique est parfaite, car elle restera activ\u00e9e pendant 5 minutes apr\u00e8s l&rsquo;arr\u00eat pour \u00e9vacuer automatiquement les odeurs excessives et autres contaminants \u00e0 l&rsquo;ext\u00e9rieur.<\/li>\n<li>Commandes \u00e9lectroniques \u00e0 boutons-poussoirs : commandes pr\u00e9cises et faciles \u00e0 utiliser, illumin\u00e9es pour une s\u00e9lection simple des fonctions, con\u00e7ues pour une pr\u00e9cision sans effort.<\/li>\n<li>Profitez d&rsquo;un contr\u00f4le pr\u00e9cis gr\u00e2ce au panneau de commande \u00e9lectronique \u00e0 3 vitesses, qui comprend une fonction d&rsquo;arr\u00eat automatique \u00e0 retardement.<\/li>\n<li>Ultra silencieux : 55 dB. Aussi bruyant qu&rsquo;un climatiseur.<\/li>\n<li>Les panneaux d\u00e9coratifs en acier inoxydable sont dot\u00e9s de filtres en aluminium qui peuvent \u00eatre lav\u00e9s au lave-vaisselle pour faciliter le nettoyage.<\/li>\n<li>Cette hotte est con\u00e7ue pour une ventilation externe uniquement et ne permet pas la recirculation de l&rsquo;air \u00e0 l&rsquo;int\u00e9rieur.<\/li>\n<li>Ventilation ronde ou rectangulaire sup\u00e9rieure de 6 pouces comprend un registre pour un d\u00e9bit d&rsquo;air efficace.<\/li>\n<li>Installation par connexion directe.<\/li>\n<li>Illuminez votre espace de cuisson avec les deux lumi\u00e8res LED de 3 watts, offrant 5 options de temp\u00e9rature de couleur allant de 2700 \u00e0 5000k. Choisissez la couleur de lumi\u00e8re parfaite pour correspondre \u00e0 votre ambiance.<\/li>\n<li>R\u00e9glez l&rsquo;\u00e9clairage selon vos besoins gr\u00e2ce au gradateur \u00e0 3 niveaux.<\/li>\n<\/ul>\n","protected":false},"excerpt":{"rendered":"<p>Infusez une touche de raffinement dans votre cuisine gr\u00e2ce \u00e0 cette hotte encastrable \u00e0 la fois discr\u00e8te et robuste. Gr\u00e2ce \u00e0 la technologie Ovo Ultra Quiet, cette hotte est le choix id\u00e9al pour \u00e9liminer les odeurs, la fum\u00e9e et la vapeur de votre espace de cuisson. Les lampes LED durables et \u00e9cologiques \u00e0 r\u00e9glages multiples fournissent juste la bonne quantit\u00e9 de lumi\u00e8re pendant que vous cuisinez, et notre fonction exclusive Night Light avec d\u00e9tecteur de cr\u00e9puscule \u00e0 l&rsquo;aube illumine doucement votre cuisine la nuit. Laissez Ovo apporter performance et innovation \u00e0 toute cuisine raffin\u00e9e.<\/p>\n","protected":false},"featured_media":22015,"comment_status":"closed","ping_status":"closed","template":"","meta":{"_acf_changed":false,"jetpack_post_was_ever_published":false,"jetpack_publicize_message":"","jetpack_publicize_feature_enabled":true,"jetpack_social_post_already_shared":true,"jetpack_social_options":{"image_generator_settings":{"template":"highway","default_image_id":0,"font":"","enabled":false},"version":2}},"product_brand":[],"product_cat":[113,145],"product_tag":[],"class_list":{"0":"post-21407","1":"product","2":"type-product","3":"status-publish","4":"has-post-thumbnail","6":"product_cat-range-hood-fr","7":"product_cat-hottes-sous-cabinet","9":"first","10":"instock","11":"taxable","12":"shipping-taxable","13":"purchasable","14":"product-type-simple"},"acf":[],"yoast_head":"<!-- This site is optimized with the Yoast SEO plugin v26.7 - https:\/\/yoast.com\/wordpress\/plugins\/seo\/ -->\n<title>OV-1003 Hotte de cuisine sous cabinet de 30 pouces - Ovo Vacuum<\/title>\n<meta name=\"description\" content=\"Faites l\u2019exp\u00e9rience d\u2019une ventilation de cuisine de premier ordre avec notre hotte de cuisine canalis\u00e9e sous l\u2019armoire. Puissant, silencieux et \u00e9l\u00e9gant.\" \/>\n<meta name=\"robots\" content=\"index, follow, max-snippet:-1, max-image-preview:large, max-video-preview:-1\" \/>\n<link rel=\"canonical\" href=\"https:\/\/myovo.net\/fr\/produit\/ov-1003-hotte-de-cuisine-sous-cabinet-de-30-pouces\/\" \/>\n<meta property=\"og:locale\" content=\"fr_FR\" \/>\n<meta property=\"og:type\" content=\"article\" \/>\n<meta property=\"og:title\" content=\"OV-1003 Hotte de cuisine sous cabinet de 30 pouces - Ovo Vacuum\" \/>\n<meta property=\"og:description\" content=\"Faites l\u2019exp\u00e9rience d\u2019une ventilation de cuisine de premier ordre avec notre hotte de cuisine canalis\u00e9e sous l\u2019armoire. Puissant, silencieux et \u00e9l\u00e9gant.\" \/>\n<meta property=\"og:url\" content=\"https:\/\/myovo.net\/fr\/produit\/ov-1003-hotte-de-cuisine-sous-cabinet-de-30-pouces\/\" \/>\n<meta property=\"og:site_name\" content=\"Ovo Vacuum\" \/>\n<meta property=\"article:publisher\" content=\"https:\/\/www.facebook.com\/nadairint\/\" \/>\n<meta property=\"article:modified_time\" content=\"2025-03-26T12:34:53+00:00\" \/>\n<meta property=\"og:image\" content=\"https:\/\/myovo.net\/wp-content\/uploads\/2024\/07\/1003-copie.jpg\" \/>\n\t<meta property=\"og:image:width\" content=\"1000\" \/>\n\t<meta property=\"og:image:height\" content=\"1000\" \/>\n\t<meta property=\"og:image:type\" content=\"image\/jpeg\" \/>\n<meta name=\"twitter:card\" content=\"summary_large_image\" \/>\n<meta name=\"twitter:label1\" content=\"Dur\u00e9e de lecture estim\u00e9e\" \/>\n\t<meta name=\"twitter:data1\" content=\"2 minutes\" \/>\n<script type=\"application\/ld+json\" class=\"yoast-schema-graph\">{\"@context\":\"https:\/\/schema.org\",\"@graph\":[{\"@type\":\"WebPage\",\"@id\":\"https:\/\/myovo.net\/fr\/produit\/ov-1003-hotte-de-cuisine-sous-cabinet-de-30-pouces\/\",\"url\":\"https:\/\/myovo.net\/fr\/produit\/ov-1003-hotte-de-cuisine-sous-cabinet-de-30-pouces\/\",\"name\":\"OV-1003 Hotte de cuisine sous cabinet de 30 pouces - Ovo Vacuum\",\"isPartOf\":{\"@id\":\"https:\/\/myovo.net\/#website\"},\"primaryImageOfPage\":{\"@id\":\"https:\/\/myovo.net\/fr\/produit\/ov-1003-hotte-de-cuisine-sous-cabinet-de-30-pouces\/#primaryimage\"},\"image\":{\"@id\":\"https:\/\/myovo.net\/fr\/produit\/ov-1003-hotte-de-cuisine-sous-cabinet-de-30-pouces\/#primaryimage\"},\"thumbnailUrl\":\"https:\/\/i0.wp.com\/myovo.net\/wp-content\/uploads\/2024\/07\/1003-copie.jpg?fit=1000%2C1000&ssl=1\",\"datePublished\":\"2024-06-17T19:52:26+00:00\",\"dateModified\":\"2025-03-26T12:34:53+00:00\",\"description\":\"Faites l\u2019exp\u00e9rience d\u2019une ventilation de cuisine de premier ordre avec notre hotte de cuisine canalis\u00e9e sous l\u2019armoire. Puissant, silencieux et \u00e9l\u00e9gant.\",\"breadcrumb\":{\"@id\":\"https:\/\/myovo.net\/fr\/produit\/ov-1003-hotte-de-cuisine-sous-cabinet-de-30-pouces\/#breadcrumb\"},\"inLanguage\":\"fr-FR\",\"potentialAction\":[{\"@type\":\"ReadAction\",\"target\":[\"https:\/\/myovo.net\/fr\/produit\/ov-1003-hotte-de-cuisine-sous-cabinet-de-30-pouces\/\"]}]},{\"@type\":\"ImageObject\",\"inLanguage\":\"fr-FR\",\"@id\":\"https:\/\/myovo.net\/fr\/produit\/ov-1003-hotte-de-cuisine-sous-cabinet-de-30-pouces\/#primaryimage\",\"url\":\"https:\/\/i0.wp.com\/myovo.net\/wp-content\/uploads\/2024\/07\/1003-copie.jpg?fit=1000%2C1000&ssl=1\",\"contentUrl\":\"https:\/\/i0.wp.com\/myovo.net\/wp-content\/uploads\/2024\/07\/1003-copie.jpg?fit=1000%2C1000&ssl=1\",\"width\":1000,\"height\":1000},{\"@type\":\"BreadcrumbList\",\"@id\":\"https:\/\/myovo.net\/fr\/produit\/ov-1003-hotte-de-cuisine-sous-cabinet-de-30-pouces\/#breadcrumb\",\"itemListElement\":[{\"@type\":\"ListItem\",\"position\":1,\"name\":\"Home\",\"item\":\"https:\/\/myovo.net\/fr\/\"},{\"@type\":\"ListItem\",\"position\":2,\"name\":\"Shop\",\"item\":\"https:\/\/myovo.net\/shop-best-central-vacuum\/\"},{\"@type\":\"ListItem\",\"position\":3,\"name\":\"OV-1003 Hotte de cuisine sous cabinet de 30 pouces\"}]},{\"@type\":\"WebSite\",\"@id\":\"https:\/\/myovo.net\/#website\",\"url\":\"https:\/\/myovo.net\/\",\"name\":\"OVO Central Vacuum\",\"description\":\"\",\"publisher\":{\"@id\":\"https:\/\/myovo.net\/#organization\"},\"potentialAction\":[{\"@type\":\"SearchAction\",\"target\":{\"@type\":\"EntryPoint\",\"urlTemplate\":\"https:\/\/myovo.net\/?s={search_term_string}\"},\"query-input\":{\"@type\":\"PropertyValueSpecification\",\"valueRequired\":true,\"valueName\":\"search_term_string\"}}],\"inLanguage\":\"fr-FR\"},{\"@type\":\"Organization\",\"@id\":\"https:\/\/myovo.net\/#organization\",\"name\":\"OVO Central Vacuum\",\"url\":\"https:\/\/myovo.net\/\",\"logo\":{\"@type\":\"ImageObject\",\"inLanguage\":\"fr-FR\",\"@id\":\"https:\/\/myovo.net\/#\/schema\/logo\/image\/\",\"url\":\"https:\/\/i0.wp.com\/myovo.net\/wp-content\/uploads\/2024\/09\/logo-ovo-2-01-1.png?fit=241%2C117&ssl=1\",\"contentUrl\":\"https:\/\/i0.wp.com\/myovo.net\/wp-content\/uploads\/2024\/09\/logo-ovo-2-01-1.png?fit=241%2C117&ssl=1\",\"width\":241,\"height\":117,\"caption\":\"OVO Central Vacuum\"},\"image\":{\"@id\":\"https:\/\/myovo.net\/#\/schema\/logo\/image\/\"},\"sameAs\":[\"https:\/\/www.facebook.com\/nadairint\/\"]}]}<\/script>\n<!-- \/ Yoast SEO plugin. -->","yoast_head_json":{"title":"OV-1003 Hotte de cuisine sous cabinet de 30 pouces - Ovo Vacuum","description":"Faites l\u2019exp\u00e9rience d\u2019une ventilation de cuisine de premier ordre avec notre hotte de cuisine canalis\u00e9e sous l\u2019armoire. Puissant, silencieux et \u00e9l\u00e9gant.","robots":{"index":"index","follow":"follow","max-snippet":"max-snippet:-1","max-image-preview":"max-image-preview:large","max-video-preview":"max-video-preview:-1"},"canonical":"https:\/\/myovo.net\/fr\/produit\/ov-1003-hotte-de-cuisine-sous-cabinet-de-30-pouces\/","og_locale":"fr_FR","og_type":"article","og_title":"OV-1003 Hotte de cuisine sous cabinet de 30 pouces - Ovo Vacuum","og_description":"Faites l\u2019exp\u00e9rience d\u2019une ventilation de cuisine de premier ordre avec notre hotte de cuisine canalis\u00e9e sous l\u2019armoire. Puissant, silencieux et \u00e9l\u00e9gant.","og_url":"https:\/\/myovo.net\/fr\/produit\/ov-1003-hotte-de-cuisine-sous-cabinet-de-30-pouces\/","og_site_name":"Ovo Vacuum","article_publisher":"https:\/\/www.facebook.com\/nadairint\/","article_modified_time":"2025-03-26T12:34:53+00:00","og_image":[{"width":1000,"height":1000,"url":"https:\/\/myovo.net\/wp-content\/uploads\/2024\/07\/1003-copie.jpg","type":"image\/jpeg"}],"twitter_card":"summary_large_image","twitter_misc":{"Dur\u00e9e de lecture estim\u00e9e":"2 minutes"},"schema":{"@context":"https:\/\/schema.org","@graph":[{"@type":"WebPage","@id":"https:\/\/myovo.net\/fr\/produit\/ov-1003-hotte-de-cuisine-sous-cabinet-de-30-pouces\/","url":"https:\/\/myovo.net\/fr\/produit\/ov-1003-hotte-de-cuisine-sous-cabinet-de-30-pouces\/","name":"OV-1003 Hotte de cuisine sous cabinet de 30 pouces - Ovo Vacuum","isPartOf":{"@id":"https:\/\/myovo.net\/#website"},"primaryImageOfPage":{"@id":"https:\/\/myovo.net\/fr\/produit\/ov-1003-hotte-de-cuisine-sous-cabinet-de-30-pouces\/#primaryimage"},"image":{"@id":"https:\/\/myovo.net\/fr\/produit\/ov-1003-hotte-de-cuisine-sous-cabinet-de-30-pouces\/#primaryimage"},"thumbnailUrl":"https:\/\/i0.wp.com\/myovo.net\/wp-content\/uploads\/2024\/07\/1003-copie.jpg?fit=1000%2C1000&ssl=1","datePublished":"2024-06-17T19:52:26+00:00","dateModified":"2025-03-26T12:34:53+00:00","description":"Faites l\u2019exp\u00e9rience d\u2019une ventilation de cuisine de premier ordre avec notre hotte de cuisine canalis\u00e9e sous l\u2019armoire. Puissant, silencieux et \u00e9l\u00e9gant.","breadcrumb":{"@id":"https:\/\/myovo.net\/fr\/produit\/ov-1003-hotte-de-cuisine-sous-cabinet-de-30-pouces\/#breadcrumb"},"inLanguage":"fr-FR","potentialAction":[{"@type":"ReadAction","target":["https:\/\/myovo.net\/fr\/produit\/ov-1003-hotte-de-cuisine-sous-cabinet-de-30-pouces\/"]}]},{"@type":"ImageObject","inLanguage":"fr-FR","@id":"https:\/\/myovo.net\/fr\/produit\/ov-1003-hotte-de-cuisine-sous-cabinet-de-30-pouces\/#primaryimage","url":"https:\/\/i0.wp.com\/myovo.net\/wp-content\/uploads\/2024\/07\/1003-copie.jpg?fit=1000%2C1000&ssl=1","contentUrl":"https:\/\/i0.wp.com\/myovo.net\/wp-content\/uploads\/2024\/07\/1003-copie.jpg?fit=1000%2C1000&ssl=1","width":1000,"height":1000},{"@type":"BreadcrumbList","@id":"https:\/\/myovo.net\/fr\/produit\/ov-1003-hotte-de-cuisine-sous-cabinet-de-30-pouces\/#breadcrumb","itemListElement":[{"@type":"ListItem","position":1,"name":"Home","item":"https:\/\/myovo.net\/fr\/"},{"@type":"ListItem","position":2,"name":"Shop","item":"https:\/\/myovo.net\/shop-best-central-vacuum\/"},{"@type":"ListItem","position":3,"name":"OV-1003 Hotte de cuisine sous cabinet de 30 pouces"}]},{"@type":"WebSite","@id":"https:\/\/myovo.net\/#website","url":"https:\/\/myovo.net\/","name":"OVO Central Vacuum","description":"","publisher":{"@id":"https:\/\/myovo.net\/#organization"},"potentialAction":[{"@type":"SearchAction","target":{"@type":"EntryPoint","urlTemplate":"https:\/\/myovo.net\/?s={search_term_string}"},"query-input":{"@type":"PropertyValueSpecification","valueRequired":true,"valueName":"search_term_string"}}],"inLanguage":"fr-FR"},{"@type":"Organization","@id":"https:\/\/myovo.net\/#organization","name":"OVO Central Vacuum","url":"https:\/\/myovo.net\/","logo":{"@type":"ImageObject","inLanguage":"fr-FR","@id":"https:\/\/myovo.net\/#\/schema\/logo\/image\/","url":"https:\/\/i0.wp.com\/myovo.net\/wp-content\/uploads\/2024\/09\/logo-ovo-2-01-1.png?fit=241%2C117&ssl=1","contentUrl":"https:\/\/i0.wp.com\/myovo.net\/wp-content\/uploads\/2024\/09\/logo-ovo-2-01-1.png?fit=241%2C117&ssl=1","width":241,"height":117,"caption":"OVO Central Vacuum"},"image":{"@id":"https:\/\/myovo.net\/#\/schema\/logo\/image\/"},"sameAs":["https:\/\/www.facebook.com\/nadairint\/"]}]}},"jetpack_publicize_connections":[],"jetpack_sharing_enabled":true,"_links":{"self":[{"href":"https:\/\/myovo.net\/fr\/wp-json\/wp\/v2\/product\/21407","targetHints":{"allow":["GET"]}}],"collection":[{"href":"https:\/\/myovo.net\/fr\/wp-json\/wp\/v2\/product"}],"about":[{"href":"https:\/\/myovo.net\/fr\/wp-json\/wp\/v2\/types\/product"}],"replies":[{"embeddable":true,"href":"https:\/\/myovo.net\/fr\/wp-json\/wp\/v2\/comments?post=21407"}],"wp:featuredmedia":[{"embeddable":true,"href":"https:\/\/myovo.net\/fr\/wp-json\/wp\/v2\/media\/22015"}],"wp:attachment":[{"href":"https:\/\/myovo.net\/fr\/wp-json\/wp\/v2\/media?parent=21407"}],"wp:term":[{"taxonomy":"product_brand","embeddable":true,"href":"https:\/\/myovo.net\/fr\/wp-json\/wp\/v2\/product_brand?post=21407"},{"taxonomy":"product_cat","embeddable":true,"href":"https:\/\/myovo.net\/fr\/wp-json\/wp\/v2\/product_cat?post=21407"},{"taxonomy":"product_tag","embeddable":true,"href":"https:\/\/myovo.net\/fr\/wp-json\/wp\/v2\/product_tag?post=21407"}],"curies":[{"name":"wp","href":"https:\/\/api.w.org\/{rel}","templated":true}]}}