{"id":22070,"date":"2022-09-02T10:45:31","date_gmt":"2022-09-02T14:45:31","guid":{"rendered":"https:\/\/dev.myovo.ca\/product\/ensemble-de-nettoyage-automobile-et-aspirateur-de-garage-aspirateur-mural-595aw-aspirateur-humide-seche-de-8-gal-kit-daccessoires-et-outils-de-nettoyage-humide-seche\/"},"modified":"2025-11-27T10:45:48","modified_gmt":"2025-11-27T15:45:48","slug":"ensemble-de-nettoyage-automobile-et-aspirateur-de-garage-aspirateur-mural-595aw-aspirateur-humide-seche-de-8-gal-kit-daccessoires-et-outils-de-nettoyage-humide-seche","status":"publish","type":"product","link":"https:\/\/myovo.net\/fr\/produit\/ensemble-de-nettoyage-automobile-et-aspirateur-de-garage-aspirateur-mural-595aw-aspirateur-humide-seche-de-8-gal-kit-daccessoires-et-outils-de-nettoyage-humide-seche\/","title":{"rendered":"Ensemble d&rsquo;aspirateur pour garage et entretien automobile \u2013 Aspirateur portable, 595AW, 18L \/ 4,75 Gal. + 6 HP de pointe, 30L \/ 8 Gal. Aspirateur Humide\/Sec + Kit d&rsquo;accessoires standard Id\u00e9al pour tous types de nettoyage, y compris les surfaces dures, les tapis et les applications humides \/ secs"},"content":{"rendered":"<p class=\"\" data-start=\"0\" data-end=\"68\">L&rsquo;ENSEMBLE D&rsquo;ASPIRATEUR POUR GARAGE ET ENTRETIEN AUTOMOBILE INCLUT :<\/p>\n<h3 class=\"\" data-start=\"70\" data-end=\"105\"><strong data-start=\"74\" data-end=\"103\">Aspirateur Portable OVO :<\/strong><\/h3>\n<ul data-start=\"106\" data-end=\"273\">\n<li class=\"\" data-start=\"106\" data-end=\"116\">\n<p class=\"\" data-start=\"108\" data-end=\"116\">595 AW<\/p>\n<\/li>\n<li class=\"\" data-start=\"117\" data-end=\"129\">\n<p class=\"\" data-start=\"119\" data-end=\"129\">120\u201d H\u2082O<\/p>\n<\/li>\n<li class=\"\" data-start=\"130\" data-end=\"139\">\n<p class=\"\" data-start=\"132\" data-end=\"139\">62 dB<\/p>\n<\/li>\n<li class=\"\" data-start=\"140\" data-end=\"159\">\n<p class=\"\" data-start=\"142\" data-end=\"159\">18L \/ 4,75 Gal.<\/p>\n<\/li>\n<li class=\"\" data-start=\"160\" data-end=\"198\">\n<p class=\"\" data-start=\"162\" data-end=\"198\">Moteur \u00ab\u00a0Thru Flow\u00a0\u00bb \u00e0 1 \u00e9tage<\/p>\n<\/li>\n<li class=\"\" data-start=\"199\" data-end=\"244\">\n<p class=\"\" data-start=\"201\" data-end=\"244\">Technologie de d\u00e9marrage\/arr\u00eat progressif<\/p>\n<\/li>\n<li class=\"\" data-start=\"245\" data-end=\"273\">\n<p class=\"\" data-start=\"247\" data-end=\"273\">Couvre jusqu\u2019\u00e0 1 600 pi\u00b2<\/p>\n<\/li>\n<\/ul>\n<h3 class=\"\" data-start=\"275\" data-end=\"327\"><strong data-start=\"279\" data-end=\"325\">Aspirateur eau et poussi\u00e8re pour atelier :<\/strong><\/h3>\n<ul data-start=\"328\" data-end=\"447\">\n<li class=\"\" data-start=\"328\" data-end=\"342\">\n<p class=\"\" data-start=\"330\" data-end=\"342\">6 HP cr\u00eate<\/p>\n<\/li>\n<li class=\"\" data-start=\"343\" data-end=\"359\">\n<p class=\"\" data-start=\"345\" data-end=\"359\">30L \/ 8 Gal.<\/p>\n<\/li>\n<li class=\"\" data-start=\"360\" data-end=\"370\">\n<p class=\"\" data-start=\"362\" data-end=\"370\">65 CFM<\/p>\n<\/li>\n<li class=\"\" data-start=\"371\" data-end=\"392\">\n<p class=\"\" data-start=\"373\" data-end=\"392\">80\u201d de d\u00e9pression<\/p>\n<\/li>\n<li class=\"\" data-start=\"393\" data-end=\"422\">\n<p class=\"\" data-start=\"395\" data-end=\"422\">Port de soufflage arri\u00e8re<\/p>\n<\/li>\n<li class=\"\" data-start=\"423\" data-end=\"447\">\n<p class=\"\" data-start=\"425\" data-end=\"447\">Vidange du r\u00e9servoir<\/p>\n<\/li>\n<\/ul>\n<h3 class=\"\" data-start=\"449\" data-end=\"523\"><strong data-start=\"453\" data-end=\"521\">Ensemble d\u2019accessoires standard pour surfaces dures, b\u00e9ton et tapis :<\/strong><\/h3>\n<ul data-start=\"524\" data-end=\"888\">\n<li class=\"\" data-start=\"524\" data-end=\"622\">\n<p class=\"\" data-start=\"526\" data-end=\"622\">Boyau de 30\/35\/40\/50 pieds avec interrupteur On\/Off sur la poign\u00e9e, ind\u00e9formable, anti-torsion<\/p>\n<\/li>\n<li class=\"\" data-start=\"623\" data-end=\"700\">\n<p class=\"\" data-start=\"625\" data-end=\"700\">Brosse combin\u00e9e pivotante de 12\u201d avec poils r\u00e9tractables et base en m\u00e9tal<\/p>\n<\/li>\n<li class=\"\" data-start=\"701\" data-end=\"752\">\n<p class=\"\" data-start=\"703\" data-end=\"752\">Brosse pour tissus avec poils en crin de cheval<\/p>\n<\/li>\n<li class=\"\" data-start=\"753\" data-end=\"805\">\n<p class=\"\" data-start=\"755\" data-end=\"805\">Brosse \u00e0 \u00e9pousseter avec poils en crin de cheval<\/p>\n<\/li>\n<li class=\"\" data-start=\"806\" data-end=\"821\">\n<p class=\"\" data-start=\"808\" data-end=\"821\">Suceur plat<\/p>\n<\/li>\n<li class=\"\" data-start=\"822\" data-end=\"843\">\n<p class=\"\" data-start=\"824\" data-end=\"843\">Manchon t\u00e9lescopique<\/p>\n<\/li>\n<li class=\"\" data-start=\"844\" data-end=\"865\">\n<p class=\"\" data-start=\"846\" data-end=\"865\">Sac d\u2019accessoires<\/p>\n<\/li>\n<li class=\"\" data-start=\"866\" data-end=\"888\">\n<p class=\"\" data-start=\"868\" data-end=\"888\">Support pour boyau<\/p>\n<\/li>\n<\/ul>\n<h3 class=\"\" data-start=\"890\" data-end=\"941\"><strong data-start=\"894\" data-end=\"939\">Ensemble d\u2019accessoires pour eau et poussi\u00e8re :<\/strong><\/h3>\n<ul data-start=\"942\" data-end=\"1163\" data-is-last-node=\"\" data-is-only-node=\"\">\n<li class=\"\" data-start=\"942\" data-end=\"1001\">\n<p class=\"\" data-start=\"944\" data-end=\"1001\">Boyau commercial de 8 pieds, anti-torsion, ind\u00e9formable<\/p>\n<\/li>\n<li class=\"\" data-start=\"1002\" data-end=\"1049\">\n<p class=\"\" data-start=\"1004\" data-end=\"1049\">Brosse \u00e0 planch\u00e9 2-en-1 avec raclette int\u00e9gr\u00e9e<\/p>\n<\/li>\n<li class=\"\" data-start=\"1050\" data-end=\"1065\">\n<p class=\"\" data-start=\"1052\" data-end=\"1065\">Suceur plat<\/p>\n<\/li>\n<li class=\"\" data-start=\"1066\" data-end=\"1087\">\n<p class=\"\" data-start=\"1068\" data-end=\"1087\">Manchon en 2 parties<\/p>\n<\/li>\n<li class=\"\" data-start=\"1088\" data-end=\"1115\">\n<p class=\"\" data-start=\"1090\" data-end=\"1115\">Filtre \u00e0 cartouche HEPA<\/p>\n<\/li>\n<li class=\"\" data-start=\"1116\" data-end=\"1137\">\n<p class=\"\" data-start=\"1118\" data-end=\"1137\">Filtre mousse (Pour aspirer des debris humides)<\/p>\n<\/li>\n<li class=\"\" data-start=\"1138\" data-end=\"1163\">\n<p class=\"\" data-start=\"1140\" data-end=\"1163\">Collecteur de poussi\u00e8re<\/p>\n<\/li>\n<li data-start=\"1138\" data-end=\"1163\">Sac jetable<\/li>\n<\/ul>\n","protected":false},"excerpt":{"rendered":"<p>L&rsquo;ENSEMBLE D&rsquo;ASPIRATEUR POUR GARAGE ET ENTRETIEN AUTOMOBILE INCLUT : Aspirateur Portable OVO : 595 AW 120\u201d H\u2082O 62 dB 18L \/ 4,75 Gal. Moteur \u00ab\u00a0Thru Flow\u00a0\u00bb \u00e0 1 \u00e9tage Technologie de d\u00e9marrage\/arr\u00eat progressif Couvre jusqu\u2019\u00e0 1 600 pi\u00b2 Aspirateur eau et poussi\u00e8re pour atelier : 6 HP cr\u00eate 30L \/ 8 Gal. 65 CFM 80\u201d de  [&#8230;]<\/p>\n","protected":false},"featured_media":21790,"comment_status":"closed","ping_status":"closed","template":"","meta":{"_acf_changed":false,"jetpack_post_was_ever_published":false,"jetpack_publicize_message":"","jetpack_publicize_feature_enabled":true,"jetpack_social_post_already_shared":true,"jetpack_social_options":{"image_generator_settings":{"template":"highway","default_image_id":0,"font":"","enabled":false},"version":2}},"product_brand":[],"product_cat":[75],"product_tag":[],"class_list":{"0":"post-22070","1":"product","2":"type-product","3":"status-publish","4":"has-post-thumbnail","6":"product_cat-packs","8":"first","9":"instock","10":"taxable","11":"shipping-taxable","12":"purchasable","13":"product-type-variable"},"acf":[],"yoast_head":"<!-- This site is optimized with the Yoast SEO plugin v26.7 - https:\/\/yoast.com\/wordpress\/plugins\/seo\/ -->\n<title>Ensemble d&#039;aspirateur pour garage et entretien automobile \u2013 Aspirateur portable, 595AW, 18L \/ 4,75 Gal. + 6 HP de pointe, 30L \/ 8 Gal. Aspirateur Humide\/Sec + Kit d&#039;accessoires standard Id\u00e9al pour tous types de nettoyage, y compris les surfaces dures, les tapis et les applications humides \/ secs - Ovo Vacuum<\/title>\n<meta name=\"robots\" content=\"index, follow, max-snippet:-1, max-image-preview:large, max-video-preview:-1\" \/>\n<link rel=\"canonical\" href=\"https:\/\/myovo.net\/fr\/produit\/ensemble-de-nettoyage-automobile-et-aspirateur-de-garage-aspirateur-mural-595aw-aspirateur-humide-seche-de-8-gal-kit-daccessoires-et-outils-de-nettoyage-humide-seche\/\" \/>\n<meta property=\"og:locale\" content=\"fr_FR\" \/>\n<meta property=\"og:type\" content=\"article\" \/>\n<meta property=\"og:title\" content=\"Ensemble d&#039;aspirateur pour garage et entretien automobile \u2013 Aspirateur portable, 595AW, 18L \/ 4,75 Gal. + 6 HP de pointe, 30L \/ 8 Gal. Aspirateur Humide\/Sec + Kit d&#039;accessoires standard Id\u00e9al pour tous types de nettoyage, y compris les surfaces dures, les tapis et les applications humides \/ secs - Ovo Vacuum\" \/>\n<meta property=\"og:description\" content=\"L&rsquo;ENSEMBLE D&rsquo;ASPIRATEUR POUR GARAGE ET ENTRETIEN AUTOMOBILE INCLUT : Aspirateur Portable OVO : 595 AW 120\u201d H\u2082O 62 dB 18L \/ 4,75 Gal. Moteur \u00ab\u00a0Thru Flow\u00a0\u00bb \u00e0 1 \u00e9tage Technologie de d\u00e9marrage\/arr\u00eat progressif Couvre jusqu\u2019\u00e0 1 600 pi\u00b2 Aspirateur eau et poussi\u00e8re pour atelier : 6 HP cr\u00eate 30L \/ 8 Gal. 65 CFM 80\u201d de [...]\" \/>\n<meta property=\"og:url\" content=\"https:\/\/myovo.net\/fr\/produit\/ensemble-de-nettoyage-automobile-et-aspirateur-de-garage-aspirateur-mural-595aw-aspirateur-humide-seche-de-8-gal-kit-daccessoires-et-outils-de-nettoyage-humide-seche\/\" \/>\n<meta property=\"og:site_name\" content=\"Ovo Vacuum\" \/>\n<meta property=\"article:publisher\" content=\"https:\/\/www.facebook.com\/nadairint\/\" \/>\n<meta property=\"article:modified_time\" content=\"2025-11-27T15:45:48+00:00\" \/>\n<meta property=\"og:image\" content=\"https:\/\/myovo.net\/wp-content\/uploads\/2022\/09\/OVO-595-814-30S_main.jpg\" \/>\n\t<meta property=\"og:image:width\" content=\"1500\" \/>\n\t<meta property=\"og:image:height\" content=\"1500\" \/>\n\t<meta property=\"og:image:type\" content=\"image\/jpeg\" \/>\n<meta name=\"twitter:card\" content=\"summary_large_image\" \/>\n<meta name=\"twitter:label1\" content=\"Dur\u00e9e de lecture estim\u00e9e\" \/>\n\t<meta name=\"twitter:data1\" content=\"1 minute\" \/>\n<script type=\"application\/ld+json\" class=\"yoast-schema-graph\">{\"@context\":\"https:\/\/schema.org\",\"@graph\":[{\"@type\":\"WebPage\",\"@id\":\"https:\/\/myovo.net\/fr\/produit\/ensemble-de-nettoyage-automobile-et-aspirateur-de-garage-aspirateur-mural-595aw-aspirateur-humide-seche-de-8-gal-kit-daccessoires-et-outils-de-nettoyage-humide-seche\/\",\"url\":\"https:\/\/myovo.net\/fr\/produit\/ensemble-de-nettoyage-automobile-et-aspirateur-de-garage-aspirateur-mural-595aw-aspirateur-humide-seche-de-8-gal-kit-daccessoires-et-outils-de-nettoyage-humide-seche\/\",\"name\":\"Ensemble d'aspirateur pour garage et entretien automobile \u2013 Aspirateur portable, 595AW, 18L \/ 4,75 Gal. + 6 HP de pointe, 30L \/ 8 Gal. Aspirateur Humide\/Sec + Kit d'accessoires standard Id\u00e9al pour tous types de nettoyage, y compris les surfaces dures, les tapis et les applications humides \/ secs - Ovo Vacuum\",\"isPartOf\":{\"@id\":\"https:\/\/myovo.net\/#website\"},\"primaryImageOfPage\":{\"@id\":\"https:\/\/myovo.net\/fr\/produit\/ensemble-de-nettoyage-automobile-et-aspirateur-de-garage-aspirateur-mural-595aw-aspirateur-humide-seche-de-8-gal-kit-daccessoires-et-outils-de-nettoyage-humide-seche\/#primaryimage\"},\"image\":{\"@id\":\"https:\/\/myovo.net\/fr\/produit\/ensemble-de-nettoyage-automobile-et-aspirateur-de-garage-aspirateur-mural-595aw-aspirateur-humide-seche-de-8-gal-kit-daccessoires-et-outils-de-nettoyage-humide-seche\/#primaryimage\"},\"thumbnailUrl\":\"https:\/\/i0.wp.com\/myovo.net\/wp-content\/uploads\/2022\/09\/OVO-595-814-30S_main.jpg?fit=1500%2C1500&ssl=1\",\"datePublished\":\"2022-09-02T14:45:31+00:00\",\"dateModified\":\"2025-11-27T15:45:48+00:00\",\"breadcrumb\":{\"@id\":\"https:\/\/myovo.net\/fr\/produit\/ensemble-de-nettoyage-automobile-et-aspirateur-de-garage-aspirateur-mural-595aw-aspirateur-humide-seche-de-8-gal-kit-daccessoires-et-outils-de-nettoyage-humide-seche\/#breadcrumb\"},\"inLanguage\":\"fr-FR\",\"potentialAction\":[{\"@type\":\"ReadAction\",\"target\":[\"https:\/\/myovo.net\/fr\/produit\/ensemble-de-nettoyage-automobile-et-aspirateur-de-garage-aspirateur-mural-595aw-aspirateur-humide-seche-de-8-gal-kit-daccessoires-et-outils-de-nettoyage-humide-seche\/\"]}]},{\"@type\":\"ImageObject\",\"inLanguage\":\"fr-FR\",\"@id\":\"https:\/\/myovo.net\/fr\/produit\/ensemble-de-nettoyage-automobile-et-aspirateur-de-garage-aspirateur-mural-595aw-aspirateur-humide-seche-de-8-gal-kit-daccessoires-et-outils-de-nettoyage-humide-seche\/#primaryimage\",\"url\":\"https:\/\/i0.wp.com\/myovo.net\/wp-content\/uploads\/2022\/09\/OVO-595-814-30S_main.jpg?fit=1500%2C1500&ssl=1\",\"contentUrl\":\"https:\/\/i0.wp.com\/myovo.net\/wp-content\/uploads\/2022\/09\/OVO-595-814-30S_main.jpg?fit=1500%2C1500&ssl=1\",\"width\":1500,\"height\":1500},{\"@type\":\"BreadcrumbList\",\"@id\":\"https:\/\/myovo.net\/fr\/produit\/ensemble-de-nettoyage-automobile-et-aspirateur-de-garage-aspirateur-mural-595aw-aspirateur-humide-seche-de-8-gal-kit-daccessoires-et-outils-de-nettoyage-humide-seche\/#breadcrumb\",\"itemListElement\":[{\"@type\":\"ListItem\",\"position\":1,\"name\":\"Home\",\"item\":\"https:\/\/myovo.net\/fr\/\"},{\"@type\":\"ListItem\",\"position\":2,\"name\":\"Shop\",\"item\":\"https:\/\/myovo.net\/shop-best-central-vacuum\/\"},{\"@type\":\"ListItem\",\"position\":3,\"name\":\"Ensemble d&#8217;aspirateur pour garage et entretien automobile \u2013 Aspirateur portable, 595AW, 18L \/ 4,75 Gal. + 6 HP de pointe, 30L \/ 8 Gal. Aspirateur Humide\/Sec + Kit d&#8217;accessoires standard Id\u00e9al pour tous types de nettoyage, y compris les surfaces dures, les tapis et les applications humides \/ secs\"}]},{\"@type\":\"WebSite\",\"@id\":\"https:\/\/myovo.net\/#website\",\"url\":\"https:\/\/myovo.net\/\",\"name\":\"OVO Central Vacuum\",\"description\":\"\",\"publisher\":{\"@id\":\"https:\/\/myovo.net\/#organization\"},\"potentialAction\":[{\"@type\":\"SearchAction\",\"target\":{\"@type\":\"EntryPoint\",\"urlTemplate\":\"https:\/\/myovo.net\/?s={search_term_string}\"},\"query-input\":{\"@type\":\"PropertyValueSpecification\",\"valueRequired\":true,\"valueName\":\"search_term_string\"}}],\"inLanguage\":\"fr-FR\"},{\"@type\":\"Organization\",\"@id\":\"https:\/\/myovo.net\/#organization\",\"name\":\"OVO Central Vacuum\",\"url\":\"https:\/\/myovo.net\/\",\"logo\":{\"@type\":\"ImageObject\",\"inLanguage\":\"fr-FR\",\"@id\":\"https:\/\/myovo.net\/#\/schema\/logo\/image\/\",\"url\":\"https:\/\/i0.wp.com\/myovo.net\/wp-content\/uploads\/2024\/09\/logo-ovo-2-01-1.png?fit=241%2C117&ssl=1\",\"contentUrl\":\"https:\/\/i0.wp.com\/myovo.net\/wp-content\/uploads\/2024\/09\/logo-ovo-2-01-1.png?fit=241%2C117&ssl=1\",\"width\":241,\"height\":117,\"caption\":\"OVO Central Vacuum\"},\"image\":{\"@id\":\"https:\/\/myovo.net\/#\/schema\/logo\/image\/\"},\"sameAs\":[\"https:\/\/www.facebook.com\/nadairint\/\"]}]}<\/script>\n<!-- \/ Yoast SEO plugin. -->","yoast_head_json":{"title":"Ensemble d'aspirateur pour garage et entretien automobile \u2013 Aspirateur portable, 595AW, 18L \/ 4,75 Gal. + 6 HP de pointe, 30L \/ 8 Gal. Aspirateur Humide\/Sec + Kit d'accessoires standard Id\u00e9al pour tous types de nettoyage, y compris les surfaces dures, les tapis et les applications humides \/ secs - Ovo Vacuum","robots":{"index":"index","follow":"follow","max-snippet":"max-snippet:-1","max-image-preview":"max-image-preview:large","max-video-preview":"max-video-preview:-1"},"canonical":"https:\/\/myovo.net\/fr\/produit\/ensemble-de-nettoyage-automobile-et-aspirateur-de-garage-aspirateur-mural-595aw-aspirateur-humide-seche-de-8-gal-kit-daccessoires-et-outils-de-nettoyage-humide-seche\/","og_locale":"fr_FR","og_type":"article","og_title":"Ensemble d'aspirateur pour garage et entretien automobile \u2013 Aspirateur portable, 595AW, 18L \/ 4,75 Gal. + 6 HP de pointe, 30L \/ 8 Gal. Aspirateur Humide\/Sec + Kit d'accessoires standard Id\u00e9al pour tous types de nettoyage, y compris les surfaces dures, les tapis et les applications humides \/ secs - Ovo Vacuum","og_description":"L&rsquo;ENSEMBLE D&rsquo;ASPIRATEUR POUR GARAGE ET ENTRETIEN AUTOMOBILE INCLUT : Aspirateur Portable OVO : 595 AW 120\u201d H\u2082O 62 dB 18L \/ 4,75 Gal. Moteur \u00ab\u00a0Thru Flow\u00a0\u00bb \u00e0 1 \u00e9tage Technologie de d\u00e9marrage\/arr\u00eat progressif Couvre jusqu\u2019\u00e0 1 600 pi\u00b2 Aspirateur eau et poussi\u00e8re pour atelier : 6 HP cr\u00eate 30L \/ 8 Gal. 65 CFM 80\u201d de [...]","og_url":"https:\/\/myovo.net\/fr\/produit\/ensemble-de-nettoyage-automobile-et-aspirateur-de-garage-aspirateur-mural-595aw-aspirateur-humide-seche-de-8-gal-kit-daccessoires-et-outils-de-nettoyage-humide-seche\/","og_site_name":"Ovo Vacuum","article_publisher":"https:\/\/www.facebook.com\/nadairint\/","article_modified_time":"2025-11-27T15:45:48+00:00","og_image":[{"width":1500,"height":1500,"url":"https:\/\/myovo.net\/wp-content\/uploads\/2022\/09\/OVO-595-814-30S_main.jpg","type":"image\/jpeg"}],"twitter_card":"summary_large_image","twitter_misc":{"Dur\u00e9e de lecture estim\u00e9e":"1 minute"},"schema":{"@context":"https:\/\/schema.org","@graph":[{"@type":"WebPage","@id":"https:\/\/myovo.net\/fr\/produit\/ensemble-de-nettoyage-automobile-et-aspirateur-de-garage-aspirateur-mural-595aw-aspirateur-humide-seche-de-8-gal-kit-daccessoires-et-outils-de-nettoyage-humide-seche\/","url":"https:\/\/myovo.net\/fr\/produit\/ensemble-de-nettoyage-automobile-et-aspirateur-de-garage-aspirateur-mural-595aw-aspirateur-humide-seche-de-8-gal-kit-daccessoires-et-outils-de-nettoyage-humide-seche\/","name":"Ensemble d'aspirateur pour garage et entretien automobile \u2013 Aspirateur portable, 595AW, 18L \/ 4,75 Gal. + 6 HP de pointe, 30L \/ 8 Gal. Aspirateur Humide\/Sec + Kit d'accessoires standard Id\u00e9al pour tous types de nettoyage, y compris les surfaces dures, les tapis et les applications humides \/ secs - Ovo Vacuum","isPartOf":{"@id":"https:\/\/myovo.net\/#website"},"primaryImageOfPage":{"@id":"https:\/\/myovo.net\/fr\/produit\/ensemble-de-nettoyage-automobile-et-aspirateur-de-garage-aspirateur-mural-595aw-aspirateur-humide-seche-de-8-gal-kit-daccessoires-et-outils-de-nettoyage-humide-seche\/#primaryimage"},"image":{"@id":"https:\/\/myovo.net\/fr\/produit\/ensemble-de-nettoyage-automobile-et-aspirateur-de-garage-aspirateur-mural-595aw-aspirateur-humide-seche-de-8-gal-kit-daccessoires-et-outils-de-nettoyage-humide-seche\/#primaryimage"},"thumbnailUrl":"https:\/\/i0.wp.com\/myovo.net\/wp-content\/uploads\/2022\/09\/OVO-595-814-30S_main.jpg?fit=1500%2C1500&ssl=1","datePublished":"2022-09-02T14:45:31+00:00","dateModified":"2025-11-27T15:45:48+00:00","breadcrumb":{"@id":"https:\/\/myovo.net\/fr\/produit\/ensemble-de-nettoyage-automobile-et-aspirateur-de-garage-aspirateur-mural-595aw-aspirateur-humide-seche-de-8-gal-kit-daccessoires-et-outils-de-nettoyage-humide-seche\/#breadcrumb"},"inLanguage":"fr-FR","potentialAction":[{"@type":"ReadAction","target":["https:\/\/myovo.net\/fr\/produit\/ensemble-de-nettoyage-automobile-et-aspirateur-de-garage-aspirateur-mural-595aw-aspirateur-humide-seche-de-8-gal-kit-daccessoires-et-outils-de-nettoyage-humide-seche\/"]}]},{"@type":"ImageObject","inLanguage":"fr-FR","@id":"https:\/\/myovo.net\/fr\/produit\/ensemble-de-nettoyage-automobile-et-aspirateur-de-garage-aspirateur-mural-595aw-aspirateur-humide-seche-de-8-gal-kit-daccessoires-et-outils-de-nettoyage-humide-seche\/#primaryimage","url":"https:\/\/i0.wp.com\/myovo.net\/wp-content\/uploads\/2022\/09\/OVO-595-814-30S_main.jpg?fit=1500%2C1500&ssl=1","contentUrl":"https:\/\/i0.wp.com\/myovo.net\/wp-content\/uploads\/2022\/09\/OVO-595-814-30S_main.jpg?fit=1500%2C1500&ssl=1","width":1500,"height":1500},{"@type":"BreadcrumbList","@id":"https:\/\/myovo.net\/fr\/produit\/ensemble-de-nettoyage-automobile-et-aspirateur-de-garage-aspirateur-mural-595aw-aspirateur-humide-seche-de-8-gal-kit-daccessoires-et-outils-de-nettoyage-humide-seche\/#breadcrumb","itemListElement":[{"@type":"ListItem","position":1,"name":"Home","item":"https:\/\/myovo.net\/fr\/"},{"@type":"ListItem","position":2,"name":"Shop","item":"https:\/\/myovo.net\/shop-best-central-vacuum\/"},{"@type":"ListItem","position":3,"name":"Ensemble d&#8217;aspirateur pour garage et entretien automobile \u2013 Aspirateur portable, 595AW, 18L \/ 4,75 Gal. + 6 HP de pointe, 30L \/ 8 Gal. Aspirateur Humide\/Sec + Kit d&#8217;accessoires standard Id\u00e9al pour tous types de nettoyage, y compris les surfaces dures, les tapis et les applications humides \/ secs"}]},{"@type":"WebSite","@id":"https:\/\/myovo.net\/#website","url":"https:\/\/myovo.net\/","name":"OVO Central Vacuum","description":"","publisher":{"@id":"https:\/\/myovo.net\/#organization"},"potentialAction":[{"@type":"SearchAction","target":{"@type":"EntryPoint","urlTemplate":"https:\/\/myovo.net\/?s={search_term_string}"},"query-input":{"@type":"PropertyValueSpecification","valueRequired":true,"valueName":"search_term_string"}}],"inLanguage":"fr-FR"},{"@type":"Organization","@id":"https:\/\/myovo.net\/#organization","name":"OVO Central Vacuum","url":"https:\/\/myovo.net\/","logo":{"@type":"ImageObject","inLanguage":"fr-FR","@id":"https:\/\/myovo.net\/#\/schema\/logo\/image\/","url":"https:\/\/i0.wp.com\/myovo.net\/wp-content\/uploads\/2024\/09\/logo-ovo-2-01-1.png?fit=241%2C117&ssl=1","contentUrl":"https:\/\/i0.wp.com\/myovo.net\/wp-content\/uploads\/2024\/09\/logo-ovo-2-01-1.png?fit=241%2C117&ssl=1","width":241,"height":117,"caption":"OVO Central Vacuum"},"image":{"@id":"https:\/\/myovo.net\/#\/schema\/logo\/image\/"},"sameAs":["https:\/\/www.facebook.com\/nadairint\/"]}]}},"jetpack_publicize_connections":[],"jetpack_sharing_enabled":true,"_links":{"self":[{"href":"https:\/\/myovo.net\/fr\/wp-json\/wp\/v2\/product\/22070","targetHints":{"allow":["GET"]}}],"collection":[{"href":"https:\/\/myovo.net\/fr\/wp-json\/wp\/v2\/product"}],"about":[{"href":"https:\/\/myovo.net\/fr\/wp-json\/wp\/v2\/types\/product"}],"replies":[{"embeddable":true,"href":"https:\/\/myovo.net\/fr\/wp-json\/wp\/v2\/comments?post=22070"}],"wp:featuredmedia":[{"embeddable":true,"href":"https:\/\/myovo.net\/fr\/wp-json\/wp\/v2\/media\/21790"}],"wp:attachment":[{"href":"https:\/\/myovo.net\/fr\/wp-json\/wp\/v2\/media?parent=22070"}],"wp:term":[{"taxonomy":"product_brand","embeddable":true,"href":"https:\/\/myovo.net\/fr\/wp-json\/wp\/v2\/product_brand?post=22070"},{"taxonomy":"product_cat","embeddable":true,"href":"https:\/\/myovo.net\/fr\/wp-json\/wp\/v2\/product_cat?post=22070"},{"taxonomy":"product_tag","embeddable":true,"href":"https:\/\/myovo.net\/fr\/wp-json\/wp\/v2\/product_tag?post=22070"}],"curies":[{"name":"wp","href":"https:\/\/api.w.org\/{rel}","templated":true}]}}