{"id":22075,"date":"2022-09-02T10:45:31","date_gmt":"2022-09-02T14:45:31","guid":{"rendered":"https:\/\/dev.myovo.ca\/product\/ensemble-daspirateur-semi-commercial-complet-aspirateur-central-semi-commercial-de-700aw-aspirateur-humide-seche-de-8-gal-kit-daccessoires-et-outils-de-nettoyage-humide-seche\/"},"modified":"2025-10-14T14:05:35","modified_gmt":"2025-10-14T18:05:35","slug":"ensemble-daspirateur-semi-commercial-complet-aspirateur-central-semi-commercial-de-700aw-aspirateur-humide-seche-de-8-gal-kit-daccessoires-et-outils-de-nettoyage-humide-seche","status":"publish","type":"product","link":"https:\/\/myovo.net\/fr\/produit\/ensemble-daspirateur-semi-commercial-complet-aspirateur-central-semi-commercial-de-700aw-aspirateur-humide-seche-de-8-gal-kit-daccessoires-et-outils-de-nettoyage-humide-seche\/","title":{"rendered":"Ensemble d&rsquo;aspirateur semi-commercial complet \u2013 Aspirateur central semi-commercial 700 AW, 35L \/ 9,25 Gal. + Aspirateur eau et poussi\u00e8re 6 HP de pointe, 30L \/ 8 Gal. + Ensemble d&rsquo;accessoires &#8211; Id\u00e9al pour tous types de nettoyage, y compris les surfaces dures, les tapis et les applications humides \/ secs"},"content":{"rendered":"<h3 class=\"\" data-start=\"0\" data-end=\"61\"><strong data-start=\"4\" data-end=\"59\">ENSEMBLE D&rsquo;ASPIRATEUR SEMI-COMMERCIAL COMPLET INCLUT :<\/strong><\/h3>\n<h3 class=\"\" data-start=\"63\" data-end=\"113\"><strong data-start=\"67\" data-end=\"111\">Aspirateur central semi-commercial OVO :<\/strong><\/h3>\n<ul data-start=\"114\" data-end=\"457\">\n<li class=\"\" data-start=\"114\" data-end=\"124\">\n<p class=\"\" data-start=\"116\" data-end=\"124\">700 AW<\/p>\n<\/li>\n<li class=\"\" data-start=\"125\" data-end=\"137\">\n<p class=\"\" data-start=\"127\" data-end=\"137\">115\u201d H\u2082O<\/p>\n<\/li>\n<li class=\"\" data-start=\"138\" data-end=\"147\">\n<p class=\"\" data-start=\"140\" data-end=\"147\">58 dB<\/p>\n<\/li>\n<li class=\"\" data-start=\"148\" data-end=\"167\">\n<p class=\"\" data-start=\"150\" data-end=\"167\">35L \/ 9,25 Gal.<\/p>\n<\/li>\n<li class=\"\" data-start=\"168\" data-end=\"213\">\n<p class=\"\" data-start=\"170\" data-end=\"213\">Moteur tangentiel \u00ab\u00a0By-Pass\u00a0\u00bb \u00e0 2 \u00e9tages<\/p>\n<\/li>\n<li class=\"\" data-start=\"214\" data-end=\"259\">\n<p class=\"\" data-start=\"216\" data-end=\"259\">Technologie de d\u00e9marrage\/arr\u00eat progressif<\/p>\n<\/li>\n<li class=\"\" data-start=\"260\" data-end=\"288\">\n<p class=\"\" data-start=\"262\" data-end=\"288\">Couvre jusqu\u2019\u00e0 9 500 pi\u00b2<\/p>\n<\/li>\n<li class=\"\" data-start=\"289\" data-end=\"322\">\n<p class=\"\" data-start=\"291\" data-end=\"322\">Jusqu\u2019\u00e0 7 prises d\u2019aspiration<\/p>\n<\/li>\n<li class=\"\" data-start=\"323\" data-end=\"457\">\n<p class=\"\" data-start=\"325\" data-end=\"457\">Peut \u00eatre connect\u00e9 en parall\u00e8le ou en s\u00e9rie avec un autre aspirateur semi-commercial OVO pour plus de puissance ou plus de succion<\/p>\n<\/li>\n<\/ul>\n<h3 class=\"\" data-start=\"459\" data-end=\"511\"><strong data-start=\"463\" data-end=\"509\">Aspirateur eau et poussi\u00e8re pour atelier :<\/strong><\/h3>\n<ul data-start=\"512\" data-end=\"631\">\n<li class=\"\" data-start=\"512\" data-end=\"526\">\n<p class=\"\" data-start=\"514\" data-end=\"526\">6 HP de pointe<\/p>\n<\/li>\n<li class=\"\" data-start=\"527\" data-end=\"543\">\n<p class=\"\" data-start=\"529\" data-end=\"543\">30L \/ 8 Gal.<\/p>\n<\/li>\n<li class=\"\" data-start=\"544\" data-end=\"554\">\n<p class=\"\" data-start=\"546\" data-end=\"554\">65 CFM<\/p>\n<\/li>\n<li class=\"\" data-start=\"555\" data-end=\"576\">\n<p class=\"\" data-start=\"557\" data-end=\"576\">80\u201d de d\u00e9pression<\/p>\n<\/li>\n<li class=\"\" data-start=\"577\" data-end=\"606\">\n<p class=\"\" data-start=\"579\" data-end=\"606\">Port de soufflage arri\u00e8re<\/p>\n<\/li>\n<li class=\"\" data-start=\"607\" data-end=\"631\">\n<p class=\"\" data-start=\"609\" data-end=\"631\">Vidange du r\u00e9servoir<\/p>\n<\/li>\n<\/ul>\n<h3 class=\"\" data-start=\"633\" data-end=\"699\"><strong data-start=\"637\" data-end=\"697\">Ensemble d\u2019accessoires de luxe pour tapis et surfaces dures :<\/strong><\/h3>\n<ul data-start=\"700\" data-end=\"1165\">\n<li class=\"\" data-start=\"700\" data-end=\"812\">\n<p class=\"\" data-start=\"702\" data-end=\"812\">Boyau haute tension de 30\/35\/40\/50 pieds avec interrupteur On\/Off sur la poign\u00e9e, ind\u00e9formable, anti-torsion<\/p>\n<\/li>\n<li class=\"\" data-start=\"813\" data-end=\"863\">\n<p class=\"\" data-start=\"815\" data-end=\"863\">Brosse \u00e0 plancher 12\u201d avec poils en crin de cheval<\/p>\n<\/li>\n<li class=\"\" data-start=\"864\" data-end=\"896\">\n<p class=\"\" data-start=\"866\" data-end=\"896\">Brosse \u00e9lectrique pour tapis<\/p>\n<\/li>\n<li class=\"\" data-start=\"897\" data-end=\"948\">\n<p class=\"\" data-start=\"899\" data-end=\"948\">Brosse pour tissus avec poils en crin de cheval<\/p>\n<\/li>\n<li class=\"\" data-start=\"949\" data-end=\"1001\">\n<p class=\"\" data-start=\"951\" data-end=\"1001\">Brosse \u00e0 \u00e9pousseter avec poils en crin de cheval<\/p>\n<\/li>\n<li class=\"\" data-start=\"1002\" data-end=\"1017\">\n<p class=\"\" data-start=\"1004\" data-end=\"1017\">Suceur plat<\/p>\n<\/li>\n<li class=\"\" data-start=\"1018\" data-end=\"1053\">\n<p class=\"\" data-start=\"1020\" data-end=\"1053\">Manchon t\u00e9lescopique basse tension<\/p>\n<\/li>\n<li class=\"\" data-start=\"1054\" data-end=\"1120\">\n<p class=\"\" data-start=\"1056\" data-end=\"1120\">Manchon t\u00e9lescopique \u00e9lectrique pour la brosse \u00e0 tapis \u00e9lectrique<\/p>\n<\/li>\n<li class=\"\" data-start=\"1121\" data-end=\"1142\">\n<p class=\"\" data-start=\"1123\" data-end=\"1142\">Sac d\u2019accessoires<\/p>\n<\/li>\n<li class=\"\" data-start=\"1143\" data-end=\"1165\">\n<p class=\"\" data-start=\"1145\" data-end=\"1165\">Support pour boyau<\/p>\n<\/li>\n<\/ul>\n<h3 class=\"\" data-start=\"1167\" data-end=\"1218\"><strong data-start=\"1171\" data-end=\"1216\">Ensemble d\u2019accessoires pour eau et poussi\u00e8re :<\/strong><\/h3>\n<ul data-start=\"1219\" data-end=\"1456\" data-is-last-node=\"\" data-is-only-node=\"\">\n<li class=\"\" data-start=\"1219\" data-end=\"1278\">\n<p class=\"\" data-start=\"1221\" data-end=\"1278\">Boyau commercial de 8 pieds, anti-torsion, ind\u00e9formable<\/p>\n<\/li>\n<li class=\"\" data-start=\"1279\" data-end=\"1326\">\n<p class=\"\" data-start=\"1281\" data-end=\"1326\">Brosse \u00e0 plancher 2-en-1 avec raclette int\u00e9gr\u00e9e<\/p>\n<\/li>\n<li class=\"\" data-start=\"1327\" data-end=\"1342\">\n<p class=\"\" data-start=\"1329\" data-end=\"1342\">Suceur plat<\/p>\n<\/li>\n<li class=\"\" data-start=\"1343\" data-end=\"1364\">\n<p class=\"\" data-start=\"1345\" data-end=\"1364\">Manchon en 2 parties<\/p>\n<\/li>\n<li class=\"\" data-start=\"1365\" data-end=\"1392\">\n<p class=\"\" data-start=\"1367\" data-end=\"1392\">Filtre \u00e0 cartouche HEPA<\/p>\n<\/li>\n<li class=\"\" data-start=\"1393\" data-end=\"1414\">\n<p class=\"\" data-start=\"1395\" data-end=\"1414\">Filtre mousse<\/p>\n<\/li>\n<li class=\"\" data-start=\"1415\" data-end=\"1442\">\n<p class=\"\" data-start=\"1417\" data-end=\"1442\">Collecteur de poussi\u00e8re<\/p>\n<\/li>\n<li class=\"\" data-start=\"1443\" data-end=\"1456\">\n<p class=\"\" data-start=\"1445\" data-end=\"1456\">Sac jetable<\/p>\n<\/li>\n<\/ul>\n","protected":false},"excerpt":{"rendered":"<p>ENSEMBLE D&rsquo;ASPIRATEUR SEMI-COMMERCIAL COMPLET INCLUT : Aspirateur central semi-commercial OVO : 700 AW 115\u201d H\u2082O 58 dB 35L \/ 9,25 Gal. Moteur tangentiel \u00ab\u00a0By-Pass\u00a0\u00bb \u00e0 2 \u00e9tages Technologie de d\u00e9marrage\/arr\u00eat progressif Couvre jusqu\u2019\u00e0 9 500 pi\u00b2 Jusqu\u2019\u00e0 7 prises d\u2019aspiration Peut \u00eatre connect\u00e9 en parall\u00e8le ou en s\u00e9rie avec un autre aspirateur semi-commercial OVO pour plus  [&#8230;]<\/p>\n","protected":false},"featured_media":21792,"comment_status":"closed","ping_status":"closed","template":"","meta":{"_acf_changed":false,"jetpack_post_was_ever_published":false,"jetpack_publicize_message":"","jetpack_publicize_feature_enabled":true,"jetpack_social_post_already_shared":true,"jetpack_social_options":{"image_generator_settings":{"template":"highway","default_image_id":0,"font":"","enabled":false},"version":2}},"product_brand":[],"product_cat":[75],"product_tag":[],"class_list":{"0":"post-22075","1":"product","2":"type-product","3":"status-publish","4":"has-post-thumbnail","6":"product_cat-packs","8":"first","9":"instock","10":"sale","11":"taxable","12":"shipping-taxable","13":"purchasable","14":"product-type-variable"},"acf":[],"yoast_head":"<!-- This site is optimized with the Yoast SEO plugin v26.7 - https:\/\/yoast.com\/wordpress\/plugins\/seo\/ -->\n<title>Ensemble d&#039;aspirateur semi-commercial complet \u2013 Aspirateur central semi-commercial 700 AW, 35L \/ 9,25 Gal. + Aspirateur eau et poussi\u00e8re 6 HP de pointe, 30L \/ 8 Gal. + Ensemble d&#039;accessoires - Id\u00e9al pour tous types de nettoyage, y compris les surfaces dures, les tapis et les applications humides \/ secs - Ovo Vacuum<\/title>\n<meta name=\"robots\" content=\"index, follow, max-snippet:-1, max-image-preview:large, max-video-preview:-1\" \/>\n<link rel=\"canonical\" href=\"https:\/\/myovo.net\/fr\/produit\/ensemble-daspirateur-semi-commercial-complet-aspirateur-central-semi-commercial-de-700aw-aspirateur-humide-seche-de-8-gal-kit-daccessoires-et-outils-de-nettoyage-humide-seche\/\" \/>\n<meta property=\"og:locale\" content=\"fr_FR\" \/>\n<meta property=\"og:type\" content=\"article\" \/>\n<meta property=\"og:title\" content=\"Ensemble d&#039;aspirateur semi-commercial complet \u2013 Aspirateur central semi-commercial 700 AW, 35L \/ 9,25 Gal. + Aspirateur eau et poussi\u00e8re 6 HP de pointe, 30L \/ 8 Gal. + Ensemble d&#039;accessoires - Id\u00e9al pour tous types de nettoyage, y compris les surfaces dures, les tapis et les applications humides \/ secs - Ovo Vacuum\" \/>\n<meta property=\"og:description\" content=\"ENSEMBLE D&rsquo;ASPIRATEUR SEMI-COMMERCIAL COMPLET INCLUT : Aspirateur central semi-commercial OVO : 700 AW 115\u201d H\u2082O 58 dB 35L \/ 9,25 Gal. Moteur tangentiel \u00ab\u00a0By-Pass\u00a0\u00bb \u00e0 2 \u00e9tages Technologie de d\u00e9marrage\/arr\u00eat progressif Couvre jusqu\u2019\u00e0 9 500 pi\u00b2 Jusqu\u2019\u00e0 7 prises d\u2019aspiration Peut \u00eatre connect\u00e9 en parall\u00e8le ou en s\u00e9rie avec un autre aspirateur semi-commercial OVO pour plus [...]\" \/>\n<meta property=\"og:url\" content=\"https:\/\/myovo.net\/fr\/produit\/ensemble-daspirateur-semi-commercial-complet-aspirateur-central-semi-commercial-de-700aw-aspirateur-humide-seche-de-8-gal-kit-daccessoires-et-outils-de-nettoyage-humide-seche\/\" \/>\n<meta property=\"og:site_name\" content=\"Ovo Vacuum\" \/>\n<meta property=\"article:publisher\" content=\"https:\/\/www.facebook.com\/nadairint\/\" \/>\n<meta property=\"article:modified_time\" content=\"2025-10-14T18:05:35+00:00\" \/>\n<meta property=\"og:image\" content=\"https:\/\/myovo.net\/wp-content\/uploads\/2022\/09\/OVO-655-814-cd_main.jpg\" \/>\n\t<meta property=\"og:image:width\" content=\"1500\" \/>\n\t<meta property=\"og:image:height\" content=\"1500\" \/>\n\t<meta property=\"og:image:type\" content=\"image\/jpeg\" \/>\n<meta name=\"twitter:card\" content=\"summary_large_image\" \/>\n<meta name=\"twitter:label1\" content=\"Dur\u00e9e de lecture estim\u00e9e\" \/>\n\t<meta name=\"twitter:data1\" content=\"2 minutes\" \/>\n<script type=\"application\/ld+json\" class=\"yoast-schema-graph\">{\"@context\":\"https:\/\/schema.org\",\"@graph\":[{\"@type\":\"WebPage\",\"@id\":\"https:\/\/myovo.net\/fr\/produit\/ensemble-daspirateur-semi-commercial-complet-aspirateur-central-semi-commercial-de-700aw-aspirateur-humide-seche-de-8-gal-kit-daccessoires-et-outils-de-nettoyage-humide-seche\/\",\"url\":\"https:\/\/myovo.net\/fr\/produit\/ensemble-daspirateur-semi-commercial-complet-aspirateur-central-semi-commercial-de-700aw-aspirateur-humide-seche-de-8-gal-kit-daccessoires-et-outils-de-nettoyage-humide-seche\/\",\"name\":\"Ensemble d'aspirateur semi-commercial complet \u2013 Aspirateur central semi-commercial 700 AW, 35L \/ 9,25 Gal. + Aspirateur eau et poussi\u00e8re 6 HP de pointe, 30L \/ 8 Gal. + Ensemble d'accessoires - Id\u00e9al pour tous types de nettoyage, y compris les surfaces dures, les tapis et les applications humides \/ secs - Ovo Vacuum\",\"isPartOf\":{\"@id\":\"https:\/\/myovo.net\/#website\"},\"primaryImageOfPage\":{\"@id\":\"https:\/\/myovo.net\/fr\/produit\/ensemble-daspirateur-semi-commercial-complet-aspirateur-central-semi-commercial-de-700aw-aspirateur-humide-seche-de-8-gal-kit-daccessoires-et-outils-de-nettoyage-humide-seche\/#primaryimage\"},\"image\":{\"@id\":\"https:\/\/myovo.net\/fr\/produit\/ensemble-daspirateur-semi-commercial-complet-aspirateur-central-semi-commercial-de-700aw-aspirateur-humide-seche-de-8-gal-kit-daccessoires-et-outils-de-nettoyage-humide-seche\/#primaryimage\"},\"thumbnailUrl\":\"https:\/\/i0.wp.com\/myovo.net\/wp-content\/uploads\/2022\/09\/OVO-655-814-cd_main.jpg?fit=1500%2C1500&ssl=1\",\"datePublished\":\"2022-09-02T14:45:31+00:00\",\"dateModified\":\"2025-10-14T18:05:35+00:00\",\"breadcrumb\":{\"@id\":\"https:\/\/myovo.net\/fr\/produit\/ensemble-daspirateur-semi-commercial-complet-aspirateur-central-semi-commercial-de-700aw-aspirateur-humide-seche-de-8-gal-kit-daccessoires-et-outils-de-nettoyage-humide-seche\/#breadcrumb\"},\"inLanguage\":\"fr-FR\",\"potentialAction\":[{\"@type\":\"ReadAction\",\"target\":[\"https:\/\/myovo.net\/fr\/produit\/ensemble-daspirateur-semi-commercial-complet-aspirateur-central-semi-commercial-de-700aw-aspirateur-humide-seche-de-8-gal-kit-daccessoires-et-outils-de-nettoyage-humide-seche\/\"]}]},{\"@type\":\"ImageObject\",\"inLanguage\":\"fr-FR\",\"@id\":\"https:\/\/myovo.net\/fr\/produit\/ensemble-daspirateur-semi-commercial-complet-aspirateur-central-semi-commercial-de-700aw-aspirateur-humide-seche-de-8-gal-kit-daccessoires-et-outils-de-nettoyage-humide-seche\/#primaryimage\",\"url\":\"https:\/\/i0.wp.com\/myovo.net\/wp-content\/uploads\/2022\/09\/OVO-655-814-cd_main.jpg?fit=1500%2C1500&ssl=1\",\"contentUrl\":\"https:\/\/i0.wp.com\/myovo.net\/wp-content\/uploads\/2022\/09\/OVO-655-814-cd_main.jpg?fit=1500%2C1500&ssl=1\",\"width\":1500,\"height\":1500},{\"@type\":\"BreadcrumbList\",\"@id\":\"https:\/\/myovo.net\/fr\/produit\/ensemble-daspirateur-semi-commercial-complet-aspirateur-central-semi-commercial-de-700aw-aspirateur-humide-seche-de-8-gal-kit-daccessoires-et-outils-de-nettoyage-humide-seche\/#breadcrumb\",\"itemListElement\":[{\"@type\":\"ListItem\",\"position\":1,\"name\":\"Home\",\"item\":\"https:\/\/myovo.net\/fr\/\"},{\"@type\":\"ListItem\",\"position\":2,\"name\":\"Shop\",\"item\":\"https:\/\/myovo.net\/shop-best-central-vacuum\/\"},{\"@type\":\"ListItem\",\"position\":3,\"name\":\"Ensemble d&#8217;aspirateur semi-commercial complet \u2013 Aspirateur central semi-commercial 700 AW, 35L \/ 9,25 Gal. + Aspirateur eau et poussi\u00e8re 6 HP de pointe, 30L \/ 8 Gal. + Ensemble d&#8217;accessoires &#8211; Id\u00e9al pour tous types de nettoyage, y compris les surfaces dures, les tapis et les applications humides \/ secs\"}]},{\"@type\":\"WebSite\",\"@id\":\"https:\/\/myovo.net\/#website\",\"url\":\"https:\/\/myovo.net\/\",\"name\":\"OVO Central Vacuum\",\"description\":\"\",\"publisher\":{\"@id\":\"https:\/\/myovo.net\/#organization\"},\"potentialAction\":[{\"@type\":\"SearchAction\",\"target\":{\"@type\":\"EntryPoint\",\"urlTemplate\":\"https:\/\/myovo.net\/?s={search_term_string}\"},\"query-input\":{\"@type\":\"PropertyValueSpecification\",\"valueRequired\":true,\"valueName\":\"search_term_string\"}}],\"inLanguage\":\"fr-FR\"},{\"@type\":\"Organization\",\"@id\":\"https:\/\/myovo.net\/#organization\",\"name\":\"OVO Central Vacuum\",\"url\":\"https:\/\/myovo.net\/\",\"logo\":{\"@type\":\"ImageObject\",\"inLanguage\":\"fr-FR\",\"@id\":\"https:\/\/myovo.net\/#\/schema\/logo\/image\/\",\"url\":\"https:\/\/i0.wp.com\/myovo.net\/wp-content\/uploads\/2024\/09\/logo-ovo-2-01-1.png?fit=241%2C117&ssl=1\",\"contentUrl\":\"https:\/\/i0.wp.com\/myovo.net\/wp-content\/uploads\/2024\/09\/logo-ovo-2-01-1.png?fit=241%2C117&ssl=1\",\"width\":241,\"height\":117,\"caption\":\"OVO Central Vacuum\"},\"image\":{\"@id\":\"https:\/\/myovo.net\/#\/schema\/logo\/image\/\"},\"sameAs\":[\"https:\/\/www.facebook.com\/nadairint\/\"]}]}<\/script>\n<!-- \/ Yoast SEO plugin. -->","yoast_head_json":{"title":"Ensemble d'aspirateur semi-commercial complet \u2013 Aspirateur central semi-commercial 700 AW, 35L \/ 9,25 Gal. + Aspirateur eau et poussi\u00e8re 6 HP de pointe, 30L \/ 8 Gal. + Ensemble d'accessoires - Id\u00e9al pour tous types de nettoyage, y compris les surfaces dures, les tapis et les applications humides \/ secs - Ovo Vacuum","robots":{"index":"index","follow":"follow","max-snippet":"max-snippet:-1","max-image-preview":"max-image-preview:large","max-video-preview":"max-video-preview:-1"},"canonical":"https:\/\/myovo.net\/fr\/produit\/ensemble-daspirateur-semi-commercial-complet-aspirateur-central-semi-commercial-de-700aw-aspirateur-humide-seche-de-8-gal-kit-daccessoires-et-outils-de-nettoyage-humide-seche\/","og_locale":"fr_FR","og_type":"article","og_title":"Ensemble d'aspirateur semi-commercial complet \u2013 Aspirateur central semi-commercial 700 AW, 35L \/ 9,25 Gal. + Aspirateur eau et poussi\u00e8re 6 HP de pointe, 30L \/ 8 Gal. + Ensemble d'accessoires - Id\u00e9al pour tous types de nettoyage, y compris les surfaces dures, les tapis et les applications humides \/ secs - Ovo Vacuum","og_description":"ENSEMBLE D&rsquo;ASPIRATEUR SEMI-COMMERCIAL COMPLET INCLUT : Aspirateur central semi-commercial OVO : 700 AW 115\u201d H\u2082O 58 dB 35L \/ 9,25 Gal. Moteur tangentiel \u00ab\u00a0By-Pass\u00a0\u00bb \u00e0 2 \u00e9tages Technologie de d\u00e9marrage\/arr\u00eat progressif Couvre jusqu\u2019\u00e0 9 500 pi\u00b2 Jusqu\u2019\u00e0 7 prises d\u2019aspiration Peut \u00eatre connect\u00e9 en parall\u00e8le ou en s\u00e9rie avec un autre aspirateur semi-commercial OVO pour plus [...]","og_url":"https:\/\/myovo.net\/fr\/produit\/ensemble-daspirateur-semi-commercial-complet-aspirateur-central-semi-commercial-de-700aw-aspirateur-humide-seche-de-8-gal-kit-daccessoires-et-outils-de-nettoyage-humide-seche\/","og_site_name":"Ovo Vacuum","article_publisher":"https:\/\/www.facebook.com\/nadairint\/","article_modified_time":"2025-10-14T18:05:35+00:00","og_image":[{"width":1500,"height":1500,"url":"https:\/\/myovo.net\/wp-content\/uploads\/2022\/09\/OVO-655-814-cd_main.jpg","type":"image\/jpeg"}],"twitter_card":"summary_large_image","twitter_misc":{"Dur\u00e9e de lecture estim\u00e9e":"2 minutes"},"schema":{"@context":"https:\/\/schema.org","@graph":[{"@type":"WebPage","@id":"https:\/\/myovo.net\/fr\/produit\/ensemble-daspirateur-semi-commercial-complet-aspirateur-central-semi-commercial-de-700aw-aspirateur-humide-seche-de-8-gal-kit-daccessoires-et-outils-de-nettoyage-humide-seche\/","url":"https:\/\/myovo.net\/fr\/produit\/ensemble-daspirateur-semi-commercial-complet-aspirateur-central-semi-commercial-de-700aw-aspirateur-humide-seche-de-8-gal-kit-daccessoires-et-outils-de-nettoyage-humide-seche\/","name":"Ensemble d'aspirateur semi-commercial complet \u2013 Aspirateur central semi-commercial 700 AW, 35L \/ 9,25 Gal. + Aspirateur eau et poussi\u00e8re 6 HP de pointe, 30L \/ 8 Gal. + Ensemble d'accessoires - Id\u00e9al pour tous types de nettoyage, y compris les surfaces dures, les tapis et les applications humides \/ secs - Ovo Vacuum","isPartOf":{"@id":"https:\/\/myovo.net\/#website"},"primaryImageOfPage":{"@id":"https:\/\/myovo.net\/fr\/produit\/ensemble-daspirateur-semi-commercial-complet-aspirateur-central-semi-commercial-de-700aw-aspirateur-humide-seche-de-8-gal-kit-daccessoires-et-outils-de-nettoyage-humide-seche\/#primaryimage"},"image":{"@id":"https:\/\/myovo.net\/fr\/produit\/ensemble-daspirateur-semi-commercial-complet-aspirateur-central-semi-commercial-de-700aw-aspirateur-humide-seche-de-8-gal-kit-daccessoires-et-outils-de-nettoyage-humide-seche\/#primaryimage"},"thumbnailUrl":"https:\/\/i0.wp.com\/myovo.net\/wp-content\/uploads\/2022\/09\/OVO-655-814-cd_main.jpg?fit=1500%2C1500&ssl=1","datePublished":"2022-09-02T14:45:31+00:00","dateModified":"2025-10-14T18:05:35+00:00","breadcrumb":{"@id":"https:\/\/myovo.net\/fr\/produit\/ensemble-daspirateur-semi-commercial-complet-aspirateur-central-semi-commercial-de-700aw-aspirateur-humide-seche-de-8-gal-kit-daccessoires-et-outils-de-nettoyage-humide-seche\/#breadcrumb"},"inLanguage":"fr-FR","potentialAction":[{"@type":"ReadAction","target":["https:\/\/myovo.net\/fr\/produit\/ensemble-daspirateur-semi-commercial-complet-aspirateur-central-semi-commercial-de-700aw-aspirateur-humide-seche-de-8-gal-kit-daccessoires-et-outils-de-nettoyage-humide-seche\/"]}]},{"@type":"ImageObject","inLanguage":"fr-FR","@id":"https:\/\/myovo.net\/fr\/produit\/ensemble-daspirateur-semi-commercial-complet-aspirateur-central-semi-commercial-de-700aw-aspirateur-humide-seche-de-8-gal-kit-daccessoires-et-outils-de-nettoyage-humide-seche\/#primaryimage","url":"https:\/\/i0.wp.com\/myovo.net\/wp-content\/uploads\/2022\/09\/OVO-655-814-cd_main.jpg?fit=1500%2C1500&ssl=1","contentUrl":"https:\/\/i0.wp.com\/myovo.net\/wp-content\/uploads\/2022\/09\/OVO-655-814-cd_main.jpg?fit=1500%2C1500&ssl=1","width":1500,"height":1500},{"@type":"BreadcrumbList","@id":"https:\/\/myovo.net\/fr\/produit\/ensemble-daspirateur-semi-commercial-complet-aspirateur-central-semi-commercial-de-700aw-aspirateur-humide-seche-de-8-gal-kit-daccessoires-et-outils-de-nettoyage-humide-seche\/#breadcrumb","itemListElement":[{"@type":"ListItem","position":1,"name":"Home","item":"https:\/\/myovo.net\/fr\/"},{"@type":"ListItem","position":2,"name":"Shop","item":"https:\/\/myovo.net\/shop-best-central-vacuum\/"},{"@type":"ListItem","position":3,"name":"Ensemble d&#8217;aspirateur semi-commercial complet \u2013 Aspirateur central semi-commercial 700 AW, 35L \/ 9,25 Gal. + Aspirateur eau et poussi\u00e8re 6 HP de pointe, 30L \/ 8 Gal. + Ensemble d&#8217;accessoires &#8211; Id\u00e9al pour tous types de nettoyage, y compris les surfaces dures, les tapis et les applications humides \/ secs"}]},{"@type":"WebSite","@id":"https:\/\/myovo.net\/#website","url":"https:\/\/myovo.net\/","name":"OVO Central Vacuum","description":"","publisher":{"@id":"https:\/\/myovo.net\/#organization"},"potentialAction":[{"@type":"SearchAction","target":{"@type":"EntryPoint","urlTemplate":"https:\/\/myovo.net\/?s={search_term_string}"},"query-input":{"@type":"PropertyValueSpecification","valueRequired":true,"valueName":"search_term_string"}}],"inLanguage":"fr-FR"},{"@type":"Organization","@id":"https:\/\/myovo.net\/#organization","name":"OVO Central Vacuum","url":"https:\/\/myovo.net\/","logo":{"@type":"ImageObject","inLanguage":"fr-FR","@id":"https:\/\/myovo.net\/#\/schema\/logo\/image\/","url":"https:\/\/i0.wp.com\/myovo.net\/wp-content\/uploads\/2024\/09\/logo-ovo-2-01-1.png?fit=241%2C117&ssl=1","contentUrl":"https:\/\/i0.wp.com\/myovo.net\/wp-content\/uploads\/2024\/09\/logo-ovo-2-01-1.png?fit=241%2C117&ssl=1","width":241,"height":117,"caption":"OVO Central Vacuum"},"image":{"@id":"https:\/\/myovo.net\/#\/schema\/logo\/image\/"},"sameAs":["https:\/\/www.facebook.com\/nadairint\/"]}]}},"jetpack_publicize_connections":[],"jetpack_sharing_enabled":true,"_links":{"self":[{"href":"https:\/\/myovo.net\/fr\/wp-json\/wp\/v2\/product\/22075","targetHints":{"allow":["GET"]}}],"collection":[{"href":"https:\/\/myovo.net\/fr\/wp-json\/wp\/v2\/product"}],"about":[{"href":"https:\/\/myovo.net\/fr\/wp-json\/wp\/v2\/types\/product"}],"replies":[{"embeddable":true,"href":"https:\/\/myovo.net\/fr\/wp-json\/wp\/v2\/comments?post=22075"}],"wp:featuredmedia":[{"embeddable":true,"href":"https:\/\/myovo.net\/fr\/wp-json\/wp\/v2\/media\/21792"}],"wp:attachment":[{"href":"https:\/\/myovo.net\/fr\/wp-json\/wp\/v2\/media?parent=22075"}],"wp:term":[{"taxonomy":"product_brand","embeddable":true,"href":"https:\/\/myovo.net\/fr\/wp-json\/wp\/v2\/product_brand?post=22075"},{"taxonomy":"product_cat","embeddable":true,"href":"https:\/\/myovo.net\/fr\/wp-json\/wp\/v2\/product_cat?post=22075"},{"taxonomy":"product_tag","embeddable":true,"href":"https:\/\/myovo.net\/fr\/wp-json\/wp\/v2\/product_tag?post=22075"}],"curies":[{"name":"wp","href":"https:\/\/api.w.org\/{rel}","templated":true}]}}