{"id":22080,"date":"2022-09-02T10:45:31","date_gmt":"2022-09-02T14:45:31","guid":{"rendered":"https:\/\/dev.myovo.ca\/product\/ensemble-daspirateur-ultime-ovo-pour-la-maison-aspirateur-central-de-700aw-aspirateur-humide-seche-de-5-gal-kit-daccessoires-et-outils-de-nettoyage-humide-seche\/"},"modified":"2025-04-08T12:45:49","modified_gmt":"2025-04-08T16:45:49","slug":"ensemble-daspirateur-ultime-ovo-pour-la-maison-aspirateur-central-de-700aw-aspirateur-humide-seche-de-5-gal-kit-daccessoires-et-outils-de-nettoyage-humide-seche","status":"publish","type":"product","link":"https:\/\/myovo.net\/fr\/produit\/ensemble-daspirateur-ultime-ovo-pour-la-maison-aspirateur-central-de-700aw-aspirateur-humide-seche-de-5-gal-kit-daccessoires-et-outils-de-nettoyage-humide-seche\/","title":{"rendered":"Ensemble Ultime d\u2019Aspirateur OVO \u2013 OVO 700AW, Syst\u00e8me d\u2019Aspirateur Central Hybride, R\u00e9servoir inf\u00e9rieur de 35L \/ 9,25 Gal. + Aspirateur d\u2019Atelier Humide\/Sec de 5 HP de pointe, 20L \/ 5 Gal. + Ensemble d\u2019Accessoires Deluxe Plus \u2013 Id\u00e9al pour tous types de nettoyage, y compris les surfaces dures, les tapis et les applications humides\/secs."},"content":{"rendered":"<p data-start=\"0\" data-end=\"47\">ENSEMBLE ULTIME D\u2019ASPIRATEUR POUR MAISON INCLUT :<\/p>\n<h3 data-start=\"49\" data-end=\"83\"><strong data-start=\"53\" data-end=\"81\">Aspirateur Central OVO :<\/strong><\/h3>\n<ul data-start=\"84\" data-end=\"547\">\n<li data-start=\"84\" data-end=\"120\">Aspirateur central ultra-robuste<\/li>\n<li data-start=\"121\" data-end=\"131\">700 AW<\/li>\n<li data-start=\"132\" data-end=\"144\">140\u201d H\u2082O<\/li>\n<li data-start=\"145\" data-end=\"184\">Moteur \u00ab\u00a0Thru Flow\u00a0\u00bb \u00e0 2 stages<\/li>\n<li data-start=\"185\" data-end=\"194\">63 dB<\/li>\n<li data-start=\"195\" data-end=\"240\">Technologie de d\u00e9marrage\/arr\u00eat progressif<\/li>\n<li data-start=\"241\" data-end=\"309\">Capacit\u00e9 jusqu\u2019\u00e0 <strong data-start=\"260\" data-end=\"284\">8 000 pi\u00b2 (743,1 m\u00b2)<\/strong> \u2013 jusqu&rsquo;\u00e0 <strong data-start=\"295\" data-end=\"307\">8 prises<\/strong><\/li>\n<li data-start=\"310\" data-end=\"333\">R\u00e9servoir inf\u00e9rieur<\/li>\n<li data-start=\"334\" data-end=\"419\">Indicateur LED : Affiche l\u2019\u00e9tat de l\u2019appareil \/ Quand changer le filtre ou le sac<\/li>\n<li data-start=\"420\" data-end=\"486\"><strong data-start=\"422\" data-end=\"444\">Filtration hybride<\/strong> : Utilisable avec ou sans sacs jetables<\/li>\n<li data-start=\"487\" data-end=\"547\"><strong data-start=\"489\" data-end=\"505\">Acier lamin\u00e9<\/strong> : R\u00e9sistant \u00e0 l\u2019usure et \u00e0 la corrosion<\/li>\n<\/ul>\n<h3 data-start=\"549\" data-end=\"594\"><strong data-start=\"553\" data-end=\"592\">Aspirateur d\u2019Atelier Humide \/ Sec :<\/strong><\/h3>\n<ul data-start=\"595\" data-end=\"737\">\n<li data-start=\"595\" data-end=\"616\"><strong data-start=\"597\" data-end=\"614\">5 HP de pointe<\/strong><\/li>\n<li data-start=\"617\" data-end=\"637\"><strong data-start=\"619\" data-end=\"635\">20L \/ 5 Gal.<\/strong><\/li>\n<li data-start=\"638\" data-end=\"654\"><strong data-start=\"640\" data-end=\"652\">63,5 CFM<\/strong><\/li>\n<li data-start=\"655\" data-end=\"683\"><strong data-start=\"657\" data-end=\"681\">68,5\u201d H2O<\/strong><\/li>\n<li data-start=\"684\" data-end=\"714\">Souffleur arri\u00e8re int\u00e9gr\u00e9<\/li>\n<li data-start=\"715\" data-end=\"737\">Drain du r\u00e9servoir<\/li>\n<\/ul>\n<h3 data-start=\"739\" data-end=\"823\"><strong data-start=\"743\" data-end=\"821\">Ensemble d\u2019accessoires Deluxe Plus pour surfaces dures et tapis \u00e0 poils courts :<\/strong><\/h3>\n<ul data-start=\"824\" data-end=\"1482\">\n<li data-start=\"824\" data-end=\"983\"><strong data-start=\"826\" data-end=\"889\">Boyau bas-voltage avec interrupteur marche \/ arr\u00eat sur la poign\u00e9e<\/strong>\n<ul data-start=\"894\" data-end=\"983\">\n<li data-start=\"894\" data-end=\"983\">Disponible en <strong data-start=\"910\" data-end=\"981\">30 pi (9,10 m), 35 pi (10,70 m), 40 pi (12,20 m) ou 50 pi (15,20 m)<\/strong><\/li>\n<\/ul>\n<\/li>\n<li data-start=\"984\" data-end=\"1037\"><strong data-start=\"986\" data-end=\"1019\">Brosse turbo \u00e0 air pour tapis<\/strong>, 11\u201d (27,95 cm)<\/li>\n<li data-start=\"1038\" data-end=\"1108\"><strong data-start=\"1040\" data-end=\"1093\">Brosse \u00e0 plancher avec poils en crin de cheval<\/strong>, 12\u201d (30 cm)<\/li>\n<li data-start=\"1109\" data-end=\"1176\"><strong data-start=\"1111\" data-end=\"1141\">Manchon t\u00e9lescopique ajustable<\/strong>, de 25,5\u201d (67 cm) \u00e0 38\u201d (100 cm)<\/li>\n<li data-start=\"1177\" data-end=\"1258\"><strong data-start=\"1179\" data-end=\"1244\">Brosse \u00e0 capitonnage avec poils en crin de cheval<\/strong>, 5\u201d (14 cm)<\/li>\n<li data-start=\"1259\" data-end=\"1327\"><strong data-start=\"1261\" data-end=\"1313\">Brosse \u00e0 \u00e9poussetage avec poils en crin de cheval<\/strong>, 4\u201d (10 cm)<\/li>\n<li data-start=\"1328\" data-end=\"1366\"><strong data-start=\"1330\" data-end=\"1351\">Suceur plat<\/strong>, 10\u201d (25 cm)<\/li>\n<li data-start=\"1367\" data-end=\"1406\"><strong data-start=\"1369\" data-end=\"1404\">Support d\u2019accessoires pour boyaux<\/strong><\/li>\n<li data-start=\"1407\" data-end=\"1482\"><strong data-start=\"1409\" data-end=\"1480\">Support mural chrom\u00e9 pour boyau et sac de rangement des accessoires<\/strong><\/li>\n<\/ul>\n<h3 data-start=\"1484\" data-end=\"1548\"><strong data-start=\"1488\" data-end=\"1546\">Ensemble d\u2019accessoires pour applications humides \/ s\u00e8ches :<\/strong><\/h3>\n<ul data-start=\"1549\" data-end=\"1870\" data-is-only-node=\"\" data-is-last-node=\"\">\n<li data-start=\"1549\" data-end=\"1630\"><strong data-start=\"1551\" data-end=\"1628\">Boyau commercial de 8 pi (2,43 cm), anti-enroulement, r\u00e9sistant \u00e0 l\u2019\u00e9crasement<\/strong><\/li>\n<li data-start=\"1631\" data-end=\"1695\"><strong data-start=\"1633\" data-end=\"1680\">Brosse \u00e0 plancher 2-en-1 avec raclette (\u00ab\u00a0Squeegee\u00a0\u00bb) int\u00e9gr\u00e9e<\/strong>, 13\u201d (30 cm)<\/li>\n<li data-start=\"1696\" data-end=\"1734\"><strong data-start=\"1698\" data-end=\"1719\">Suceur plat<\/strong>, 10\u201d (25 cm)<\/li>\n<li data-start=\"1735\" data-end=\"1760\"><strong data-start=\"1737\" data-end=\"1758\">Manchon en 2 parties<\/strong><\/li>\n<li data-start=\"1761\" data-end=\"1792\"><strong data-start=\"1763\" data-end=\"1790\">Filtre HEPA \u00e0 cartouche<\/strong><\/li>\n<li data-start=\"1793\" data-end=\"1818\"><strong data-start=\"1795\" data-end=\"1816\">Filtre mousse<\/strong><\/li>\n<li data-start=\"1819\" data-end=\"1850\"><strong data-start=\"1821\" data-end=\"1848\">Collecteur de poussi\u00e8re<\/strong><\/li>\n<li data-start=\"1851\" data-end=\"1870\" data-is-last-node=\"\"><strong data-start=\"1853\" data-end=\"1868\">Sac jetable<\/strong><\/li>\n<\/ul>\n","protected":false},"excerpt":{"rendered":"<p>ENSEMBLE ULTIME D\u2019ASPIRATEUR POUR MAISON INCLUT : Aspirateur Central OVO : Aspirateur central ultra-robuste 700 AW 140\u201d H\u2082O Moteur \u00ab\u00a0Thru Flow\u00a0\u00bb \u00e0 2 stages 63 dB Technologie de d\u00e9marrage\/arr\u00eat progressif Capacit\u00e9 jusqu\u2019\u00e0 8 000 pi\u00b2 (743,1 m\u00b2) \u2013 jusqu&rsquo;\u00e0 8 prises R\u00e9servoir inf\u00e9rieur Indicateur LED : Affiche l\u2019\u00e9tat de l\u2019appareil \/ Quand changer le filtre ou  [&#8230;]<\/p>\n","protected":false},"featured_media":21794,"comment_status":"closed","ping_status":"closed","template":"","meta":{"_acf_changed":false,"jetpack_post_was_ever_published":false,"jetpack_publicize_message":"","jetpack_publicize_feature_enabled":true,"jetpack_social_post_already_shared":true,"jetpack_social_options":{"image_generator_settings":{"template":"highway","default_image_id":0,"font":"","enabled":false},"version":2}},"product_brand":[],"product_cat":[75],"product_tag":[],"class_list":{"0":"post-22080","1":"product","2":"type-product","3":"status-publish","4":"has-post-thumbnail","6":"product_cat-packs","8":"first","9":"instock","10":"sale","11":"taxable","12":"shipping-taxable","13":"purchasable","14":"product-type-variable"},"acf":[],"yoast_head":"<!-- This site is optimized with the Yoast SEO plugin v26.7 - https:\/\/yoast.com\/wordpress\/plugins\/seo\/ -->\n<title>Ensemble Ultime d\u2019Aspirateur OVO \u2013 OVO 700AW, Syst\u00e8me d\u2019Aspirateur Central Hybride, R\u00e9servoir inf\u00e9rieur de 35L \/ 9,25 Gal. + Aspirateur d\u2019Atelier Humide\/Sec de 5 HP de pointe, 20L \/ 5 Gal. + Ensemble d\u2019Accessoires Deluxe Plus \u2013 Id\u00e9al pour tous types de nettoyage, y compris les surfaces dures, les tapis et les applications humides\/secs. - Ovo Vacuum<\/title>\n<meta name=\"robots\" content=\"index, follow, max-snippet:-1, max-image-preview:large, max-video-preview:-1\" \/>\n<link rel=\"canonical\" href=\"https:\/\/myovo.net\/fr\/produit\/ensemble-daspirateur-ultime-ovo-pour-la-maison-aspirateur-central-de-700aw-aspirateur-humide-seche-de-5-gal-kit-daccessoires-et-outils-de-nettoyage-humide-seche\/\" \/>\n<meta property=\"og:locale\" content=\"fr_FR\" \/>\n<meta property=\"og:type\" content=\"article\" \/>\n<meta property=\"og:title\" content=\"Ensemble Ultime d\u2019Aspirateur OVO \u2013 OVO 700AW, Syst\u00e8me d\u2019Aspirateur Central Hybride, R\u00e9servoir inf\u00e9rieur de 35L \/ 9,25 Gal. + Aspirateur d\u2019Atelier Humide\/Sec de 5 HP de pointe, 20L \/ 5 Gal. + Ensemble d\u2019Accessoires Deluxe Plus \u2013 Id\u00e9al pour tous types de nettoyage, y compris les surfaces dures, les tapis et les applications humides\/secs. - Ovo Vacuum\" \/>\n<meta property=\"og:description\" content=\"ENSEMBLE ULTIME D\u2019ASPIRATEUR POUR MAISON INCLUT : Aspirateur Central OVO : Aspirateur central ultra-robuste 700 AW 140\u201d H\u2082O Moteur \u00ab\u00a0Thru Flow\u00a0\u00bb \u00e0 2 stages 63 dB Technologie de d\u00e9marrage\/arr\u00eat progressif Capacit\u00e9 jusqu\u2019\u00e0 8 000 pi\u00b2 (743,1 m\u00b2) \u2013 jusqu&rsquo;\u00e0 8 prises R\u00e9servoir inf\u00e9rieur Indicateur LED : Affiche l\u2019\u00e9tat de l\u2019appareil \/ Quand changer le filtre ou [...]\" \/>\n<meta property=\"og:url\" content=\"https:\/\/myovo.net\/fr\/produit\/ensemble-daspirateur-ultime-ovo-pour-la-maison-aspirateur-central-de-700aw-aspirateur-humide-seche-de-5-gal-kit-daccessoires-et-outils-de-nettoyage-humide-seche\/\" \/>\n<meta property=\"og:site_name\" content=\"Ovo Vacuum\" \/>\n<meta property=\"article:publisher\" content=\"https:\/\/www.facebook.com\/nadairint\/\" \/>\n<meta property=\"article:modified_time\" content=\"2025-04-08T16:45:49+00:00\" \/>\n<meta property=\"og:image\" content=\"https:\/\/myovo.net\/wp-content\/uploads\/2022\/09\/OVO-725-512-DP_MAIN.jpg\" \/>\n\t<meta property=\"og:image:width\" content=\"1500\" \/>\n\t<meta property=\"og:image:height\" content=\"1500\" \/>\n\t<meta property=\"og:image:type\" content=\"image\/jpeg\" \/>\n<meta name=\"twitter:card\" content=\"summary_large_image\" \/>\n<meta name=\"twitter:label1\" content=\"Dur\u00e9e de lecture estim\u00e9e\" \/>\n\t<meta name=\"twitter:data1\" content=\"2 minutes\" \/>\n<script type=\"application\/ld+json\" class=\"yoast-schema-graph\">{\"@context\":\"https:\/\/schema.org\",\"@graph\":[{\"@type\":\"WebPage\",\"@id\":\"https:\/\/myovo.net\/fr\/produit\/ensemble-daspirateur-ultime-ovo-pour-la-maison-aspirateur-central-de-700aw-aspirateur-humide-seche-de-5-gal-kit-daccessoires-et-outils-de-nettoyage-humide-seche\/\",\"url\":\"https:\/\/myovo.net\/fr\/produit\/ensemble-daspirateur-ultime-ovo-pour-la-maison-aspirateur-central-de-700aw-aspirateur-humide-seche-de-5-gal-kit-daccessoires-et-outils-de-nettoyage-humide-seche\/\",\"name\":\"Ensemble Ultime d\u2019Aspirateur OVO \u2013 OVO 700AW, Syst\u00e8me d\u2019Aspirateur Central Hybride, R\u00e9servoir inf\u00e9rieur de 35L \/ 9,25 Gal. + Aspirateur d\u2019Atelier Humide\/Sec de 5 HP de pointe, 20L \/ 5 Gal. + Ensemble d\u2019Accessoires Deluxe Plus \u2013 Id\u00e9al pour tous types de nettoyage, y compris les surfaces dures, les tapis et les applications humides\/secs. - Ovo Vacuum\",\"isPartOf\":{\"@id\":\"https:\/\/myovo.net\/#website\"},\"primaryImageOfPage\":{\"@id\":\"https:\/\/myovo.net\/fr\/produit\/ensemble-daspirateur-ultime-ovo-pour-la-maison-aspirateur-central-de-700aw-aspirateur-humide-seche-de-5-gal-kit-daccessoires-et-outils-de-nettoyage-humide-seche\/#primaryimage\"},\"image\":{\"@id\":\"https:\/\/myovo.net\/fr\/produit\/ensemble-daspirateur-ultime-ovo-pour-la-maison-aspirateur-central-de-700aw-aspirateur-humide-seche-de-5-gal-kit-daccessoires-et-outils-de-nettoyage-humide-seche\/#primaryimage\"},\"thumbnailUrl\":\"https:\/\/i0.wp.com\/myovo.net\/wp-content\/uploads\/2022\/09\/OVO-725-512-DP_MAIN.jpg?fit=1500%2C1500&ssl=1\",\"datePublished\":\"2022-09-02T14:45:31+00:00\",\"dateModified\":\"2025-04-08T16:45:49+00:00\",\"breadcrumb\":{\"@id\":\"https:\/\/myovo.net\/fr\/produit\/ensemble-daspirateur-ultime-ovo-pour-la-maison-aspirateur-central-de-700aw-aspirateur-humide-seche-de-5-gal-kit-daccessoires-et-outils-de-nettoyage-humide-seche\/#breadcrumb\"},\"inLanguage\":\"fr-FR\",\"potentialAction\":[{\"@type\":\"ReadAction\",\"target\":[\"https:\/\/myovo.net\/fr\/produit\/ensemble-daspirateur-ultime-ovo-pour-la-maison-aspirateur-central-de-700aw-aspirateur-humide-seche-de-5-gal-kit-daccessoires-et-outils-de-nettoyage-humide-seche\/\"]}]},{\"@type\":\"ImageObject\",\"inLanguage\":\"fr-FR\",\"@id\":\"https:\/\/myovo.net\/fr\/produit\/ensemble-daspirateur-ultime-ovo-pour-la-maison-aspirateur-central-de-700aw-aspirateur-humide-seche-de-5-gal-kit-daccessoires-et-outils-de-nettoyage-humide-seche\/#primaryimage\",\"url\":\"https:\/\/i0.wp.com\/myovo.net\/wp-content\/uploads\/2022\/09\/OVO-725-512-DP_MAIN.jpg?fit=1500%2C1500&ssl=1\",\"contentUrl\":\"https:\/\/i0.wp.com\/myovo.net\/wp-content\/uploads\/2022\/09\/OVO-725-512-DP_MAIN.jpg?fit=1500%2C1500&ssl=1\",\"width\":1500,\"height\":1500},{\"@type\":\"BreadcrumbList\",\"@id\":\"https:\/\/myovo.net\/fr\/produit\/ensemble-daspirateur-ultime-ovo-pour-la-maison-aspirateur-central-de-700aw-aspirateur-humide-seche-de-5-gal-kit-daccessoires-et-outils-de-nettoyage-humide-seche\/#breadcrumb\",\"itemListElement\":[{\"@type\":\"ListItem\",\"position\":1,\"name\":\"Home\",\"item\":\"https:\/\/myovo.net\/fr\/\"},{\"@type\":\"ListItem\",\"position\":2,\"name\":\"Shop\",\"item\":\"https:\/\/myovo.net\/shop-best-central-vacuum\/\"},{\"@type\":\"ListItem\",\"position\":3,\"name\":\"Ensemble Ultime d\u2019Aspirateur OVO \u2013 OVO 700AW, Syst\u00e8me d\u2019Aspirateur Central Hybride, R\u00e9servoir inf\u00e9rieur de 35L \/ 9,25 Gal. + Aspirateur d\u2019Atelier Humide\/Sec de 5 HP de pointe, 20L \/ 5 Gal. + Ensemble d\u2019Accessoires Deluxe Plus \u2013 Id\u00e9al pour tous types de nettoyage, y compris les surfaces dures, les tapis et les applications humides\/secs.\"}]},{\"@type\":\"WebSite\",\"@id\":\"https:\/\/myovo.net\/#website\",\"url\":\"https:\/\/myovo.net\/\",\"name\":\"OVO Central Vacuum\",\"description\":\"\",\"publisher\":{\"@id\":\"https:\/\/myovo.net\/#organization\"},\"potentialAction\":[{\"@type\":\"SearchAction\",\"target\":{\"@type\":\"EntryPoint\",\"urlTemplate\":\"https:\/\/myovo.net\/?s={search_term_string}\"},\"query-input\":{\"@type\":\"PropertyValueSpecification\",\"valueRequired\":true,\"valueName\":\"search_term_string\"}}],\"inLanguage\":\"fr-FR\"},{\"@type\":\"Organization\",\"@id\":\"https:\/\/myovo.net\/#organization\",\"name\":\"OVO Central Vacuum\",\"url\":\"https:\/\/myovo.net\/\",\"logo\":{\"@type\":\"ImageObject\",\"inLanguage\":\"fr-FR\",\"@id\":\"https:\/\/myovo.net\/#\/schema\/logo\/image\/\",\"url\":\"https:\/\/i0.wp.com\/myovo.net\/wp-content\/uploads\/2024\/09\/logo-ovo-2-01-1.png?fit=241%2C117&ssl=1\",\"contentUrl\":\"https:\/\/i0.wp.com\/myovo.net\/wp-content\/uploads\/2024\/09\/logo-ovo-2-01-1.png?fit=241%2C117&ssl=1\",\"width\":241,\"height\":117,\"caption\":\"OVO Central Vacuum\"},\"image\":{\"@id\":\"https:\/\/myovo.net\/#\/schema\/logo\/image\/\"},\"sameAs\":[\"https:\/\/www.facebook.com\/nadairint\/\"]}]}<\/script>\n<!-- \/ Yoast SEO plugin. -->","yoast_head_json":{"title":"Ensemble Ultime d\u2019Aspirateur OVO \u2013 OVO 700AW, Syst\u00e8me d\u2019Aspirateur Central Hybride, R\u00e9servoir inf\u00e9rieur de 35L \/ 9,25 Gal. + Aspirateur d\u2019Atelier Humide\/Sec de 5 HP de pointe, 20L \/ 5 Gal. + Ensemble d\u2019Accessoires Deluxe Plus \u2013 Id\u00e9al pour tous types de nettoyage, y compris les surfaces dures, les tapis et les applications humides\/secs. - Ovo Vacuum","robots":{"index":"index","follow":"follow","max-snippet":"max-snippet:-1","max-image-preview":"max-image-preview:large","max-video-preview":"max-video-preview:-1"},"canonical":"https:\/\/myovo.net\/fr\/produit\/ensemble-daspirateur-ultime-ovo-pour-la-maison-aspirateur-central-de-700aw-aspirateur-humide-seche-de-5-gal-kit-daccessoires-et-outils-de-nettoyage-humide-seche\/","og_locale":"fr_FR","og_type":"article","og_title":"Ensemble Ultime d\u2019Aspirateur OVO \u2013 OVO 700AW, Syst\u00e8me d\u2019Aspirateur Central Hybride, R\u00e9servoir inf\u00e9rieur de 35L \/ 9,25 Gal. + Aspirateur d\u2019Atelier Humide\/Sec de 5 HP de pointe, 20L \/ 5 Gal. + Ensemble d\u2019Accessoires Deluxe Plus \u2013 Id\u00e9al pour tous types de nettoyage, y compris les surfaces dures, les tapis et les applications humides\/secs. - Ovo Vacuum","og_description":"ENSEMBLE ULTIME D\u2019ASPIRATEUR POUR MAISON INCLUT : Aspirateur Central OVO : Aspirateur central ultra-robuste 700 AW 140\u201d H\u2082O Moteur \u00ab\u00a0Thru Flow\u00a0\u00bb \u00e0 2 stages 63 dB Technologie de d\u00e9marrage\/arr\u00eat progressif Capacit\u00e9 jusqu\u2019\u00e0 8 000 pi\u00b2 (743,1 m\u00b2) \u2013 jusqu&rsquo;\u00e0 8 prises R\u00e9servoir inf\u00e9rieur Indicateur LED : Affiche l\u2019\u00e9tat de l\u2019appareil \/ Quand changer le filtre ou [...]","og_url":"https:\/\/myovo.net\/fr\/produit\/ensemble-daspirateur-ultime-ovo-pour-la-maison-aspirateur-central-de-700aw-aspirateur-humide-seche-de-5-gal-kit-daccessoires-et-outils-de-nettoyage-humide-seche\/","og_site_name":"Ovo Vacuum","article_publisher":"https:\/\/www.facebook.com\/nadairint\/","article_modified_time":"2025-04-08T16:45:49+00:00","og_image":[{"width":1500,"height":1500,"url":"https:\/\/myovo.net\/wp-content\/uploads\/2022\/09\/OVO-725-512-DP_MAIN.jpg","type":"image\/jpeg"}],"twitter_card":"summary_large_image","twitter_misc":{"Dur\u00e9e de lecture estim\u00e9e":"2 minutes"},"schema":{"@context":"https:\/\/schema.org","@graph":[{"@type":"WebPage","@id":"https:\/\/myovo.net\/fr\/produit\/ensemble-daspirateur-ultime-ovo-pour-la-maison-aspirateur-central-de-700aw-aspirateur-humide-seche-de-5-gal-kit-daccessoires-et-outils-de-nettoyage-humide-seche\/","url":"https:\/\/myovo.net\/fr\/produit\/ensemble-daspirateur-ultime-ovo-pour-la-maison-aspirateur-central-de-700aw-aspirateur-humide-seche-de-5-gal-kit-daccessoires-et-outils-de-nettoyage-humide-seche\/","name":"Ensemble Ultime d\u2019Aspirateur OVO \u2013 OVO 700AW, Syst\u00e8me d\u2019Aspirateur Central Hybride, R\u00e9servoir inf\u00e9rieur de 35L \/ 9,25 Gal. + Aspirateur d\u2019Atelier Humide\/Sec de 5 HP de pointe, 20L \/ 5 Gal. + Ensemble d\u2019Accessoires Deluxe Plus \u2013 Id\u00e9al pour tous types de nettoyage, y compris les surfaces dures, les tapis et les applications humides\/secs. - Ovo Vacuum","isPartOf":{"@id":"https:\/\/myovo.net\/#website"},"primaryImageOfPage":{"@id":"https:\/\/myovo.net\/fr\/produit\/ensemble-daspirateur-ultime-ovo-pour-la-maison-aspirateur-central-de-700aw-aspirateur-humide-seche-de-5-gal-kit-daccessoires-et-outils-de-nettoyage-humide-seche\/#primaryimage"},"image":{"@id":"https:\/\/myovo.net\/fr\/produit\/ensemble-daspirateur-ultime-ovo-pour-la-maison-aspirateur-central-de-700aw-aspirateur-humide-seche-de-5-gal-kit-daccessoires-et-outils-de-nettoyage-humide-seche\/#primaryimage"},"thumbnailUrl":"https:\/\/i0.wp.com\/myovo.net\/wp-content\/uploads\/2022\/09\/OVO-725-512-DP_MAIN.jpg?fit=1500%2C1500&ssl=1","datePublished":"2022-09-02T14:45:31+00:00","dateModified":"2025-04-08T16:45:49+00:00","breadcrumb":{"@id":"https:\/\/myovo.net\/fr\/produit\/ensemble-daspirateur-ultime-ovo-pour-la-maison-aspirateur-central-de-700aw-aspirateur-humide-seche-de-5-gal-kit-daccessoires-et-outils-de-nettoyage-humide-seche\/#breadcrumb"},"inLanguage":"fr-FR","potentialAction":[{"@type":"ReadAction","target":["https:\/\/myovo.net\/fr\/produit\/ensemble-daspirateur-ultime-ovo-pour-la-maison-aspirateur-central-de-700aw-aspirateur-humide-seche-de-5-gal-kit-daccessoires-et-outils-de-nettoyage-humide-seche\/"]}]},{"@type":"ImageObject","inLanguage":"fr-FR","@id":"https:\/\/myovo.net\/fr\/produit\/ensemble-daspirateur-ultime-ovo-pour-la-maison-aspirateur-central-de-700aw-aspirateur-humide-seche-de-5-gal-kit-daccessoires-et-outils-de-nettoyage-humide-seche\/#primaryimage","url":"https:\/\/i0.wp.com\/myovo.net\/wp-content\/uploads\/2022\/09\/OVO-725-512-DP_MAIN.jpg?fit=1500%2C1500&ssl=1","contentUrl":"https:\/\/i0.wp.com\/myovo.net\/wp-content\/uploads\/2022\/09\/OVO-725-512-DP_MAIN.jpg?fit=1500%2C1500&ssl=1","width":1500,"height":1500},{"@type":"BreadcrumbList","@id":"https:\/\/myovo.net\/fr\/produit\/ensemble-daspirateur-ultime-ovo-pour-la-maison-aspirateur-central-de-700aw-aspirateur-humide-seche-de-5-gal-kit-daccessoires-et-outils-de-nettoyage-humide-seche\/#breadcrumb","itemListElement":[{"@type":"ListItem","position":1,"name":"Home","item":"https:\/\/myovo.net\/fr\/"},{"@type":"ListItem","position":2,"name":"Shop","item":"https:\/\/myovo.net\/shop-best-central-vacuum\/"},{"@type":"ListItem","position":3,"name":"Ensemble Ultime d\u2019Aspirateur OVO \u2013 OVO 700AW, Syst\u00e8me d\u2019Aspirateur Central Hybride, R\u00e9servoir inf\u00e9rieur de 35L \/ 9,25 Gal. + Aspirateur d\u2019Atelier Humide\/Sec de 5 HP de pointe, 20L \/ 5 Gal. + Ensemble d\u2019Accessoires Deluxe Plus \u2013 Id\u00e9al pour tous types de nettoyage, y compris les surfaces dures, les tapis et les applications humides\/secs."}]},{"@type":"WebSite","@id":"https:\/\/myovo.net\/#website","url":"https:\/\/myovo.net\/","name":"OVO Central Vacuum","description":"","publisher":{"@id":"https:\/\/myovo.net\/#organization"},"potentialAction":[{"@type":"SearchAction","target":{"@type":"EntryPoint","urlTemplate":"https:\/\/myovo.net\/?s={search_term_string}"},"query-input":{"@type":"PropertyValueSpecification","valueRequired":true,"valueName":"search_term_string"}}],"inLanguage":"fr-FR"},{"@type":"Organization","@id":"https:\/\/myovo.net\/#organization","name":"OVO Central Vacuum","url":"https:\/\/myovo.net\/","logo":{"@type":"ImageObject","inLanguage":"fr-FR","@id":"https:\/\/myovo.net\/#\/schema\/logo\/image\/","url":"https:\/\/i0.wp.com\/myovo.net\/wp-content\/uploads\/2024\/09\/logo-ovo-2-01-1.png?fit=241%2C117&ssl=1","contentUrl":"https:\/\/i0.wp.com\/myovo.net\/wp-content\/uploads\/2024\/09\/logo-ovo-2-01-1.png?fit=241%2C117&ssl=1","width":241,"height":117,"caption":"OVO Central Vacuum"},"image":{"@id":"https:\/\/myovo.net\/#\/schema\/logo\/image\/"},"sameAs":["https:\/\/www.facebook.com\/nadairint\/"]}]}},"jetpack_publicize_connections":[],"jetpack_sharing_enabled":true,"_links":{"self":[{"href":"https:\/\/myovo.net\/fr\/wp-json\/wp\/v2\/product\/22080","targetHints":{"allow":["GET"]}}],"collection":[{"href":"https:\/\/myovo.net\/fr\/wp-json\/wp\/v2\/product"}],"about":[{"href":"https:\/\/myovo.net\/fr\/wp-json\/wp\/v2\/types\/product"}],"replies":[{"embeddable":true,"href":"https:\/\/myovo.net\/fr\/wp-json\/wp\/v2\/comments?post=22080"}],"wp:featuredmedia":[{"embeddable":true,"href":"https:\/\/myovo.net\/fr\/wp-json\/wp\/v2\/media\/21794"}],"wp:attachment":[{"href":"https:\/\/myovo.net\/fr\/wp-json\/wp\/v2\/media?parent=22080"}],"wp:term":[{"taxonomy":"product_brand","embeddable":true,"href":"https:\/\/myovo.net\/fr\/wp-json\/wp\/v2\/product_brand?post=22080"},{"taxonomy":"product_cat","embeddable":true,"href":"https:\/\/myovo.net\/fr\/wp-json\/wp\/v2\/product_cat?post=22080"},{"taxonomy":"product_tag","embeddable":true,"href":"https:\/\/myovo.net\/fr\/wp-json\/wp\/v2\/product_tag?post=22080"}],"curies":[{"name":"wp","href":"https:\/\/api.w.org\/{rel}","templated":true}]}}