{"id":22087,"date":"2022-06-10T10:50:31","date_gmt":"2022-06-10T14:50:31","guid":{"rendered":"https:\/\/dev.myovo.ca\/product\/filtre-hepa-pour-echappement-daire-daspirateur-central\/"},"modified":"2022-06-10T10:50:31","modified_gmt":"2022-06-10T14:50:31","slug":"filtre-hepa-pour-echappement-daire-daspirateur-central","status":"publish","type":"product","link":"https:\/\/myovo.net\/fr\/produit\/filtre-hepa-pour-echappement-daire-daspirateur-central\/","title":{"rendered":"Filtre  HEPA pour \u00e9chappement d&rsquo;aire d&rsquo;aspirateur central"},"content":{"rendered":"<p><strong>Filtre d&rsquo;\u00c9chappement HEPA &#8211; Filtration Haute Efficacit\u00e9 pour Aspirateurs Centraux<\/strong><\/p>\n<ul>\n<li>Filtre les particules en suspension dans l&rsquo;air<\/li>\n<li>Fournit une membrane en charbon actif pour le contr\u00f4le des odeurs<\/li>\n<li>Purifie l&rsquo;air gr\u00e2ce au filtre HEPA<\/li>\n<li>Agit \u00e9galement comme un muffler (att\u00e9nuateur de bruit)<\/li>\n<\/ul>\n","protected":false},"excerpt":{"rendered":"<p>Filtre d&rsquo;\u00c9chappement HEPA &#8211; Filtration Haute Efficacit\u00e9 pour Aspirateurs Centraux Filtre les particules en suspension dans l&rsquo;air Fournit une membrane en charbon actif pour le contr\u00f4le des odeurs Purifie l&rsquo;air gr\u00e2ce au filtre HEPA Agit \u00e9galement comme un muffler (att\u00e9nuateur de bruit)<\/p>\n","protected":false},"featured_media":16210,"comment_status":"closed","ping_status":"closed","template":"","meta":{"_acf_changed":false,"jetpack_post_was_ever_published":false,"jetpack_publicize_message":"","jetpack_publicize_feature_enabled":true,"jetpack_social_post_already_shared":true,"jetpack_social_options":{"image_generator_settings":{"template":"highway","default_image_id":0,"font":"","enabled":false},"version":2}},"product_brand":[],"product_cat":[81],"product_tag":[],"class_list":{"0":"post-22087","1":"product","2":"type-product","3":"status-publish","4":"has-post-thumbnail","6":"product_cat-sacs-filtres","8":"first","9":"instock","10":"taxable","11":"shipping-taxable","12":"purchasable","13":"product-type-simple"},"acf":[],"yoast_head":"<!-- This site is optimized with the Yoast SEO plugin v26.7 - https:\/\/yoast.com\/wordpress\/plugins\/seo\/ -->\n<title>Filtre HEPA pour \u00e9chappement d&#039;aire d&#039;aspirateur central - Ovo Vacuum<\/title>\n<meta name=\"robots\" content=\"index, follow, max-snippet:-1, max-image-preview:large, max-video-preview:-1\" \/>\n<link rel=\"canonical\" href=\"https:\/\/myovo.net\/fr\/fr\/produit\/filtre-hepa-pour-echappement-daire-daspirateur-central\/\" \/>\n<meta property=\"og:locale\" content=\"fr_FR\" \/>\n<meta property=\"og:type\" content=\"article\" \/>\n<meta property=\"og:title\" content=\"Filtre HEPA pour \u00e9chappement d&#039;aire d&#039;aspirateur central - Ovo Vacuum\" \/>\n<meta property=\"og:description\" content=\"Filtre d&rsquo;\u00c9chappement HEPA &#8211; Filtration Haute Efficacit\u00e9 pour Aspirateurs Centraux Filtre les particules en suspension dans l&rsquo;air Fournit une membrane en charbon actif pour le contr\u00f4le des odeurs Purifie l&rsquo;air gr\u00e2ce au filtre HEPA Agit \u00e9galement comme un muffler (att\u00e9nuateur de bruit)\" \/>\n<meta property=\"og:url\" content=\"https:\/\/myovo.net\/fr\/fr\/produit\/filtre-hepa-pour-echappement-daire-daspirateur-central\/\" \/>\n<meta property=\"og:site_name\" content=\"Ovo Vacuum\" \/>\n<meta property=\"article:publisher\" content=\"https:\/\/www.facebook.com\/nadairint\/\" \/>\n<meta property=\"og:image\" content=\"https:\/\/myovo.net\/wp-content\/uploads\/2022\/06\/51ezIGzaROS._AC_SL1500_.webp\" \/>\n\t<meta property=\"og:image:width\" content=\"1236\" \/>\n\t<meta property=\"og:image:height\" content=\"843\" \/>\n\t<meta property=\"og:image:type\" content=\"image\/webp\" \/>\n<meta name=\"twitter:card\" content=\"summary_large_image\" \/>\n<script type=\"application\/ld+json\" class=\"yoast-schema-graph\">{\"@context\":\"https:\/\/schema.org\",\"@graph\":[{\"@type\":\"WebPage\",\"@id\":\"https:\/\/myovo.net\/fr\/fr\/produit\/filtre-hepa-pour-echappement-daire-daspirateur-central\/\",\"url\":\"https:\/\/myovo.net\/fr\/fr\/produit\/filtre-hepa-pour-echappement-daire-daspirateur-central\/\",\"name\":\"Filtre HEPA pour \u00e9chappement d'aire d'aspirateur central - Ovo Vacuum\",\"isPartOf\":{\"@id\":\"https:\/\/myovo.net\/#website\"},\"primaryImageOfPage\":{\"@id\":\"https:\/\/myovo.net\/fr\/fr\/produit\/filtre-hepa-pour-echappement-daire-daspirateur-central\/#primaryimage\"},\"image\":{\"@id\":\"https:\/\/myovo.net\/fr\/fr\/produit\/filtre-hepa-pour-echappement-daire-daspirateur-central\/#primaryimage\"},\"thumbnailUrl\":\"https:\/\/i0.wp.com\/myovo.net\/wp-content\/uploads\/2022\/06\/51ezIGzaROS._AC_SL1500_.webp?fit=1236%2C843&ssl=1\",\"datePublished\":\"2022-06-10T14:50:31+00:00\",\"breadcrumb\":{\"@id\":\"https:\/\/myovo.net\/fr\/fr\/produit\/filtre-hepa-pour-echappement-daire-daspirateur-central\/#breadcrumb\"},\"inLanguage\":\"fr-FR\",\"potentialAction\":[{\"@type\":\"ReadAction\",\"target\":[\"https:\/\/myovo.net\/fr\/fr\/produit\/filtre-hepa-pour-echappement-daire-daspirateur-central\/\"]}]},{\"@type\":\"ImageObject\",\"inLanguage\":\"fr-FR\",\"@id\":\"https:\/\/myovo.net\/fr\/fr\/produit\/filtre-hepa-pour-echappement-daire-daspirateur-central\/#primaryimage\",\"url\":\"https:\/\/i0.wp.com\/myovo.net\/wp-content\/uploads\/2022\/06\/51ezIGzaROS._AC_SL1500_.webp?fit=1236%2C843&ssl=1\",\"contentUrl\":\"https:\/\/i0.wp.com\/myovo.net\/wp-content\/uploads\/2022\/06\/51ezIGzaROS._AC_SL1500_.webp?fit=1236%2C843&ssl=1\",\"width\":1236,\"height\":843},{\"@type\":\"BreadcrumbList\",\"@id\":\"https:\/\/myovo.net\/fr\/fr\/produit\/filtre-hepa-pour-echappement-daire-daspirateur-central\/#breadcrumb\",\"itemListElement\":[{\"@type\":\"ListItem\",\"position\":1,\"name\":\"Home\",\"item\":\"https:\/\/myovo.net\/fr\/\"},{\"@type\":\"ListItem\",\"position\":2,\"name\":\"Shop\",\"item\":\"https:\/\/myovo.net\/shop-best-central-vacuum\/\"},{\"@type\":\"ListItem\",\"position\":3,\"name\":\"Filtre HEPA pour \u00e9chappement d&#8217;aire d&#8217;aspirateur central\"}]},{\"@type\":\"WebSite\",\"@id\":\"https:\/\/myovo.net\/#website\",\"url\":\"https:\/\/myovo.net\/\",\"name\":\"OVO Central Vacuum\",\"description\":\"\",\"publisher\":{\"@id\":\"https:\/\/myovo.net\/#organization\"},\"potentialAction\":[{\"@type\":\"SearchAction\",\"target\":{\"@type\":\"EntryPoint\",\"urlTemplate\":\"https:\/\/myovo.net\/?s={search_term_string}\"},\"query-input\":{\"@type\":\"PropertyValueSpecification\",\"valueRequired\":true,\"valueName\":\"search_term_string\"}}],\"inLanguage\":\"fr-FR\"},{\"@type\":\"Organization\",\"@id\":\"https:\/\/myovo.net\/#organization\",\"name\":\"OVO Central Vacuum\",\"url\":\"https:\/\/myovo.net\/\",\"logo\":{\"@type\":\"ImageObject\",\"inLanguage\":\"fr-FR\",\"@id\":\"https:\/\/myovo.net\/#\/schema\/logo\/image\/\",\"url\":\"https:\/\/i0.wp.com\/myovo.net\/wp-content\/uploads\/2024\/09\/logo-ovo-2-01-1.png?fit=241%2C117&ssl=1\",\"contentUrl\":\"https:\/\/i0.wp.com\/myovo.net\/wp-content\/uploads\/2024\/09\/logo-ovo-2-01-1.png?fit=241%2C117&ssl=1\",\"width\":241,\"height\":117,\"caption\":\"OVO Central Vacuum\"},\"image\":{\"@id\":\"https:\/\/myovo.net\/#\/schema\/logo\/image\/\"},\"sameAs\":[\"https:\/\/www.facebook.com\/nadairint\/\"]}]}<\/script>\n<!-- \/ Yoast SEO plugin. -->","yoast_head_json":{"title":"Filtre HEPA pour \u00e9chappement d'aire d'aspirateur central - Ovo Vacuum","robots":{"index":"index","follow":"follow","max-snippet":"max-snippet:-1","max-image-preview":"max-image-preview:large","max-video-preview":"max-video-preview:-1"},"canonical":"https:\/\/myovo.net\/fr\/fr\/produit\/filtre-hepa-pour-echappement-daire-daspirateur-central\/","og_locale":"fr_FR","og_type":"article","og_title":"Filtre HEPA pour \u00e9chappement d'aire d'aspirateur central - Ovo Vacuum","og_description":"Filtre d&rsquo;\u00c9chappement HEPA &#8211; Filtration Haute Efficacit\u00e9 pour Aspirateurs Centraux Filtre les particules en suspension dans l&rsquo;air Fournit une membrane en charbon actif pour le contr\u00f4le des odeurs Purifie l&rsquo;air gr\u00e2ce au filtre HEPA Agit \u00e9galement comme un muffler (att\u00e9nuateur de bruit)","og_url":"https:\/\/myovo.net\/fr\/fr\/produit\/filtre-hepa-pour-echappement-daire-daspirateur-central\/","og_site_name":"Ovo Vacuum","article_publisher":"https:\/\/www.facebook.com\/nadairint\/","og_image":[{"width":1236,"height":843,"url":"https:\/\/myovo.net\/wp-content\/uploads\/2022\/06\/51ezIGzaROS._AC_SL1500_.webp","type":"image\/webp"}],"twitter_card":"summary_large_image","schema":{"@context":"https:\/\/schema.org","@graph":[{"@type":"WebPage","@id":"https:\/\/myovo.net\/fr\/fr\/produit\/filtre-hepa-pour-echappement-daire-daspirateur-central\/","url":"https:\/\/myovo.net\/fr\/fr\/produit\/filtre-hepa-pour-echappement-daire-daspirateur-central\/","name":"Filtre HEPA pour \u00e9chappement d'aire d'aspirateur central - Ovo Vacuum","isPartOf":{"@id":"https:\/\/myovo.net\/#website"},"primaryImageOfPage":{"@id":"https:\/\/myovo.net\/fr\/fr\/produit\/filtre-hepa-pour-echappement-daire-daspirateur-central\/#primaryimage"},"image":{"@id":"https:\/\/myovo.net\/fr\/fr\/produit\/filtre-hepa-pour-echappement-daire-daspirateur-central\/#primaryimage"},"thumbnailUrl":"https:\/\/i0.wp.com\/myovo.net\/wp-content\/uploads\/2022\/06\/51ezIGzaROS._AC_SL1500_.webp?fit=1236%2C843&ssl=1","datePublished":"2022-06-10T14:50:31+00:00","breadcrumb":{"@id":"https:\/\/myovo.net\/fr\/fr\/produit\/filtre-hepa-pour-echappement-daire-daspirateur-central\/#breadcrumb"},"inLanguage":"fr-FR","potentialAction":[{"@type":"ReadAction","target":["https:\/\/myovo.net\/fr\/fr\/produit\/filtre-hepa-pour-echappement-daire-daspirateur-central\/"]}]},{"@type":"ImageObject","inLanguage":"fr-FR","@id":"https:\/\/myovo.net\/fr\/fr\/produit\/filtre-hepa-pour-echappement-daire-daspirateur-central\/#primaryimage","url":"https:\/\/i0.wp.com\/myovo.net\/wp-content\/uploads\/2022\/06\/51ezIGzaROS._AC_SL1500_.webp?fit=1236%2C843&ssl=1","contentUrl":"https:\/\/i0.wp.com\/myovo.net\/wp-content\/uploads\/2022\/06\/51ezIGzaROS._AC_SL1500_.webp?fit=1236%2C843&ssl=1","width":1236,"height":843},{"@type":"BreadcrumbList","@id":"https:\/\/myovo.net\/fr\/fr\/produit\/filtre-hepa-pour-echappement-daire-daspirateur-central\/#breadcrumb","itemListElement":[{"@type":"ListItem","position":1,"name":"Home","item":"https:\/\/myovo.net\/fr\/"},{"@type":"ListItem","position":2,"name":"Shop","item":"https:\/\/myovo.net\/shop-best-central-vacuum\/"},{"@type":"ListItem","position":3,"name":"Filtre HEPA pour \u00e9chappement d&#8217;aire d&#8217;aspirateur central"}]},{"@type":"WebSite","@id":"https:\/\/myovo.net\/#website","url":"https:\/\/myovo.net\/","name":"OVO Central Vacuum","description":"","publisher":{"@id":"https:\/\/myovo.net\/#organization"},"potentialAction":[{"@type":"SearchAction","target":{"@type":"EntryPoint","urlTemplate":"https:\/\/myovo.net\/?s={search_term_string}"},"query-input":{"@type":"PropertyValueSpecification","valueRequired":true,"valueName":"search_term_string"}}],"inLanguage":"fr-FR"},{"@type":"Organization","@id":"https:\/\/myovo.net\/#organization","name":"OVO Central Vacuum","url":"https:\/\/myovo.net\/","logo":{"@type":"ImageObject","inLanguage":"fr-FR","@id":"https:\/\/myovo.net\/#\/schema\/logo\/image\/","url":"https:\/\/i0.wp.com\/myovo.net\/wp-content\/uploads\/2024\/09\/logo-ovo-2-01-1.png?fit=241%2C117&ssl=1","contentUrl":"https:\/\/i0.wp.com\/myovo.net\/wp-content\/uploads\/2024\/09\/logo-ovo-2-01-1.png?fit=241%2C117&ssl=1","width":241,"height":117,"caption":"OVO Central Vacuum"},"image":{"@id":"https:\/\/myovo.net\/#\/schema\/logo\/image\/"},"sameAs":["https:\/\/www.facebook.com\/nadairint\/"]}]}},"jetpack_publicize_connections":[],"jetpack_sharing_enabled":true,"_links":{"self":[{"href":"https:\/\/myovo.net\/fr\/wp-json\/wp\/v2\/product\/22087","targetHints":{"allow":["GET"]}}],"collection":[{"href":"https:\/\/myovo.net\/fr\/wp-json\/wp\/v2\/product"}],"about":[{"href":"https:\/\/myovo.net\/fr\/wp-json\/wp\/v2\/types\/product"}],"replies":[{"embeddable":true,"href":"https:\/\/myovo.net\/fr\/wp-json\/wp\/v2\/comments?post=22087"}],"wp:featuredmedia":[{"embeddable":true,"href":"https:\/\/myovo.net\/fr\/wp-json\/wp\/v2\/media\/16210"}],"wp:attachment":[{"href":"https:\/\/myovo.net\/fr\/wp-json\/wp\/v2\/media?parent=22087"}],"wp:term":[{"taxonomy":"product_brand","embeddable":true,"href":"https:\/\/myovo.net\/fr\/wp-json\/wp\/v2\/product_brand?post=22087"},{"taxonomy":"product_cat","embeddable":true,"href":"https:\/\/myovo.net\/fr\/wp-json\/wp\/v2\/product_cat?post=22087"},{"taxonomy":"product_tag","embeddable":true,"href":"https:\/\/myovo.net\/fr\/wp-json\/wp\/v2\/product_tag?post=22087"}],"curies":[{"name":"wp","href":"https:\/\/api.w.org\/{rel}","templated":true}]}}