{"id":22096,"date":"2022-03-23T12:03:34","date_gmt":"2022-03-23T16:03:34","guid":{"rendered":"https:\/\/dev.myovo.ca\/product\/module-electronique-pour-aspirateur-central-ovo-6114-18hf\/"},"modified":"2026-03-25T11:23:54","modified_gmt":"2026-03-25T15:23:54","slug":"module-electronique-pour-aspirateur-central-ovo-6114-18hf","status":"publish","type":"product","link":"https:\/\/myovo.net\/fr\/produit\/module-electronique-pour-aspirateur-central-ovo-6114-18hf\/","title":{"rendered":"Module \u00e9lectronique pour aspirateur central OVO (6114-18HF)"},"content":{"rendered":"<p><strong>module \u00e9lectronique pour aspirateur central OVO<\/strong><br \/>\nLa prise basse tension doit correspondre au style montr\u00e9 sur l&rsquo;image (boutons noir et rouge de chaque c\u00f4t\u00e9).<\/p>\n<p>Si vous avez des doutes, n&rsquo;h\u00e9sitez pas \u00e0 nous contacter, nous serons ravis de vous aider.<\/p>\n","protected":false},"excerpt":{"rendered":"<p>module \u00e9lectronique pour aspirateur central OVO La prise basse tension doit correspondre au style montr\u00e9 sur l&rsquo;image (boutons noir et rouge de chaque c\u00f4t\u00e9). Si vous avez des doutes, n&rsquo;h\u00e9sitez pas \u00e0 nous contacter, nous serons ravis de vous aider.<\/p>\n","protected":false},"featured_media":16051,"comment_status":"closed","ping_status":"closed","template":"","meta":{"_acf_changed":false,"jetpack_post_was_ever_published":false,"jetpack_publicize_message":"","jetpack_publicize_feature_enabled":true,"jetpack_social_post_already_shared":true,"jetpack_social_options":{"image_generator_settings":{"template":"highway","default_image_id":0,"font":"","enabled":false},"version":2}},"product_brand":[],"product_cat":[144],"product_tag":[],"class_list":{"0":"post-22096","1":"product","2":"type-product","3":"status-publish","4":"has-post-thumbnail","6":"product_cat-pieces-de-remplacement","8":"first","9":"instock","10":"taxable","11":"shipping-taxable","12":"purchasable","13":"product-type-simple"},"acf":[],"yoast_head":"<!-- This site is optimized with the Yoast SEO plugin v26.7 - https:\/\/yoast.com\/wordpress\/plugins\/seo\/ -->\n<title>Module \u00e9lectronique pour aspirateur central OVO (6114-18HF) - Ovo Vacuum<\/title>\n<meta name=\"robots\" content=\"index, follow, max-snippet:-1, max-image-preview:large, max-video-preview:-1\" \/>\n<link rel=\"canonical\" href=\"https:\/\/myovo.net\/fr\/produit\/module-electronique-pour-aspirateur-central-ovo-6114-18hf\/\" \/>\n<meta property=\"og:locale\" content=\"fr_FR\" \/>\n<meta property=\"og:type\" content=\"article\" \/>\n<meta property=\"og:title\" content=\"Module \u00e9lectronique pour aspirateur central OVO (6114-18HF) - Ovo Vacuum\" \/>\n<meta property=\"og:description\" content=\"module \u00e9lectronique pour aspirateur central OVO La prise basse tension doit correspondre au style montr\u00e9 sur l&rsquo;image (boutons noir et rouge de chaque c\u00f4t\u00e9). Si vous avez des doutes, n&rsquo;h\u00e9sitez pas \u00e0 nous contacter, nous serons ravis de vous aider.\" \/>\n<meta property=\"og:url\" content=\"https:\/\/myovo.net\/fr\/produit\/module-electronique-pour-aspirateur-central-ovo-6114-18hf\/\" \/>\n<meta property=\"og:site_name\" content=\"Ovo Vacuum\" \/>\n<meta property=\"article:publisher\" content=\"https:\/\/www.facebook.com\/nadairint\/\" \/>\n<meta property=\"article:modified_time\" content=\"2026-03-25T15:23:54+00:00\" \/>\n<meta property=\"og:image\" content=\"https:\/\/myovo.net\/wp-content\/uploads\/2022\/03\/old-PC-board-e1732740847242.jpg\" \/>\n\t<meta property=\"og:image:width\" content=\"1000\" \/>\n\t<meta property=\"og:image:height\" content=\"1000\" \/>\n\t<meta property=\"og:image:type\" content=\"image\/jpeg\" \/>\n<meta name=\"twitter:card\" content=\"summary_large_image\" \/>\n<meta name=\"twitter:label1\" content=\"Dur\u00e9e de lecture estim\u00e9e\" \/>\n\t<meta name=\"twitter:data1\" content=\"1 minute\" \/>\n<script type=\"application\/ld+json\" class=\"yoast-schema-graph\">{\"@context\":\"https:\/\/schema.org\",\"@graph\":[{\"@type\":\"WebPage\",\"@id\":\"https:\/\/myovo.net\/fr\/produit\/module-electronique-pour-aspirateur-central-ovo-6114-18hf\/\",\"url\":\"https:\/\/myovo.net\/fr\/produit\/module-electronique-pour-aspirateur-central-ovo-6114-18hf\/\",\"name\":\"Module \u00e9lectronique pour aspirateur central OVO (6114-18HF) - Ovo Vacuum\",\"isPartOf\":{\"@id\":\"https:\/\/myovo.net\/#website\"},\"primaryImageOfPage\":{\"@id\":\"https:\/\/myovo.net\/fr\/produit\/module-electronique-pour-aspirateur-central-ovo-6114-18hf\/#primaryimage\"},\"image\":{\"@id\":\"https:\/\/myovo.net\/fr\/produit\/module-electronique-pour-aspirateur-central-ovo-6114-18hf\/#primaryimage\"},\"thumbnailUrl\":\"https:\/\/i0.wp.com\/myovo.net\/wp-content\/uploads\/2022\/03\/old-PC-board-e1732740847242.jpg?fit=1000%2C1000&ssl=1\",\"datePublished\":\"2022-03-23T16:03:34+00:00\",\"dateModified\":\"2026-03-25T15:23:54+00:00\",\"breadcrumb\":{\"@id\":\"https:\/\/myovo.net\/fr\/produit\/module-electronique-pour-aspirateur-central-ovo-6114-18hf\/#breadcrumb\"},\"inLanguage\":\"fr-FR\",\"potentialAction\":[{\"@type\":\"ReadAction\",\"target\":[\"https:\/\/myovo.net\/fr\/produit\/module-electronique-pour-aspirateur-central-ovo-6114-18hf\/\"]}]},{\"@type\":\"ImageObject\",\"inLanguage\":\"fr-FR\",\"@id\":\"https:\/\/myovo.net\/fr\/produit\/module-electronique-pour-aspirateur-central-ovo-6114-18hf\/#primaryimage\",\"url\":\"https:\/\/i0.wp.com\/myovo.net\/wp-content\/uploads\/2022\/03\/old-PC-board-e1732740847242.jpg?fit=1000%2C1000&ssl=1\",\"contentUrl\":\"https:\/\/i0.wp.com\/myovo.net\/wp-content\/uploads\/2022\/03\/old-PC-board-e1732740847242.jpg?fit=1000%2C1000&ssl=1\",\"width\":1000,\"height\":1000},{\"@type\":\"BreadcrumbList\",\"@id\":\"https:\/\/myovo.net\/fr\/produit\/module-electronique-pour-aspirateur-central-ovo-6114-18hf\/#breadcrumb\",\"itemListElement\":[{\"@type\":\"ListItem\",\"position\":1,\"name\":\"Home\",\"item\":\"https:\/\/myovo.net\/fr\/\"},{\"@type\":\"ListItem\",\"position\":2,\"name\":\"Shop\",\"item\":\"https:\/\/myovo.net\/shop-best-central-vacuum\/\"},{\"@type\":\"ListItem\",\"position\":3,\"name\":\"Module \u00e9lectronique pour aspirateur central OVO (6114-18HF)\"}]},{\"@type\":\"WebSite\",\"@id\":\"https:\/\/myovo.net\/#website\",\"url\":\"https:\/\/myovo.net\/\",\"name\":\"OVO Central Vacuum\",\"description\":\"\",\"publisher\":{\"@id\":\"https:\/\/myovo.net\/#organization\"},\"potentialAction\":[{\"@type\":\"SearchAction\",\"target\":{\"@type\":\"EntryPoint\",\"urlTemplate\":\"https:\/\/myovo.net\/?s={search_term_string}\"},\"query-input\":{\"@type\":\"PropertyValueSpecification\",\"valueRequired\":true,\"valueName\":\"search_term_string\"}}],\"inLanguage\":\"fr-FR\"},{\"@type\":\"Organization\",\"@id\":\"https:\/\/myovo.net\/#organization\",\"name\":\"OVO Central Vacuum\",\"url\":\"https:\/\/myovo.net\/\",\"logo\":{\"@type\":\"ImageObject\",\"inLanguage\":\"fr-FR\",\"@id\":\"https:\/\/myovo.net\/#\/schema\/logo\/image\/\",\"url\":\"https:\/\/i0.wp.com\/myovo.net\/wp-content\/uploads\/2024\/09\/logo-ovo-2-01-1.png?fit=241%2C117&ssl=1\",\"contentUrl\":\"https:\/\/i0.wp.com\/myovo.net\/wp-content\/uploads\/2024\/09\/logo-ovo-2-01-1.png?fit=241%2C117&ssl=1\",\"width\":241,\"height\":117,\"caption\":\"OVO Central Vacuum\"},\"image\":{\"@id\":\"https:\/\/myovo.net\/#\/schema\/logo\/image\/\"},\"sameAs\":[\"https:\/\/www.facebook.com\/nadairint\/\"]}]}<\/script>\n<!-- \/ Yoast SEO plugin. -->","yoast_head_json":{"title":"Module \u00e9lectronique pour aspirateur central OVO (6114-18HF) - Ovo Vacuum","robots":{"index":"index","follow":"follow","max-snippet":"max-snippet:-1","max-image-preview":"max-image-preview:large","max-video-preview":"max-video-preview:-1"},"canonical":"https:\/\/myovo.net\/fr\/produit\/module-electronique-pour-aspirateur-central-ovo-6114-18hf\/","og_locale":"fr_FR","og_type":"article","og_title":"Module \u00e9lectronique pour aspirateur central OVO (6114-18HF) - Ovo Vacuum","og_description":"module \u00e9lectronique pour aspirateur central OVO La prise basse tension doit correspondre au style montr\u00e9 sur l&rsquo;image (boutons noir et rouge de chaque c\u00f4t\u00e9). Si vous avez des doutes, n&rsquo;h\u00e9sitez pas \u00e0 nous contacter, nous serons ravis de vous aider.","og_url":"https:\/\/myovo.net\/fr\/produit\/module-electronique-pour-aspirateur-central-ovo-6114-18hf\/","og_site_name":"Ovo Vacuum","article_publisher":"https:\/\/www.facebook.com\/nadairint\/","article_modified_time":"2026-03-25T15:23:54+00:00","og_image":[{"width":1000,"height":1000,"url":"https:\/\/myovo.net\/wp-content\/uploads\/2022\/03\/old-PC-board-e1732740847242.jpg","type":"image\/jpeg"}],"twitter_card":"summary_large_image","twitter_misc":{"Dur\u00e9e de lecture estim\u00e9e":"1 minute"},"schema":{"@context":"https:\/\/schema.org","@graph":[{"@type":"WebPage","@id":"https:\/\/myovo.net\/fr\/produit\/module-electronique-pour-aspirateur-central-ovo-6114-18hf\/","url":"https:\/\/myovo.net\/fr\/produit\/module-electronique-pour-aspirateur-central-ovo-6114-18hf\/","name":"Module \u00e9lectronique pour aspirateur central OVO (6114-18HF) - Ovo Vacuum","isPartOf":{"@id":"https:\/\/myovo.net\/#website"},"primaryImageOfPage":{"@id":"https:\/\/myovo.net\/fr\/produit\/module-electronique-pour-aspirateur-central-ovo-6114-18hf\/#primaryimage"},"image":{"@id":"https:\/\/myovo.net\/fr\/produit\/module-electronique-pour-aspirateur-central-ovo-6114-18hf\/#primaryimage"},"thumbnailUrl":"https:\/\/i0.wp.com\/myovo.net\/wp-content\/uploads\/2022\/03\/old-PC-board-e1732740847242.jpg?fit=1000%2C1000&ssl=1","datePublished":"2022-03-23T16:03:34+00:00","dateModified":"2026-03-25T15:23:54+00:00","breadcrumb":{"@id":"https:\/\/myovo.net\/fr\/produit\/module-electronique-pour-aspirateur-central-ovo-6114-18hf\/#breadcrumb"},"inLanguage":"fr-FR","potentialAction":[{"@type":"ReadAction","target":["https:\/\/myovo.net\/fr\/produit\/module-electronique-pour-aspirateur-central-ovo-6114-18hf\/"]}]},{"@type":"ImageObject","inLanguage":"fr-FR","@id":"https:\/\/myovo.net\/fr\/produit\/module-electronique-pour-aspirateur-central-ovo-6114-18hf\/#primaryimage","url":"https:\/\/i0.wp.com\/myovo.net\/wp-content\/uploads\/2022\/03\/old-PC-board-e1732740847242.jpg?fit=1000%2C1000&ssl=1","contentUrl":"https:\/\/i0.wp.com\/myovo.net\/wp-content\/uploads\/2022\/03\/old-PC-board-e1732740847242.jpg?fit=1000%2C1000&ssl=1","width":1000,"height":1000},{"@type":"BreadcrumbList","@id":"https:\/\/myovo.net\/fr\/produit\/module-electronique-pour-aspirateur-central-ovo-6114-18hf\/#breadcrumb","itemListElement":[{"@type":"ListItem","position":1,"name":"Home","item":"https:\/\/myovo.net\/fr\/"},{"@type":"ListItem","position":2,"name":"Shop","item":"https:\/\/myovo.net\/shop-best-central-vacuum\/"},{"@type":"ListItem","position":3,"name":"Module \u00e9lectronique pour aspirateur central OVO (6114-18HF)"}]},{"@type":"WebSite","@id":"https:\/\/myovo.net\/#website","url":"https:\/\/myovo.net\/","name":"OVO Central Vacuum","description":"","publisher":{"@id":"https:\/\/myovo.net\/#organization"},"potentialAction":[{"@type":"SearchAction","target":{"@type":"EntryPoint","urlTemplate":"https:\/\/myovo.net\/?s={search_term_string}"},"query-input":{"@type":"PropertyValueSpecification","valueRequired":true,"valueName":"search_term_string"}}],"inLanguage":"fr-FR"},{"@type":"Organization","@id":"https:\/\/myovo.net\/#organization","name":"OVO Central Vacuum","url":"https:\/\/myovo.net\/","logo":{"@type":"ImageObject","inLanguage":"fr-FR","@id":"https:\/\/myovo.net\/#\/schema\/logo\/image\/","url":"https:\/\/i0.wp.com\/myovo.net\/wp-content\/uploads\/2024\/09\/logo-ovo-2-01-1.png?fit=241%2C117&ssl=1","contentUrl":"https:\/\/i0.wp.com\/myovo.net\/wp-content\/uploads\/2024\/09\/logo-ovo-2-01-1.png?fit=241%2C117&ssl=1","width":241,"height":117,"caption":"OVO Central Vacuum"},"image":{"@id":"https:\/\/myovo.net\/#\/schema\/logo\/image\/"},"sameAs":["https:\/\/www.facebook.com\/nadairint\/"]}]}},"jetpack_publicize_connections":[],"jetpack_sharing_enabled":true,"_links":{"self":[{"href":"https:\/\/myovo.net\/fr\/wp-json\/wp\/v2\/product\/22096","targetHints":{"allow":["GET"]}}],"collection":[{"href":"https:\/\/myovo.net\/fr\/wp-json\/wp\/v2\/product"}],"about":[{"href":"https:\/\/myovo.net\/fr\/wp-json\/wp\/v2\/types\/product"}],"replies":[{"embeddable":true,"href":"https:\/\/myovo.net\/fr\/wp-json\/wp\/v2\/comments?post=22096"}],"wp:featuredmedia":[{"embeddable":true,"href":"https:\/\/myovo.net\/fr\/wp-json\/wp\/v2\/media\/16051"}],"wp:attachment":[{"href":"https:\/\/myovo.net\/fr\/wp-json\/wp\/v2\/media?parent=22096"}],"wp:term":[{"taxonomy":"product_brand","embeddable":true,"href":"https:\/\/myovo.net\/fr\/wp-json\/wp\/v2\/product_brand?post=22096"},{"taxonomy":"product_cat","embeddable":true,"href":"https:\/\/myovo.net\/fr\/wp-json\/wp\/v2\/product_cat?post=22096"},{"taxonomy":"product_tag","embeddable":true,"href":"https:\/\/myovo.net\/fr\/wp-json\/wp\/v2\/product_tag?post=22096"}],"curies":[{"name":"wp","href":"https:\/\/api.w.org\/{rel}","templated":true}]}}