{"id":22098,"date":"2021-02-22T13:59:59","date_gmt":"2021-02-22T18:59:59","guid":{"rendered":"https:\/\/dev.myovo.ca\/product\/ensemble-de-brosses-pour-aspirateur-central\/"},"modified":"2026-03-20T11:01:07","modified_gmt":"2026-03-20T15:01:07","slug":"ensemble-de-brosses-pour-aspirateur-central","status":"publish","type":"product","link":"https:\/\/myovo.net\/fr\/produit\/ensemble-de-brosses-pour-aspirateur-central\/","title":{"rendered":"Ensemble de brosses pour aspirateur central"},"content":{"rendered":"<p><strong>Ensemble de brosses universelles pour aspirateur central OVO<\/strong><br \/>\nCompatible avec toutes les poign\u00e9es et manchons d\u2019un diam\u00e8tre ext\u00e9rieur de un peu plus petit que 1,25&Prime;. L&rsquo;assortiment parfait pour nettoyer votre maison.<\/p>\n<p><strong>Inclus :<\/strong><\/p>\n<ul>\n<li>Brosse sup\u00e9rieure pour sols de 12&Prime;<\/li>\n<li>Brosse pour tissus d\u2019ameublement<\/li>\n<li>Brosse \u00e0 \u00e9pousseter<\/li>\n<li>Outil pour les crevasses<\/li>\n<li>Support pour outils<\/li>\n<\/ul>\n","protected":false},"excerpt":{"rendered":"<p>Ensemble de brosses universelles pour aspirateur central OVO Compatible avec toutes les poign\u00e9es et manchons d\u2019un diam\u00e8tre ext\u00e9rieur de un peu plus petit que 1,25&Prime;. L&rsquo;assortiment parfait pour nettoyer votre maison. Inclus : Brosse sup\u00e9rieure pour sols de 12&Prime; Brosse pour tissus d\u2019ameublement Brosse \u00e0 \u00e9pousseter Outil pour les crevasses Support pour outils<\/p>\n","protected":false},"featured_media":15388,"comment_status":"closed","ping_status":"closed","template":"","meta":{"_acf_changed":false,"jetpack_post_was_ever_published":false,"jetpack_publicize_message":"","jetpack_publicize_feature_enabled":true,"jetpack_social_post_already_shared":true,"jetpack_social_options":{"image_generator_settings":{"template":"highway","default_image_id":0,"font":"","enabled":false},"version":2}},"product_brand":[],"product_cat":[80,71],"product_tag":[],"class_list":{"0":"post-22098","1":"product","2":"type-product","3":"status-publish","4":"has-post-thumbnail","6":"product_cat-ensemble-accessoires","7":"product_cat-accessory-fr","9":"first","10":"instock","11":"taxable","12":"shipping-taxable","13":"purchasable","14":"product-type-simple"},"acf":[],"yoast_head":"<!-- This site is optimized with the Yoast SEO plugin v26.7 - https:\/\/yoast.com\/wordpress\/plugins\/seo\/ -->\n<title>Ensemble de brosses pour aspirateur central - Ovo Vacuum<\/title>\n<meta name=\"robots\" content=\"index, follow, max-snippet:-1, max-image-preview:large, max-video-preview:-1\" \/>\n<link rel=\"canonical\" href=\"https:\/\/myovo.net\/fr\/produit\/ensemble-de-brosses-pour-aspirateur-central\/\" \/>\n<meta property=\"og:locale\" content=\"fr_FR\" \/>\n<meta property=\"og:type\" content=\"article\" \/>\n<meta property=\"og:title\" content=\"Ensemble de brosses pour aspirateur central - Ovo Vacuum\" \/>\n<meta property=\"og:description\" content=\"Ensemble de brosses universelles pour aspirateur central OVO Compatible avec toutes les poign\u00e9es et manchons d\u2019un diam\u00e8tre ext\u00e9rieur de un peu plus petit que 1,25&Prime;. L&rsquo;assortiment parfait pour nettoyer votre maison. Inclus : Brosse sup\u00e9rieure pour sols de 12&Prime; Brosse pour tissus d\u2019ameublement Brosse \u00e0 \u00e9pousseter Outil pour les crevasses Support pour outils\" \/>\n<meta property=\"og:url\" content=\"https:\/\/myovo.net\/fr\/produit\/ensemble-de-brosses-pour-aspirateur-central\/\" \/>\n<meta property=\"og:site_name\" content=\"Ovo Vacuum\" \/>\n<meta property=\"article:publisher\" content=\"https:\/\/www.facebook.com\/nadairint\/\" \/>\n<meta property=\"article:modified_time\" content=\"2026-03-20T15:01:07+00:00\" \/>\n<meta property=\"og:image\" content=\"https:\/\/myovo.net\/wp-content\/uploads\/2021\/02\/tool-kit.jpg\" \/>\n\t<meta property=\"og:image:width\" content=\"1000\" \/>\n\t<meta property=\"og:image:height\" content=\"1000\" \/>\n\t<meta property=\"og:image:type\" content=\"image\/jpeg\" \/>\n<meta name=\"twitter:card\" content=\"summary_large_image\" \/>\n<meta name=\"twitter:label1\" content=\"Dur\u00e9e de lecture estim\u00e9e\" \/>\n\t<meta name=\"twitter:data1\" content=\"1 minute\" \/>\n<script type=\"application\/ld+json\" class=\"yoast-schema-graph\">{\"@context\":\"https:\/\/schema.org\",\"@graph\":[{\"@type\":\"WebPage\",\"@id\":\"https:\/\/myovo.net\/fr\/produit\/ensemble-de-brosses-pour-aspirateur-central\/\",\"url\":\"https:\/\/myovo.net\/fr\/produit\/ensemble-de-brosses-pour-aspirateur-central\/\",\"name\":\"Ensemble de brosses pour aspirateur central - Ovo Vacuum\",\"isPartOf\":{\"@id\":\"https:\/\/myovo.net\/#website\"},\"primaryImageOfPage\":{\"@id\":\"https:\/\/myovo.net\/fr\/produit\/ensemble-de-brosses-pour-aspirateur-central\/#primaryimage\"},\"image\":{\"@id\":\"https:\/\/myovo.net\/fr\/produit\/ensemble-de-brosses-pour-aspirateur-central\/#primaryimage\"},\"thumbnailUrl\":\"https:\/\/i0.wp.com\/myovo.net\/wp-content\/uploads\/2021\/02\/tool-kit.jpg?fit=1000%2C1000&ssl=1\",\"datePublished\":\"2021-02-22T18:59:59+00:00\",\"dateModified\":\"2026-03-20T15:01:07+00:00\",\"breadcrumb\":{\"@id\":\"https:\/\/myovo.net\/fr\/produit\/ensemble-de-brosses-pour-aspirateur-central\/#breadcrumb\"},\"inLanguage\":\"fr-FR\",\"potentialAction\":[{\"@type\":\"ReadAction\",\"target\":[\"https:\/\/myovo.net\/fr\/produit\/ensemble-de-brosses-pour-aspirateur-central\/\"]}]},{\"@type\":\"ImageObject\",\"inLanguage\":\"fr-FR\",\"@id\":\"https:\/\/myovo.net\/fr\/produit\/ensemble-de-brosses-pour-aspirateur-central\/#primaryimage\",\"url\":\"https:\/\/i0.wp.com\/myovo.net\/wp-content\/uploads\/2021\/02\/tool-kit.jpg?fit=1000%2C1000&ssl=1\",\"contentUrl\":\"https:\/\/i0.wp.com\/myovo.net\/wp-content\/uploads\/2021\/02\/tool-kit.jpg?fit=1000%2C1000&ssl=1\",\"width\":1000,\"height\":1000,\"caption\":\"OVO Central vacuum brush\"},{\"@type\":\"BreadcrumbList\",\"@id\":\"https:\/\/myovo.net\/fr\/produit\/ensemble-de-brosses-pour-aspirateur-central\/#breadcrumb\",\"itemListElement\":[{\"@type\":\"ListItem\",\"position\":1,\"name\":\"Home\",\"item\":\"https:\/\/myovo.net\/fr\/\"},{\"@type\":\"ListItem\",\"position\":2,\"name\":\"Shop\",\"item\":\"https:\/\/myovo.net\/shop-best-central-vacuum\/\"},{\"@type\":\"ListItem\",\"position\":3,\"name\":\"Ensemble de brosses pour aspirateur central\"}]},{\"@type\":\"WebSite\",\"@id\":\"https:\/\/myovo.net\/#website\",\"url\":\"https:\/\/myovo.net\/\",\"name\":\"OVO Central Vacuum\",\"description\":\"\",\"publisher\":{\"@id\":\"https:\/\/myovo.net\/#organization\"},\"potentialAction\":[{\"@type\":\"SearchAction\",\"target\":{\"@type\":\"EntryPoint\",\"urlTemplate\":\"https:\/\/myovo.net\/?s={search_term_string}\"},\"query-input\":{\"@type\":\"PropertyValueSpecification\",\"valueRequired\":true,\"valueName\":\"search_term_string\"}}],\"inLanguage\":\"fr-FR\"},{\"@type\":\"Organization\",\"@id\":\"https:\/\/myovo.net\/#organization\",\"name\":\"OVO Central Vacuum\",\"url\":\"https:\/\/myovo.net\/\",\"logo\":{\"@type\":\"ImageObject\",\"inLanguage\":\"fr-FR\",\"@id\":\"https:\/\/myovo.net\/#\/schema\/logo\/image\/\",\"url\":\"https:\/\/i0.wp.com\/myovo.net\/wp-content\/uploads\/2024\/09\/logo-ovo-2-01-1.png?fit=241%2C117&ssl=1\",\"contentUrl\":\"https:\/\/i0.wp.com\/myovo.net\/wp-content\/uploads\/2024\/09\/logo-ovo-2-01-1.png?fit=241%2C117&ssl=1\",\"width\":241,\"height\":117,\"caption\":\"OVO Central Vacuum\"},\"image\":{\"@id\":\"https:\/\/myovo.net\/#\/schema\/logo\/image\/\"},\"sameAs\":[\"https:\/\/www.facebook.com\/nadairint\/\"]}]}<\/script>\n<!-- \/ Yoast SEO plugin. -->","yoast_head_json":{"title":"Ensemble de brosses pour aspirateur central - Ovo Vacuum","robots":{"index":"index","follow":"follow","max-snippet":"max-snippet:-1","max-image-preview":"max-image-preview:large","max-video-preview":"max-video-preview:-1"},"canonical":"https:\/\/myovo.net\/fr\/produit\/ensemble-de-brosses-pour-aspirateur-central\/","og_locale":"fr_FR","og_type":"article","og_title":"Ensemble de brosses pour aspirateur central - Ovo Vacuum","og_description":"Ensemble de brosses universelles pour aspirateur central OVO Compatible avec toutes les poign\u00e9es et manchons d\u2019un diam\u00e8tre ext\u00e9rieur de un peu plus petit que 1,25&Prime;. L&rsquo;assortiment parfait pour nettoyer votre maison. Inclus : Brosse sup\u00e9rieure pour sols de 12&Prime; Brosse pour tissus d\u2019ameublement Brosse \u00e0 \u00e9pousseter Outil pour les crevasses Support pour outils","og_url":"https:\/\/myovo.net\/fr\/produit\/ensemble-de-brosses-pour-aspirateur-central\/","og_site_name":"Ovo Vacuum","article_publisher":"https:\/\/www.facebook.com\/nadairint\/","article_modified_time":"2026-03-20T15:01:07+00:00","og_image":[{"width":1000,"height":1000,"url":"https:\/\/myovo.net\/wp-content\/uploads\/2021\/02\/tool-kit.jpg","type":"image\/jpeg"}],"twitter_card":"summary_large_image","twitter_misc":{"Dur\u00e9e de lecture estim\u00e9e":"1 minute"},"schema":{"@context":"https:\/\/schema.org","@graph":[{"@type":"WebPage","@id":"https:\/\/myovo.net\/fr\/produit\/ensemble-de-brosses-pour-aspirateur-central\/","url":"https:\/\/myovo.net\/fr\/produit\/ensemble-de-brosses-pour-aspirateur-central\/","name":"Ensemble de brosses pour aspirateur central - Ovo Vacuum","isPartOf":{"@id":"https:\/\/myovo.net\/#website"},"primaryImageOfPage":{"@id":"https:\/\/myovo.net\/fr\/produit\/ensemble-de-brosses-pour-aspirateur-central\/#primaryimage"},"image":{"@id":"https:\/\/myovo.net\/fr\/produit\/ensemble-de-brosses-pour-aspirateur-central\/#primaryimage"},"thumbnailUrl":"https:\/\/i0.wp.com\/myovo.net\/wp-content\/uploads\/2021\/02\/tool-kit.jpg?fit=1000%2C1000&ssl=1","datePublished":"2021-02-22T18:59:59+00:00","dateModified":"2026-03-20T15:01:07+00:00","breadcrumb":{"@id":"https:\/\/myovo.net\/fr\/produit\/ensemble-de-brosses-pour-aspirateur-central\/#breadcrumb"},"inLanguage":"fr-FR","potentialAction":[{"@type":"ReadAction","target":["https:\/\/myovo.net\/fr\/produit\/ensemble-de-brosses-pour-aspirateur-central\/"]}]},{"@type":"ImageObject","inLanguage":"fr-FR","@id":"https:\/\/myovo.net\/fr\/produit\/ensemble-de-brosses-pour-aspirateur-central\/#primaryimage","url":"https:\/\/i0.wp.com\/myovo.net\/wp-content\/uploads\/2021\/02\/tool-kit.jpg?fit=1000%2C1000&ssl=1","contentUrl":"https:\/\/i0.wp.com\/myovo.net\/wp-content\/uploads\/2021\/02\/tool-kit.jpg?fit=1000%2C1000&ssl=1","width":1000,"height":1000,"caption":"OVO Central vacuum brush"},{"@type":"BreadcrumbList","@id":"https:\/\/myovo.net\/fr\/produit\/ensemble-de-brosses-pour-aspirateur-central\/#breadcrumb","itemListElement":[{"@type":"ListItem","position":1,"name":"Home","item":"https:\/\/myovo.net\/fr\/"},{"@type":"ListItem","position":2,"name":"Shop","item":"https:\/\/myovo.net\/shop-best-central-vacuum\/"},{"@type":"ListItem","position":3,"name":"Ensemble de brosses pour aspirateur central"}]},{"@type":"WebSite","@id":"https:\/\/myovo.net\/#website","url":"https:\/\/myovo.net\/","name":"OVO Central Vacuum","description":"","publisher":{"@id":"https:\/\/myovo.net\/#organization"},"potentialAction":[{"@type":"SearchAction","target":{"@type":"EntryPoint","urlTemplate":"https:\/\/myovo.net\/?s={search_term_string}"},"query-input":{"@type":"PropertyValueSpecification","valueRequired":true,"valueName":"search_term_string"}}],"inLanguage":"fr-FR"},{"@type":"Organization","@id":"https:\/\/myovo.net\/#organization","name":"OVO Central Vacuum","url":"https:\/\/myovo.net\/","logo":{"@type":"ImageObject","inLanguage":"fr-FR","@id":"https:\/\/myovo.net\/#\/schema\/logo\/image\/","url":"https:\/\/i0.wp.com\/myovo.net\/wp-content\/uploads\/2024\/09\/logo-ovo-2-01-1.png?fit=241%2C117&ssl=1","contentUrl":"https:\/\/i0.wp.com\/myovo.net\/wp-content\/uploads\/2024\/09\/logo-ovo-2-01-1.png?fit=241%2C117&ssl=1","width":241,"height":117,"caption":"OVO Central Vacuum"},"image":{"@id":"https:\/\/myovo.net\/#\/schema\/logo\/image\/"},"sameAs":["https:\/\/www.facebook.com\/nadairint\/"]}]}},"jetpack_publicize_connections":[],"jetpack_sharing_enabled":true,"_links":{"self":[{"href":"https:\/\/myovo.net\/fr\/wp-json\/wp\/v2\/product\/22098","targetHints":{"allow":["GET"]}}],"collection":[{"href":"https:\/\/myovo.net\/fr\/wp-json\/wp\/v2\/product"}],"about":[{"href":"https:\/\/myovo.net\/fr\/wp-json\/wp\/v2\/types\/product"}],"replies":[{"embeddable":true,"href":"https:\/\/myovo.net\/fr\/wp-json\/wp\/v2\/comments?post=22098"}],"wp:featuredmedia":[{"embeddable":true,"href":"https:\/\/myovo.net\/fr\/wp-json\/wp\/v2\/media\/15388"}],"wp:attachment":[{"href":"https:\/\/myovo.net\/fr\/wp-json\/wp\/v2\/media?parent=22098"}],"wp:term":[{"taxonomy":"product_brand","embeddable":true,"href":"https:\/\/myovo.net\/fr\/wp-json\/wp\/v2\/product_brand?post=22098"},{"taxonomy":"product_cat","embeddable":true,"href":"https:\/\/myovo.net\/fr\/wp-json\/wp\/v2\/product_cat?post=22098"},{"taxonomy":"product_tag","embeddable":true,"href":"https:\/\/myovo.net\/fr\/wp-json\/wp\/v2\/product_tag?post=22098"}],"curies":[{"name":"wp","href":"https:\/\/api.w.org\/{rel}","templated":true}]}}