{"id":22107,"date":"2020-06-12T11:54:48","date_gmt":"2020-06-12T15:54:48","guid":{"rendered":"https:\/\/dev.myovo.ca\/product\/prise-coup-de-pied-universelle-pour-aspirateur-central\/"},"modified":"2020-06-12T11:54:48","modified_gmt":"2020-06-12T15:54:48","slug":"prise-coup-de-pied-universelle-pour-aspirateur-central","status":"publish","type":"product","link":"https:\/\/myovo.net\/fr\/produit\/prise-coup-de-pied-universelle-pour-aspirateur-central\/","title":{"rendered":"Prise coup de pied universelle pour aspirateur central"},"content":{"rendered":"<p><strong>Prise coup de pied pour syst\u00e8mes d&rsquo;aspirateur central<\/strong><\/p>\n<p>Id\u00e9ale pour un nettoyage rapide dans la cuisine ou les zones fr\u00e9quemment utilis\u00e9es. Il suffit de balayer les d\u00e9bris vers l&rsquo;entr\u00e9e d&rsquo;aspiration de la pelle.<\/p>\n<p><strong>Caract\u00e9ristiques :<\/strong><\/p>\n<ul>\n<li>Fabriqu\u00e9 en Am\u00e9rique du Nord<\/li>\n<li>Solution rapide et facile pour \u00e9liminer les d\u00e9bris<\/li>\n<li>Universelle, compatible avec la plupart des syst\u00e8mes d&rsquo;aspirateur central<\/li>\n<li>\u00c9galement appel\u00e9e \u00ab\u00a0p\u00e9dale de plinthe\u00a0\u00bb ou \u00ab\u00a0toe kick\u00a0\u00bb<\/li>\n<li>Activation pratique par une simple pression du pied<\/li>\n<\/ul>\n","protected":false},"excerpt":{"rendered":"<p>Prise coup de pied pour syst\u00e8mes d&rsquo;aspirateur central Id\u00e9ale pour un nettoyage rapide dans la cuisine ou les zones fr\u00e9quemment utilis\u00e9es. Il suffit de balayer les d\u00e9bris vers l&rsquo;entr\u00e9e d&rsquo;aspiration de la pelle. Caract\u00e9ristiques : Fabriqu\u00e9 en Am\u00e9rique du Nord Solution rapide et facile pour \u00e9liminer les d\u00e9bris Universelle, compatible avec la plupart des syst\u00e8mes d&rsquo;aspirateur  [&#8230;]<\/p>\n","protected":false},"featured_media":20815,"comment_status":"closed","ping_status":"closed","template":"","meta":{"_acf_changed":false,"jetpack_post_was_ever_published":false,"jetpack_publicize_message":"","jetpack_publicize_feature_enabled":true,"jetpack_social_post_already_shared":true,"jetpack_social_options":{"image_generator_settings":{"template":"highway","default_image_id":0,"font":"","enabled":false},"version":2}},"product_brand":[],"product_cat":[88],"product_tag":[],"class_list":{"0":"post-22107","1":"product","2":"type-product","3":"status-publish","4":"has-post-thumbnail","6":"product_cat-installation-kit","8":"first","9":"instock","10":"taxable","11":"shipping-taxable","12":"purchasable","13":"product-type-simple"},"acf":[],"yoast_head":"<!-- This site is optimized with the Yoast SEO plugin v26.7 - https:\/\/yoast.com\/wordpress\/plugins\/seo\/ -->\n<title>Prise coup de pied universelle pour aspirateur central - Ovo Vacuum<\/title>\n<meta name=\"robots\" content=\"index, follow, max-snippet:-1, max-image-preview:large, max-video-preview:-1\" \/>\n<link rel=\"canonical\" href=\"https:\/\/myovo.net\/fr\/produit\/prise-coup-de-pied-universelle-pour-aspirateur-central\/\" \/>\n<meta property=\"og:locale\" content=\"fr_FR\" \/>\n<meta property=\"og:type\" content=\"article\" \/>\n<meta property=\"og:title\" content=\"Prise coup de pied universelle pour aspirateur central - Ovo Vacuum\" \/>\n<meta property=\"og:description\" content=\"Prise coup de pied pour syst\u00e8mes d&rsquo;aspirateur central Id\u00e9ale pour un nettoyage rapide dans la cuisine ou les zones fr\u00e9quemment utilis\u00e9es. Il suffit de balayer les d\u00e9bris vers l&rsquo;entr\u00e9e d&rsquo;aspiration de la pelle. Caract\u00e9ristiques : Fabriqu\u00e9 en Am\u00e9rique du Nord Solution rapide et facile pour \u00e9liminer les d\u00e9bris Universelle, compatible avec la plupart des syst\u00e8mes d&rsquo;aspirateur [...]\" \/>\n<meta property=\"og:url\" content=\"https:\/\/myovo.net\/fr\/produit\/prise-coup-de-pied-universelle-pour-aspirateur-central\/\" \/>\n<meta property=\"og:site_name\" content=\"Ovo Vacuum\" \/>\n<meta property=\"article:publisher\" content=\"https:\/\/www.facebook.com\/nadairint\/\" \/>\n<meta property=\"og:image\" content=\"https:\/\/myovo.net\/wp-content\/uploads\/2020\/06\/Central-vacuum-sweep-dustpan.jpg\" \/>\n\t<meta property=\"og:image:width\" content=\"1040\" \/>\n\t<meta property=\"og:image:height\" content=\"642\" \/>\n\t<meta property=\"og:image:type\" content=\"image\/jpeg\" \/>\n<meta name=\"twitter:card\" content=\"summary_large_image\" \/>\n<script type=\"application\/ld+json\" class=\"yoast-schema-graph\">{\"@context\":\"https:\/\/schema.org\",\"@graph\":[{\"@type\":\"WebPage\",\"@id\":\"https:\/\/myovo.net\/fr\/produit\/prise-coup-de-pied-universelle-pour-aspirateur-central\/\",\"url\":\"https:\/\/myovo.net\/fr\/produit\/prise-coup-de-pied-universelle-pour-aspirateur-central\/\",\"name\":\"Prise coup de pied universelle pour aspirateur central - Ovo Vacuum\",\"isPartOf\":{\"@id\":\"https:\/\/myovo.net\/#website\"},\"primaryImageOfPage\":{\"@id\":\"https:\/\/myovo.net\/fr\/produit\/prise-coup-de-pied-universelle-pour-aspirateur-central\/#primaryimage\"},\"image\":{\"@id\":\"https:\/\/myovo.net\/fr\/produit\/prise-coup-de-pied-universelle-pour-aspirateur-central\/#primaryimage\"},\"thumbnailUrl\":\"https:\/\/i0.wp.com\/myovo.net\/wp-content\/uploads\/2020\/06\/Central-vacuum-sweep-dustpan.jpg?fit=1040%2C642&ssl=1\",\"datePublished\":\"2020-06-12T15:54:48+00:00\",\"breadcrumb\":{\"@id\":\"https:\/\/myovo.net\/fr\/produit\/prise-coup-de-pied-universelle-pour-aspirateur-central\/#breadcrumb\"},\"inLanguage\":\"fr-FR\",\"potentialAction\":[{\"@type\":\"ReadAction\",\"target\":[\"https:\/\/myovo.net\/fr\/produit\/prise-coup-de-pied-universelle-pour-aspirateur-central\/\"]}]},{\"@type\":\"ImageObject\",\"inLanguage\":\"fr-FR\",\"@id\":\"https:\/\/myovo.net\/fr\/produit\/prise-coup-de-pied-universelle-pour-aspirateur-central\/#primaryimage\",\"url\":\"https:\/\/i0.wp.com\/myovo.net\/wp-content\/uploads\/2020\/06\/Central-vacuum-sweep-dustpan.jpg?fit=1040%2C642&ssl=1\",\"contentUrl\":\"https:\/\/i0.wp.com\/myovo.net\/wp-content\/uploads\/2020\/06\/Central-vacuum-sweep-dustpan.jpg?fit=1040%2C642&ssl=1\",\"width\":1040,\"height\":642},{\"@type\":\"BreadcrumbList\",\"@id\":\"https:\/\/myovo.net\/fr\/produit\/prise-coup-de-pied-universelle-pour-aspirateur-central\/#breadcrumb\",\"itemListElement\":[{\"@type\":\"ListItem\",\"position\":1,\"name\":\"Home\",\"item\":\"https:\/\/myovo.net\/fr\/\"},{\"@type\":\"ListItem\",\"position\":2,\"name\":\"Shop\",\"item\":\"https:\/\/myovo.net\/shop-best-central-vacuum\/\"},{\"@type\":\"ListItem\",\"position\":3,\"name\":\"Prise coup de pied universelle pour aspirateur central\"}]},{\"@type\":\"WebSite\",\"@id\":\"https:\/\/myovo.net\/#website\",\"url\":\"https:\/\/myovo.net\/\",\"name\":\"OVO Central Vacuum\",\"description\":\"\",\"publisher\":{\"@id\":\"https:\/\/myovo.net\/#organization\"},\"potentialAction\":[{\"@type\":\"SearchAction\",\"target\":{\"@type\":\"EntryPoint\",\"urlTemplate\":\"https:\/\/myovo.net\/?s={search_term_string}\"},\"query-input\":{\"@type\":\"PropertyValueSpecification\",\"valueRequired\":true,\"valueName\":\"search_term_string\"}}],\"inLanguage\":\"fr-FR\"},{\"@type\":\"Organization\",\"@id\":\"https:\/\/myovo.net\/#organization\",\"name\":\"OVO Central Vacuum\",\"url\":\"https:\/\/myovo.net\/\",\"logo\":{\"@type\":\"ImageObject\",\"inLanguage\":\"fr-FR\",\"@id\":\"https:\/\/myovo.net\/#\/schema\/logo\/image\/\",\"url\":\"https:\/\/i0.wp.com\/myovo.net\/wp-content\/uploads\/2024\/09\/logo-ovo-2-01-1.png?fit=241%2C117&ssl=1\",\"contentUrl\":\"https:\/\/i0.wp.com\/myovo.net\/wp-content\/uploads\/2024\/09\/logo-ovo-2-01-1.png?fit=241%2C117&ssl=1\",\"width\":241,\"height\":117,\"caption\":\"OVO Central Vacuum\"},\"image\":{\"@id\":\"https:\/\/myovo.net\/#\/schema\/logo\/image\/\"},\"sameAs\":[\"https:\/\/www.facebook.com\/nadairint\/\"]}]}<\/script>\n<!-- \/ Yoast SEO plugin. -->","yoast_head_json":{"title":"Prise coup de pied universelle pour aspirateur central - Ovo Vacuum","robots":{"index":"index","follow":"follow","max-snippet":"max-snippet:-1","max-image-preview":"max-image-preview:large","max-video-preview":"max-video-preview:-1"},"canonical":"https:\/\/myovo.net\/fr\/produit\/prise-coup-de-pied-universelle-pour-aspirateur-central\/","og_locale":"fr_FR","og_type":"article","og_title":"Prise coup de pied universelle pour aspirateur central - Ovo Vacuum","og_description":"Prise coup de pied pour syst\u00e8mes d&rsquo;aspirateur central Id\u00e9ale pour un nettoyage rapide dans la cuisine ou les zones fr\u00e9quemment utilis\u00e9es. Il suffit de balayer les d\u00e9bris vers l&rsquo;entr\u00e9e d&rsquo;aspiration de la pelle. Caract\u00e9ristiques : Fabriqu\u00e9 en Am\u00e9rique du Nord Solution rapide et facile pour \u00e9liminer les d\u00e9bris Universelle, compatible avec la plupart des syst\u00e8mes d&rsquo;aspirateur [...]","og_url":"https:\/\/myovo.net\/fr\/produit\/prise-coup-de-pied-universelle-pour-aspirateur-central\/","og_site_name":"Ovo Vacuum","article_publisher":"https:\/\/www.facebook.com\/nadairint\/","og_image":[{"width":1040,"height":642,"url":"https:\/\/myovo.net\/wp-content\/uploads\/2020\/06\/Central-vacuum-sweep-dustpan.jpg","type":"image\/jpeg"}],"twitter_card":"summary_large_image","schema":{"@context":"https:\/\/schema.org","@graph":[{"@type":"WebPage","@id":"https:\/\/myovo.net\/fr\/produit\/prise-coup-de-pied-universelle-pour-aspirateur-central\/","url":"https:\/\/myovo.net\/fr\/produit\/prise-coup-de-pied-universelle-pour-aspirateur-central\/","name":"Prise coup de pied universelle pour aspirateur central - Ovo Vacuum","isPartOf":{"@id":"https:\/\/myovo.net\/#website"},"primaryImageOfPage":{"@id":"https:\/\/myovo.net\/fr\/produit\/prise-coup-de-pied-universelle-pour-aspirateur-central\/#primaryimage"},"image":{"@id":"https:\/\/myovo.net\/fr\/produit\/prise-coup-de-pied-universelle-pour-aspirateur-central\/#primaryimage"},"thumbnailUrl":"https:\/\/i0.wp.com\/myovo.net\/wp-content\/uploads\/2020\/06\/Central-vacuum-sweep-dustpan.jpg?fit=1040%2C642&ssl=1","datePublished":"2020-06-12T15:54:48+00:00","breadcrumb":{"@id":"https:\/\/myovo.net\/fr\/produit\/prise-coup-de-pied-universelle-pour-aspirateur-central\/#breadcrumb"},"inLanguage":"fr-FR","potentialAction":[{"@type":"ReadAction","target":["https:\/\/myovo.net\/fr\/produit\/prise-coup-de-pied-universelle-pour-aspirateur-central\/"]}]},{"@type":"ImageObject","inLanguage":"fr-FR","@id":"https:\/\/myovo.net\/fr\/produit\/prise-coup-de-pied-universelle-pour-aspirateur-central\/#primaryimage","url":"https:\/\/i0.wp.com\/myovo.net\/wp-content\/uploads\/2020\/06\/Central-vacuum-sweep-dustpan.jpg?fit=1040%2C642&ssl=1","contentUrl":"https:\/\/i0.wp.com\/myovo.net\/wp-content\/uploads\/2020\/06\/Central-vacuum-sweep-dustpan.jpg?fit=1040%2C642&ssl=1","width":1040,"height":642},{"@type":"BreadcrumbList","@id":"https:\/\/myovo.net\/fr\/produit\/prise-coup-de-pied-universelle-pour-aspirateur-central\/#breadcrumb","itemListElement":[{"@type":"ListItem","position":1,"name":"Home","item":"https:\/\/myovo.net\/fr\/"},{"@type":"ListItem","position":2,"name":"Shop","item":"https:\/\/myovo.net\/shop-best-central-vacuum\/"},{"@type":"ListItem","position":3,"name":"Prise coup de pied universelle pour aspirateur central"}]},{"@type":"WebSite","@id":"https:\/\/myovo.net\/#website","url":"https:\/\/myovo.net\/","name":"OVO Central Vacuum","description":"","publisher":{"@id":"https:\/\/myovo.net\/#organization"},"potentialAction":[{"@type":"SearchAction","target":{"@type":"EntryPoint","urlTemplate":"https:\/\/myovo.net\/?s={search_term_string}"},"query-input":{"@type":"PropertyValueSpecification","valueRequired":true,"valueName":"search_term_string"}}],"inLanguage":"fr-FR"},{"@type":"Organization","@id":"https:\/\/myovo.net\/#organization","name":"OVO Central Vacuum","url":"https:\/\/myovo.net\/","logo":{"@type":"ImageObject","inLanguage":"fr-FR","@id":"https:\/\/myovo.net\/#\/schema\/logo\/image\/","url":"https:\/\/i0.wp.com\/myovo.net\/wp-content\/uploads\/2024\/09\/logo-ovo-2-01-1.png?fit=241%2C117&ssl=1","contentUrl":"https:\/\/i0.wp.com\/myovo.net\/wp-content\/uploads\/2024\/09\/logo-ovo-2-01-1.png?fit=241%2C117&ssl=1","width":241,"height":117,"caption":"OVO Central Vacuum"},"image":{"@id":"https:\/\/myovo.net\/#\/schema\/logo\/image\/"},"sameAs":["https:\/\/www.facebook.com\/nadairint\/"]}]}},"jetpack_publicize_connections":[],"jetpack_sharing_enabled":true,"_links":{"self":[{"href":"https:\/\/myovo.net\/fr\/wp-json\/wp\/v2\/product\/22107","targetHints":{"allow":["GET"]}}],"collection":[{"href":"https:\/\/myovo.net\/fr\/wp-json\/wp\/v2\/product"}],"about":[{"href":"https:\/\/myovo.net\/fr\/wp-json\/wp\/v2\/types\/product"}],"replies":[{"embeddable":true,"href":"https:\/\/myovo.net\/fr\/wp-json\/wp\/v2\/comments?post=22107"}],"wp:featuredmedia":[{"embeddable":true,"href":"https:\/\/myovo.net\/fr\/wp-json\/wp\/v2\/media\/20815"}],"wp:attachment":[{"href":"https:\/\/myovo.net\/fr\/wp-json\/wp\/v2\/media?parent=22107"}],"wp:term":[{"taxonomy":"product_brand","embeddable":true,"href":"https:\/\/myovo.net\/fr\/wp-json\/wp\/v2\/product_brand?post=22107"},{"taxonomy":"product_cat","embeddable":true,"href":"https:\/\/myovo.net\/fr\/wp-json\/wp\/v2\/product_cat?post=22107"},{"taxonomy":"product_tag","embeddable":true,"href":"https:\/\/myovo.net\/fr\/wp-json\/wp\/v2\/product_tag?post=22107"}],"curies":[{"name":"wp","href":"https:\/\/api.w.org\/{rel}","templated":true}]}}