{"id":22240,"date":"2024-11-28T12:40:47","date_gmt":"2024-11-28T17:40:47","guid":{"rendered":"https:\/\/dev.myovo.ca\/?post_type=product&#038;p=22240"},"modified":"2026-02-24T11:37:07","modified_gmt":"2026-02-24T16:37:07","slug":"aspirateur-central-ovo-puissant-ensemble-daccessoires-a-tapis-deluxe-copy","status":"publish","type":"product","link":"https:\/\/myovo.net\/fr\/produit\/aspirateur-central-ovo-puissant-ensemble-daccessoires-a-tapis-deluxe-copy\/","title":{"rendered":"OVO 750 Airwatts, Syst\u00e8me d\u2019Aspiration Central Hybride, R\u00e9servoir inf\u00e9rieur de 25L \/ 6,6 Gal., Puissance d\u2019aspiration de 146\u201d H\u2082O, Couvre jusqu\u2019\u00e0 9 000 pi\u00b2 ( 836,1 m\u00b2 ) + ensemble d&rsquo;accessoires Tapis Deluxe \u2013 Id\u00e9al pour tapis et surfaces dures."},"content":{"rendered":"<h3 data-start=\"0\" data-end=\"28\">Caract\u00e9ristiques :<\/h3>\n<ul data-start=\"30\" data-end=\"480\">\n<li data-start=\"30\" data-end=\"44\">750 AW<\/li>\n<li data-start=\"45\" data-end=\"61\">146\u201d H\u2082O<\/li>\n<li data-start=\"62\" data-end=\"105\">Moteur \u00e0 flux traversant \u00e0 2 stages<\/li>\n<li data-start=\"106\" data-end=\"119\">65 dB<\/li>\n<li data-start=\"120\" data-end=\"169\">Technologie de march\/arr\u00eat progressif<\/li>\n<li data-start=\"170\" data-end=\"234\">Capacit\u00e9 jusqu\u2019\u00e0 9 000 pi\u00b2 (836,1 m\u00b2) \u2013 jusqu&rsquo;\u00e0 9 prises<\/li>\n<li data-start=\"235\" data-end=\"262\">R\u00e9servoir inf\u00e9rieur<\/li>\n<li data-start=\"263\" data-end=\"352\">Indicateur LED : Affiche l\u2019\u00e9tat de l\u2019appareil \/ Quand changer le filtre ou le sac<\/li>\n<li data-start=\"353\" data-end=\"419\">Filtration hybride : Utilisable avec ou sans sacs jetables<\/li>\n<li data-start=\"420\" data-end=\"480\">Acier lamin\u00e9 : R\u00e9sistant \u00e0 l\u2019usure et \u00e0 la corrosion<\/li>\n<\/ul>\n<h3 data-start=\"482\" data-end=\"536\">Kit d\u2019accessoires \u00e0 Tapis Deluxe :<\/h3>\n<ul data-start=\"538\" data-end=\"1218\" data-is-last-node=\"\" data-is-only-node=\"\">\n<li data-start=\"538\" data-end=\"620\">Boyau haute tension avec interrupteur ON\/OFF double voltage sur la poign\u00e9e<\/li>\n<li>Disponible en 30 pi (9,10 m), 35 pi (10,70 m), 40 pi (12,20 m) ou 50 pi (15,20 m)<\/li>\n<li data-start=\"621\" data-end=\"696\">Brosse \u00e9lectrique pour tapis avec hauteur ajustable, 14\u201d (35,56 cm)<\/li>\n<li data-start=\"697\" data-end=\"767\">Brosse pour plancher avec poils en crin de cheval, 12\u201d (30 cm)<\/li>\n<li data-start=\"768\" data-end=\"835\">Tube t\u00e9lescopique r\u00e9glable, de 25,5\u201d (67 cm) \u00e0 38\u201d (100 cm)<\/li>\n<li data-start=\"836\" data-end=\"914\">Tube t\u00e9lescopique \u00e9lectrique r\u00e9glable, de 25,5\u201d (67 cm) \u00e0 38\u201d (100 cm)<\/li>\n<li data-start=\"915\" data-end=\"996\">Brosse pour tissus d\u2019ameublement avec poils en crin de cheval, 5\u201d (14 cm)<\/li>\n<li data-start=\"997\" data-end=\"1065\">Brosse \u00e0 \u00e9pousseter avec poils en crin de cheval, 4\u201d (10 cm)<\/li>\n<li data-start=\"1066\" data-end=\"1104\">Outil pour fentes, 10\u201d (25 cm)<\/li>\n<li data-start=\"1105\" data-end=\"1144\">Support d\u2019accessoires pour boyau<\/li>\n<li data-start=\"1145\" data-end=\"1218\" data-is-last-node=\"\">Support mural chrom\u00e9 pour boyau et sac de rangement des accessoires<\/li>\n<\/ul>\n","protected":false},"excerpt":{"rendered":"<p>Caract\u00e9ristiques : 750 AW 146\u201d H\u2082O Moteur \u00e0 flux traversant \u00e0 2 stages 65 dB Technologie de march\/arr\u00eat progressif Capacit\u00e9 jusqu\u2019\u00e0 9 000 pi\u00b2 (836,1 m\u00b2) \u2013 jusqu&rsquo;\u00e0 9 prises R\u00e9servoir inf\u00e9rieur Indicateur LED : Affiche l\u2019\u00e9tat de l\u2019appareil \/ Quand changer le filtre ou le sac Filtration hybride : Utilisable avec ou sans sacs jetables  [&#8230;]<\/p>\n","protected":false},"featured_media":23830,"comment_status":"closed","ping_status":"closed","template":"","meta":{"_acf_changed":false,"jetpack_post_was_ever_published":false,"jetpack_publicize_message":"","jetpack_publicize_feature_enabled":true,"jetpack_social_post_already_shared":true,"jetpack_social_options":{"image_generator_settings":{"template":"highway","default_image_id":0,"font":"","enabled":false},"version":2}},"product_brand":[],"product_cat":[75,142],"product_tag":[],"class_list":{"0":"post-22240","1":"product","2":"type-product","3":"status-publish","4":"has-post-thumbnail","6":"product_cat-packs","7":"product_cat-produits","8":"product_shipping_class-brush-fr","10":"first","11":"instock","12":"taxable","13":"shipping-taxable","14":"purchasable","15":"product-type-variable"},"acf":[],"yoast_head":"<!-- This site is optimized with the Yoast SEO plugin v26.7 - https:\/\/yoast.com\/wordpress\/plugins\/seo\/ -->\n<title>OVO 750 Airwatts, Syst\u00e8me d\u2019Aspiration Central Hybride, R\u00e9servoir inf\u00e9rieur de 25L \/ 6,6 Gal., Puissance d\u2019aspiration de 146\u201d H\u2082O, Couvre jusqu\u2019\u00e0 9 000 pi\u00b2 ( 836,1 m\u00b2 ) + ensemble d&#039;accessoires Tapis Deluxe \u2013 Id\u00e9al pour tapis et surfaces dures. - Ovo Vacuum<\/title>\n<meta name=\"robots\" content=\"index, follow, max-snippet:-1, max-image-preview:large, max-video-preview:-1\" \/>\n<link rel=\"canonical\" href=\"https:\/\/myovo.net\/fr\/produit\/aspirateur-central-ovo-puissant-ensemble-daccessoires-a-tapis-deluxe-copy\/\" \/>\n<meta property=\"og:locale\" content=\"fr_FR\" \/>\n<meta property=\"og:type\" content=\"article\" \/>\n<meta property=\"og:title\" content=\"OVO 750 Airwatts, Syst\u00e8me d\u2019Aspiration Central Hybride, R\u00e9servoir inf\u00e9rieur de 25L \/ 6,6 Gal., Puissance d\u2019aspiration de 146\u201d H\u2082O, Couvre jusqu\u2019\u00e0 9 000 pi\u00b2 ( 836,1 m\u00b2 ) + ensemble d&#039;accessoires Tapis Deluxe \u2013 Id\u00e9al pour tapis et surfaces dures. - Ovo Vacuum\" \/>\n<meta property=\"og:description\" content=\"Caract\u00e9ristiques : 750 AW 146\u201d H\u2082O Moteur \u00e0 flux traversant \u00e0 2 stages 65 dB Technologie de march\/arr\u00eat progressif Capacit\u00e9 jusqu\u2019\u00e0 9 000 pi\u00b2 (836,1 m\u00b2) \u2013 jusqu&rsquo;\u00e0 9 prises R\u00e9servoir inf\u00e9rieur Indicateur LED : Affiche l\u2019\u00e9tat de l\u2019appareil \/ Quand changer le filtre ou le sac Filtration hybride : Utilisable avec ou sans sacs jetables [...]\" \/>\n<meta property=\"og:url\" content=\"https:\/\/myovo.net\/fr\/produit\/aspirateur-central-ovo-puissant-ensemble-daccessoires-a-tapis-deluxe-copy\/\" \/>\n<meta property=\"og:site_name\" content=\"Ovo Vacuum\" \/>\n<meta property=\"article:publisher\" content=\"https:\/\/www.facebook.com\/nadairint\/\" \/>\n<meta property=\"article:modified_time\" content=\"2026-02-24T16:37:07+00:00\" \/>\n<meta property=\"og:image\" content=\"https:\/\/myovo.net\/wp-content\/uploads\/2024\/11\/750-CD-copie-1.jpg\" \/>\n\t<meta property=\"og:image:width\" content=\"1500\" \/>\n\t<meta property=\"og:image:height\" content=\"1500\" \/>\n\t<meta property=\"og:image:type\" content=\"image\/jpeg\" \/>\n<meta name=\"twitter:card\" content=\"summary_large_image\" \/>\n<meta name=\"twitter:label1\" content=\"Dur\u00e9e de lecture estim\u00e9e\" \/>\n\t<meta name=\"twitter:data1\" content=\"2 minutes\" \/>\n<script type=\"application\/ld+json\" class=\"yoast-schema-graph\">{\"@context\":\"https:\/\/schema.org\",\"@graph\":[{\"@type\":\"WebPage\",\"@id\":\"https:\/\/myovo.net\/fr\/produit\/aspirateur-central-ovo-puissant-ensemble-daccessoires-a-tapis-deluxe-copy\/\",\"url\":\"https:\/\/myovo.net\/fr\/produit\/aspirateur-central-ovo-puissant-ensemble-daccessoires-a-tapis-deluxe-copy\/\",\"name\":\"OVO 750 Airwatts, Syst\u00e8me d\u2019Aspiration Central Hybride, R\u00e9servoir inf\u00e9rieur de 25L \/ 6,6 Gal., Puissance d\u2019aspiration de 146\u201d H\u2082O, Couvre jusqu\u2019\u00e0 9 000 pi\u00b2 ( 836,1 m\u00b2 ) + ensemble d'accessoires Tapis Deluxe \u2013 Id\u00e9al pour tapis et surfaces dures. - Ovo Vacuum\",\"isPartOf\":{\"@id\":\"https:\/\/myovo.net\/#website\"},\"primaryImageOfPage\":{\"@id\":\"https:\/\/myovo.net\/fr\/produit\/aspirateur-central-ovo-puissant-ensemble-daccessoires-a-tapis-deluxe-copy\/#primaryimage\"},\"image\":{\"@id\":\"https:\/\/myovo.net\/fr\/produit\/aspirateur-central-ovo-puissant-ensemble-daccessoires-a-tapis-deluxe-copy\/#primaryimage\"},\"thumbnailUrl\":\"https:\/\/i0.wp.com\/myovo.net\/wp-content\/uploads\/2024\/11\/750-CD-copie-1.jpg?fit=1500%2C1500&ssl=1\",\"datePublished\":\"2024-11-28T17:40:47+00:00\",\"dateModified\":\"2026-02-24T16:37:07+00:00\",\"breadcrumb\":{\"@id\":\"https:\/\/myovo.net\/fr\/produit\/aspirateur-central-ovo-puissant-ensemble-daccessoires-a-tapis-deluxe-copy\/#breadcrumb\"},\"inLanguage\":\"fr-FR\",\"potentialAction\":[{\"@type\":\"ReadAction\",\"target\":[\"https:\/\/myovo.net\/fr\/produit\/aspirateur-central-ovo-puissant-ensemble-daccessoires-a-tapis-deluxe-copy\/\"]}]},{\"@type\":\"ImageObject\",\"inLanguage\":\"fr-FR\",\"@id\":\"https:\/\/myovo.net\/fr\/produit\/aspirateur-central-ovo-puissant-ensemble-daccessoires-a-tapis-deluxe-copy\/#primaryimage\",\"url\":\"https:\/\/i0.wp.com\/myovo.net\/wp-content\/uploads\/2024\/11\/750-CD-copie-1.jpg?fit=1500%2C1500&ssl=1\",\"contentUrl\":\"https:\/\/i0.wp.com\/myovo.net\/wp-content\/uploads\/2024\/11\/750-CD-copie-1.jpg?fit=1500%2C1500&ssl=1\",\"width\":1500,\"height\":1500},{\"@type\":\"BreadcrumbList\",\"@id\":\"https:\/\/myovo.net\/fr\/produit\/aspirateur-central-ovo-puissant-ensemble-daccessoires-a-tapis-deluxe-copy\/#breadcrumb\",\"itemListElement\":[{\"@type\":\"ListItem\",\"position\":1,\"name\":\"Home\",\"item\":\"https:\/\/myovo.net\/fr\/\"},{\"@type\":\"ListItem\",\"position\":2,\"name\":\"Shop\",\"item\":\"https:\/\/myovo.net\/shop-best-central-vacuum\/\"},{\"@type\":\"ListItem\",\"position\":3,\"name\":\"OVO 750 Airwatts, Syst\u00e8me d\u2019Aspiration Central Hybride, R\u00e9servoir inf\u00e9rieur de 25L \/ 6,6 Gal., Puissance d\u2019aspiration de 146\u201d H\u2082O, Couvre jusqu\u2019\u00e0 9 000 pi\u00b2 ( 836,1 m\u00b2 ) + ensemble d&#8217;accessoires Tapis Deluxe \u2013 Id\u00e9al pour tapis et surfaces dures.\"}]},{\"@type\":\"WebSite\",\"@id\":\"https:\/\/myovo.net\/#website\",\"url\":\"https:\/\/myovo.net\/\",\"name\":\"OVO Central Vacuum\",\"description\":\"\",\"publisher\":{\"@id\":\"https:\/\/myovo.net\/#organization\"},\"potentialAction\":[{\"@type\":\"SearchAction\",\"target\":{\"@type\":\"EntryPoint\",\"urlTemplate\":\"https:\/\/myovo.net\/?s={search_term_string}\"},\"query-input\":{\"@type\":\"PropertyValueSpecification\",\"valueRequired\":true,\"valueName\":\"search_term_string\"}}],\"inLanguage\":\"fr-FR\"},{\"@type\":\"Organization\",\"@id\":\"https:\/\/myovo.net\/#organization\",\"name\":\"OVO Central Vacuum\",\"url\":\"https:\/\/myovo.net\/\",\"logo\":{\"@type\":\"ImageObject\",\"inLanguage\":\"fr-FR\",\"@id\":\"https:\/\/myovo.net\/#\/schema\/logo\/image\/\",\"url\":\"https:\/\/i0.wp.com\/myovo.net\/wp-content\/uploads\/2024\/09\/logo-ovo-2-01-1.png?fit=241%2C117&ssl=1\",\"contentUrl\":\"https:\/\/i0.wp.com\/myovo.net\/wp-content\/uploads\/2024\/09\/logo-ovo-2-01-1.png?fit=241%2C117&ssl=1\",\"width\":241,\"height\":117,\"caption\":\"OVO Central Vacuum\"},\"image\":{\"@id\":\"https:\/\/myovo.net\/#\/schema\/logo\/image\/\"},\"sameAs\":[\"https:\/\/www.facebook.com\/nadairint\/\"]}]}<\/script>\n<!-- \/ Yoast SEO plugin. -->","yoast_head_json":{"title":"OVO 750 Airwatts, Syst\u00e8me d\u2019Aspiration Central Hybride, R\u00e9servoir inf\u00e9rieur de 25L \/ 6,6 Gal., Puissance d\u2019aspiration de 146\u201d H\u2082O, Couvre jusqu\u2019\u00e0 9 000 pi\u00b2 ( 836,1 m\u00b2 ) + ensemble d'accessoires Tapis Deluxe \u2013 Id\u00e9al pour tapis et surfaces dures. - Ovo Vacuum","robots":{"index":"index","follow":"follow","max-snippet":"max-snippet:-1","max-image-preview":"max-image-preview:large","max-video-preview":"max-video-preview:-1"},"canonical":"https:\/\/myovo.net\/fr\/produit\/aspirateur-central-ovo-puissant-ensemble-daccessoires-a-tapis-deluxe-copy\/","og_locale":"fr_FR","og_type":"article","og_title":"OVO 750 Airwatts, Syst\u00e8me d\u2019Aspiration Central Hybride, R\u00e9servoir inf\u00e9rieur de 25L \/ 6,6 Gal., Puissance d\u2019aspiration de 146\u201d H\u2082O, Couvre jusqu\u2019\u00e0 9 000 pi\u00b2 ( 836,1 m\u00b2 ) + ensemble d'accessoires Tapis Deluxe \u2013 Id\u00e9al pour tapis et surfaces dures. - Ovo Vacuum","og_description":"Caract\u00e9ristiques : 750 AW 146\u201d H\u2082O Moteur \u00e0 flux traversant \u00e0 2 stages 65 dB Technologie de march\/arr\u00eat progressif Capacit\u00e9 jusqu\u2019\u00e0 9 000 pi\u00b2 (836,1 m\u00b2) \u2013 jusqu&rsquo;\u00e0 9 prises R\u00e9servoir inf\u00e9rieur Indicateur LED : Affiche l\u2019\u00e9tat de l\u2019appareil \/ Quand changer le filtre ou le sac Filtration hybride : Utilisable avec ou sans sacs jetables [...]","og_url":"https:\/\/myovo.net\/fr\/produit\/aspirateur-central-ovo-puissant-ensemble-daccessoires-a-tapis-deluxe-copy\/","og_site_name":"Ovo Vacuum","article_publisher":"https:\/\/www.facebook.com\/nadairint\/","article_modified_time":"2026-02-24T16:37:07+00:00","og_image":[{"width":1500,"height":1500,"url":"https:\/\/myovo.net\/wp-content\/uploads\/2024\/11\/750-CD-copie-1.jpg","type":"image\/jpeg"}],"twitter_card":"summary_large_image","twitter_misc":{"Dur\u00e9e de lecture estim\u00e9e":"2 minutes"},"schema":{"@context":"https:\/\/schema.org","@graph":[{"@type":"WebPage","@id":"https:\/\/myovo.net\/fr\/produit\/aspirateur-central-ovo-puissant-ensemble-daccessoires-a-tapis-deluxe-copy\/","url":"https:\/\/myovo.net\/fr\/produit\/aspirateur-central-ovo-puissant-ensemble-daccessoires-a-tapis-deluxe-copy\/","name":"OVO 750 Airwatts, Syst\u00e8me d\u2019Aspiration Central Hybride, R\u00e9servoir inf\u00e9rieur de 25L \/ 6,6 Gal., Puissance d\u2019aspiration de 146\u201d H\u2082O, Couvre jusqu\u2019\u00e0 9 000 pi\u00b2 ( 836,1 m\u00b2 ) + ensemble d'accessoires Tapis Deluxe \u2013 Id\u00e9al pour tapis et surfaces dures. - Ovo Vacuum","isPartOf":{"@id":"https:\/\/myovo.net\/#website"},"primaryImageOfPage":{"@id":"https:\/\/myovo.net\/fr\/produit\/aspirateur-central-ovo-puissant-ensemble-daccessoires-a-tapis-deluxe-copy\/#primaryimage"},"image":{"@id":"https:\/\/myovo.net\/fr\/produit\/aspirateur-central-ovo-puissant-ensemble-daccessoires-a-tapis-deluxe-copy\/#primaryimage"},"thumbnailUrl":"https:\/\/i0.wp.com\/myovo.net\/wp-content\/uploads\/2024\/11\/750-CD-copie-1.jpg?fit=1500%2C1500&ssl=1","datePublished":"2024-11-28T17:40:47+00:00","dateModified":"2026-02-24T16:37:07+00:00","breadcrumb":{"@id":"https:\/\/myovo.net\/fr\/produit\/aspirateur-central-ovo-puissant-ensemble-daccessoires-a-tapis-deluxe-copy\/#breadcrumb"},"inLanguage":"fr-FR","potentialAction":[{"@type":"ReadAction","target":["https:\/\/myovo.net\/fr\/produit\/aspirateur-central-ovo-puissant-ensemble-daccessoires-a-tapis-deluxe-copy\/"]}]},{"@type":"ImageObject","inLanguage":"fr-FR","@id":"https:\/\/myovo.net\/fr\/produit\/aspirateur-central-ovo-puissant-ensemble-daccessoires-a-tapis-deluxe-copy\/#primaryimage","url":"https:\/\/i0.wp.com\/myovo.net\/wp-content\/uploads\/2024\/11\/750-CD-copie-1.jpg?fit=1500%2C1500&ssl=1","contentUrl":"https:\/\/i0.wp.com\/myovo.net\/wp-content\/uploads\/2024\/11\/750-CD-copie-1.jpg?fit=1500%2C1500&ssl=1","width":1500,"height":1500},{"@type":"BreadcrumbList","@id":"https:\/\/myovo.net\/fr\/produit\/aspirateur-central-ovo-puissant-ensemble-daccessoires-a-tapis-deluxe-copy\/#breadcrumb","itemListElement":[{"@type":"ListItem","position":1,"name":"Home","item":"https:\/\/myovo.net\/fr\/"},{"@type":"ListItem","position":2,"name":"Shop","item":"https:\/\/myovo.net\/shop-best-central-vacuum\/"},{"@type":"ListItem","position":3,"name":"OVO 750 Airwatts, Syst\u00e8me d\u2019Aspiration Central Hybride, R\u00e9servoir inf\u00e9rieur de 25L \/ 6,6 Gal., Puissance d\u2019aspiration de 146\u201d H\u2082O, Couvre jusqu\u2019\u00e0 9 000 pi\u00b2 ( 836,1 m\u00b2 ) + ensemble d&#8217;accessoires Tapis Deluxe \u2013 Id\u00e9al pour tapis et surfaces dures."}]},{"@type":"WebSite","@id":"https:\/\/myovo.net\/#website","url":"https:\/\/myovo.net\/","name":"OVO Central Vacuum","description":"","publisher":{"@id":"https:\/\/myovo.net\/#organization"},"potentialAction":[{"@type":"SearchAction","target":{"@type":"EntryPoint","urlTemplate":"https:\/\/myovo.net\/?s={search_term_string}"},"query-input":{"@type":"PropertyValueSpecification","valueRequired":true,"valueName":"search_term_string"}}],"inLanguage":"fr-FR"},{"@type":"Organization","@id":"https:\/\/myovo.net\/#organization","name":"OVO Central Vacuum","url":"https:\/\/myovo.net\/","logo":{"@type":"ImageObject","inLanguage":"fr-FR","@id":"https:\/\/myovo.net\/#\/schema\/logo\/image\/","url":"https:\/\/i0.wp.com\/myovo.net\/wp-content\/uploads\/2024\/09\/logo-ovo-2-01-1.png?fit=241%2C117&ssl=1","contentUrl":"https:\/\/i0.wp.com\/myovo.net\/wp-content\/uploads\/2024\/09\/logo-ovo-2-01-1.png?fit=241%2C117&ssl=1","width":241,"height":117,"caption":"OVO Central Vacuum"},"image":{"@id":"https:\/\/myovo.net\/#\/schema\/logo\/image\/"},"sameAs":["https:\/\/www.facebook.com\/nadairint\/"]}]}},"jetpack_publicize_connections":[],"jetpack_sharing_enabled":true,"_links":{"self":[{"href":"https:\/\/myovo.net\/fr\/wp-json\/wp\/v2\/product\/22240","targetHints":{"allow":["GET"]}}],"collection":[{"href":"https:\/\/myovo.net\/fr\/wp-json\/wp\/v2\/product"}],"about":[{"href":"https:\/\/myovo.net\/fr\/wp-json\/wp\/v2\/types\/product"}],"replies":[{"embeddable":true,"href":"https:\/\/myovo.net\/fr\/wp-json\/wp\/v2\/comments?post=22240"}],"wp:featuredmedia":[{"embeddable":true,"href":"https:\/\/myovo.net\/fr\/wp-json\/wp\/v2\/media\/23830"}],"wp:attachment":[{"href":"https:\/\/myovo.net\/fr\/wp-json\/wp\/v2\/media?parent=22240"}],"wp:term":[{"taxonomy":"product_brand","embeddable":true,"href":"https:\/\/myovo.net\/fr\/wp-json\/wp\/v2\/product_brand?post=22240"},{"taxonomy":"product_cat","embeddable":true,"href":"https:\/\/myovo.net\/fr\/wp-json\/wp\/v2\/product_cat?post=22240"},{"taxonomy":"product_tag","embeddable":true,"href":"https:\/\/myovo.net\/fr\/wp-json\/wp\/v2\/product_tag?post=22240"}],"curies":[{"name":"wp","href":"https:\/\/api.w.org\/{rel}","templated":true}]}}