{"id":22521,"date":"2024-12-20T11:52:46","date_gmt":"2024-12-20T16:52:46","guid":{"rendered":"https:\/\/dev.myovo.ca\/?post_type=product&#038;p=22521"},"modified":"2024-12-21T09:05:15","modified_gmt":"2024-12-21T14:05:15","slug":"ov-3006-hotte-de-cuisine-encastree-de-28-pouces","status":"publish","type":"product","link":"https:\/\/myovo.net\/fr\/produit\/ov-3006-hotte-de-cuisine-encastree-de-28-pouces\/","title":{"rendered":"OV-3006 Hotte de cuisine encastr\u00e9e de 28 pouces"},"content":{"rendered":"<p>Caract\u00e9ristiques principales :<\/p>\n<p>&nbsp;<\/p>\n<ul>\n<li>Fabriqu\u00e9 en acier inoxydable 430 de haute qualit\u00e9 pour une plus grande durabilit\u00e9.<\/li>\n<li>Test\u00e9 de mani\u00e8re ind\u00e9pendante et approuv\u00e9 par cULus avec une puissance de 280 CFM.<\/li>\n<li>Commandes \u00e9lectroniques \u00e0 boutons-poussoirs : commandes pr\u00e9cises et faciles \u00e0 utiliser pour une s\u00e9lection simple des fonctions, con\u00e7ues pour une pr\u00e9cision sans effort.<\/li>\n<li>Profitez d&rsquo;un contr\u00f4le pr\u00e9cis gr\u00e2ce au panneau de commande \u00e9lectronique \u00e0 3 vitesses, qui comprend une fonction d&rsquo;arr\u00eat automatique \u00e0 retardement.<\/li>\n<li>Ultra silencieux : 43 dB. Aussi bruyant qu&rsquo;un climatiseur.<\/li>\n<li>Les panneaux d\u00e9coratifs en acier inoxydable sont dot\u00e9s de filtres en aluminium qui peuvent \u00eatre lav\u00e9s au lave-vaisselle pour faciliter le nettoyage.<\/li>\n<li>Cette hotte est con\u00e7ue pour une ventilation externe uniquement et ne permet pas la recirculation de l&rsquo;air \u00e0 l&rsquo;int\u00e9rieur.<\/li>\n<li>La ventilation ronde sup\u00e9rieure de 6 pouces comprend un registre pour un d\u00e9bit d&rsquo;air efficace.<\/li>\n<\/ul>\n","protected":false},"excerpt":{"rendered":"<p>Caract\u00e9ristiques principales : &nbsp; Fabriqu\u00e9 en acier inoxydable 430 de haute qualit\u00e9 pour une plus grande durabilit\u00e9. Test\u00e9 de mani\u00e8re ind\u00e9pendante et approuv\u00e9 par cULus avec une puissance de 280 CFM. Commandes \u00e9lectroniques \u00e0 boutons-poussoirs : commandes pr\u00e9cises et faciles \u00e0 utiliser pour une s\u00e9lection simple des fonctions, con\u00e7ues pour une pr\u00e9cision sans effort. Profitez d&rsquo;un  [&#8230;]<\/p>\n","protected":false},"featured_media":22519,"comment_status":"closed","ping_status":"closed","template":"","meta":{"_acf_changed":false,"jetpack_post_was_ever_published":false,"jetpack_publicize_message":"","jetpack_publicize_feature_enabled":true,"jetpack_social_post_already_shared":true,"jetpack_social_options":{"image_generator_settings":{"template":"highway","default_image_id":0,"font":"","enabled":false},"version":2}},"product_brand":[],"product_cat":[141,113],"product_tag":[],"class_list":{"0":"post-22521","1":"product","2":"type-product","3":"status-publish","4":"has-post-thumbnail","6":"product_cat-encastre","7":"product_cat-range-hood-fr","9":"first","10":"instock","11":"taxable","12":"shipping-taxable","13":"purchasable","14":"product-type-simple"},"acf":[],"yoast_head":"<!-- This site is optimized with the Yoast SEO plugin v26.7 - https:\/\/yoast.com\/wordpress\/plugins\/seo\/ -->\n<title>OV-3006 Hotte de cuisine encastr\u00e9e de 28 pouces - Ovo Vacuum<\/title>\n<meta name=\"description\" content=\"Faites l&#039;exp\u00e9rience d&#039;une ventilation de cuisine ultime avec nos hottes dde cuisine encastr\u00e9e. Puissants, silencieux et \u00e9l\u00e9gants.\" \/>\n<meta name=\"robots\" content=\"index, follow, max-snippet:-1, max-image-preview:large, max-video-preview:-1\" \/>\n<link rel=\"canonical\" href=\"https:\/\/myovo.net\/fr\/produit\/ov-3006-hotte-de-cuisine-encastree-de-28-pouces\/\" \/>\n<meta property=\"og:locale\" content=\"fr_FR\" \/>\n<meta property=\"og:type\" content=\"article\" \/>\n<meta property=\"og:title\" content=\"OV-3006 Hotte de cuisine encastr\u00e9e de 28 pouces - Ovo Vacuum\" \/>\n<meta property=\"og:description\" content=\"Faites l&#039;exp\u00e9rience d&#039;une ventilation de cuisine ultime avec nos hottes dde cuisine encastr\u00e9e. Puissants, silencieux et \u00e9l\u00e9gants.\" \/>\n<meta property=\"og:url\" content=\"https:\/\/myovo.net\/fr\/produit\/ov-3006-hotte-de-cuisine-encastree-de-28-pouces\/\" \/>\n<meta property=\"og:site_name\" content=\"Ovo Vacuum\" \/>\n<meta property=\"article:publisher\" content=\"https:\/\/www.facebook.com\/nadairint\/\" \/>\n<meta property=\"article:modified_time\" content=\"2024-12-21T14:05:15+00:00\" \/>\n<meta property=\"og:image\" content=\"https:\/\/myovo.net\/wp-content\/uploads\/2024\/06\/3001-scaled.jpg\" \/>\n\t<meta property=\"og:image:width\" content=\"2560\" \/>\n\t<meta property=\"og:image:height\" content=\"2560\" \/>\n\t<meta property=\"og:image:type\" content=\"image\/jpeg\" \/>\n<meta name=\"twitter:card\" content=\"summary_large_image\" \/>\n<meta name=\"twitter:label1\" content=\"Dur\u00e9e de lecture estim\u00e9e\" \/>\n\t<meta name=\"twitter:data1\" content=\"2 minutes\" \/>\n<script type=\"application\/ld+json\" class=\"yoast-schema-graph\">{\"@context\":\"https:\/\/schema.org\",\"@graph\":[{\"@type\":\"WebPage\",\"@id\":\"https:\/\/myovo.net\/fr\/produit\/ov-3006-hotte-de-cuisine-encastree-de-28-pouces\/\",\"url\":\"https:\/\/myovo.net\/fr\/produit\/ov-3006-hotte-de-cuisine-encastree-de-28-pouces\/\",\"name\":\"OV-3006 Hotte de cuisine encastr\u00e9e de 28 pouces - Ovo Vacuum\",\"isPartOf\":{\"@id\":\"https:\/\/myovo.net\/#website\"},\"primaryImageOfPage\":{\"@id\":\"https:\/\/myovo.net\/fr\/produit\/ov-3006-hotte-de-cuisine-encastree-de-28-pouces\/#primaryimage\"},\"image\":{\"@id\":\"https:\/\/myovo.net\/fr\/produit\/ov-3006-hotte-de-cuisine-encastree-de-28-pouces\/#primaryimage\"},\"thumbnailUrl\":\"https:\/\/i0.wp.com\/myovo.net\/wp-content\/uploads\/2024\/06\/3001-scaled.jpg?fit=2560%2C2560&ssl=1\",\"datePublished\":\"2024-12-20T16:52:46+00:00\",\"dateModified\":\"2024-12-21T14:05:15+00:00\",\"description\":\"Faites l'exp\u00e9rience d'une ventilation de cuisine ultime avec nos hottes dde cuisine encastr\u00e9e. Puissants, silencieux et \u00e9l\u00e9gants.\",\"breadcrumb\":{\"@id\":\"https:\/\/myovo.net\/fr\/produit\/ov-3006-hotte-de-cuisine-encastree-de-28-pouces\/#breadcrumb\"},\"inLanguage\":\"fr-FR\",\"potentialAction\":[{\"@type\":\"ReadAction\",\"target\":[\"https:\/\/myovo.net\/fr\/produit\/ov-3006-hotte-de-cuisine-encastree-de-28-pouces\/\"]}]},{\"@type\":\"ImageObject\",\"inLanguage\":\"fr-FR\",\"@id\":\"https:\/\/myovo.net\/fr\/produit\/ov-3006-hotte-de-cuisine-encastree-de-28-pouces\/#primaryimage\",\"url\":\"https:\/\/i0.wp.com\/myovo.net\/wp-content\/uploads\/2024\/06\/3001-scaled.jpg?fit=2560%2C2560&ssl=1\",\"contentUrl\":\"https:\/\/i0.wp.com\/myovo.net\/wp-content\/uploads\/2024\/06\/3001-scaled.jpg?fit=2560%2C2560&ssl=1\",\"width\":2560,\"height\":2560},{\"@type\":\"BreadcrumbList\",\"@id\":\"https:\/\/myovo.net\/fr\/produit\/ov-3006-hotte-de-cuisine-encastree-de-28-pouces\/#breadcrumb\",\"itemListElement\":[{\"@type\":\"ListItem\",\"position\":1,\"name\":\"Home\",\"item\":\"https:\/\/myovo.net\/fr\/\"},{\"@type\":\"ListItem\",\"position\":2,\"name\":\"Shop\",\"item\":\"https:\/\/myovo.net\/shop-best-central-vacuum\/\"},{\"@type\":\"ListItem\",\"position\":3,\"name\":\"OV-3006 Hotte de cuisine encastr\u00e9e de 28 pouces\"}]},{\"@type\":\"WebSite\",\"@id\":\"https:\/\/myovo.net\/#website\",\"url\":\"https:\/\/myovo.net\/\",\"name\":\"OVO Central Vacuum\",\"description\":\"\",\"publisher\":{\"@id\":\"https:\/\/myovo.net\/#organization\"},\"potentialAction\":[{\"@type\":\"SearchAction\",\"target\":{\"@type\":\"EntryPoint\",\"urlTemplate\":\"https:\/\/myovo.net\/?s={search_term_string}\"},\"query-input\":{\"@type\":\"PropertyValueSpecification\",\"valueRequired\":true,\"valueName\":\"search_term_string\"}}],\"inLanguage\":\"fr-FR\"},{\"@type\":\"Organization\",\"@id\":\"https:\/\/myovo.net\/#organization\",\"name\":\"OVO Central Vacuum\",\"url\":\"https:\/\/myovo.net\/\",\"logo\":{\"@type\":\"ImageObject\",\"inLanguage\":\"fr-FR\",\"@id\":\"https:\/\/myovo.net\/#\/schema\/logo\/image\/\",\"url\":\"https:\/\/i0.wp.com\/myovo.net\/wp-content\/uploads\/2024\/09\/logo-ovo-2-01-1.png?fit=241%2C117&ssl=1\",\"contentUrl\":\"https:\/\/i0.wp.com\/myovo.net\/wp-content\/uploads\/2024\/09\/logo-ovo-2-01-1.png?fit=241%2C117&ssl=1\",\"width\":241,\"height\":117,\"caption\":\"OVO Central Vacuum\"},\"image\":{\"@id\":\"https:\/\/myovo.net\/#\/schema\/logo\/image\/\"},\"sameAs\":[\"https:\/\/www.facebook.com\/nadairint\/\"]}]}<\/script>\n<!-- \/ Yoast SEO plugin. -->","yoast_head_json":{"title":"OV-3006 Hotte de cuisine encastr\u00e9e de 28 pouces - Ovo Vacuum","description":"Faites l'exp\u00e9rience d'une ventilation de cuisine ultime avec nos hottes dde cuisine encastr\u00e9e. Puissants, silencieux et \u00e9l\u00e9gants.","robots":{"index":"index","follow":"follow","max-snippet":"max-snippet:-1","max-image-preview":"max-image-preview:large","max-video-preview":"max-video-preview:-1"},"canonical":"https:\/\/myovo.net\/fr\/produit\/ov-3006-hotte-de-cuisine-encastree-de-28-pouces\/","og_locale":"fr_FR","og_type":"article","og_title":"OV-3006 Hotte de cuisine encastr\u00e9e de 28 pouces - Ovo Vacuum","og_description":"Faites l'exp\u00e9rience d'une ventilation de cuisine ultime avec nos hottes dde cuisine encastr\u00e9e. Puissants, silencieux et \u00e9l\u00e9gants.","og_url":"https:\/\/myovo.net\/fr\/produit\/ov-3006-hotte-de-cuisine-encastree-de-28-pouces\/","og_site_name":"Ovo Vacuum","article_publisher":"https:\/\/www.facebook.com\/nadairint\/","article_modified_time":"2024-12-21T14:05:15+00:00","og_image":[{"width":2560,"height":2560,"url":"https:\/\/myovo.net\/wp-content\/uploads\/2024\/06\/3001-scaled.jpg","type":"image\/jpeg"}],"twitter_card":"summary_large_image","twitter_misc":{"Dur\u00e9e de lecture estim\u00e9e":"2 minutes"},"schema":{"@context":"https:\/\/schema.org","@graph":[{"@type":"WebPage","@id":"https:\/\/myovo.net\/fr\/produit\/ov-3006-hotte-de-cuisine-encastree-de-28-pouces\/","url":"https:\/\/myovo.net\/fr\/produit\/ov-3006-hotte-de-cuisine-encastree-de-28-pouces\/","name":"OV-3006 Hotte de cuisine encastr\u00e9e de 28 pouces - Ovo Vacuum","isPartOf":{"@id":"https:\/\/myovo.net\/#website"},"primaryImageOfPage":{"@id":"https:\/\/myovo.net\/fr\/produit\/ov-3006-hotte-de-cuisine-encastree-de-28-pouces\/#primaryimage"},"image":{"@id":"https:\/\/myovo.net\/fr\/produit\/ov-3006-hotte-de-cuisine-encastree-de-28-pouces\/#primaryimage"},"thumbnailUrl":"https:\/\/i0.wp.com\/myovo.net\/wp-content\/uploads\/2024\/06\/3001-scaled.jpg?fit=2560%2C2560&ssl=1","datePublished":"2024-12-20T16:52:46+00:00","dateModified":"2024-12-21T14:05:15+00:00","description":"Faites l'exp\u00e9rience d'une ventilation de cuisine ultime avec nos hottes dde cuisine encastr\u00e9e. Puissants, silencieux et \u00e9l\u00e9gants.","breadcrumb":{"@id":"https:\/\/myovo.net\/fr\/produit\/ov-3006-hotte-de-cuisine-encastree-de-28-pouces\/#breadcrumb"},"inLanguage":"fr-FR","potentialAction":[{"@type":"ReadAction","target":["https:\/\/myovo.net\/fr\/produit\/ov-3006-hotte-de-cuisine-encastree-de-28-pouces\/"]}]},{"@type":"ImageObject","inLanguage":"fr-FR","@id":"https:\/\/myovo.net\/fr\/produit\/ov-3006-hotte-de-cuisine-encastree-de-28-pouces\/#primaryimage","url":"https:\/\/i0.wp.com\/myovo.net\/wp-content\/uploads\/2024\/06\/3001-scaled.jpg?fit=2560%2C2560&ssl=1","contentUrl":"https:\/\/i0.wp.com\/myovo.net\/wp-content\/uploads\/2024\/06\/3001-scaled.jpg?fit=2560%2C2560&ssl=1","width":2560,"height":2560},{"@type":"BreadcrumbList","@id":"https:\/\/myovo.net\/fr\/produit\/ov-3006-hotte-de-cuisine-encastree-de-28-pouces\/#breadcrumb","itemListElement":[{"@type":"ListItem","position":1,"name":"Home","item":"https:\/\/myovo.net\/fr\/"},{"@type":"ListItem","position":2,"name":"Shop","item":"https:\/\/myovo.net\/shop-best-central-vacuum\/"},{"@type":"ListItem","position":3,"name":"OV-3006 Hotte de cuisine encastr\u00e9e de 28 pouces"}]},{"@type":"WebSite","@id":"https:\/\/myovo.net\/#website","url":"https:\/\/myovo.net\/","name":"OVO Central Vacuum","description":"","publisher":{"@id":"https:\/\/myovo.net\/#organization"},"potentialAction":[{"@type":"SearchAction","target":{"@type":"EntryPoint","urlTemplate":"https:\/\/myovo.net\/?s={search_term_string}"},"query-input":{"@type":"PropertyValueSpecification","valueRequired":true,"valueName":"search_term_string"}}],"inLanguage":"fr-FR"},{"@type":"Organization","@id":"https:\/\/myovo.net\/#organization","name":"OVO Central Vacuum","url":"https:\/\/myovo.net\/","logo":{"@type":"ImageObject","inLanguage":"fr-FR","@id":"https:\/\/myovo.net\/#\/schema\/logo\/image\/","url":"https:\/\/i0.wp.com\/myovo.net\/wp-content\/uploads\/2024\/09\/logo-ovo-2-01-1.png?fit=241%2C117&ssl=1","contentUrl":"https:\/\/i0.wp.com\/myovo.net\/wp-content\/uploads\/2024\/09\/logo-ovo-2-01-1.png?fit=241%2C117&ssl=1","width":241,"height":117,"caption":"OVO Central Vacuum"},"image":{"@id":"https:\/\/myovo.net\/#\/schema\/logo\/image\/"},"sameAs":["https:\/\/www.facebook.com\/nadairint\/"]}]}},"jetpack_publicize_connections":[],"jetpack_sharing_enabled":true,"_links":{"self":[{"href":"https:\/\/myovo.net\/fr\/wp-json\/wp\/v2\/product\/22521","targetHints":{"allow":["GET"]}}],"collection":[{"href":"https:\/\/myovo.net\/fr\/wp-json\/wp\/v2\/product"}],"about":[{"href":"https:\/\/myovo.net\/fr\/wp-json\/wp\/v2\/types\/product"}],"replies":[{"embeddable":true,"href":"https:\/\/myovo.net\/fr\/wp-json\/wp\/v2\/comments?post=22521"}],"wp:featuredmedia":[{"embeddable":true,"href":"https:\/\/myovo.net\/fr\/wp-json\/wp\/v2\/media\/22519"}],"wp:attachment":[{"href":"https:\/\/myovo.net\/fr\/wp-json\/wp\/v2\/media?parent=22521"}],"wp:term":[{"taxonomy":"product_brand","embeddable":true,"href":"https:\/\/myovo.net\/fr\/wp-json\/wp\/v2\/product_brand?post=22521"},{"taxonomy":"product_cat","embeddable":true,"href":"https:\/\/myovo.net\/fr\/wp-json\/wp\/v2\/product_cat?post=22521"},{"taxonomy":"product_tag","embeddable":true,"href":"https:\/\/myovo.net\/fr\/wp-json\/wp\/v2\/product_tag?post=22521"}],"curies":[{"name":"wp","href":"https:\/\/api.w.org\/{rel}","templated":true}]}}