{"id":24395,"date":"2025-10-24T09:43:52","date_gmt":"2025-10-24T13:43:52","guid":{"rendered":"https:\/\/dev.myovo.ca\/product\/ovo-700-airwatts-systeme-daspiration-central-hybride-reservoir-inferieur-de-25-l-66-gal-puissance-daspiration-de-140-h2o-couvre-jusqua-7-000-pi%c2%b2-6503\/"},"modified":"2025-10-27T11:46:26","modified_gmt":"2025-10-27T15:46:26","slug":"ovo-700-airwatts-systeme-daspiration-central-hybride-reservoir-inferieur-de-25-l-66-gal-puissance-daspiration-de-140-h2o-couvre-jusqua-7-000-pi%c2%b2-6503","status":"publish","type":"product","link":"https:\/\/myovo.net\/fr\/produit\/ovo-700-airwatts-systeme-daspiration-central-hybride-reservoir-inferieur-de-25-l-66-gal-puissance-daspiration-de-140-h2o-couvre-jusqua-7-000-pi%c2%b2-6503\/","title":{"rendered":"OVO 700 Airwatts, syst\u00e8me d\u2019aspiration central hybride, r\u00e9servoir inf\u00e9rieur de 25 L \/ 6,6 gal, puissance d\u2019aspiration de 140\u201d H2O, couvre jusqu\u2019\u00e0 7 000 pi\u00b2 \/ 650,3 m\u00b2 + trousse d\u2019accessoires Deluxe Plus \u2014 Id\u00e9al pour les surfaces dures et les carpettes."},"content":{"rendered":"<p data-start=\"0\" data-end=\"433\">Aspirateur central robuste<br data-start=\"26\" data-end=\"29\" \/>700 AW<br data-start=\"35\" data-end=\"38\" \/>140\u201d H2O<br data-start=\"46\" data-end=\"49\" \/>Moteur 2 \u00e9tages, \u00e0 flux direct<br data-start=\"79\" data-end=\"82\" \/>63 dB<br data-start=\"87\" data-end=\"90\" \/>Technologie de d\u00e9marrage \/ arr\u00eat en douceur<br data-start=\"133\" data-end=\"136\" \/>7 000 pi\u00b2 \/ 650,3 m\u00b2 \u2014 jusqu\u2019\u00e0 7 prises murales<br data-start=\"183\" data-end=\"186\" \/>R\u00e9servoir \u00e0 chargement par le bas<br data-start=\"219\" data-end=\"222\" \/>Indicateur DEL : affiche l\u2019\u00e9tat de l\u2019unit\u00e9 \/ indique quand changer le filtre ou le sac<br data-start=\"308\" data-end=\"311\" \/>Filtration hybride : peut \u00eatre utilis\u00e9 avec ou sans sacs jetables<br data-start=\"376\" data-end=\"379\" \/>Acier lamin\u00e9 : r\u00e9sistant \u00e0 l\u2019usure et \u00e0 la corrosion<\/p>\n<hr data-start=\"435\" data-end=\"438\" \/>\n<p data-start=\"440\" data-end=\"489\"><strong data-start=\"440\" data-end=\"487\">Trousse d\u2019accessoires Deluxe Plus incluse :<\/strong><\/p>\n<ul data-start=\"491\" data-end=\"1102\" data-is-last-node=\"\" data-is-only-node=\"\">\n<li data-start=\"491\" data-end=\"560\">\n<p data-start=\"493\" data-end=\"560\">Boyau basse tension avec interrupteur marche\/arr\u00eat sur la poign\u00e9e<\/p>\n<\/li>\n<li data-start=\"561\" data-end=\"655\">\n<p data-start=\"563\" data-end=\"655\">Offert en longueurs de 30 pi (9,10 m), 35 pi (10,70 m), 40 pi (12,20 m) ou 50 pi (15,20 m)<\/p>\n<\/li>\n<li data-start=\"656\" data-end=\"705\">\n<p data-start=\"658\" data-end=\"705\">Brosse turbo \u00e0 air pour tapis, 11\u201d (27,95 cm)<\/p>\n<\/li>\n<li data-start=\"706\" data-end=\"759\">\n<p data-start=\"708\" data-end=\"759\">Brosse \u00e0 plancher avec poils de crin, 12\u201d (30 cm)<\/p>\n<\/li>\n<li data-start=\"760\" data-end=\"824\">\n<p data-start=\"762\" data-end=\"824\">Tube t\u00e9lescopique ajustable, de 25,5\u201d (67 cm) \u00e0 38\u201d (100 cm)<\/p>\n<\/li>\n<li data-start=\"825\" data-end=\"890\">\n<p data-start=\"827\" data-end=\"890\">Brosse pour meubles rembourr\u00e9s avec poils de crin, 5\u201d (14 cm)<\/p>\n<\/li>\n<li data-start=\"891\" data-end=\"945\">\n<p data-start=\"893\" data-end=\"945\">Brosse \u00e0 \u00e9pousseter avec poils de crin, 4\u201d (10 cm)<\/p>\n<\/li>\n<li data-start=\"946\" data-end=\"980\">\n<p data-start=\"948\" data-end=\"980\">Outil pour fentes, 10\u201d (25 cm)<\/p>\n<\/li>\n<li data-start=\"981\" data-end=\"1042\">\n<p data-start=\"983\" data-end=\"1042\">Support pour accessoires (tool caddy) \u00e0 fixer sur le tube<\/p>\n<\/li>\n<li data-start=\"1043\" data-end=\"1102\" data-is-last-node=\"\">\n<p data-start=\"1045\" data-end=\"1102\" data-is-last-node=\"\">Crochet mural chrom\u00e9 et sac de rangement pour accessoires<\/p>\n<\/li>\n<\/ul>\n","protected":false},"excerpt":{"rendered":"<p>Aspirateur central robuste700 AW140\u201d H2OMoteur 2 \u00e9tages, \u00e0 flux direct63 dBTechnologie de d\u00e9marrage \/ arr\u00eat en douceur7 000 pi\u00b2 \/ 650,3 m\u00b2 \u2014 jusqu\u2019\u00e0 7 prises muralesR\u00e9servoir \u00e0 chargement par le basIndicateur DEL : affiche l\u2019\u00e9tat de l\u2019unit\u00e9 \/ indique quand changer le filtre ou le sacFiltration hybride : peut \u00eatre utilis\u00e9 avec ou sans sacs  [&#8230;]<\/p>\n","protected":false},"featured_media":24392,"comment_status":"closed","ping_status":"closed","template":"","meta":{"_acf_changed":false,"jetpack_post_was_ever_published":false,"jetpack_publicize_message":"","jetpack_publicize_feature_enabled":true,"jetpack_social_post_already_shared":true,"jetpack_social_options":{"image_generator_settings":{"template":"highway","default_image_id":0,"font":"","enabled":false},"version":2}},"product_brand":[],"product_cat":[75],"product_tag":[],"class_list":{"0":"post-24395","1":"product","2":"type-product","3":"status-publish","4":"has-post-thumbnail","6":"product_cat-packs","7":"product_shipping_class-brush-fr","9":"first","10":"instock","11":"taxable","12":"shipping-taxable","13":"purchasable","14":"product-type-variable"},"acf":[],"yoast_head":"<!-- This site is optimized with the Yoast SEO plugin v26.7 - https:\/\/yoast.com\/wordpress\/plugins\/seo\/ -->\n<title>OVO 700 Airwatts, syst\u00e8me d\u2019aspiration central hybride, r\u00e9servoir inf\u00e9rieur de 25 L \/ 6,6 gal, puissance d\u2019aspiration de 140\u201d H2O, couvre jusqu\u2019\u00e0 7 000 pi\u00b2 \/ 650,3 m\u00b2 + trousse d\u2019accessoires Deluxe Plus \u2014 Id\u00e9al pour les surfaces dures et les carpettes. - Ovo Vacuum<\/title>\n<meta name=\"robots\" content=\"index, follow, max-snippet:-1, max-image-preview:large, max-video-preview:-1\" \/>\n<link rel=\"canonical\" href=\"https:\/\/myovo.net\/fr\/produit\/ovo-700-airwatts-systeme-daspiration-central-hybride-reservoir-inferieur-de-25-l-66-gal-puissance-daspiration-de-140-h2o-couvre-jusqua-7-000-pi\u00b2-6503\/\" \/>\n<meta property=\"og:locale\" content=\"fr_FR\" \/>\n<meta property=\"og:type\" content=\"article\" \/>\n<meta property=\"og:title\" content=\"OVO 700 Airwatts, syst\u00e8me d\u2019aspiration central hybride, r\u00e9servoir inf\u00e9rieur de 25 L \/ 6,6 gal, puissance d\u2019aspiration de 140\u201d H2O, couvre jusqu\u2019\u00e0 7 000 pi\u00b2 \/ 650,3 m\u00b2 + trousse d\u2019accessoires Deluxe Plus \u2014 Id\u00e9al pour les surfaces dures et les carpettes. - Ovo Vacuum\" \/>\n<meta property=\"og:description\" content=\"Aspirateur central robuste700 AW140\u201d H2OMoteur 2 \u00e9tages, \u00e0 flux direct63 dBTechnologie de d\u00e9marrage \/ arr\u00eat en douceur7 000 pi\u00b2 \/ 650,3 m\u00b2 \u2014 jusqu\u2019\u00e0 7 prises muralesR\u00e9servoir \u00e0 chargement par le basIndicateur DEL : affiche l\u2019\u00e9tat de l\u2019unit\u00e9 \/ indique quand changer le filtre ou le sacFiltration hybride : peut \u00eatre utilis\u00e9 avec ou sans sacs [...]\" \/>\n<meta property=\"og:url\" content=\"https:\/\/myovo.net\/fr\/produit\/ovo-700-airwatts-systeme-daspiration-central-hybride-reservoir-inferieur-de-25-l-66-gal-puissance-daspiration-de-140-h2o-couvre-jusqua-7-000-pi\u00b2-6503\/\" \/>\n<meta property=\"og:site_name\" content=\"Ovo Vacuum\" \/>\n<meta property=\"article:publisher\" content=\"https:\/\/www.facebook.com\/nadairint\/\" \/>\n<meta property=\"article:modified_time\" content=\"2025-10-27T15:46:26+00:00\" \/>\n<meta property=\"og:image\" content=\"https:\/\/myovo.net\/wp-content\/uploads\/2025\/10\/PAK725DPmain.jpg\" \/>\n\t<meta property=\"og:image:width\" content=\"1500\" \/>\n\t<meta property=\"og:image:height\" content=\"1500\" \/>\n\t<meta property=\"og:image:type\" content=\"image\/jpeg\" \/>\n<meta name=\"twitter:card\" content=\"summary_large_image\" \/>\n<meta name=\"twitter:label1\" content=\"Dur\u00e9e de lecture estim\u00e9e\" \/>\n\t<meta name=\"twitter:data1\" content=\"2 minutes\" \/>\n<script type=\"application\/ld+json\" class=\"yoast-schema-graph\">{\"@context\":\"https:\/\/schema.org\",\"@graph\":[{\"@type\":\"WebPage\",\"@id\":\"https:\/\/myovo.net\/fr\/produit\/ovo-700-airwatts-systeme-daspiration-central-hybride-reservoir-inferieur-de-25-l-66-gal-puissance-daspiration-de-140-h2o-couvre-jusqua-7-000-pi%c2%b2-6503\/\",\"url\":\"https:\/\/myovo.net\/fr\/produit\/ovo-700-airwatts-systeme-daspiration-central-hybride-reservoir-inferieur-de-25-l-66-gal-puissance-daspiration-de-140-h2o-couvre-jusqua-7-000-pi%c2%b2-6503\/\",\"name\":\"OVO 700 Airwatts, syst\u00e8me d\u2019aspiration central hybride, r\u00e9servoir inf\u00e9rieur de 25 L \/ 6,6 gal, puissance d\u2019aspiration de 140\u201d H2O, couvre jusqu\u2019\u00e0 7 000 pi\u00b2 \/ 650,3 m\u00b2 + trousse d\u2019accessoires Deluxe Plus \u2014 Id\u00e9al pour les surfaces dures et les carpettes. - Ovo Vacuum\",\"isPartOf\":{\"@id\":\"https:\/\/myovo.net\/#website\"},\"primaryImageOfPage\":{\"@id\":\"https:\/\/myovo.net\/fr\/produit\/ovo-700-airwatts-systeme-daspiration-central-hybride-reservoir-inferieur-de-25-l-66-gal-puissance-daspiration-de-140-h2o-couvre-jusqua-7-000-pi%c2%b2-6503\/#primaryimage\"},\"image\":{\"@id\":\"https:\/\/myovo.net\/fr\/produit\/ovo-700-airwatts-systeme-daspiration-central-hybride-reservoir-inferieur-de-25-l-66-gal-puissance-daspiration-de-140-h2o-couvre-jusqua-7-000-pi%c2%b2-6503\/#primaryimage\"},\"thumbnailUrl\":\"https:\/\/i0.wp.com\/myovo.net\/wp-content\/uploads\/2025\/10\/PAK725DPmain.jpg?fit=1500%2C1500&ssl=1\",\"datePublished\":\"2025-10-24T13:43:52+00:00\",\"dateModified\":\"2025-10-27T15:46:26+00:00\",\"breadcrumb\":{\"@id\":\"https:\/\/myovo.net\/fr\/produit\/ovo-700-airwatts-systeme-daspiration-central-hybride-reservoir-inferieur-de-25-l-66-gal-puissance-daspiration-de-140-h2o-couvre-jusqua-7-000-pi%c2%b2-6503\/#breadcrumb\"},\"inLanguage\":\"fr-FR\",\"potentialAction\":[{\"@type\":\"ReadAction\",\"target\":[\"https:\/\/myovo.net\/fr\/produit\/ovo-700-airwatts-systeme-daspiration-central-hybride-reservoir-inferieur-de-25-l-66-gal-puissance-daspiration-de-140-h2o-couvre-jusqua-7-000-pi%c2%b2-6503\/\"]}]},{\"@type\":\"ImageObject\",\"inLanguage\":\"fr-FR\",\"@id\":\"https:\/\/myovo.net\/fr\/produit\/ovo-700-airwatts-systeme-daspiration-central-hybride-reservoir-inferieur-de-25-l-66-gal-puissance-daspiration-de-140-h2o-couvre-jusqua-7-000-pi%c2%b2-6503\/#primaryimage\",\"url\":\"https:\/\/i0.wp.com\/myovo.net\/wp-content\/uploads\/2025\/10\/PAK725DPmain.jpg?fit=1500%2C1500&ssl=1\",\"contentUrl\":\"https:\/\/i0.wp.com\/myovo.net\/wp-content\/uploads\/2025\/10\/PAK725DPmain.jpg?fit=1500%2C1500&ssl=1\",\"width\":1500,\"height\":1500},{\"@type\":\"BreadcrumbList\",\"@id\":\"https:\/\/myovo.net\/fr\/produit\/ovo-700-airwatts-systeme-daspiration-central-hybride-reservoir-inferieur-de-25-l-66-gal-puissance-daspiration-de-140-h2o-couvre-jusqua-7-000-pi%c2%b2-6503\/#breadcrumb\",\"itemListElement\":[{\"@type\":\"ListItem\",\"position\":1,\"name\":\"Home\",\"item\":\"https:\/\/myovo.net\/fr\/\"},{\"@type\":\"ListItem\",\"position\":2,\"name\":\"Shop\",\"item\":\"https:\/\/myovo.net\/shop-best-central-vacuum\/\"},{\"@type\":\"ListItem\",\"position\":3,\"name\":\"OVO 700 Airwatts, syst\u00e8me d\u2019aspiration central hybride, r\u00e9servoir inf\u00e9rieur de 25 L \/ 6,6 gal, puissance d\u2019aspiration de 140\u201d H2O, couvre jusqu\u2019\u00e0 7 000 pi\u00b2 \/ 650,3 m\u00b2 + trousse d\u2019accessoires Deluxe Plus \u2014 Id\u00e9al pour les surfaces dures et les carpettes.\"}]},{\"@type\":\"WebSite\",\"@id\":\"https:\/\/myovo.net\/#website\",\"url\":\"https:\/\/myovo.net\/\",\"name\":\"OVO Central Vacuum\",\"description\":\"\",\"publisher\":{\"@id\":\"https:\/\/myovo.net\/#organization\"},\"potentialAction\":[{\"@type\":\"SearchAction\",\"target\":{\"@type\":\"EntryPoint\",\"urlTemplate\":\"https:\/\/myovo.net\/?s={search_term_string}\"},\"query-input\":{\"@type\":\"PropertyValueSpecification\",\"valueRequired\":true,\"valueName\":\"search_term_string\"}}],\"inLanguage\":\"fr-FR\"},{\"@type\":\"Organization\",\"@id\":\"https:\/\/myovo.net\/#organization\",\"name\":\"OVO Central Vacuum\",\"url\":\"https:\/\/myovo.net\/\",\"logo\":{\"@type\":\"ImageObject\",\"inLanguage\":\"fr-FR\",\"@id\":\"https:\/\/myovo.net\/#\/schema\/logo\/image\/\",\"url\":\"https:\/\/i0.wp.com\/myovo.net\/wp-content\/uploads\/2024\/09\/logo-ovo-2-01-1.png?fit=241%2C117&ssl=1\",\"contentUrl\":\"https:\/\/i0.wp.com\/myovo.net\/wp-content\/uploads\/2024\/09\/logo-ovo-2-01-1.png?fit=241%2C117&ssl=1\",\"width\":241,\"height\":117,\"caption\":\"OVO Central Vacuum\"},\"image\":{\"@id\":\"https:\/\/myovo.net\/#\/schema\/logo\/image\/\"},\"sameAs\":[\"https:\/\/www.facebook.com\/nadairint\/\"]}]}<\/script>\n<!-- \/ Yoast SEO plugin. -->","yoast_head_json":{"title":"OVO 700 Airwatts, syst\u00e8me d\u2019aspiration central hybride, r\u00e9servoir inf\u00e9rieur de 25 L \/ 6,6 gal, puissance d\u2019aspiration de 140\u201d H2O, couvre jusqu\u2019\u00e0 7 000 pi\u00b2 \/ 650,3 m\u00b2 + trousse d\u2019accessoires Deluxe Plus \u2014 Id\u00e9al pour les surfaces dures et les carpettes. - Ovo Vacuum","robots":{"index":"index","follow":"follow","max-snippet":"max-snippet:-1","max-image-preview":"max-image-preview:large","max-video-preview":"max-video-preview:-1"},"canonical":"https:\/\/myovo.net\/fr\/produit\/ovo-700-airwatts-systeme-daspiration-central-hybride-reservoir-inferieur-de-25-l-66-gal-puissance-daspiration-de-140-h2o-couvre-jusqua-7-000-pi\u00b2-6503\/","og_locale":"fr_FR","og_type":"article","og_title":"OVO 700 Airwatts, syst\u00e8me d\u2019aspiration central hybride, r\u00e9servoir inf\u00e9rieur de 25 L \/ 6,6 gal, puissance d\u2019aspiration de 140\u201d H2O, couvre jusqu\u2019\u00e0 7 000 pi\u00b2 \/ 650,3 m\u00b2 + trousse d\u2019accessoires Deluxe Plus \u2014 Id\u00e9al pour les surfaces dures et les carpettes. - Ovo Vacuum","og_description":"Aspirateur central robuste700 AW140\u201d H2OMoteur 2 \u00e9tages, \u00e0 flux direct63 dBTechnologie de d\u00e9marrage \/ arr\u00eat en douceur7 000 pi\u00b2 \/ 650,3 m\u00b2 \u2014 jusqu\u2019\u00e0 7 prises muralesR\u00e9servoir \u00e0 chargement par le basIndicateur DEL : affiche l\u2019\u00e9tat de l\u2019unit\u00e9 \/ indique quand changer le filtre ou le sacFiltration hybride : peut \u00eatre utilis\u00e9 avec ou sans sacs [...]","og_url":"https:\/\/myovo.net\/fr\/produit\/ovo-700-airwatts-systeme-daspiration-central-hybride-reservoir-inferieur-de-25-l-66-gal-puissance-daspiration-de-140-h2o-couvre-jusqua-7-000-pi\u00b2-6503\/","og_site_name":"Ovo Vacuum","article_publisher":"https:\/\/www.facebook.com\/nadairint\/","article_modified_time":"2025-10-27T15:46:26+00:00","og_image":[{"width":1500,"height":1500,"url":"https:\/\/myovo.net\/wp-content\/uploads\/2025\/10\/PAK725DPmain.jpg","type":"image\/jpeg"}],"twitter_card":"summary_large_image","twitter_misc":{"Dur\u00e9e de lecture estim\u00e9e":"2 minutes"},"schema":{"@context":"https:\/\/schema.org","@graph":[{"@type":"WebPage","@id":"https:\/\/myovo.net\/fr\/produit\/ovo-700-airwatts-systeme-daspiration-central-hybride-reservoir-inferieur-de-25-l-66-gal-puissance-daspiration-de-140-h2o-couvre-jusqua-7-000-pi%c2%b2-6503\/","url":"https:\/\/myovo.net\/fr\/produit\/ovo-700-airwatts-systeme-daspiration-central-hybride-reservoir-inferieur-de-25-l-66-gal-puissance-daspiration-de-140-h2o-couvre-jusqua-7-000-pi%c2%b2-6503\/","name":"OVO 700 Airwatts, syst\u00e8me d\u2019aspiration central hybride, r\u00e9servoir inf\u00e9rieur de 25 L \/ 6,6 gal, puissance d\u2019aspiration de 140\u201d H2O, couvre jusqu\u2019\u00e0 7 000 pi\u00b2 \/ 650,3 m\u00b2 + trousse d\u2019accessoires Deluxe Plus \u2014 Id\u00e9al pour les surfaces dures et les carpettes. - Ovo Vacuum","isPartOf":{"@id":"https:\/\/myovo.net\/#website"},"primaryImageOfPage":{"@id":"https:\/\/myovo.net\/fr\/produit\/ovo-700-airwatts-systeme-daspiration-central-hybride-reservoir-inferieur-de-25-l-66-gal-puissance-daspiration-de-140-h2o-couvre-jusqua-7-000-pi%c2%b2-6503\/#primaryimage"},"image":{"@id":"https:\/\/myovo.net\/fr\/produit\/ovo-700-airwatts-systeme-daspiration-central-hybride-reservoir-inferieur-de-25-l-66-gal-puissance-daspiration-de-140-h2o-couvre-jusqua-7-000-pi%c2%b2-6503\/#primaryimage"},"thumbnailUrl":"https:\/\/i0.wp.com\/myovo.net\/wp-content\/uploads\/2025\/10\/PAK725DPmain.jpg?fit=1500%2C1500&ssl=1","datePublished":"2025-10-24T13:43:52+00:00","dateModified":"2025-10-27T15:46:26+00:00","breadcrumb":{"@id":"https:\/\/myovo.net\/fr\/produit\/ovo-700-airwatts-systeme-daspiration-central-hybride-reservoir-inferieur-de-25-l-66-gal-puissance-daspiration-de-140-h2o-couvre-jusqua-7-000-pi%c2%b2-6503\/#breadcrumb"},"inLanguage":"fr-FR","potentialAction":[{"@type":"ReadAction","target":["https:\/\/myovo.net\/fr\/produit\/ovo-700-airwatts-systeme-daspiration-central-hybride-reservoir-inferieur-de-25-l-66-gal-puissance-daspiration-de-140-h2o-couvre-jusqua-7-000-pi%c2%b2-6503\/"]}]},{"@type":"ImageObject","inLanguage":"fr-FR","@id":"https:\/\/myovo.net\/fr\/produit\/ovo-700-airwatts-systeme-daspiration-central-hybride-reservoir-inferieur-de-25-l-66-gal-puissance-daspiration-de-140-h2o-couvre-jusqua-7-000-pi%c2%b2-6503\/#primaryimage","url":"https:\/\/i0.wp.com\/myovo.net\/wp-content\/uploads\/2025\/10\/PAK725DPmain.jpg?fit=1500%2C1500&ssl=1","contentUrl":"https:\/\/i0.wp.com\/myovo.net\/wp-content\/uploads\/2025\/10\/PAK725DPmain.jpg?fit=1500%2C1500&ssl=1","width":1500,"height":1500},{"@type":"BreadcrumbList","@id":"https:\/\/myovo.net\/fr\/produit\/ovo-700-airwatts-systeme-daspiration-central-hybride-reservoir-inferieur-de-25-l-66-gal-puissance-daspiration-de-140-h2o-couvre-jusqua-7-000-pi%c2%b2-6503\/#breadcrumb","itemListElement":[{"@type":"ListItem","position":1,"name":"Home","item":"https:\/\/myovo.net\/fr\/"},{"@type":"ListItem","position":2,"name":"Shop","item":"https:\/\/myovo.net\/shop-best-central-vacuum\/"},{"@type":"ListItem","position":3,"name":"OVO 700 Airwatts, syst\u00e8me d\u2019aspiration central hybride, r\u00e9servoir inf\u00e9rieur de 25 L \/ 6,6 gal, puissance d\u2019aspiration de 140\u201d H2O, couvre jusqu\u2019\u00e0 7 000 pi\u00b2 \/ 650,3 m\u00b2 + trousse d\u2019accessoires Deluxe Plus \u2014 Id\u00e9al pour les surfaces dures et les carpettes."}]},{"@type":"WebSite","@id":"https:\/\/myovo.net\/#website","url":"https:\/\/myovo.net\/","name":"OVO Central Vacuum","description":"","publisher":{"@id":"https:\/\/myovo.net\/#organization"},"potentialAction":[{"@type":"SearchAction","target":{"@type":"EntryPoint","urlTemplate":"https:\/\/myovo.net\/?s={search_term_string}"},"query-input":{"@type":"PropertyValueSpecification","valueRequired":true,"valueName":"search_term_string"}}],"inLanguage":"fr-FR"},{"@type":"Organization","@id":"https:\/\/myovo.net\/#organization","name":"OVO Central Vacuum","url":"https:\/\/myovo.net\/","logo":{"@type":"ImageObject","inLanguage":"fr-FR","@id":"https:\/\/myovo.net\/#\/schema\/logo\/image\/","url":"https:\/\/i0.wp.com\/myovo.net\/wp-content\/uploads\/2024\/09\/logo-ovo-2-01-1.png?fit=241%2C117&ssl=1","contentUrl":"https:\/\/i0.wp.com\/myovo.net\/wp-content\/uploads\/2024\/09\/logo-ovo-2-01-1.png?fit=241%2C117&ssl=1","width":241,"height":117,"caption":"OVO Central Vacuum"},"image":{"@id":"https:\/\/myovo.net\/#\/schema\/logo\/image\/"},"sameAs":["https:\/\/www.facebook.com\/nadairint\/"]}]}},"jetpack_publicize_connections":[],"jetpack_sharing_enabled":true,"_links":{"self":[{"href":"https:\/\/myovo.net\/fr\/wp-json\/wp\/v2\/product\/24395","targetHints":{"allow":["GET"]}}],"collection":[{"href":"https:\/\/myovo.net\/fr\/wp-json\/wp\/v2\/product"}],"about":[{"href":"https:\/\/myovo.net\/fr\/wp-json\/wp\/v2\/types\/product"}],"replies":[{"embeddable":true,"href":"https:\/\/myovo.net\/fr\/wp-json\/wp\/v2\/comments?post=24395"}],"wp:featuredmedia":[{"embeddable":true,"href":"https:\/\/myovo.net\/fr\/wp-json\/wp\/v2\/media\/24392"}],"wp:attachment":[{"href":"https:\/\/myovo.net\/fr\/wp-json\/wp\/v2\/media?parent=24395"}],"wp:term":[{"taxonomy":"product_brand","embeddable":true,"href":"https:\/\/myovo.net\/fr\/wp-json\/wp\/v2\/product_brand?post=24395"},{"taxonomy":"product_cat","embeddable":true,"href":"https:\/\/myovo.net\/fr\/wp-json\/wp\/v2\/product_cat?post=24395"},{"taxonomy":"product_tag","embeddable":true,"href":"https:\/\/myovo.net\/fr\/wp-json\/wp\/v2\/product_tag?post=24395"}],"curies":[{"name":"wp","href":"https:\/\/api.w.org\/{rel}","templated":true}]}}