{"id":24507,"date":"2025-10-30T11:50:14","date_gmt":"2025-10-30T15:50:14","guid":{"rendered":"https:\/\/dev.myovo.ca\/?post_type=product&#038;p=24507"},"modified":"2026-02-24T10:59:44","modified_gmt":"2026-02-24T15:59:44","slug":"ovo-750-airwatts-systeme-daspiration-central-hybride-reservoir-inferieur-de-35l-9-25-gal-puissance-daspiration-de-146-h%e2%82%82o-couvre-jusqua-10-000-pi-2","status":"publish","type":"product","link":"https:\/\/myovo.net\/fr\/produit\/ovo-750-airwatts-systeme-daspiration-central-hybride-reservoir-inferieur-de-35l-9-25-gal-puissance-daspiration-de-146-h%e2%82%82o-couvre-jusqua-10-000-pi-2\/","title":{"rendered":"OVO 750 Airwatts, Syst\u00e8me d\u2019Aspiration Central Hybride, R\u00e9servoir inf\u00e9rieur de 35L \/ 9.25 Gal., Puissance d\u2019aspiration de 146\u201d H\u2082O, Couvre jusqu\u2019\u00e0 10 000 pi\u00b2 ( 929,1 m\u00b2 ) + Kit d\u2019accessoires Deluxe \u2013 Id\u00e9al pour les surfaces dures"},"content":{"rendered":"<ul data-start=\"25\" data-end=\"475\">\n<li data-start=\"25\" data-end=\"39\">750 AW<\/li>\n<li data-start=\"40\" data-end=\"56\">146\u201d H\u2082O<\/li>\n<li data-start=\"57\" data-end=\"100\">Moteur \u00e0 flux traversant \u00e0 2 stages<\/li>\n<li data-start=\"101\" data-end=\"114\">68 dB<\/li>\n<li data-start=\"115\" data-end=\"164\">Technologie de d\u00e9marrage\/arr\u00eat progressif<\/li>\n<li data-start=\"165\" data-end=\"229\">Capacit\u00e9 jusqu\u2019\u00e0 10 000 pi\u00b2 (929,1 m\u00b2) \u2013 jusqu&rsquo;\u00e0 10 prises<\/li>\n<li data-start=\"230\" data-end=\"257\">R\u00e9servoir inf\u00e9rieur<\/li>\n<li data-start=\"258\" data-end=\"347\">Indicateur LED : Affiche l\u2019\u00e9tat de l\u2019appareil \/ Quand changer le filtre ou le sac<\/li>\n<li data-start=\"348\" data-end=\"414\">Filtration hybride : Utilisable avec ou sans sacs jetables<\/li>\n<li data-start=\"415\" data-end=\"475\">Acier lamin\u00e9 : R\u00e9sistant \u00e0 l\u2019usure et \u00e0 la corrosion<\/li>\n<\/ul>\n<h3 data-start=\"477\" data-end=\"525\"><strong data-start=\"481\" data-end=\"523\">Kit d\u2019accessoires Deluxe Plus inclus :<\/strong><\/h3>\n<ul data-start=\"527\" data-end=\"1183\" data-is-only-node=\"\" data-is-last-node=\"\">\n<li data-start=\"527\" data-end=\"686\">Boyau basse tension avec interrupteur ON\/OFF sur la poign\u00e9e<\/li>\n<li data-start=\"527\" data-end=\"686\">Disponible en 30 pi (9,10 m), 35 pi (10,70 m), 40 pi (12,20 m) ou 50 pi (15,20 m)<\/li>\n<li data-start=\"741\" data-end=\"811\">Brosse pour plancher avec poils en crin de cheval, 12\u201d (30 cm)<\/li>\n<li data-start=\"812\" data-end=\"879\">Tube t\u00e9lescopique r\u00e9glable, de 25,5\u201d (67 cm) \u00e0 38\u201d (100 cm)<\/li>\n<li data-start=\"880\" data-end=\"961\">Brosse pour tissus d\u2019ameublement avec poils en crin de cheval, 5\u201d (14 cm)<\/li>\n<li data-start=\"962\" data-end=\"1030\">Brosse \u00e0 \u00e9pousseter avec poils en crin de cheval, 4\u201d (10 cm)<\/li>\n<li data-start=\"1031\" data-end=\"1069\">Outil pour fentes, 10\u201d (25 cm)<\/li>\n<li data-start=\"1070\" data-end=\"1109\">Support d\u2019accessoires pour tube<\/li>\n<li data-start=\"1110\" data-end=\"1183\" data-is-last-node=\"\">Support mural chrom\u00e9 pour boyau et sac de rangement des accessoires<\/li>\n<\/ul>\n","protected":false},"excerpt":{"rendered":"<p>750 AW 146\u201d H\u2082O Moteur \u00e0 flux traversant \u00e0 2 stages 68 dB Technologie de d\u00e9marrage\/arr\u00eat progressif Capacit\u00e9 jusqu\u2019\u00e0 10 000 pi\u00b2 (929,1 m\u00b2) \u2013 jusqu&rsquo;\u00e0 10 prises R\u00e9servoir inf\u00e9rieur Indicateur LED : Affiche l\u2019\u00e9tat de l\u2019appareil \/ Quand changer le filtre ou le sac Filtration hybride : Utilisable avec ou sans sacs jetables Acier lamin\u00e9  [&#8230;]<\/p>\n","protected":false},"featured_media":24513,"comment_status":"closed","ping_status":"closed","template":"","meta":{"_acf_changed":false,"jetpack_post_was_ever_published":false,"jetpack_publicize_message":"","jetpack_publicize_feature_enabled":true,"jetpack_social_post_already_shared":true,"jetpack_social_options":{"image_generator_settings":{"template":"highway","default_image_id":0,"font":"","enabled":false},"version":2}},"product_brand":[],"product_cat":[75],"product_tag":[],"class_list":{"0":"post-24507","1":"product","2":"type-product","3":"status-publish","4":"has-post-thumbnail","6":"product_cat-packs","8":"first","9":"instock","10":"taxable","11":"shipping-taxable","12":"purchasable","13":"product-type-variable"},"acf":[],"yoast_head":"<!-- This site is optimized with the Yoast SEO plugin v26.7 - https:\/\/yoast.com\/wordpress\/plugins\/seo\/ -->\n<title>Syst\u00e8me d&#039;aspirateur central OVO; ensembles d&#039;accessoires inclus<\/title>\n<meta name=\"description\" content=\"Syst\u00e8me d&#039;aspirateur central OVO 700AirWatts, couvre jusqu&#039;\u00e0 9000 pi2, avec ensemble d&#039;accessoires \u00e0 tapis et surfaces dures inclus.\" \/>\n<meta name=\"robots\" content=\"index, follow, max-snippet:-1, max-image-preview:large, max-video-preview:-1\" \/>\n<link rel=\"canonical\" href=\"https:\/\/myovo.net\/fr\/produit\/ovo-750-airwatts-systeme-daspiration-central-hybride-reservoir-inferieur-de-35l-9-25-gal-puissance-daspiration-de-146-h\u2082o-couvre-jusqua-10-000-pi-2\/\" \/>\n<meta property=\"og:locale\" content=\"fr_FR\" \/>\n<meta property=\"og:type\" content=\"article\" \/>\n<meta property=\"og:title\" content=\"Syst\u00e8me d&#039;aspirateur central OVO; ensembles d&#039;accessoires inclus\" \/>\n<meta property=\"og:description\" content=\"Syst\u00e8me d&#039;aspirateur central OVO 700AirWatts, couvre jusqu&#039;\u00e0 9000 pi2, avec ensemble d&#039;accessoires \u00e0 tapis et surfaces dures inclus.\" \/>\n<meta property=\"og:url\" content=\"https:\/\/myovo.net\/fr\/produit\/ovo-750-airwatts-systeme-daspiration-central-hybride-reservoir-inferieur-de-35l-9-25-gal-puissance-daspiration-de-146-h\u2082o-couvre-jusqua-10-000-pi-2\/\" \/>\n<meta property=\"og:site_name\" content=\"Ovo Vacuum\" \/>\n<meta property=\"article:publisher\" content=\"https:\/\/www.facebook.com\/nadairint\/\" \/>\n<meta property=\"article:modified_time\" content=\"2026-02-24T15:59:44+00:00\" \/>\n<meta property=\"og:image\" content=\"https:\/\/myovo.net\/wp-content\/uploads\/2025\/10\/750-D-copie-1.jpg\" \/>\n\t<meta property=\"og:image:width\" content=\"1500\" \/>\n\t<meta property=\"og:image:height\" content=\"1500\" \/>\n\t<meta property=\"og:image:type\" content=\"image\/jpeg\" \/>\n<meta name=\"twitter:card\" content=\"summary_large_image\" \/>\n<meta name=\"twitter:label1\" content=\"Dur\u00e9e de lecture estim\u00e9e\" \/>\n\t<meta name=\"twitter:data1\" content=\"1 minute\" \/>\n<script type=\"application\/ld+json\" class=\"yoast-schema-graph\">{\"@context\":\"https:\/\/schema.org\",\"@graph\":[{\"@type\":\"WebPage\",\"@id\":\"https:\/\/myovo.net\/fr\/produit\/ovo-750-airwatts-systeme-daspiration-central-hybride-reservoir-inferieur-de-35l-9-25-gal-puissance-daspiration-de-146-h%e2%82%82o-couvre-jusqua-10-000-pi-2\/\",\"url\":\"https:\/\/myovo.net\/fr\/produit\/ovo-750-airwatts-systeme-daspiration-central-hybride-reservoir-inferieur-de-35l-9-25-gal-puissance-daspiration-de-146-h%e2%82%82o-couvre-jusqua-10-000-pi-2\/\",\"name\":\"Syst\u00e8me d'aspirateur central OVO; ensembles d'accessoires inclus\",\"isPartOf\":{\"@id\":\"https:\/\/myovo.net\/#website\"},\"primaryImageOfPage\":{\"@id\":\"https:\/\/myovo.net\/fr\/produit\/ovo-750-airwatts-systeme-daspiration-central-hybride-reservoir-inferieur-de-35l-9-25-gal-puissance-daspiration-de-146-h%e2%82%82o-couvre-jusqua-10-000-pi-2\/#primaryimage\"},\"image\":{\"@id\":\"https:\/\/myovo.net\/fr\/produit\/ovo-750-airwatts-systeme-daspiration-central-hybride-reservoir-inferieur-de-35l-9-25-gal-puissance-daspiration-de-146-h%e2%82%82o-couvre-jusqua-10-000-pi-2\/#primaryimage\"},\"thumbnailUrl\":\"https:\/\/i0.wp.com\/myovo.net\/wp-content\/uploads\/2025\/10\/750-D-copie-1.jpg?fit=1500%2C1500&ssl=1\",\"datePublished\":\"2025-10-30T15:50:14+00:00\",\"dateModified\":\"2026-02-24T15:59:44+00:00\",\"description\":\"Syst\u00e8me d'aspirateur central OVO 700AirWatts, couvre jusqu'\u00e0 9000 pi2, avec ensemble d'accessoires \u00e0 tapis et surfaces dures inclus.\",\"breadcrumb\":{\"@id\":\"https:\/\/myovo.net\/fr\/produit\/ovo-750-airwatts-systeme-daspiration-central-hybride-reservoir-inferieur-de-35l-9-25-gal-puissance-daspiration-de-146-h%e2%82%82o-couvre-jusqua-10-000-pi-2\/#breadcrumb\"},\"inLanguage\":\"fr-FR\",\"potentialAction\":[{\"@type\":\"ReadAction\",\"target\":[\"https:\/\/myovo.net\/fr\/produit\/ovo-750-airwatts-systeme-daspiration-central-hybride-reservoir-inferieur-de-35l-9-25-gal-puissance-daspiration-de-146-h%e2%82%82o-couvre-jusqua-10-000-pi-2\/\"]}]},{\"@type\":\"ImageObject\",\"inLanguage\":\"fr-FR\",\"@id\":\"https:\/\/myovo.net\/fr\/produit\/ovo-750-airwatts-systeme-daspiration-central-hybride-reservoir-inferieur-de-35l-9-25-gal-puissance-daspiration-de-146-h%e2%82%82o-couvre-jusqua-10-000-pi-2\/#primaryimage\",\"url\":\"https:\/\/i0.wp.com\/myovo.net\/wp-content\/uploads\/2025\/10\/750-D-copie-1.jpg?fit=1500%2C1500&ssl=1\",\"contentUrl\":\"https:\/\/i0.wp.com\/myovo.net\/wp-content\/uploads\/2025\/10\/750-D-copie-1.jpg?fit=1500%2C1500&ssl=1\",\"width\":1500,\"height\":1500},{\"@type\":\"BreadcrumbList\",\"@id\":\"https:\/\/myovo.net\/fr\/produit\/ovo-750-airwatts-systeme-daspiration-central-hybride-reservoir-inferieur-de-35l-9-25-gal-puissance-daspiration-de-146-h%e2%82%82o-couvre-jusqua-10-000-pi-2\/#breadcrumb\",\"itemListElement\":[{\"@type\":\"ListItem\",\"position\":1,\"name\":\"Home\",\"item\":\"https:\/\/myovo.net\/fr\/\"},{\"@type\":\"ListItem\",\"position\":2,\"name\":\"Shop\",\"item\":\"https:\/\/myovo.net\/shop-best-central-vacuum\/\"},{\"@type\":\"ListItem\",\"position\":3,\"name\":\"OVO 750 Airwatts, Syst\u00e8me d\u2019Aspiration Central Hybride, R\u00e9servoir inf\u00e9rieur de 35L \/ 9.25 Gal., Puissance d\u2019aspiration de 146\u201d H\u2082O, Couvre jusqu\u2019\u00e0 10 000 pi\u00b2 ( 929,1 m\u00b2 ) + Kit d\u2019accessoires Deluxe \u2013 Id\u00e9al pour les surfaces dures\"}]},{\"@type\":\"WebSite\",\"@id\":\"https:\/\/myovo.net\/#website\",\"url\":\"https:\/\/myovo.net\/\",\"name\":\"OVO Central Vacuum\",\"description\":\"\",\"publisher\":{\"@id\":\"https:\/\/myovo.net\/#organization\"},\"potentialAction\":[{\"@type\":\"SearchAction\",\"target\":{\"@type\":\"EntryPoint\",\"urlTemplate\":\"https:\/\/myovo.net\/?s={search_term_string}\"},\"query-input\":{\"@type\":\"PropertyValueSpecification\",\"valueRequired\":true,\"valueName\":\"search_term_string\"}}],\"inLanguage\":\"fr-FR\"},{\"@type\":\"Organization\",\"@id\":\"https:\/\/myovo.net\/#organization\",\"name\":\"OVO Central Vacuum\",\"url\":\"https:\/\/myovo.net\/\",\"logo\":{\"@type\":\"ImageObject\",\"inLanguage\":\"fr-FR\",\"@id\":\"https:\/\/myovo.net\/#\/schema\/logo\/image\/\",\"url\":\"https:\/\/i0.wp.com\/myovo.net\/wp-content\/uploads\/2024\/09\/logo-ovo-2-01-1.png?fit=241%2C117&ssl=1\",\"contentUrl\":\"https:\/\/i0.wp.com\/myovo.net\/wp-content\/uploads\/2024\/09\/logo-ovo-2-01-1.png?fit=241%2C117&ssl=1\",\"width\":241,\"height\":117,\"caption\":\"OVO Central Vacuum\"},\"image\":{\"@id\":\"https:\/\/myovo.net\/#\/schema\/logo\/image\/\"},\"sameAs\":[\"https:\/\/www.facebook.com\/nadairint\/\"]}]}<\/script>\n<!-- \/ Yoast SEO plugin. -->","yoast_head_json":{"title":"Syst\u00e8me d'aspirateur central OVO; ensembles d'accessoires inclus","description":"Syst\u00e8me d'aspirateur central OVO 700AirWatts, couvre jusqu'\u00e0 9000 pi2, avec ensemble d'accessoires \u00e0 tapis et surfaces dures inclus.","robots":{"index":"index","follow":"follow","max-snippet":"max-snippet:-1","max-image-preview":"max-image-preview:large","max-video-preview":"max-video-preview:-1"},"canonical":"https:\/\/myovo.net\/fr\/produit\/ovo-750-airwatts-systeme-daspiration-central-hybride-reservoir-inferieur-de-35l-9-25-gal-puissance-daspiration-de-146-h\u2082o-couvre-jusqua-10-000-pi-2\/","og_locale":"fr_FR","og_type":"article","og_title":"Syst\u00e8me d'aspirateur central OVO; ensembles d'accessoires inclus","og_description":"Syst\u00e8me d'aspirateur central OVO 700AirWatts, couvre jusqu'\u00e0 9000 pi2, avec ensemble d'accessoires \u00e0 tapis et surfaces dures inclus.","og_url":"https:\/\/myovo.net\/fr\/produit\/ovo-750-airwatts-systeme-daspiration-central-hybride-reservoir-inferieur-de-35l-9-25-gal-puissance-daspiration-de-146-h\u2082o-couvre-jusqua-10-000-pi-2\/","og_site_name":"Ovo Vacuum","article_publisher":"https:\/\/www.facebook.com\/nadairint\/","article_modified_time":"2026-02-24T15:59:44+00:00","og_image":[{"width":1500,"height":1500,"url":"https:\/\/myovo.net\/wp-content\/uploads\/2025\/10\/750-D-copie-1.jpg","type":"image\/jpeg"}],"twitter_card":"summary_large_image","twitter_misc":{"Dur\u00e9e de lecture estim\u00e9e":"1 minute"},"schema":{"@context":"https:\/\/schema.org","@graph":[{"@type":"WebPage","@id":"https:\/\/myovo.net\/fr\/produit\/ovo-750-airwatts-systeme-daspiration-central-hybride-reservoir-inferieur-de-35l-9-25-gal-puissance-daspiration-de-146-h%e2%82%82o-couvre-jusqua-10-000-pi-2\/","url":"https:\/\/myovo.net\/fr\/produit\/ovo-750-airwatts-systeme-daspiration-central-hybride-reservoir-inferieur-de-35l-9-25-gal-puissance-daspiration-de-146-h%e2%82%82o-couvre-jusqua-10-000-pi-2\/","name":"Syst\u00e8me d'aspirateur central OVO; ensembles d'accessoires inclus","isPartOf":{"@id":"https:\/\/myovo.net\/#website"},"primaryImageOfPage":{"@id":"https:\/\/myovo.net\/fr\/produit\/ovo-750-airwatts-systeme-daspiration-central-hybride-reservoir-inferieur-de-35l-9-25-gal-puissance-daspiration-de-146-h%e2%82%82o-couvre-jusqua-10-000-pi-2\/#primaryimage"},"image":{"@id":"https:\/\/myovo.net\/fr\/produit\/ovo-750-airwatts-systeme-daspiration-central-hybride-reservoir-inferieur-de-35l-9-25-gal-puissance-daspiration-de-146-h%e2%82%82o-couvre-jusqua-10-000-pi-2\/#primaryimage"},"thumbnailUrl":"https:\/\/i0.wp.com\/myovo.net\/wp-content\/uploads\/2025\/10\/750-D-copie-1.jpg?fit=1500%2C1500&ssl=1","datePublished":"2025-10-30T15:50:14+00:00","dateModified":"2026-02-24T15:59:44+00:00","description":"Syst\u00e8me d'aspirateur central OVO 700AirWatts, couvre jusqu'\u00e0 9000 pi2, avec ensemble d'accessoires \u00e0 tapis et surfaces dures inclus.","breadcrumb":{"@id":"https:\/\/myovo.net\/fr\/produit\/ovo-750-airwatts-systeme-daspiration-central-hybride-reservoir-inferieur-de-35l-9-25-gal-puissance-daspiration-de-146-h%e2%82%82o-couvre-jusqua-10-000-pi-2\/#breadcrumb"},"inLanguage":"fr-FR","potentialAction":[{"@type":"ReadAction","target":["https:\/\/myovo.net\/fr\/produit\/ovo-750-airwatts-systeme-daspiration-central-hybride-reservoir-inferieur-de-35l-9-25-gal-puissance-daspiration-de-146-h%e2%82%82o-couvre-jusqua-10-000-pi-2\/"]}]},{"@type":"ImageObject","inLanguage":"fr-FR","@id":"https:\/\/myovo.net\/fr\/produit\/ovo-750-airwatts-systeme-daspiration-central-hybride-reservoir-inferieur-de-35l-9-25-gal-puissance-daspiration-de-146-h%e2%82%82o-couvre-jusqua-10-000-pi-2\/#primaryimage","url":"https:\/\/i0.wp.com\/myovo.net\/wp-content\/uploads\/2025\/10\/750-D-copie-1.jpg?fit=1500%2C1500&ssl=1","contentUrl":"https:\/\/i0.wp.com\/myovo.net\/wp-content\/uploads\/2025\/10\/750-D-copie-1.jpg?fit=1500%2C1500&ssl=1","width":1500,"height":1500},{"@type":"BreadcrumbList","@id":"https:\/\/myovo.net\/fr\/produit\/ovo-750-airwatts-systeme-daspiration-central-hybride-reservoir-inferieur-de-35l-9-25-gal-puissance-daspiration-de-146-h%e2%82%82o-couvre-jusqua-10-000-pi-2\/#breadcrumb","itemListElement":[{"@type":"ListItem","position":1,"name":"Home","item":"https:\/\/myovo.net\/fr\/"},{"@type":"ListItem","position":2,"name":"Shop","item":"https:\/\/myovo.net\/shop-best-central-vacuum\/"},{"@type":"ListItem","position":3,"name":"OVO 750 Airwatts, Syst\u00e8me d\u2019Aspiration Central Hybride, R\u00e9servoir inf\u00e9rieur de 35L \/ 9.25 Gal., Puissance d\u2019aspiration de 146\u201d H\u2082O, Couvre jusqu\u2019\u00e0 10 000 pi\u00b2 ( 929,1 m\u00b2 ) + Kit d\u2019accessoires Deluxe \u2013 Id\u00e9al pour les surfaces dures"}]},{"@type":"WebSite","@id":"https:\/\/myovo.net\/#website","url":"https:\/\/myovo.net\/","name":"OVO Central Vacuum","description":"","publisher":{"@id":"https:\/\/myovo.net\/#organization"},"potentialAction":[{"@type":"SearchAction","target":{"@type":"EntryPoint","urlTemplate":"https:\/\/myovo.net\/?s={search_term_string}"},"query-input":{"@type":"PropertyValueSpecification","valueRequired":true,"valueName":"search_term_string"}}],"inLanguage":"fr-FR"},{"@type":"Organization","@id":"https:\/\/myovo.net\/#organization","name":"OVO Central Vacuum","url":"https:\/\/myovo.net\/","logo":{"@type":"ImageObject","inLanguage":"fr-FR","@id":"https:\/\/myovo.net\/#\/schema\/logo\/image\/","url":"https:\/\/i0.wp.com\/myovo.net\/wp-content\/uploads\/2024\/09\/logo-ovo-2-01-1.png?fit=241%2C117&ssl=1","contentUrl":"https:\/\/i0.wp.com\/myovo.net\/wp-content\/uploads\/2024\/09\/logo-ovo-2-01-1.png?fit=241%2C117&ssl=1","width":241,"height":117,"caption":"OVO Central Vacuum"},"image":{"@id":"https:\/\/myovo.net\/#\/schema\/logo\/image\/"},"sameAs":["https:\/\/www.facebook.com\/nadairint\/"]}]}},"jetpack_publicize_connections":[],"jetpack_sharing_enabled":true,"_links":{"self":[{"href":"https:\/\/myovo.net\/fr\/wp-json\/wp\/v2\/product\/24507","targetHints":{"allow":["GET"]}}],"collection":[{"href":"https:\/\/myovo.net\/fr\/wp-json\/wp\/v2\/product"}],"about":[{"href":"https:\/\/myovo.net\/fr\/wp-json\/wp\/v2\/types\/product"}],"replies":[{"embeddable":true,"href":"https:\/\/myovo.net\/fr\/wp-json\/wp\/v2\/comments?post=24507"}],"wp:featuredmedia":[{"embeddable":true,"href":"https:\/\/myovo.net\/fr\/wp-json\/wp\/v2\/media\/24513"}],"wp:attachment":[{"href":"https:\/\/myovo.net\/fr\/wp-json\/wp\/v2\/media?parent=24507"}],"wp:term":[{"taxonomy":"product_brand","embeddable":true,"href":"https:\/\/myovo.net\/fr\/wp-json\/wp\/v2\/product_brand?post=24507"},{"taxonomy":"product_cat","embeddable":true,"href":"https:\/\/myovo.net\/fr\/wp-json\/wp\/v2\/product_cat?post=24507"},{"taxonomy":"product_tag","embeddable":true,"href":"https:\/\/myovo.net\/fr\/wp-json\/wp\/v2\/product_tag?post=24507"}],"curies":[{"name":"wp","href":"https:\/\/api.w.org\/{rel}","templated":true}]}}